{"id":75,"date":"2015-02-16T22:13:48","date_gmt":"2015-02-16T21:13:48","guid":{"rendered":"http:\/\/zfe-gmbh.de\/?page_id=75"},"modified":"2016-07-25T09:04:10","modified_gmt":"2016-07-25T07:04:10","slug":"schnellwechsel","status":"publish","type":"page","link":"https:\/\/www.zfe-gmbh.de\/en\/produkte\/mini-excavators\/schnellwechsel\/","title":{"rendered":"Schnellwechsel"},"content":{"rendered":"<h4><a href=\"http:\/\/zfe-gmbh.de\/wp-content\/uploads\/sites\/7\/2015\/02\/Schnellwechselsysteme-Schnellwechsler.jpg\"><img loading=\"lazy\" decoding=\"async\" class=\"aligncenter size-large wp-image-526\" src=\"http:\/\/zfe-gmbh.de\/wp-content\/uploads\/sites\/7\/2015\/02\/Schnellwechselsysteme-Schnellwechsler-1024x768.jpg\" alt=\"Schnellwechselsysteme Schnellwechsler\" width=\"745\" height=\"559\" srcset=\"https:\/\/www.zfe-gmbh.de\/en\/wp-content\/uploads\/sites\/7\/2015\/02\/Schnellwechselsysteme-Schnellwechsler-1024x768.jpg 1024w, https:\/\/www.zfe-gmbh.de\/en\/wp-content\/uploads\/sites\/7\/2015\/02\/Schnellwechselsysteme-Schnellwechsler-300x225.jpg 300w, https:\/\/www.zfe-gmbh.de\/en\/wp-content\/uploads\/sites\/7\/2015\/02\/Schnellwechselsysteme-Schnellwechsler-745x559.jpg 745w, https:\/\/www.zfe-gmbh.de\/en\/wp-content\/uploads\/sites\/7\/2015\/02\/Schnellwechselsysteme-Schnellwechsler.jpg 1250w\" sizes=\"(max-width: 745px) 100vw, 745px\" \/><\/a><\/h4>\n<h4>Schnellwechsel f\u00fcr Minibagger<\/h4>\n<p>Mit Schnellwechselsystemen von ZFE lassen sich Ihre Tiefl\u00f6ffel, Schwenktiefl\u00f6ffel oder Tunnell\u00f6ffel und viele weitere Ausr\u00fcstungen und Anbauger\u00e4te kinderleicht ohne aufwendige Umr\u00fcstung von der Kabine aus umbauen. Bei uns k\u00f6nnen Sie aus verschiedenen Schnellwechseleinrichtungen w\u00e4hlen. Wenn Sie einen Schnellwechsel \u201eMade by ZFE\u201c w\u00fcnschen, k\u00f6nnen Sie bei uns folgende Schnellwechsler erhalten:<\/p>\n<p>Kompatibel Bofors, kompatibel Volvo, kompatibel Akermann, kompatibel Atlas, kompatibel Verachtert, kompatibel LH, kompatibel Nado, kompatibel Lehnhoff, kompatibel SMP oder kompatibel Wimmer.<\/p>\n<h4>Beispiel:<\/h4>\n<p>Schnellwechsler kompatibel Lehnhoff<br \/>\nKlasse\u00a0\u00a0 \u00a0\u00a0\u00a0 \u00a0\u00a0\u00a0\u00a0\u00a0 \u00a0 3,7 &#8211; 5,0 to<br \/>\nAufnahme\u00a0\u00a0 \u00a0\u00a0\u00a0 \u00a0 Direktanbau<br \/>\nGr\u00f6\u00dfe\u00a0\u00a0 \u00a0\u00a0\u00a0 \u00a0\u00a0\u00a0 \u00a0\u00a0\u00a0\u00a0 MS03<br \/>\nAusf\u00fchrung\u00a0\u00a0 \u00a0\u00a0\u00a0 \u00a0mechanisch<\/p>\n<p><strong>\u201eMade in Germany\u201c<\/strong><\/p>\n<p>Alle Bauteile werden in Deutschland hergestellt, angefangen vom Zuschnitt bis zur Endlackierung.<\/p>\n<h4><\/h4>\n<h4><strong>Noch Fragen &#8211; einfach Kontakt aufnehmen:<\/strong><\/h4>\n<p><a href=\"http:\/\/zfe-gmbh.de\/wp-content\/uploads\/2015\/02\/Tobias-Meier.jpg\"><img loading=\"lazy\" decoding=\"async\" class=\" size-full wp-image-1652 alignleft\" src=\"http:\/\/zfe-gmbh.de\/wp-content\/uploads\/2015\/02\/Tobias-Meier.jpg\" alt=\"Tobias Meier\" width=\"128\" height=\"128\" \/><\/a>Tobias Meier<br \/>\nSales Team<br \/>\n+49 (0) 78 41 \/ 20 57 &#8211;\u00a027<br \/>\n<a href=\"mailto:tobias.meier@zfe-gmbh.de?subject=\" target=\"{target}\">tobias.meier@zfe-gmbh.de<\/a><\/p>\n<h4><\/h4>\n<h4><\/h4>\n<p>&nbsp;<\/p>\n","protected":false},"excerpt":{"rendered":"<p>Schnellwechsel f\u00fcr Minibagger Mit Schnellwechselsystemen von ZFE lassen sich Ihre Tiefl\u00f6ffel, Schwenktiefl\u00f6ffel oder Tunnell\u00f6ffel und viele weitere Ausr\u00fcstungen und Anbauger\u00e4te [&hellip;]<\/p>\n","protected":false},"author":1,"featured_media":0,"parent":55,"menu_order":80,"comment_status":"closed","ping_status":"closed","template":"","meta":{"footnotes":""},"class_list":["post-75","page","type-page","status-publish","hentry","no-featured-image"],"yoast_head":"<!-- This site is optimized with the Yoast SEO plugin v24.4 - https:\/\/yoast.com\/wordpress\/plugins\/seo\/ -->\n<title>Schnellwechsel - ZFE GmbH EN<\/title>\n<meta name=\"robots\" content=\"index, follow, max-snippet:-1, max-image-preview:large, max-video-preview:-1\" \/>\n<link rel=\"canonical\" href=\"https:\/\/www.zfe-gmbh.de\/en\/produkte\/mini-excavators\/schnellwechsel\/\" \/>\n<meta property=\"og:locale\" content=\"de_DE\" \/>\n<meta property=\"og:type\" content=\"article\" \/>\n<meta property=\"og:title\" content=\"Schnellwechsel - ZFE GmbH EN\" \/>\n<meta property=\"og:description\" content=\"Schnellwechsel f\u00fcr Minibagger Mit Schnellwechselsystemen von ZFE lassen sich Ihre Tiefl\u00f6ffel, Schwenktiefl\u00f6ffel oder Tunnell\u00f6ffel und viele weitere Ausr\u00fcstungen und Anbauger\u00e4te [&hellip;]\" \/>\n<meta property=\"og:url\" content=\"https:\/\/www.zfe-gmbh.de\/en\/produkte\/mini-excavators\/schnellwechsel\/\" \/>\n<meta property=\"og:site_name\" content=\"ZFE GmbH EN\" \/>\n<meta property=\"article:modified_time\" content=\"2016-07-25T07:04:10+00:00\" \/>\n<meta property=\"og:image\" content=\"http:\/\/zfe-gmbh.de\/wp-content\/uploads\/sites\/7\/2015\/02\/Schnellwechselsysteme-Schnellwechsler-1024x768.jpg\" \/>\n<meta name=\"twitter:card\" content=\"summary_large_image\" \/>\n<meta name=\"twitter:label1\" content=\"Gesch\u00e4tzte Lesezeit\" \/>\n\t<meta name=\"twitter:data1\" content=\"1\u00a0Minute\" \/>\n<script type=\"application\/ld+json\" class=\"yoast-schema-graph\">{\"@context\":\"https:\/\/schema.org\",\"@graph\":[{\"@type\":\"WebPage\",\"@id\":\"https:\/\/www.zfe-gmbh.de\/en\/produkte\/mini-excavators\/schnellwechsel\/\",\"url\":\"https:\/\/www.zfe-gmbh.de\/en\/produkte\/mini-excavators\/schnellwechsel\/\",\"name\":\"Schnellwechsel - ZFE GmbH EN\",\"isPartOf\":{\"@id\":\"https:\/\/www.zfe-gmbh.de\/en\/#website\"},\"primaryImageOfPage\":{\"@id\":\"https:\/\/www.zfe-gmbh.de\/en\/produkte\/mini-excavators\/schnellwechsel\/#primaryimage\"},\"image\":{\"@id\":\"https:\/\/www.zfe-gmbh.de\/en\/produkte\/mini-excavators\/schnellwechsel\/#primaryimage\"},\"thumbnailUrl\":\"http:\/\/zfe-gmbh.de\/wp-content\/uploads\/sites\/7\/2015\/02\/Schnellwechselsysteme-Schnellwechsler-1024x768.jpg\",\"datePublished\":\"2015-02-16T21:13:48+00:00\",\"dateModified\":\"2016-07-25T07:04:10+00:00\",\"breadcrumb\":{\"@id\":\"https:\/\/www.zfe-gmbh.de\/en\/produkte\/mini-excavators\/schnellwechsel\/#breadcrumb\"},\"inLanguage\":\"de\",\"potentialAction\":[{\"@type\":\"ReadAction\",\"target\":[\"https:\/\/www.zfe-gmbh.de\/en\/produkte\/mini-excavators\/schnellwechsel\/\"]}]},{\"@type\":\"ImageObject\",\"inLanguage\":\"de\",\"@id\":\"https:\/\/www.zfe-gmbh.de\/en\/produkte\/mini-excavators\/schnellwechsel\/#primaryimage\",\"url\":\"http:\/\/zfe-gmbh.de\/wp-content\/uploads\/sites\/7\/2015\/02\/Schnellwechselsysteme-Schnellwechsler-1024x768.jpg\",\"contentUrl\":\"http:\/\/zfe-gmbh.de\/wp-content\/uploads\/sites\/7\/2015\/02\/Schnellwechselsysteme-Schnellwechsler-1024x768.jpg\"},{\"@type\":\"BreadcrumbList\",\"@id\":\"https:\/\/www.zfe-gmbh.de\/en\/produkte\/mini-excavators\/schnellwechsel\/#breadcrumb\",\"itemListElement\":[{\"@type\":\"ListItem\",\"position\":1,\"name\":\"Home\",\"item\":\"https:\/\/www.zfe-gmbh.de\/en\/\"},{\"@type\":\"ListItem\",\"position\":2,\"name\":\"Products\",\"item\":\"https:\/\/www.zfe-gmbh.de\/en\/produkte\/\"},{\"@type\":\"ListItem\",\"position\":3,\"name\":\"Mini excavators\",\"item\":\"https:\/\/www.zfe-gmbh.de\/en\/produkte\/mini-excavators\/\"},{\"@type\":\"ListItem\",\"position\":4,\"name\":\"Schnellwechsel\"}]},{\"@type\":\"WebSite\",\"@id\":\"https:\/\/www.zfe-gmbh.de\/en\/#website\",\"url\":\"https:\/\/www.zfe-gmbh.de\/en\/\",\"name\":\"ZFE GmbH EN\",\"description\":\"better buckets\",\"potentialAction\":[{\"@type\":\"SearchAction\",\"target\":{\"@type\":\"EntryPoint\",\"urlTemplate\":\"https:\/\/www.zfe-gmbh.de\/en\/?s={search_term_string}\"},\"query-input\":{\"@type\":\"PropertyValueSpecification\",\"valueRequired\":true,\"valueName\":\"search_term_string\"}}],\"inLanguage\":\"de\"}]}<\/script>\n<!-- \/ Yoast SEO plugin. -->","yoast_head_json":{"title":"Schnellwechsel - ZFE GmbH EN","robots":{"index":"index","follow":"follow","max-snippet":"max-snippet:-1","max-image-preview":"max-image-preview:large","max-video-preview":"max-video-preview:-1"},"canonical":"https:\/\/www.zfe-gmbh.de\/en\/produkte\/mini-excavators\/schnellwechsel\/","og_locale":"de_DE","og_type":"article","og_title":"Schnellwechsel - ZFE GmbH EN","og_description":"Schnellwechsel f\u00fcr Minibagger Mit Schnellwechselsystemen von ZFE lassen sich Ihre Tiefl\u00f6ffel, Schwenktiefl\u00f6ffel oder Tunnell\u00f6ffel und viele weitere Ausr\u00fcstungen und Anbauger\u00e4te [&hellip;]","og_url":"https:\/\/www.zfe-gmbh.de\/en\/produkte\/mini-excavators\/schnellwechsel\/","og_site_name":"ZFE GmbH EN","article_modified_time":"2016-07-25T07:04:10+00:00","og_image":[{"url":"http:\/\/zfe-gmbh.de\/wp-content\/uploads\/sites\/7\/2015\/02\/Schnellwechselsysteme-Schnellwechsler-1024x768.jpg","type":"","width":"","height":""}],"twitter_card":"summary_large_image","twitter_misc":{"Gesch\u00e4tzte Lesezeit":"1\u00a0Minute"},"schema":{"@context":"https:\/\/schema.org","@graph":[{"@type":"WebPage","@id":"https:\/\/www.zfe-gmbh.de\/en\/produkte\/mini-excavators\/schnellwechsel\/","url":"https:\/\/www.zfe-gmbh.de\/en\/produkte\/mini-excavators\/schnellwechsel\/","name":"Schnellwechsel - ZFE GmbH EN","isPartOf":{"@id":"https:\/\/www.zfe-gmbh.de\/en\/#website"},"primaryImageOfPage":{"@id":"https:\/\/www.zfe-gmbh.de\/en\/produkte\/mini-excavators\/schnellwechsel\/#primaryimage"},"image":{"@id":"https:\/\/www.zfe-gmbh.de\/en\/produkte\/mini-excavators\/schnellwechsel\/#primaryimage"},"thumbnailUrl":"http:\/\/zfe-gmbh.de\/wp-content\/uploads\/sites\/7\/2015\/02\/Schnellwechselsysteme-Schnellwechsler-1024x768.jpg","datePublished":"2015-02-16T21:13:48+00:00","dateModified":"2016-07-25T07:04:10+00:00","breadcrumb":{"@id":"https:\/\/www.zfe-gmbh.de\/en\/produkte\/mini-excavators\/schnellwechsel\/#breadcrumb"},"inLanguage":"de","potentialAction":[{"@type":"ReadAction","target":["https:\/\/www.zfe-gmbh.de\/en\/produkte\/mini-excavators\/schnellwechsel\/"]}]},{"@type":"ImageObject","inLanguage":"de","@id":"https:\/\/www.zfe-gmbh.de\/en\/produkte\/mini-excavators\/schnellwechsel\/#primaryimage","url":"http:\/\/zfe-gmbh.de\/wp-content\/uploads\/sites\/7\/2015\/02\/Schnellwechselsysteme-Schnellwechsler-1024x768.jpg","contentUrl":"http:\/\/zfe-gmbh.de\/wp-content\/uploads\/sites\/7\/2015\/02\/Schnellwechselsysteme-Schnellwechsler-1024x768.jpg"},{"@type":"BreadcrumbList","@id":"https:\/\/www.zfe-gmbh.de\/en\/produkte\/mini-excavators\/schnellwechsel\/#breadcrumb","itemListElement":[{"@type":"ListItem","position":1,"name":"Home","item":"https:\/\/www.zfe-gmbh.de\/en\/"},{"@type":"ListItem","position":2,"name":"Products","item":"https:\/\/www.zfe-gmbh.de\/en\/produkte\/"},{"@type":"ListItem","position":3,"name":"Mini excavators","item":"https:\/\/www.zfe-gmbh.de\/en\/produkte\/mini-excavators\/"},{"@type":"ListItem","position":4,"name":"Schnellwechsel"}]},{"@type":"WebSite","@id":"https:\/\/www.zfe-gmbh.de\/en\/#website","url":"https:\/\/www.zfe-gmbh.de\/en\/","name":"ZFE GmbH EN","description":"better buckets","potentialAction":[{"@type":"SearchAction","target":{"@type":"EntryPoint","urlTemplate":"https:\/\/www.zfe-gmbh.de\/en\/?s={search_term_string}"},"query-input":{"@type":"PropertyValueSpecification","valueRequired":true,"valueName":"search_term_string"}}],"inLanguage":"de"}]}},"_links":{"self":[{"href":"https:\/\/www.zfe-gmbh.de\/en\/wp-json\/wp\/v2\/pages\/75"}],"collection":[{"href":"https:\/\/www.zfe-gmbh.de\/en\/wp-json\/wp\/v2\/pages"}],"about":[{"href":"https:\/\/www.zfe-gmbh.de\/en\/wp-json\/wp\/v2\/types\/page"}],"author":[{"embeddable":true,"href":"https:\/\/www.zfe-gmbh.de\/en\/wp-json\/wp\/v2\/users\/1"}],"replies":[{"embeddable":true,"href":"https:\/\/www.zfe-gmbh.de\/en\/wp-json\/wp\/v2\/comments?post=75"}],"version-history":[{"count":0,"href":"https:\/\/www.zfe-gmbh.de\/en\/wp-json\/wp\/v2\/pages\/75\/revisions"}],"up":[{"embeddable":true,"href":"https:\/\/www.zfe-gmbh.de\/en\/wp-json\/wp\/v2\/pages\/55"}],"wp:attachment":[{"href":"https:\/\/www.zfe-gmbh.de\/en\/wp-json\/wp\/v2\/media?parent=75"}],"curies":[{"name":"wp","href":"https:\/\/api.w.org\/{rel}","templated":true}]}}