{"id":111,"date":"2015-02-16T22:22:29","date_gmt":"2015-02-16T21:22:29","guid":{"rendered":"http:\/\/zfe-gmbh.de\/?page_id=111"},"modified":"2016-09-29T13:51:24","modified_gmt":"2016-09-29T11:51:24","slug":"godet-orientable","status":"publish","type":"page","link":"https:\/\/www.zfe-gmbh.de\/fr\/produkte\/pelle\/godet-orientable\/","title":{"rendered":"Godet orientable"},"content":{"rendered":"<p><a href=\"http:\/\/zfe-gmbh.de\/wp-content\/uploads\/sites\/9\/2015\/02\/Schwenktiefloeffel-mit-Motor.jpg\"><img loading=\"lazy\" decoding=\"async\" class=\"aligncenter wp-image-231 size-large\" src=\"http:\/\/zfe-gmbh.de\/fr\/wp-content\/uploads\/sites\/9\/2015\/02\/Schwenktiefloeffel-mit-Motor-1024x768.jpg\" alt=\"Godit orientable avec tilt moteur\" width=\"745\" height=\"559\" srcset=\"https:\/\/www.zfe-gmbh.de\/fr\/wp-content\/uploads\/sites\/9\/2015\/02\/Schwenktiefloeffel-mit-Motor-1024x768.jpg 1024w, https:\/\/www.zfe-gmbh.de\/fr\/wp-content\/uploads\/sites\/9\/2015\/02\/Schwenktiefloeffel-mit-Motor-300x225.jpg 300w, https:\/\/www.zfe-gmbh.de\/fr\/wp-content\/uploads\/sites\/9\/2015\/02\/Schwenktiefloeffel-mit-Motor-745x559.jpg 745w, https:\/\/www.zfe-gmbh.de\/fr\/wp-content\/uploads\/sites\/9\/2015\/02\/Schwenktiefloeffel-mit-Motor.jpg 1200w\" sizes=\"(max-width: 745px) 100vw, 745px\" \/><\/a><\/p>\n<p><strong>Model<\/strong><\/p>\n<ul>\n<li>Type godet r\u00e9tro pour tous les emplois moyens et lourds.<\/li>\n<li>Largeur \u00e0 partir de 1200 mm, capacit\u00e9 jusqu\u2019au 2,0 m\u00e8tres cube SAE.<\/li>\n<li>Forme godet r\u00e9tro, fond du godet avec barrettes d\u2019usure en HB 500 ou au choix un fond en\u00a0\u00a0 HB 400.<\/li>\n<li>Au choix avec lame boulonn\u00e9e r\u00e9versible ou avec dents.<\/li>\n<\/ul>\n<p><a href=\"http:\/\/zfe-gmbh.de\/wp-content\/uploads\/sites\/9\/2015\/02\/Schwenktiefloeffel-Motor.jpg\"><img loading=\"lazy\" decoding=\"async\" class=\"aligncenter wp-image-232 size-large\" src=\"http:\/\/zfe-gmbh.de\/fr\/wp-content\/uploads\/sites\/9\/2015\/02\/Schwenktiefloeffel-Motor-1024x768.jpg\" alt=\"Godet orientable\" width=\"745\" height=\"559\" srcset=\"https:\/\/www.zfe-gmbh.de\/fr\/wp-content\/uploads\/sites\/9\/2015\/02\/Schwenktiefloeffel-Motor-1024x768.jpg 1024w, https:\/\/www.zfe-gmbh.de\/fr\/wp-content\/uploads\/sites\/9\/2015\/02\/Schwenktiefloeffel-Motor-300x225.jpg 300w, https:\/\/www.zfe-gmbh.de\/fr\/wp-content\/uploads\/sites\/9\/2015\/02\/Schwenktiefloeffel-Motor-745x559.jpg 745w, https:\/\/www.zfe-gmbh.de\/fr\/wp-content\/uploads\/sites\/9\/2015\/02\/Schwenktiefloeffel-Motor.jpg 1200w\" sizes=\"(max-width: 745px) 100vw, 745px\" \/><\/a><\/p>\n<p><strong>Godet r\u00e9tro orientable avec tiltmoteur<\/strong><\/p>\n<p>Pour travaux et utilivsations dans des conditions extremes telles que dans des excavations ou lits de riviere.<\/p>\n<ul>\n<li>Angle d&#8217;inclinaison de 100\u00b0 (standard) a 180\u00b0.<\/li>\n<li>Couple de maintien et de rotation eleve<\/li>\n<li>Convivialite de maintenance \u2013 plus de tige de piston, plus de logements d&#8217;axe de pivot et verin, plus de guide-tuyau.<\/li>\n<li>Largeurs de coupe plus faibles possibles que sur les godets retros orientables actuels<\/li>\n<li>Montage en saillie sur tous les excavateurs et types de dispositifs d&#8217;attache rapide actuellement sur le marche.<\/li>\n<li>Les constructions speciales peuvent etre realises avec rapidite et souplesse en PAO, selon vos indications.<\/li>\n<\/ul>\n<p><a href=\"http:\/\/zfe-gmbh.de\/wp-content\/uploads\/sites\/9\/2015\/02\/Schwenktiefl\u00f6ffel-Drehantrieb-PTA180-2x60\u00b0.jpg\"><img loading=\"lazy\" decoding=\"async\" class=\"alignnone wp-image-977 size-full\" src=\"http:\/\/zfe-gmbh.de\/fr\/wp-content\/uploads\/sites\/9\/2015\/02\/Schwenktiefl\u00f6ffel-Drehantrieb-PTA180-2x60\u00b0.jpg\" alt=\"Godet r\u00e9tro orientable avec  PTA180 2x60\u00b0\" width=\"1000\" height=\"750\" srcset=\"https:\/\/www.zfe-gmbh.de\/fr\/wp-content\/uploads\/sites\/9\/2015\/02\/Schwenktiefl\u00f6ffel-Drehantrieb-PTA180-2x60\u00b0.jpg 1000w, https:\/\/www.zfe-gmbh.de\/fr\/wp-content\/uploads\/sites\/9\/2015\/02\/Schwenktiefl\u00f6ffel-Drehantrieb-PTA180-2x60\u00b0-300x225.jpg 300w, https:\/\/www.zfe-gmbh.de\/fr\/wp-content\/uploads\/sites\/9\/2015\/02\/Schwenktiefl\u00f6ffel-Drehantrieb-PTA180-2x60\u00b0-745x559.jpg 745w\" sizes=\"(max-width: 1000px) 100vw, 1000px\" \/><\/a><\/p>\n<p><strong>Made in Germany<\/strong><\/p>\n<p>Tous les composants sont fabriqu\u00e9s en Allemagne &#8211; de la d\u00e9coupe \u00e0 la peinture finale.<\/p>\n<h4><strong>Pour toute question, n&#8217;h\u00e9sitez pas \u00e0 nous contacter:<\/strong><\/h4>\n<p><a href=\"http:\/\/zfe-gmbh.de\/wp-content\/uploads\/2015\/02\/Tobias-Meier.jpg\"><img loading=\"lazy\" decoding=\"async\" class=\" size-full wp-image-1652 alignleft\" src=\"http:\/\/zfe-gmbh.de\/wp-content\/uploads\/2015\/02\/Tobias-Meier.jpg\" alt=\"Tobias Meier\" width=\"128\" height=\"128\" \/><\/a>Tobias Meier<br \/>\nService de ventes<br \/>\n+49 (0) 78 41 \/ 20 57 &#8211;\u00a027<br \/>\n<a href=\"mailto:tobias.meier@zfe-gmbh.de?subject=\" target=\"{target}\">tobias.meier@zfe-gmbh.de<\/a><\/p>\n<h4><\/h4>\n<p>&nbsp;<\/p>\n<p>&nbsp;<\/p>\n<p>&nbsp;<\/p>\n","protected":false},"excerpt":{"rendered":"<p>Model Type godet r\u00e9tro pour tous les emplois moyens et lourds. Largeur \u00e0 partir de 1200 mm, capacit\u00e9 jusqu\u2019au 2,0 [&hellip;]<\/p>\n","protected":false},"author":1,"featured_media":0,"parent":51,"menu_order":60,"comment_status":"closed","ping_status":"closed","template":"","meta":{"footnotes":""},"class_list":["post-111","page","type-page","status-publish","hentry","no-featured-image"],"yoast_head":"<!-- This site is optimized with the Yoast SEO plugin v24.4 - https:\/\/yoast.com\/wordpress\/plugins\/seo\/ -->\n<title>Godet orientable - ZFE GmbH FR<\/title>\n<meta name=\"robots\" content=\"index, follow, max-snippet:-1, max-image-preview:large, max-video-preview:-1\" \/>\n<link rel=\"canonical\" href=\"https:\/\/www.zfe-gmbh.de\/fr\/produkte\/pelle\/godet-orientable\/\" \/>\n<meta property=\"og:locale\" content=\"de_DE\" \/>\n<meta property=\"og:type\" content=\"article\" \/>\n<meta property=\"og:title\" content=\"Godet orientable - ZFE GmbH FR\" \/>\n<meta property=\"og:description\" content=\"Model Type godet r\u00e9tro pour tous les emplois moyens et lourds. Largeur \u00e0 partir de 1200 mm, capacit\u00e9 jusqu\u2019au 2,0 [&hellip;]\" \/>\n<meta property=\"og:url\" content=\"https:\/\/www.zfe-gmbh.de\/fr\/produkte\/pelle\/godet-orientable\/\" \/>\n<meta property=\"og:site_name\" content=\"ZFE GmbH FR\" \/>\n<meta property=\"article:modified_time\" content=\"2016-09-29T11:51:24+00:00\" \/>\n<meta property=\"og:image\" content=\"http:\/\/zfe-gmbh.de\/fr\/wp-content\/uploads\/sites\/9\/2015\/02\/Schwenktiefloeffel-mit-Motor-1024x768.jpg\" \/>\n<meta name=\"twitter:card\" content=\"summary_large_image\" \/>\n<meta name=\"twitter:label1\" content=\"Gesch\u00e4tzte Lesezeit\" \/>\n\t<meta name=\"twitter:data1\" content=\"1\u00a0Minute\" \/>\n<script type=\"application\/ld+json\" class=\"yoast-schema-graph\">{\"@context\":\"https:\/\/schema.org\",\"@graph\":[{\"@type\":\"WebPage\",\"@id\":\"https:\/\/www.zfe-gmbh.de\/fr\/produkte\/pelle\/godet-orientable\/\",\"url\":\"https:\/\/www.zfe-gmbh.de\/fr\/produkte\/pelle\/godet-orientable\/\",\"name\":\"Godet orientable - ZFE GmbH FR\",\"isPartOf\":{\"@id\":\"https:\/\/www.zfe-gmbh.de\/fr\/#website\"},\"primaryImageOfPage\":{\"@id\":\"https:\/\/www.zfe-gmbh.de\/fr\/produkte\/pelle\/godet-orientable\/#primaryimage\"},\"image\":{\"@id\":\"https:\/\/www.zfe-gmbh.de\/fr\/produkte\/pelle\/godet-orientable\/#primaryimage\"},\"thumbnailUrl\":\"http:\/\/zfe-gmbh.de\/fr\/wp-content\/uploads\/sites\/9\/2015\/02\/Schwenktiefloeffel-mit-Motor-1024x768.jpg\",\"datePublished\":\"2015-02-16T21:22:29+00:00\",\"dateModified\":\"2016-09-29T11:51:24+00:00\",\"breadcrumb\":{\"@id\":\"https:\/\/www.zfe-gmbh.de\/fr\/produkte\/pelle\/godet-orientable\/#breadcrumb\"},\"inLanguage\":\"de\",\"potentialAction\":[{\"@type\":\"ReadAction\",\"target\":[\"https:\/\/www.zfe-gmbh.de\/fr\/produkte\/pelle\/godet-orientable\/\"]}]},{\"@type\":\"ImageObject\",\"inLanguage\":\"de\",\"@id\":\"https:\/\/www.zfe-gmbh.de\/fr\/produkte\/pelle\/godet-orientable\/#primaryimage\",\"url\":\"http:\/\/zfe-gmbh.de\/fr\/wp-content\/uploads\/sites\/9\/2015\/02\/Schwenktiefloeffel-mit-Motor-1024x768.jpg\",\"contentUrl\":\"http:\/\/zfe-gmbh.de\/fr\/wp-content\/uploads\/sites\/9\/2015\/02\/Schwenktiefloeffel-mit-Motor-1024x768.jpg\"},{\"@type\":\"BreadcrumbList\",\"@id\":\"https:\/\/www.zfe-gmbh.de\/fr\/produkte\/pelle\/godet-orientable\/#breadcrumb\",\"itemListElement\":[{\"@type\":\"ListItem\",\"position\":1,\"name\":\"Home\",\"item\":\"https:\/\/www.zfe-gmbh.de\/fr\/\"},{\"@type\":\"ListItem\",\"position\":2,\"name\":\"PRODUITS\",\"item\":\"https:\/\/www.zfe-gmbh.de\/fr\/produkte\/\"},{\"@type\":\"ListItem\",\"position\":3,\"name\":\"PELLE\",\"item\":\"https:\/\/www.zfe-gmbh.de\/fr\/produkte\/pelle\/\"},{\"@type\":\"ListItem\",\"position\":4,\"name\":\"Godet orientable\"}]},{\"@type\":\"WebSite\",\"@id\":\"https:\/\/www.zfe-gmbh.de\/fr\/#website\",\"url\":\"https:\/\/www.zfe-gmbh.de\/fr\/\",\"name\":\"ZFE GmbH FR\",\"description\":\"better buckets\",\"potentialAction\":[{\"@type\":\"SearchAction\",\"target\":{\"@type\":\"EntryPoint\",\"urlTemplate\":\"https:\/\/www.zfe-gmbh.de\/fr\/?s={search_term_string}\"},\"query-input\":{\"@type\":\"PropertyValueSpecification\",\"valueRequired\":true,\"valueName\":\"search_term_string\"}}],\"inLanguage\":\"de\"}]}<\/script>\n<!-- \/ Yoast SEO plugin. -->","yoast_head_json":{"title":"Godet orientable - ZFE GmbH FR","robots":{"index":"index","follow":"follow","max-snippet":"max-snippet:-1","max-image-preview":"max-image-preview:large","max-video-preview":"max-video-preview:-1"},"canonical":"https:\/\/www.zfe-gmbh.de\/fr\/produkte\/pelle\/godet-orientable\/","og_locale":"de_DE","og_type":"article","og_title":"Godet orientable - ZFE GmbH FR","og_description":"Model Type godet r\u00e9tro pour tous les emplois moyens et lourds. Largeur \u00e0 partir de 1200 mm, capacit\u00e9 jusqu\u2019au 2,0 [&hellip;]","og_url":"https:\/\/www.zfe-gmbh.de\/fr\/produkte\/pelle\/godet-orientable\/","og_site_name":"ZFE GmbH FR","article_modified_time":"2016-09-29T11:51:24+00:00","og_image":[{"url":"http:\/\/zfe-gmbh.de\/fr\/wp-content\/uploads\/sites\/9\/2015\/02\/Schwenktiefloeffel-mit-Motor-1024x768.jpg","type":"","width":"","height":""}],"twitter_card":"summary_large_image","twitter_misc":{"Gesch\u00e4tzte Lesezeit":"1\u00a0Minute"},"schema":{"@context":"https:\/\/schema.org","@graph":[{"@type":"WebPage","@id":"https:\/\/www.zfe-gmbh.de\/fr\/produkte\/pelle\/godet-orientable\/","url":"https:\/\/www.zfe-gmbh.de\/fr\/produkte\/pelle\/godet-orientable\/","name":"Godet orientable - ZFE GmbH FR","isPartOf":{"@id":"https:\/\/www.zfe-gmbh.de\/fr\/#website"},"primaryImageOfPage":{"@id":"https:\/\/www.zfe-gmbh.de\/fr\/produkte\/pelle\/godet-orientable\/#primaryimage"},"image":{"@id":"https:\/\/www.zfe-gmbh.de\/fr\/produkte\/pelle\/godet-orientable\/#primaryimage"},"thumbnailUrl":"http:\/\/zfe-gmbh.de\/fr\/wp-content\/uploads\/sites\/9\/2015\/02\/Schwenktiefloeffel-mit-Motor-1024x768.jpg","datePublished":"2015-02-16T21:22:29+00:00","dateModified":"2016-09-29T11:51:24+00:00","breadcrumb":{"@id":"https:\/\/www.zfe-gmbh.de\/fr\/produkte\/pelle\/godet-orientable\/#breadcrumb"},"inLanguage":"de","potentialAction":[{"@type":"ReadAction","target":["https:\/\/www.zfe-gmbh.de\/fr\/produkte\/pelle\/godet-orientable\/"]}]},{"@type":"ImageObject","inLanguage":"de","@id":"https:\/\/www.zfe-gmbh.de\/fr\/produkte\/pelle\/godet-orientable\/#primaryimage","url":"http:\/\/zfe-gmbh.de\/fr\/wp-content\/uploads\/sites\/9\/2015\/02\/Schwenktiefloeffel-mit-Motor-1024x768.jpg","contentUrl":"http:\/\/zfe-gmbh.de\/fr\/wp-content\/uploads\/sites\/9\/2015\/02\/Schwenktiefloeffel-mit-Motor-1024x768.jpg"},{"@type":"BreadcrumbList","@id":"https:\/\/www.zfe-gmbh.de\/fr\/produkte\/pelle\/godet-orientable\/#breadcrumb","itemListElement":[{"@type":"ListItem","position":1,"name":"Home","item":"https:\/\/www.zfe-gmbh.de\/fr\/"},{"@type":"ListItem","position":2,"name":"PRODUITS","item":"https:\/\/www.zfe-gmbh.de\/fr\/produkte\/"},{"@type":"ListItem","position":3,"name":"PELLE","item":"https:\/\/www.zfe-gmbh.de\/fr\/produkte\/pelle\/"},{"@type":"ListItem","position":4,"name":"Godet orientable"}]},{"@type":"WebSite","@id":"https:\/\/www.zfe-gmbh.de\/fr\/#website","url":"https:\/\/www.zfe-gmbh.de\/fr\/","name":"ZFE GmbH FR","description":"better buckets","potentialAction":[{"@type":"SearchAction","target":{"@type":"EntryPoint","urlTemplate":"https:\/\/www.zfe-gmbh.de\/fr\/?s={search_term_string}"},"query-input":{"@type":"PropertyValueSpecification","valueRequired":true,"valueName":"search_term_string"}}],"inLanguage":"de"}]}},"_links":{"self":[{"href":"https:\/\/www.zfe-gmbh.de\/fr\/wp-json\/wp\/v2\/pages\/111"}],"collection":[{"href":"https:\/\/www.zfe-gmbh.de\/fr\/wp-json\/wp\/v2\/pages"}],"about":[{"href":"https:\/\/www.zfe-gmbh.de\/fr\/wp-json\/wp\/v2\/types\/page"}],"author":[{"embeddable":true,"href":"https:\/\/www.zfe-gmbh.de\/fr\/wp-json\/wp\/v2\/users\/1"}],"replies":[{"embeddable":true,"href":"https:\/\/www.zfe-gmbh.de\/fr\/wp-json\/wp\/v2\/comments?post=111"}],"version-history":[{"count":16,"href":"https:\/\/www.zfe-gmbh.de\/fr\/wp-json\/wp\/v2\/pages\/111\/revisions"}],"predecessor-version":[{"id":1404,"href":"https:\/\/www.zfe-gmbh.de\/fr\/wp-json\/wp\/v2\/pages\/111\/revisions\/1404"}],"up":[{"embeddable":true,"href":"https:\/\/www.zfe-gmbh.de\/fr\/wp-json\/wp\/v2\/pages\/51"}],"wp:attachment":[{"href":"https:\/\/www.zfe-gmbh.de\/fr\/wp-json\/wp\/v2\/media?parent=111"}],"curies":[{"name":"wp","href":"https:\/\/api.w.org\/{rel}","templated":true}]}}