{"id":121,"date":"2015-02-16T22:24:39","date_gmt":"2015-02-16T21:24:39","guid":{"rendered":"http:\/\/zfe-gmbh.de\/?page_id=121"},"modified":"2016-07-20T13:24:02","modified_gmt":"2016-07-20T11:24:02","slug":"goget-retro","status":"publish","type":"page","link":"https:\/\/www.zfe-gmbh.de\/fr\/produkte\/pelle\/goget-retro\/","title":{"rendered":"Goget r\u00e8tro"},"content":{"rendered":"<p><a href=\"http:\/\/zfe-gmbh.de\/wp-content\/uploads\/sites\/9\/2015\/02\/Tiefl\u00f6ffel.jpg\"><img loading=\"lazy\" decoding=\"async\" class=\"aligncenter wp-image-338 size-full\" src=\"http:\/\/zfe-gmbh.de\/fr\/wp-content\/uploads\/sites\/9\/2015\/02\/Tiefl\u00f6ffel.jpg\" alt=\"Godet r\u00e8tro pour les pelles hydrauliques\" width=\"1800\" height=\"711\" srcset=\"https:\/\/www.zfe-gmbh.de\/fr\/wp-content\/uploads\/sites\/9\/2015\/02\/Tiefl\u00f6ffel.jpg 1800w, https:\/\/www.zfe-gmbh.de\/fr\/wp-content\/uploads\/sites\/9\/2015\/02\/Tiefl\u00f6ffel-300x119.jpg 300w, https:\/\/www.zfe-gmbh.de\/fr\/wp-content\/uploads\/sites\/9\/2015\/02\/Tiefl\u00f6ffel-1024x404.jpg 1024w, https:\/\/www.zfe-gmbh.de\/fr\/wp-content\/uploads\/sites\/9\/2015\/02\/Tiefl\u00f6ffel-745x294.jpg 745w\" sizes=\"(max-width: 1800px) 100vw, 1800px\" \/><\/a><\/p>\n<h4><strong>Godet r\u00e8tro pour les pelles hydrauliques \u00e0 partir de 10 ton<\/strong><\/h4>\n<p><strong>Emploi<\/strong><\/p>\n<p><strong>Type standard pour tous les emplois moyens et lourds :<\/strong><\/p>\n<p><span style=\"line-height: 1.5\">Lame d\u2019HB 400, \u00e9quip\u00e9e avec pointe de dents S de KingMet pour l\u2019emploi standard.<br \/>\n<\/span><\/p>\n<p><span style=\"line-height: 1.5\">Fond du godet renforc\u00e9 transver-salement avec des barrettes d\u2019usure d\u2019HB 500.<br \/>\nBandeau lat\u00e9ral avec faucilles forg\u00e9es.<br \/>\nRenforcements des flancs en zone d\u2019usure.<br \/>\n<\/span><\/p>\n<p><a href=\"http:\/\/zfe-gmbh.de\/wp-content\/uploads\/sites\/9\/2015\/02\/Baggerl\u00f6ffel-Tiefl\u00f6ffel-Hydraulikbagger.jpg\"><img loading=\"lazy\" decoding=\"async\" class=\"aligncenter wp-image-340 size-full\" src=\"http:\/\/zfe-gmbh.de\/fr\/wp-content\/uploads\/sites\/9\/2015\/02\/Baggerl\u00f6ffel-Tiefl\u00f6ffel-Hydraulikbagger.jpg\" alt=\"Goget r\u00e8tro\" width=\"1000\" height=\"750\" srcset=\"https:\/\/www.zfe-gmbh.de\/fr\/wp-content\/uploads\/sites\/9\/2015\/02\/Baggerl\u00f6ffel-Tiefl\u00f6ffel-Hydraulikbagger.jpg 1000w, https:\/\/www.zfe-gmbh.de\/fr\/wp-content\/uploads\/sites\/9\/2015\/02\/Baggerl\u00f6ffel-Tiefl\u00f6ffel-Hydraulikbagger-300x225.jpg 300w, https:\/\/www.zfe-gmbh.de\/fr\/wp-content\/uploads\/sites\/9\/2015\/02\/Baggerl\u00f6ffel-Tiefl\u00f6ffel-Hydraulikbagger-745x559.jpg 745w\" sizes=\"(max-width: 1000px) 100vw, 1000px\" \/><\/a><\/p>\n<p><strong>Model<\/strong><\/p>\n<p>Notre gamme de produits bien gradu\u00e9e peut \u00eatre adapt\u00e9 aux demandes et besoins sp\u00e9cifiques des clients..<\/p>\n<p><a href=\"http:\/\/zfe-gmbh.de\/wp-content\/uploads\/sites\/9\/2015\/02\/Baggerl\u00f6ffel-Tiefl\u00f6ffel-furt-Hydraulikbagger.jpg\"><img loading=\"lazy\" decoding=\"async\" class=\"aligncenter wp-image-342 size-full\" src=\"http:\/\/zfe-gmbh.de\/fr\/wp-content\/uploads\/sites\/9\/2015\/02\/Baggerl\u00f6ffel-Tiefl\u00f6ffel-furt-Hydraulikbagger.jpg\" alt=\"Godet r\u00e8tro pour les pelles hydrauliques\" width=\"1000\" height=\"750\" srcset=\"https:\/\/www.zfe-gmbh.de\/fr\/wp-content\/uploads\/sites\/9\/2015\/02\/Baggerl\u00f6ffel-Tiefl\u00f6ffel-furt-Hydraulikbagger.jpg 1000w, https:\/\/www.zfe-gmbh.de\/fr\/wp-content\/uploads\/sites\/9\/2015\/02\/Baggerl\u00f6ffel-Tiefl\u00f6ffel-furt-Hydraulikbagger-300x225.jpg 300w, https:\/\/www.zfe-gmbh.de\/fr\/wp-content\/uploads\/sites\/9\/2015\/02\/Baggerl\u00f6ffel-Tiefl\u00f6ffel-furt-Hydraulikbagger-745x559.jpg 745w\" sizes=\"(max-width: 1000px) 100vw, 1000px\" \/><\/a><\/p>\n<p><strong>Caract\u00e9ristiques\u00a0<\/strong><\/p>\n<p>Disponible pour montage directe ou pour tous les syst\u00e8mes d\u2019attache rapide courants.<br \/>\nEquip\u00e9 avec le syst\u00e8me de dent KingMet.<br \/>\nLame additional disponibles.<br \/>\nSur demande tous les syst\u00e8mes de dents courantes sont disponibles.<\/p>\n<p><a href=\"http:\/\/zfe-gmbh.de\/wp-content\/uploads\/sites\/9\/2015\/02\/Tiefl\u00f6ffel-TL13-mit-CW40.jpg\"><img loading=\"lazy\" decoding=\"async\" class=\"alignnone size-full wp-image-955\" src=\"http:\/\/zfe-gmbh.de\/wp-content\/uploads\/sites\/9\/2015\/02\/Tiefl\u00f6ffel-TL13-mit-CW40.jpg\" alt=\"Tiefl\u00f6ffel TL13 mit CW40\" width=\"1000\" height=\"750\" srcset=\"https:\/\/www.zfe-gmbh.de\/fr\/wp-content\/uploads\/sites\/9\/2015\/02\/Tiefl\u00f6ffel-TL13-mit-CW40.jpg 1000w, https:\/\/www.zfe-gmbh.de\/fr\/wp-content\/uploads\/sites\/9\/2015\/02\/Tiefl\u00f6ffel-TL13-mit-CW40-300x225.jpg 300w, https:\/\/www.zfe-gmbh.de\/fr\/wp-content\/uploads\/sites\/9\/2015\/02\/Tiefl\u00f6ffel-TL13-mit-CW40-745x559.jpg 745w\" sizes=\"(max-width: 1000px) 100vw, 1000px\" \/><\/a><\/p>\n<p><strong>Made in Germany<\/strong><\/p>\n<p>Tous les composants sont fabriqu\u00e9s en Allemagne &#8211; de la d\u00e9coupe \u00e0 la peinture finale.<\/p>\n<h4><strong>Pour toute question, n&#8217;h\u00e9sitez pas \u00e0 nous contacter.\u00a0:<\/strong><\/h4>\n<p><a href=\"http:\/\/zfe-gmbh.de\/wp-content\/uploads\/2015\/02\/Tobias-Meier.jpg\"><img loading=\"lazy\" decoding=\"async\" class=\" size-full wp-image-1652 alignleft\" src=\"http:\/\/zfe-gmbh.de\/wp-content\/uploads\/2015\/02\/Tobias-Meier.jpg\" alt=\"Tobias Meier\" width=\"128\" height=\"128\" \/><\/a>Tobias Meier<br \/>\nService de ventes<br \/>\n+49 (0) 78 41 \/ 20 57 &#8211;\u00a027<br \/>\n<a href=\"mailto:tobias.meier@zfe-gmbh.de?subject=\" target=\"{target}\">tobias.meier@zfe-gmbh.de<\/a><\/p>\n<h4><\/h4>\n<p>&nbsp;<\/p>\n","protected":false},"excerpt":{"rendered":"<p>Godet r\u00e8tro pour les pelles hydrauliques \u00e0 partir de 10 ton Emploi Type standard pour tous les emplois moyens et [&hellip;]<\/p>\n","protected":false},"author":1,"featured_media":0,"parent":51,"menu_order":10,"comment_status":"closed","ping_status":"closed","template":"","meta":{"footnotes":""},"class_list":["post-121","page","type-page","status-publish","hentry","no-featured-image"],"yoast_head":"<!-- This site is optimized with the Yoast SEO plugin v24.4 - https:\/\/yoast.com\/wordpress\/plugins\/seo\/ -->\n<title>Goget r\u00e8tro - ZFE GmbH FR<\/title>\n<meta name=\"robots\" content=\"index, follow, max-snippet:-1, max-image-preview:large, max-video-preview:-1\" \/>\n<link rel=\"canonical\" href=\"https:\/\/www.zfe-gmbh.de\/fr\/produkte\/pelle\/goget-retro\/\" \/>\n<meta property=\"og:locale\" content=\"de_DE\" \/>\n<meta property=\"og:type\" content=\"article\" \/>\n<meta property=\"og:title\" content=\"Goget r\u00e8tro - ZFE GmbH FR\" \/>\n<meta property=\"og:description\" content=\"Godet r\u00e8tro pour les pelles hydrauliques \u00e0 partir de 10 ton Emploi Type standard pour tous les emplois moyens et [&hellip;]\" \/>\n<meta property=\"og:url\" content=\"https:\/\/www.zfe-gmbh.de\/fr\/produkte\/pelle\/goget-retro\/\" \/>\n<meta property=\"og:site_name\" content=\"ZFE GmbH FR\" \/>\n<meta property=\"article:modified_time\" content=\"2016-07-20T11:24:02+00:00\" \/>\n<meta property=\"og:image\" content=\"http:\/\/zfe-gmbh.de\/wp-content\/uploads\/2015\/02\/Tobias-Meier.jpg\" \/>\n<meta name=\"twitter:card\" content=\"summary_large_image\" \/>\n<meta name=\"twitter:label1\" content=\"Gesch\u00e4tzte Lesezeit\" \/>\n\t<meta name=\"twitter:data1\" content=\"1\u00a0Minute\" \/>\n<script type=\"application\/ld+json\" class=\"yoast-schema-graph\">{\"@context\":\"https:\/\/schema.org\",\"@graph\":[{\"@type\":\"WebPage\",\"@id\":\"https:\/\/www.zfe-gmbh.de\/fr\/produkte\/pelle\/goget-retro\/\",\"url\":\"https:\/\/www.zfe-gmbh.de\/fr\/produkte\/pelle\/goget-retro\/\",\"name\":\"Goget r\u00e8tro - ZFE GmbH FR\",\"isPartOf\":{\"@id\":\"https:\/\/www.zfe-gmbh.de\/fr\/#website\"},\"primaryImageOfPage\":{\"@id\":\"https:\/\/www.zfe-gmbh.de\/fr\/produkte\/pelle\/goget-retro\/#primaryimage\"},\"image\":{\"@id\":\"https:\/\/www.zfe-gmbh.de\/fr\/produkte\/pelle\/goget-retro\/#primaryimage\"},\"thumbnailUrl\":\"http:\/\/zfe-gmbh.de\/wp-content\/uploads\/2015\/02\/Tobias-Meier.jpg\",\"datePublished\":\"2015-02-16T21:24:39+00:00\",\"dateModified\":\"2016-07-20T11:24:02+00:00\",\"breadcrumb\":{\"@id\":\"https:\/\/www.zfe-gmbh.de\/fr\/produkte\/pelle\/goget-retro\/#breadcrumb\"},\"inLanguage\":\"de\",\"potentialAction\":[{\"@type\":\"ReadAction\",\"target\":[\"https:\/\/www.zfe-gmbh.de\/fr\/produkte\/pelle\/goget-retro\/\"]}]},{\"@type\":\"ImageObject\",\"inLanguage\":\"de\",\"@id\":\"https:\/\/www.zfe-gmbh.de\/fr\/produkte\/pelle\/goget-retro\/#primaryimage\",\"url\":\"http:\/\/zfe-gmbh.de\/wp-content\/uploads\/2015\/02\/Tobias-Meier.jpg\",\"contentUrl\":\"http:\/\/zfe-gmbh.de\/wp-content\/uploads\/2015\/02\/Tobias-Meier.jpg\"},{\"@type\":\"BreadcrumbList\",\"@id\":\"https:\/\/www.zfe-gmbh.de\/fr\/produkte\/pelle\/goget-retro\/#breadcrumb\",\"itemListElement\":[{\"@type\":\"ListItem\",\"position\":1,\"name\":\"Home\",\"item\":\"https:\/\/www.zfe-gmbh.de\/fr\/\"},{\"@type\":\"ListItem\",\"position\":2,\"name\":\"PRODUITS\",\"item\":\"https:\/\/www.zfe-gmbh.de\/fr\/produkte\/\"},{\"@type\":\"ListItem\",\"position\":3,\"name\":\"PELLE\",\"item\":\"https:\/\/www.zfe-gmbh.de\/fr\/produkte\/pelle\/\"},{\"@type\":\"ListItem\",\"position\":4,\"name\":\"Goget r\u00e8tro\"}]},{\"@type\":\"WebSite\",\"@id\":\"https:\/\/www.zfe-gmbh.de\/fr\/#website\",\"url\":\"https:\/\/www.zfe-gmbh.de\/fr\/\",\"name\":\"ZFE GmbH FR\",\"description\":\"better buckets\",\"potentialAction\":[{\"@type\":\"SearchAction\",\"target\":{\"@type\":\"EntryPoint\",\"urlTemplate\":\"https:\/\/www.zfe-gmbh.de\/fr\/?s={search_term_string}\"},\"query-input\":{\"@type\":\"PropertyValueSpecification\",\"valueRequired\":true,\"valueName\":\"search_term_string\"}}],\"inLanguage\":\"de\"}]}<\/script>\n<!-- \/ Yoast SEO plugin. -->","yoast_head_json":{"title":"Goget r\u00e8tro - ZFE GmbH FR","robots":{"index":"index","follow":"follow","max-snippet":"max-snippet:-1","max-image-preview":"max-image-preview:large","max-video-preview":"max-video-preview:-1"},"canonical":"https:\/\/www.zfe-gmbh.de\/fr\/produkte\/pelle\/goget-retro\/","og_locale":"de_DE","og_type":"article","og_title":"Goget r\u00e8tro - ZFE GmbH FR","og_description":"Godet r\u00e8tro pour les pelles hydrauliques \u00e0 partir de 10 ton Emploi Type standard pour tous les emplois moyens et [&hellip;]","og_url":"https:\/\/www.zfe-gmbh.de\/fr\/produkte\/pelle\/goget-retro\/","og_site_name":"ZFE GmbH FR","article_modified_time":"2016-07-20T11:24:02+00:00","og_image":[{"url":"http:\/\/zfe-gmbh.de\/wp-content\/uploads\/2015\/02\/Tobias-Meier.jpg","type":"","width":"","height":""}],"twitter_card":"summary_large_image","twitter_misc":{"Gesch\u00e4tzte Lesezeit":"1\u00a0Minute"},"schema":{"@context":"https:\/\/schema.org","@graph":[{"@type":"WebPage","@id":"https:\/\/www.zfe-gmbh.de\/fr\/produkte\/pelle\/goget-retro\/","url":"https:\/\/www.zfe-gmbh.de\/fr\/produkte\/pelle\/goget-retro\/","name":"Goget r\u00e8tro - ZFE GmbH FR","isPartOf":{"@id":"https:\/\/www.zfe-gmbh.de\/fr\/#website"},"primaryImageOfPage":{"@id":"https:\/\/www.zfe-gmbh.de\/fr\/produkte\/pelle\/goget-retro\/#primaryimage"},"image":{"@id":"https:\/\/www.zfe-gmbh.de\/fr\/produkte\/pelle\/goget-retro\/#primaryimage"},"thumbnailUrl":"http:\/\/zfe-gmbh.de\/wp-content\/uploads\/2015\/02\/Tobias-Meier.jpg","datePublished":"2015-02-16T21:24:39+00:00","dateModified":"2016-07-20T11:24:02+00:00","breadcrumb":{"@id":"https:\/\/www.zfe-gmbh.de\/fr\/produkte\/pelle\/goget-retro\/#breadcrumb"},"inLanguage":"de","potentialAction":[{"@type":"ReadAction","target":["https:\/\/www.zfe-gmbh.de\/fr\/produkte\/pelle\/goget-retro\/"]}]},{"@type":"ImageObject","inLanguage":"de","@id":"https:\/\/www.zfe-gmbh.de\/fr\/produkte\/pelle\/goget-retro\/#primaryimage","url":"http:\/\/zfe-gmbh.de\/wp-content\/uploads\/2015\/02\/Tobias-Meier.jpg","contentUrl":"http:\/\/zfe-gmbh.de\/wp-content\/uploads\/2015\/02\/Tobias-Meier.jpg"},{"@type":"BreadcrumbList","@id":"https:\/\/www.zfe-gmbh.de\/fr\/produkte\/pelle\/goget-retro\/#breadcrumb","itemListElement":[{"@type":"ListItem","position":1,"name":"Home","item":"https:\/\/www.zfe-gmbh.de\/fr\/"},{"@type":"ListItem","position":2,"name":"PRODUITS","item":"https:\/\/www.zfe-gmbh.de\/fr\/produkte\/"},{"@type":"ListItem","position":3,"name":"PELLE","item":"https:\/\/www.zfe-gmbh.de\/fr\/produkte\/pelle\/"},{"@type":"ListItem","position":4,"name":"Goget r\u00e8tro"}]},{"@type":"WebSite","@id":"https:\/\/www.zfe-gmbh.de\/fr\/#website","url":"https:\/\/www.zfe-gmbh.de\/fr\/","name":"ZFE GmbH FR","description":"better buckets","potentialAction":[{"@type":"SearchAction","target":{"@type":"EntryPoint","urlTemplate":"https:\/\/www.zfe-gmbh.de\/fr\/?s={search_term_string}"},"query-input":{"@type":"PropertyValueSpecification","valueRequired":true,"valueName":"search_term_string"}}],"inLanguage":"de"}]}},"_links":{"self":[{"href":"https:\/\/www.zfe-gmbh.de\/fr\/wp-json\/wp\/v2\/pages\/121"}],"collection":[{"href":"https:\/\/www.zfe-gmbh.de\/fr\/wp-json\/wp\/v2\/pages"}],"about":[{"href":"https:\/\/www.zfe-gmbh.de\/fr\/wp-json\/wp\/v2\/types\/page"}],"author":[{"embeddable":true,"href":"https:\/\/www.zfe-gmbh.de\/fr\/wp-json\/wp\/v2\/users\/1"}],"replies":[{"embeddable":true,"href":"https:\/\/www.zfe-gmbh.de\/fr\/wp-json\/wp\/v2\/comments?post=121"}],"version-history":[{"count":21,"href":"https:\/\/www.zfe-gmbh.de\/fr\/wp-json\/wp\/v2\/pages\/121\/revisions"}],"predecessor-version":[{"id":1397,"href":"https:\/\/www.zfe-gmbh.de\/fr\/wp-json\/wp\/v2\/pages\/121\/revisions\/1397"}],"up":[{"embeddable":true,"href":"https:\/\/www.zfe-gmbh.de\/fr\/wp-json\/wp\/v2\/pages\/51"}],"wp:attachment":[{"href":"https:\/\/www.zfe-gmbh.de\/fr\/wp-json\/wp\/v2\/media?parent=121"}],"curies":[{"name":"wp","href":"https:\/\/api.w.org\/{rel}","templated":true}]}}