{"id":127,"date":"2015-02-16T22:32:11","date_gmt":"2015-02-16T21:32:11","guid":{"rendered":"http:\/\/zfe-gmbh.de\/?page_id=127"},"modified":"2016-01-25T08:34:57","modified_gmt":"2016-01-25T07:34:57","slug":"anfahrtsskizze","status":"publish","type":"page","link":"https:\/\/www.zfe-gmbh.de\/fr\/kontakt\/anfahrtsskizze\/","title":{"rendered":"Indications"},"content":{"rendered":"<p><strong>Wegbeschreibung<\/strong><\/p>\n<p>Autobahn A5 Karlsruhe &#8211; Basel: Ausfahrt Achern, Richtung Gamshurst abbiegen. &#8211; N\u00e4chste Abfahrt rechts Richtung Gamshurst &#8211; Nach ca. 300 m rechts abbiegen in das Industriegebiet Gamshurst &#8211; Nach dem Ortsschild Gamshurst die erste Stra\u00dfe nach rechts abbiegen &#8222;Am Risisee&#8220; &#8211; Der Stra\u00dfe folgen, nach 300 m links abbiegen, nach ca. 200 m rechts abbiegen, Sie fahren auf die gro\u00dfe gelbe ZFE-Halle zu.<\/p>\n<p><a href=\"http:\/\/zfe-gmbh.de\/wp-content\/uploads\/sites\/9\/2015\/02\/carte.jpg\"><img loading=\"lazy\" decoding=\"async\" class=\"aligncenter wp-image-653\" src=\"http:\/\/zfe-gmbh.de\/wp-content\/uploads\/sites\/9\/2015\/02\/carte.jpg\" alt=\"ZFE GmnH\" width=\"750\" height=\"560\" srcset=\"https:\/\/www.zfe-gmbh.de\/fr\/wp-content\/uploads\/sites\/9\/2015\/02\/carte.jpg 528w, https:\/\/www.zfe-gmbh.de\/fr\/wp-content\/uploads\/sites\/9\/2015\/02\/carte-300x224.jpg 300w\" sizes=\"(max-width: 750px) 100vw, 750px\" \/><\/a><\/p>\n<p>&nbsp;<\/p>\n<p>&nbsp;<\/p>\n","protected":false},"excerpt":{"rendered":"<p>Wegbeschreibung Autobahn A5 Karlsruhe &#8211; Basel: Ausfahrt Achern, Richtung Gamshurst abbiegen. &#8211; N\u00e4chste Abfahrt rechts Richtung Gamshurst &#8211; Nach ca. [&hellip;]<\/p>\n","protected":false},"author":1,"featured_media":0,"parent":45,"menu_order":20,"comment_status":"closed","ping_status":"closed","template":"","meta":{"footnotes":""},"class_list":["post-127","page","type-page","status-publish","hentry","no-featured-image"],"yoast_head":"<!-- This site is optimized with the Yoast SEO plugin v24.4 - https:\/\/yoast.com\/wordpress\/plugins\/seo\/ -->\n<title>Indications - ZFE GmbH FR<\/title>\n<meta name=\"robots\" content=\"index, follow, max-snippet:-1, max-image-preview:large, max-video-preview:-1\" \/>\n<link rel=\"canonical\" href=\"https:\/\/www.zfe-gmbh.de\/fr\/kontakt\/anfahrtsskizze\/\" \/>\n<meta property=\"og:locale\" content=\"de_DE\" \/>\n<meta property=\"og:type\" content=\"article\" \/>\n<meta property=\"og:title\" content=\"Indications - ZFE GmbH FR\" \/>\n<meta property=\"og:description\" content=\"Wegbeschreibung Autobahn A5 Karlsruhe &#8211; Basel: Ausfahrt Achern, Richtung Gamshurst abbiegen. &#8211; N\u00e4chste Abfahrt rechts Richtung Gamshurst &#8211; Nach ca. [&hellip;]\" \/>\n<meta property=\"og:url\" content=\"https:\/\/www.zfe-gmbh.de\/fr\/kontakt\/anfahrtsskizze\/\" \/>\n<meta property=\"og:site_name\" content=\"ZFE GmbH FR\" \/>\n<meta property=\"article:modified_time\" content=\"2016-01-25T07:34:57+00:00\" \/>\n<meta property=\"og:image\" content=\"http:\/\/zfe-gmbh.de\/wp-content\/uploads\/sites\/9\/2015\/02\/carte.jpg\" \/>\n<meta name=\"twitter:card\" content=\"summary_large_image\" \/>\n<script type=\"application\/ld+json\" class=\"yoast-schema-graph\">{\"@context\":\"https:\/\/schema.org\",\"@graph\":[{\"@type\":\"WebPage\",\"@id\":\"https:\/\/www.zfe-gmbh.de\/fr\/kontakt\/anfahrtsskizze\/\",\"url\":\"https:\/\/www.zfe-gmbh.de\/fr\/kontakt\/anfahrtsskizze\/\",\"name\":\"Indications - ZFE GmbH FR\",\"isPartOf\":{\"@id\":\"https:\/\/www.zfe-gmbh.de\/fr\/#website\"},\"primaryImageOfPage\":{\"@id\":\"https:\/\/www.zfe-gmbh.de\/fr\/kontakt\/anfahrtsskizze\/#primaryimage\"},\"image\":{\"@id\":\"https:\/\/www.zfe-gmbh.de\/fr\/kontakt\/anfahrtsskizze\/#primaryimage\"},\"thumbnailUrl\":\"http:\/\/zfe-gmbh.de\/wp-content\/uploads\/sites\/9\/2015\/02\/carte.jpg\",\"datePublished\":\"2015-02-16T21:32:11+00:00\",\"dateModified\":\"2016-01-25T07:34:57+00:00\",\"breadcrumb\":{\"@id\":\"https:\/\/www.zfe-gmbh.de\/fr\/kontakt\/anfahrtsskizze\/#breadcrumb\"},\"inLanguage\":\"de\",\"potentialAction\":[{\"@type\":\"ReadAction\",\"target\":[\"https:\/\/www.zfe-gmbh.de\/fr\/kontakt\/anfahrtsskizze\/\"]}]},{\"@type\":\"ImageObject\",\"inLanguage\":\"de\",\"@id\":\"https:\/\/www.zfe-gmbh.de\/fr\/kontakt\/anfahrtsskizze\/#primaryimage\",\"url\":\"http:\/\/zfe-gmbh.de\/wp-content\/uploads\/sites\/9\/2015\/02\/carte.jpg\",\"contentUrl\":\"http:\/\/zfe-gmbh.de\/wp-content\/uploads\/sites\/9\/2015\/02\/carte.jpg\"},{\"@type\":\"BreadcrumbList\",\"@id\":\"https:\/\/www.zfe-gmbh.de\/fr\/kontakt\/anfahrtsskizze\/#breadcrumb\",\"itemListElement\":[{\"@type\":\"ListItem\",\"position\":1,\"name\":\"Home\",\"item\":\"https:\/\/www.zfe-gmbh.de\/fr\/\"},{\"@type\":\"ListItem\",\"position\":2,\"name\":\"Contact\",\"item\":\"https:\/\/www.zfe-gmbh.de\/fr\/kontakt\/\"},{\"@type\":\"ListItem\",\"position\":3,\"name\":\"Indications\"}]},{\"@type\":\"WebSite\",\"@id\":\"https:\/\/www.zfe-gmbh.de\/fr\/#website\",\"url\":\"https:\/\/www.zfe-gmbh.de\/fr\/\",\"name\":\"ZFE GmbH FR\",\"description\":\"better buckets\",\"potentialAction\":[{\"@type\":\"SearchAction\",\"target\":{\"@type\":\"EntryPoint\",\"urlTemplate\":\"https:\/\/www.zfe-gmbh.de\/fr\/?s={search_term_string}\"},\"query-input\":{\"@type\":\"PropertyValueSpecification\",\"valueRequired\":true,\"valueName\":\"search_term_string\"}}],\"inLanguage\":\"de\"}]}<\/script>\n<!-- \/ Yoast SEO plugin. -->","yoast_head_json":{"title":"Indications - ZFE GmbH FR","robots":{"index":"index","follow":"follow","max-snippet":"max-snippet:-1","max-image-preview":"max-image-preview:large","max-video-preview":"max-video-preview:-1"},"canonical":"https:\/\/www.zfe-gmbh.de\/fr\/kontakt\/anfahrtsskizze\/","og_locale":"de_DE","og_type":"article","og_title":"Indications - ZFE GmbH FR","og_description":"Wegbeschreibung Autobahn A5 Karlsruhe &#8211; Basel: Ausfahrt Achern, Richtung Gamshurst abbiegen. &#8211; N\u00e4chste Abfahrt rechts Richtung Gamshurst &#8211; Nach ca. [&hellip;]","og_url":"https:\/\/www.zfe-gmbh.de\/fr\/kontakt\/anfahrtsskizze\/","og_site_name":"ZFE GmbH FR","article_modified_time":"2016-01-25T07:34:57+00:00","og_image":[{"url":"http:\/\/zfe-gmbh.de\/wp-content\/uploads\/sites\/9\/2015\/02\/carte.jpg","type":"","width":"","height":""}],"twitter_card":"summary_large_image","schema":{"@context":"https:\/\/schema.org","@graph":[{"@type":"WebPage","@id":"https:\/\/www.zfe-gmbh.de\/fr\/kontakt\/anfahrtsskizze\/","url":"https:\/\/www.zfe-gmbh.de\/fr\/kontakt\/anfahrtsskizze\/","name":"Indications - ZFE GmbH FR","isPartOf":{"@id":"https:\/\/www.zfe-gmbh.de\/fr\/#website"},"primaryImageOfPage":{"@id":"https:\/\/www.zfe-gmbh.de\/fr\/kontakt\/anfahrtsskizze\/#primaryimage"},"image":{"@id":"https:\/\/www.zfe-gmbh.de\/fr\/kontakt\/anfahrtsskizze\/#primaryimage"},"thumbnailUrl":"http:\/\/zfe-gmbh.de\/wp-content\/uploads\/sites\/9\/2015\/02\/carte.jpg","datePublished":"2015-02-16T21:32:11+00:00","dateModified":"2016-01-25T07:34:57+00:00","breadcrumb":{"@id":"https:\/\/www.zfe-gmbh.de\/fr\/kontakt\/anfahrtsskizze\/#breadcrumb"},"inLanguage":"de","potentialAction":[{"@type":"ReadAction","target":["https:\/\/www.zfe-gmbh.de\/fr\/kontakt\/anfahrtsskizze\/"]}]},{"@type":"ImageObject","inLanguage":"de","@id":"https:\/\/www.zfe-gmbh.de\/fr\/kontakt\/anfahrtsskizze\/#primaryimage","url":"http:\/\/zfe-gmbh.de\/wp-content\/uploads\/sites\/9\/2015\/02\/carte.jpg","contentUrl":"http:\/\/zfe-gmbh.de\/wp-content\/uploads\/sites\/9\/2015\/02\/carte.jpg"},{"@type":"BreadcrumbList","@id":"https:\/\/www.zfe-gmbh.de\/fr\/kontakt\/anfahrtsskizze\/#breadcrumb","itemListElement":[{"@type":"ListItem","position":1,"name":"Home","item":"https:\/\/www.zfe-gmbh.de\/fr\/"},{"@type":"ListItem","position":2,"name":"Contact","item":"https:\/\/www.zfe-gmbh.de\/fr\/kontakt\/"},{"@type":"ListItem","position":3,"name":"Indications"}]},{"@type":"WebSite","@id":"https:\/\/www.zfe-gmbh.de\/fr\/#website","url":"https:\/\/www.zfe-gmbh.de\/fr\/","name":"ZFE GmbH FR","description":"better buckets","potentialAction":[{"@type":"SearchAction","target":{"@type":"EntryPoint","urlTemplate":"https:\/\/www.zfe-gmbh.de\/fr\/?s={search_term_string}"},"query-input":{"@type":"PropertyValueSpecification","valueRequired":true,"valueName":"search_term_string"}}],"inLanguage":"de"}]}},"_links":{"self":[{"href":"https:\/\/www.zfe-gmbh.de\/fr\/wp-json\/wp\/v2\/pages\/127"}],"collection":[{"href":"https:\/\/www.zfe-gmbh.de\/fr\/wp-json\/wp\/v2\/pages"}],"about":[{"href":"https:\/\/www.zfe-gmbh.de\/fr\/wp-json\/wp\/v2\/types\/page"}],"author":[{"embeddable":true,"href":"https:\/\/www.zfe-gmbh.de\/fr\/wp-json\/wp\/v2\/users\/1"}],"replies":[{"embeddable":true,"href":"https:\/\/www.zfe-gmbh.de\/fr\/wp-json\/wp\/v2\/comments?post=127"}],"version-history":[{"count":8,"href":"https:\/\/www.zfe-gmbh.de\/fr\/wp-json\/wp\/v2\/pages\/127\/revisions"}],"predecessor-version":[{"id":1278,"href":"https:\/\/www.zfe-gmbh.de\/fr\/wp-json\/wp\/v2\/pages\/127\/revisions\/1278"}],"up":[{"embeddable":true,"href":"https:\/\/www.zfe-gmbh.de\/fr\/wp-json\/wp\/v2\/pages\/45"}],"wp:attachment":[{"href":"https:\/\/www.zfe-gmbh.de\/fr\/wp-json\/wp\/v2\/media?parent=127"}],"curies":[{"name":"wp","href":"https:\/\/api.w.org\/{rel}","templated":true}]}}