{"id":2,"date":"2015-02-07T09:21:06","date_gmt":"2015-02-07T09:21:06","guid":{"rendered":"http:\/\/209.188.87.68\/~zfegmbh\/?page_id=2"},"modified":"2018-06-11T09:02:18","modified_gmt":"2018-06-11T07:02:18","slug":"beispiel-seite","status":"publish","type":"page","link":"https:\/\/www.zfe-gmbh.de\/fr\/","title":{"rendered":""},"content":{"rendered":"<p><strong>Bienvenue chez ZFE<\/strong><\/p>\n<p>Nous concevons et r\u00e9alisons diff\u00e9rents aggregats pour engins de chantier, comme godets pour pelleteuses sur roues, chenilles ou pour mini pelles. Godets pour chargeuses, GHD, Godets standards ou renforc\u00e9s pour les carri\u00e8res. Nous r\u00e9alisons \u00e9galement des godets tunnels ou des rallonges de fleches pour pelleteuses entre autres.<\/p>\n<p>Nos clients sont des fabricants d\u2019engins de terassement, ainsi que les revendeurs nationaux et internationnaux<\/p>\n<p>&nbsp;<\/p>\n<p><strong>Lame \u00e0 neige, \/HS-ROI DE NAIGE<\/strong><br \/>\n<strong> La prochaine chute de neige arrive \u00e0 coup s\u00fbr\u2026.<\/strong><\/p>\n<p>Lame \u00e0 neige universell pour montage sur les chargeuses sur pneux, tracteurs, chariots \u00e9l\u00e9vateurs et v\u00e9hicules \u00e0 usages speciaux. Avec le \u201cHS-ROI DE NAIGE\u201d, vous pouvez \u00a0rapidement et facilement d\u00e9barrasser les rues, les parcs de stationnement, les trottoirs, etc. de la neige et de la glace.<\/p>\n<p><a href=\"http:\/\/zfe-gmbh.de\/fr\/wp-content\/uploads\/sites\/9\/2015\/10\/ZFE-Flyer-Schneek\u00f6nig-2015-F.pdf\"><img loading=\"lazy\" decoding=\"async\" class=\"alignnone size-full wp-image-1194\" src=\"http:\/\/zfe-gmbh.de\/fr\/wp-content\/uploads\/sites\/9\/2015\/02\/DSC07900.jpg\" alt=\"Lame \u00e0 neige\" width=\"1000\" height=\"750\" srcset=\"https:\/\/www.zfe-gmbh.de\/fr\/wp-content\/uploads\/sites\/9\/2015\/02\/DSC07900.jpg 1000w, https:\/\/www.zfe-gmbh.de\/fr\/wp-content\/uploads\/sites\/9\/2015\/02\/DSC07900-300x225.jpg 300w, https:\/\/www.zfe-gmbh.de\/fr\/wp-content\/uploads\/sites\/9\/2015\/02\/DSC07900-745x559.jpg 745w\" sizes=\"(max-width: 1000px) 100vw, 1000px\" \/><\/a><\/p>\n<p><strong><a href=\"http:\/\/zfe-gmbh.de\/fr\/wp-content\/uploads\/sites\/9\/2015\/10\/ZFE-Flyer-Schneek\u00f6nig-2015-F.pdf\" target=\"_blank\">Pour de plus amples informations &#8211; cliquez ici\u00a0<\/a><\/strong><\/p>\n<h4><\/h4>\n<p>&nbsp;<\/p>\n","protected":false},"excerpt":{"rendered":"<p>Bienvenue chez ZFE Nous concevons et r\u00e9alisons diff\u00e9rents aggregats pour engins de chantier, comme godets pour pelleteuses sur roues, chenilles [&hellip;]<\/p>\n","protected":false},"author":1,"featured_media":0,"parent":0,"menu_order":0,"comment_status":"closed","ping_status":"closed","template":"","meta":{"footnotes":""},"class_list":["post-2","page","type-page","status-publish","hentry","no-featured-image"],"yoast_head":"<!-- This site is optimized with the Yoast SEO plugin v24.4 - https:\/\/yoast.com\/wordpress\/plugins\/seo\/ -->\n<title>- ZFE GmbH FR<\/title>\n<meta name=\"robots\" content=\"index, follow, max-snippet:-1, max-image-preview:large, max-video-preview:-1\" \/>\n<link rel=\"canonical\" href=\"https:\/\/www.zfe-gmbh.de\/fr\/\" \/>\n<meta property=\"og:locale\" content=\"de_DE\" \/>\n<meta property=\"og:type\" content=\"article\" \/>\n<meta property=\"og:title\" content=\"- ZFE GmbH FR\" \/>\n<meta property=\"og:description\" content=\"Bienvenue chez ZFE Nous concevons et r\u00e9alisons diff\u00e9rents aggregats pour engins de chantier, comme godets pour pelleteuses sur roues, chenilles [&hellip;]\" \/>\n<meta property=\"og:url\" content=\"https:\/\/www.zfe-gmbh.de\/fr\/\" \/>\n<meta property=\"og:site_name\" content=\"ZFE GmbH FR\" \/>\n<meta property=\"article:modified_time\" content=\"2018-06-11T07:02:18+00:00\" \/>\n<meta property=\"og:image\" content=\"http:\/\/zfe-gmbh.de\/fr\/wp-content\/uploads\/sites\/9\/2015\/02\/DSC07900.jpg\" \/>\n<meta name=\"twitter:card\" content=\"summary_large_image\" \/>\n<meta name=\"twitter:label1\" content=\"Gesch\u00e4tzte Lesezeit\" \/>\n\t<meta name=\"twitter:data1\" content=\"1\u00a0Minute\" \/>\n<script type=\"application\/ld+json\" class=\"yoast-schema-graph\">{\"@context\":\"https:\/\/schema.org\",\"@graph\":[{\"@type\":\"WebPage\",\"@id\":\"https:\/\/www.zfe-gmbh.de\/fr\/\",\"url\":\"https:\/\/www.zfe-gmbh.de\/fr\/\",\"name\":\"- ZFE GmbH FR\",\"isPartOf\":{\"@id\":\"https:\/\/www.zfe-gmbh.de\/fr\/#website\"},\"primaryImageOfPage\":{\"@id\":\"https:\/\/www.zfe-gmbh.de\/fr\/#primaryimage\"},\"image\":{\"@id\":\"https:\/\/www.zfe-gmbh.de\/fr\/#primaryimage\"},\"thumbnailUrl\":\"http:\/\/zfe-gmbh.de\/fr\/wp-content\/uploads\/sites\/9\/2015\/02\/DSC07900.jpg\",\"datePublished\":\"2015-02-07T09:21:06+00:00\",\"dateModified\":\"2018-06-11T07:02:18+00:00\",\"inLanguage\":\"de\",\"potentialAction\":[{\"@type\":\"ReadAction\",\"target\":[\"https:\/\/www.zfe-gmbh.de\/fr\/\"]}]},{\"@type\":\"ImageObject\",\"inLanguage\":\"de\",\"@id\":\"https:\/\/www.zfe-gmbh.de\/fr\/#primaryimage\",\"url\":\"http:\/\/zfe-gmbh.de\/fr\/wp-content\/uploads\/sites\/9\/2015\/02\/DSC07900.jpg\",\"contentUrl\":\"http:\/\/zfe-gmbh.de\/fr\/wp-content\/uploads\/sites\/9\/2015\/02\/DSC07900.jpg\"},{\"@type\":\"WebSite\",\"@id\":\"https:\/\/www.zfe-gmbh.de\/fr\/#website\",\"url\":\"https:\/\/www.zfe-gmbh.de\/fr\/\",\"name\":\"ZFE GmbH FR\",\"description\":\"better buckets\",\"potentialAction\":[{\"@type\":\"SearchAction\",\"target\":{\"@type\":\"EntryPoint\",\"urlTemplate\":\"https:\/\/www.zfe-gmbh.de\/fr\/?s={search_term_string}\"},\"query-input\":{\"@type\":\"PropertyValueSpecification\",\"valueRequired\":true,\"valueName\":\"search_term_string\"}}],\"inLanguage\":\"de\"}]}<\/script>\n<!-- \/ Yoast SEO plugin. -->","yoast_head_json":{"title":"- ZFE GmbH FR","robots":{"index":"index","follow":"follow","max-snippet":"max-snippet:-1","max-image-preview":"max-image-preview:large","max-video-preview":"max-video-preview:-1"},"canonical":"https:\/\/www.zfe-gmbh.de\/fr\/","og_locale":"de_DE","og_type":"article","og_title":"- ZFE GmbH FR","og_description":"Bienvenue chez ZFE Nous concevons et r\u00e9alisons diff\u00e9rents aggregats pour engins de chantier, comme godets pour pelleteuses sur roues, chenilles [&hellip;]","og_url":"https:\/\/www.zfe-gmbh.de\/fr\/","og_site_name":"ZFE GmbH FR","article_modified_time":"2018-06-11T07:02:18+00:00","og_image":[{"url":"http:\/\/zfe-gmbh.de\/fr\/wp-content\/uploads\/sites\/9\/2015\/02\/DSC07900.jpg","type":"","width":"","height":""}],"twitter_card":"summary_large_image","twitter_misc":{"Gesch\u00e4tzte Lesezeit":"1\u00a0Minute"},"schema":{"@context":"https:\/\/schema.org","@graph":[{"@type":"WebPage","@id":"https:\/\/www.zfe-gmbh.de\/fr\/","url":"https:\/\/www.zfe-gmbh.de\/fr\/","name":"- ZFE GmbH FR","isPartOf":{"@id":"https:\/\/www.zfe-gmbh.de\/fr\/#website"},"primaryImageOfPage":{"@id":"https:\/\/www.zfe-gmbh.de\/fr\/#primaryimage"},"image":{"@id":"https:\/\/www.zfe-gmbh.de\/fr\/#primaryimage"},"thumbnailUrl":"http:\/\/zfe-gmbh.de\/fr\/wp-content\/uploads\/sites\/9\/2015\/02\/DSC07900.jpg","datePublished":"2015-02-07T09:21:06+00:00","dateModified":"2018-06-11T07:02:18+00:00","inLanguage":"de","potentialAction":[{"@type":"ReadAction","target":["https:\/\/www.zfe-gmbh.de\/fr\/"]}]},{"@type":"ImageObject","inLanguage":"de","@id":"https:\/\/www.zfe-gmbh.de\/fr\/#primaryimage","url":"http:\/\/zfe-gmbh.de\/fr\/wp-content\/uploads\/sites\/9\/2015\/02\/DSC07900.jpg","contentUrl":"http:\/\/zfe-gmbh.de\/fr\/wp-content\/uploads\/sites\/9\/2015\/02\/DSC07900.jpg"},{"@type":"WebSite","@id":"https:\/\/www.zfe-gmbh.de\/fr\/#website","url":"https:\/\/www.zfe-gmbh.de\/fr\/","name":"ZFE GmbH FR","description":"better buckets","potentialAction":[{"@type":"SearchAction","target":{"@type":"EntryPoint","urlTemplate":"https:\/\/www.zfe-gmbh.de\/fr\/?s={search_term_string}"},"query-input":{"@type":"PropertyValueSpecification","valueRequired":true,"valueName":"search_term_string"}}],"inLanguage":"de"}]}},"_links":{"self":[{"href":"https:\/\/www.zfe-gmbh.de\/fr\/wp-json\/wp\/v2\/pages\/2"}],"collection":[{"href":"https:\/\/www.zfe-gmbh.de\/fr\/wp-json\/wp\/v2\/pages"}],"about":[{"href":"https:\/\/www.zfe-gmbh.de\/fr\/wp-json\/wp\/v2\/types\/page"}],"author":[{"embeddable":true,"href":"https:\/\/www.zfe-gmbh.de\/fr\/wp-json\/wp\/v2\/users\/1"}],"replies":[{"embeddable":true,"href":"https:\/\/www.zfe-gmbh.de\/fr\/wp-json\/wp\/v2\/comments?post=2"}],"version-history":[{"count":42,"href":"https:\/\/www.zfe-gmbh.de\/fr\/wp-json\/wp\/v2\/pages\/2\/revisions"}],"predecessor-version":[{"id":1295,"href":"https:\/\/www.zfe-gmbh.de\/fr\/wp-json\/wp\/v2\/pages\/2\/revisions\/1295"}],"wp:attachment":[{"href":"https:\/\/www.zfe-gmbh.de\/fr\/wp-json\/wp\/v2\/media?parent=2"}],"curies":[{"name":"wp","href":"https:\/\/api.w.org\/{rel}","templated":true}]}}