{"id":22,"date":"2015-02-16T21:52:07","date_gmt":"2015-02-16T20:52:07","guid":{"rendered":"http:\/\/zfe-gmbh.de\/?page_id=22"},"modified":"2016-01-25T08:34:56","modified_gmt":"2016-01-25T07:34:56","slug":"unternehmen","status":"publish","type":"page","link":"https:\/\/www.zfe-gmbh.de\/fr\/unternehmen\/","title":{"rendered":"ENTREPRISE"},"content":{"rendered":"<p><a href=\"http:\/\/zfe-gmbh.de\/wp-content\/uploads\/sites\/9\/2015\/02\/ZFE-Zubehoer-fuer-Erdbaugeraete.jpg\"><img loading=\"lazy\" decoding=\"async\" class=\"alignleft size-full wp-image-277\" src=\"http:\/\/zfe-gmbh.de\/wp-content\/uploads\/sites\/9\/2015\/02\/ZFE-Zubehoer-fuer-Erdbaugeraete.jpg\" alt=\"ZFE Zubehoer fuer Erdbaugeraete\" width=\"1800\" height=\"712\" srcset=\"https:\/\/www.zfe-gmbh.de\/fr\/wp-content\/uploads\/sites\/9\/2015\/02\/ZFE-Zubehoer-fuer-Erdbaugeraete.jpg 1800w, https:\/\/www.zfe-gmbh.de\/fr\/wp-content\/uploads\/sites\/9\/2015\/02\/ZFE-Zubehoer-fuer-Erdbaugeraete-300x119.jpg 300w, https:\/\/www.zfe-gmbh.de\/fr\/wp-content\/uploads\/sites\/9\/2015\/02\/ZFE-Zubehoer-fuer-Erdbaugeraete-1024x405.jpg 1024w, https:\/\/www.zfe-gmbh.de\/fr\/wp-content\/uploads\/sites\/9\/2015\/02\/ZFE-Zubehoer-fuer-Erdbaugeraete-745x295.jpg 745w\" sizes=\"(max-width: 1800px) 100vw, 1800px\" \/><\/a><\/p>\n<p>Die drei Buchstaben Z F E bedeuten \u201eZubeh\u00f6r f\u00fcr Erdbauger\u00e4te\u201c Seit 1984 stellt ZFE in Achern-Gamshurst innovative Produkte f\u00fcr Hydraulikbagger, Minibagger und Radlader in hoher Qualit\u00e4t her. Auf einer Produktionsfl\u00e4che von mehr als 3.000 m\u00b2, direkt an der Autobahn 5 Karlsruhe \u2013 Basel, Ausfahrt Achern nahe Baden-Baden gelegen, produziert ZFE j\u00e4hrlich hunderte Tiefl\u00f6ffel, Schwenktiefl\u00f6ffel, Hochkippschaufeln und Ladeschaufeln etc. f\u00fcr den Baubereich.<\/p>\n<p>ZFE Baggerl\u00f6ffel und Schaufeln kommen im Stra\u00dfenbau, im Garten- und Landschaftsbau, in Steinbr\u00fcchen und Kieswerken sowie beim Abbruch und Recycling zum Einsatz. Die Grabenr\u00e4uml\u00f6ffel, Schwenktiefl\u00f6ffel, und Gitterl\u00f6ffel sowie Trapezl\u00f6ffel, 4 in1 Schaufeln, Schnellwechsler etc. von ZFE sind f\u00fcr alle Baumaschinenmarken und Gr\u00f6\u00dfenklassen lieferbar.<\/p>\n<p>Insbesondere das hervorragende \u201ePreis-\/Leistungsverh\u00e4ltnis\u201c in Kombination mit dem hohen Qualit\u00e4tsbewusstsein und der Innovationskraft haben das Unternehmen zu dem gemacht, was es heute ist. Erstausr\u00fcster und H\u00e4ndler in ganz Europa wissen dies zu sch\u00e4tzen und setzen auf Qualit\u00e4t \u201eMade in Achern\u201c.<\/p>\n<p>Seit Dezember 2013 ist ZFE Mitglied der <a title=\"HS-Schoch Gruppe\" href=\"http:\/\/www.hs-schoch.de\/unternehmen\/hs-schoch-gruppe.html\" target=\"_blank\">HS-Schoch Gruppe.<\/a><\/p>\n","protected":false},"excerpt":{"rendered":"<p>Die drei Buchstaben Z F E bedeuten \u201eZubeh\u00f6r f\u00fcr Erdbauger\u00e4te\u201c Seit 1984 stellt ZFE in Achern-Gamshurst innovative Produkte f\u00fcr Hydraulikbagger, [&hellip;]<\/p>\n","protected":false},"author":1,"featured_media":0,"parent":0,"menu_order":10,"comment_status":"closed","ping_status":"closed","template":"","meta":{"footnotes":""},"class_list":["post-22","page","type-page","status-publish","hentry","no-featured-image"],"yoast_head":"<!-- This site is optimized with the Yoast SEO plugin v24.4 - https:\/\/yoast.com\/wordpress\/plugins\/seo\/ -->\n<title>ENTREPRISE - ZFE GmbH FR<\/title>\n<meta name=\"robots\" content=\"index, follow, max-snippet:-1, max-image-preview:large, max-video-preview:-1\" \/>\n<link rel=\"canonical\" href=\"https:\/\/www.zfe-gmbh.de\/fr\/unternehmen\/\" \/>\n<meta property=\"og:locale\" content=\"de_DE\" \/>\n<meta property=\"og:type\" content=\"article\" \/>\n<meta property=\"og:title\" content=\"ENTREPRISE - ZFE GmbH FR\" \/>\n<meta property=\"og:description\" content=\"Die drei Buchstaben Z F E bedeuten \u201eZubeh\u00f6r f\u00fcr Erdbauger\u00e4te\u201c Seit 1984 stellt ZFE in Achern-Gamshurst innovative Produkte f\u00fcr Hydraulikbagger, [&hellip;]\" \/>\n<meta property=\"og:url\" content=\"https:\/\/www.zfe-gmbh.de\/fr\/unternehmen\/\" \/>\n<meta property=\"og:site_name\" content=\"ZFE GmbH FR\" \/>\n<meta property=\"article:modified_time\" content=\"2016-01-25T07:34:56+00:00\" \/>\n<meta property=\"og:image\" content=\"http:\/\/zfe-gmbh.de\/wp-content\/uploads\/sites\/9\/2015\/02\/ZFE-Zubehoer-fuer-Erdbaugeraete.jpg\" \/>\n<meta name=\"twitter:card\" content=\"summary_large_image\" \/>\n<meta name=\"twitter:label1\" content=\"Gesch\u00e4tzte Lesezeit\" \/>\n\t<meta name=\"twitter:data1\" content=\"1\u00a0Minute\" \/>\n<script type=\"application\/ld+json\" class=\"yoast-schema-graph\">{\"@context\":\"https:\/\/schema.org\",\"@graph\":[{\"@type\":\"WebPage\",\"@id\":\"https:\/\/www.zfe-gmbh.de\/fr\/unternehmen\/\",\"url\":\"https:\/\/www.zfe-gmbh.de\/fr\/unternehmen\/\",\"name\":\"ENTREPRISE - ZFE GmbH FR\",\"isPartOf\":{\"@id\":\"https:\/\/www.zfe-gmbh.de\/fr\/#website\"},\"primaryImageOfPage\":{\"@id\":\"https:\/\/www.zfe-gmbh.de\/fr\/unternehmen\/#primaryimage\"},\"image\":{\"@id\":\"https:\/\/www.zfe-gmbh.de\/fr\/unternehmen\/#primaryimage\"},\"thumbnailUrl\":\"http:\/\/zfe-gmbh.de\/wp-content\/uploads\/sites\/9\/2015\/02\/ZFE-Zubehoer-fuer-Erdbaugeraete.jpg\",\"datePublished\":\"2015-02-16T20:52:07+00:00\",\"dateModified\":\"2016-01-25T07:34:56+00:00\",\"breadcrumb\":{\"@id\":\"https:\/\/www.zfe-gmbh.de\/fr\/unternehmen\/#breadcrumb\"},\"inLanguage\":\"de\",\"potentialAction\":[{\"@type\":\"ReadAction\",\"target\":[\"https:\/\/www.zfe-gmbh.de\/fr\/unternehmen\/\"]}]},{\"@type\":\"ImageObject\",\"inLanguage\":\"de\",\"@id\":\"https:\/\/www.zfe-gmbh.de\/fr\/unternehmen\/#primaryimage\",\"url\":\"http:\/\/zfe-gmbh.de\/wp-content\/uploads\/sites\/9\/2015\/02\/ZFE-Zubehoer-fuer-Erdbaugeraete.jpg\",\"contentUrl\":\"http:\/\/zfe-gmbh.de\/wp-content\/uploads\/sites\/9\/2015\/02\/ZFE-Zubehoer-fuer-Erdbaugeraete.jpg\"},{\"@type\":\"BreadcrumbList\",\"@id\":\"https:\/\/www.zfe-gmbh.de\/fr\/unternehmen\/#breadcrumb\",\"itemListElement\":[{\"@type\":\"ListItem\",\"position\":1,\"name\":\"Home\",\"item\":\"https:\/\/www.zfe-gmbh.de\/fr\/\"},{\"@type\":\"ListItem\",\"position\":2,\"name\":\"ENTREPRISE\"}]},{\"@type\":\"WebSite\",\"@id\":\"https:\/\/www.zfe-gmbh.de\/fr\/#website\",\"url\":\"https:\/\/www.zfe-gmbh.de\/fr\/\",\"name\":\"ZFE GmbH FR\",\"description\":\"better buckets\",\"potentialAction\":[{\"@type\":\"SearchAction\",\"target\":{\"@type\":\"EntryPoint\",\"urlTemplate\":\"https:\/\/www.zfe-gmbh.de\/fr\/?s={search_term_string}\"},\"query-input\":{\"@type\":\"PropertyValueSpecification\",\"valueRequired\":true,\"valueName\":\"search_term_string\"}}],\"inLanguage\":\"de\"}]}<\/script>\n<!-- \/ Yoast SEO plugin. -->","yoast_head_json":{"title":"ENTREPRISE - ZFE GmbH FR","robots":{"index":"index","follow":"follow","max-snippet":"max-snippet:-1","max-image-preview":"max-image-preview:large","max-video-preview":"max-video-preview:-1"},"canonical":"https:\/\/www.zfe-gmbh.de\/fr\/unternehmen\/","og_locale":"de_DE","og_type":"article","og_title":"ENTREPRISE - ZFE GmbH FR","og_description":"Die drei Buchstaben Z F E bedeuten \u201eZubeh\u00f6r f\u00fcr Erdbauger\u00e4te\u201c Seit 1984 stellt ZFE in Achern-Gamshurst innovative Produkte f\u00fcr Hydraulikbagger, [&hellip;]","og_url":"https:\/\/www.zfe-gmbh.de\/fr\/unternehmen\/","og_site_name":"ZFE GmbH FR","article_modified_time":"2016-01-25T07:34:56+00:00","og_image":[{"url":"http:\/\/zfe-gmbh.de\/wp-content\/uploads\/sites\/9\/2015\/02\/ZFE-Zubehoer-fuer-Erdbaugeraete.jpg","type":"","width":"","height":""}],"twitter_card":"summary_large_image","twitter_misc":{"Gesch\u00e4tzte Lesezeit":"1\u00a0Minute"},"schema":{"@context":"https:\/\/schema.org","@graph":[{"@type":"WebPage","@id":"https:\/\/www.zfe-gmbh.de\/fr\/unternehmen\/","url":"https:\/\/www.zfe-gmbh.de\/fr\/unternehmen\/","name":"ENTREPRISE - ZFE GmbH FR","isPartOf":{"@id":"https:\/\/www.zfe-gmbh.de\/fr\/#website"},"primaryImageOfPage":{"@id":"https:\/\/www.zfe-gmbh.de\/fr\/unternehmen\/#primaryimage"},"image":{"@id":"https:\/\/www.zfe-gmbh.de\/fr\/unternehmen\/#primaryimage"},"thumbnailUrl":"http:\/\/zfe-gmbh.de\/wp-content\/uploads\/sites\/9\/2015\/02\/ZFE-Zubehoer-fuer-Erdbaugeraete.jpg","datePublished":"2015-02-16T20:52:07+00:00","dateModified":"2016-01-25T07:34:56+00:00","breadcrumb":{"@id":"https:\/\/www.zfe-gmbh.de\/fr\/unternehmen\/#breadcrumb"},"inLanguage":"de","potentialAction":[{"@type":"ReadAction","target":["https:\/\/www.zfe-gmbh.de\/fr\/unternehmen\/"]}]},{"@type":"ImageObject","inLanguage":"de","@id":"https:\/\/www.zfe-gmbh.de\/fr\/unternehmen\/#primaryimage","url":"http:\/\/zfe-gmbh.de\/wp-content\/uploads\/sites\/9\/2015\/02\/ZFE-Zubehoer-fuer-Erdbaugeraete.jpg","contentUrl":"http:\/\/zfe-gmbh.de\/wp-content\/uploads\/sites\/9\/2015\/02\/ZFE-Zubehoer-fuer-Erdbaugeraete.jpg"},{"@type":"BreadcrumbList","@id":"https:\/\/www.zfe-gmbh.de\/fr\/unternehmen\/#breadcrumb","itemListElement":[{"@type":"ListItem","position":1,"name":"Home","item":"https:\/\/www.zfe-gmbh.de\/fr\/"},{"@type":"ListItem","position":2,"name":"ENTREPRISE"}]},{"@type":"WebSite","@id":"https:\/\/www.zfe-gmbh.de\/fr\/#website","url":"https:\/\/www.zfe-gmbh.de\/fr\/","name":"ZFE GmbH FR","description":"better buckets","potentialAction":[{"@type":"SearchAction","target":{"@type":"EntryPoint","urlTemplate":"https:\/\/www.zfe-gmbh.de\/fr\/?s={search_term_string}"},"query-input":{"@type":"PropertyValueSpecification","valueRequired":true,"valueName":"search_term_string"}}],"inLanguage":"de"}]}},"_links":{"self":[{"href":"https:\/\/www.zfe-gmbh.de\/fr\/wp-json\/wp\/v2\/pages\/22"}],"collection":[{"href":"https:\/\/www.zfe-gmbh.de\/fr\/wp-json\/wp\/v2\/pages"}],"about":[{"href":"https:\/\/www.zfe-gmbh.de\/fr\/wp-json\/wp\/v2\/types\/page"}],"author":[{"embeddable":true,"href":"https:\/\/www.zfe-gmbh.de\/fr\/wp-json\/wp\/v2\/users\/1"}],"replies":[{"embeddable":true,"href":"https:\/\/www.zfe-gmbh.de\/fr\/wp-json\/wp\/v2\/comments?post=22"}],"version-history":[{"count":14,"href":"https:\/\/www.zfe-gmbh.de\/fr\/wp-json\/wp\/v2\/pages\/22\/revisions"}],"predecessor-version":[{"id":1183,"href":"https:\/\/www.zfe-gmbh.de\/fr\/wp-json\/wp\/v2\/pages\/22\/revisions\/1183"}],"wp:attachment":[{"href":"https:\/\/www.zfe-gmbh.de\/fr\/wp-json\/wp\/v2\/media?parent=22"}],"curies":[{"name":"wp","href":"https:\/\/api.w.org\/{rel}","templated":true}]}}