{"id":264,"date":"2015-03-06T16:10:17","date_gmt":"2015-03-06T15:10:17","guid":{"rendered":"http:\/\/zfe-gmbh.de\/?page_id=264"},"modified":"2016-07-20T13:55:14","modified_gmt":"2016-07-20T11:55:14","slug":"deracinement","status":"publish","type":"page","link":"https:\/\/www.zfe-gmbh.de\/fr\/produkte\/structures-speciales\/deracinement\/","title":{"rendered":"D\u00e9racinement"},"content":{"rendered":"<p><a href=\"http:\/\/zfe-gmbh.de\/wp-content\/uploads\/sites\/9\/2015\/03\/Wurzelhobel-Wurzelfraese.jpg\"><img loading=\"lazy\" decoding=\"async\" class=\"aligncenter size-large wp-image-631\" src=\"http:\/\/zfe-gmbh.de\/wp-content\/uploads\/sites\/9\/2015\/03\/Wurzelhobel-Wurzelfraese-1024x768.jpg\" alt=\"Wurzelhobel Wurzelfraese\" width=\"745\" height=\"559\" srcset=\"https:\/\/www.zfe-gmbh.de\/fr\/wp-content\/uploads\/sites\/9\/2015\/03\/Wurzelhobel-Wurzelfraese-1024x768.jpg 1024w, https:\/\/www.zfe-gmbh.de\/fr\/wp-content\/uploads\/sites\/9\/2015\/03\/Wurzelhobel-Wurzelfraese-300x225.jpg 300w, https:\/\/www.zfe-gmbh.de\/fr\/wp-content\/uploads\/sites\/9\/2015\/03\/Wurzelhobel-Wurzelfraese-745x558.jpg 745w, https:\/\/www.zfe-gmbh.de\/fr\/wp-content\/uploads\/sites\/9\/2015\/03\/Wurzelhobel-Wurzelfraese.jpg 1250w\" sizes=\"(max-width: 745px) 100vw, 745px\" \/><\/a><\/p>\n<p><strong>Application<\/strong><\/p>\n<p>Arrachage complet de troncs d&#8217;arbre et rhizomes, avec les racines sans utiliser de fraises ou de machines sp\u00e9ciales. Etant donn\u00e9 qu&#8217;avec le rabotage, contrairement au fraisage, aucune pierre, aucun morceau de racine n&#8217;est transport\u00e9 par l&#8217;air, vous pouvez travailler \u00e0 proximit\u00e9 des voies de passage sans mise en danger d&#8217;autrui. La fonction de rabotage permet de d\u00e9couper les racines en pi\u00e8ces de la taille du bois de cuisson.<br \/>\nLes grosses racines ne doivent pas \u00eatre d\u00e9chiquet\u00e9es et \u00e9limin\u00e9es dans un d\u00e9p\u00f4t d&#8217;ordures .<br \/>\nLors du rabotage des souches, le WurzelK\u00f6nig ameublit le sol de mani\u00e8re \u00e0 ce que la replantation puisse commencer.<\/p>\n<p><strong>Avantages<br \/>\n<\/strong>&#8211; poids \u00e0 vide r\u00e9duit<br \/>\n&#8211; transport et maniement facile<br \/>\n&#8211; Attelage sur tous les syst\u00e8mes \u00e0 fixation rapide et toutes les tailles de pelleteuses<br \/>\n&#8211; Aucune hydraulique de pelleteuses sp\u00e9ciale requise<\/p>\n<p><strong>\u201eMade in Germany\u201c<\/strong><\/p>\n<p>Tous les composants sont fabriqu\u00e9s en Allemagne, de la d\u00e9coupe \u00e0 la peinture finale.<\/p>\n<p><strong>D\u00e9racinement : HS-Wurzelk\u00f6nig en action <\/strong><\/p>\n<div class=\"lyte-wrapper fourthree\" style=\"width:480px;max-width:100%;margin:5px;\"><div class=\"lyMe\" id=\"WYL_Hr-AmCi7p6w\"><div id=\"lyte_Hr-AmCi7p6w\" data-src=\"https:\/\/www.zfe-gmbh.de\/fr\/wp-content\/plugins\/wp-youtube-lyte\/lyteCache.php?origThumbUrl=%2F%2Fi.ytimg.com%2Fvi%2FHr-AmCi7p6w%2Fhqdefault.jpg\" class=\"pL\"><div class=\"tC\"><div class=\"tT\"><\/div><\/div><div class=\"play\"><\/div><div class=\"ctrl\"><div class=\"Lctrl\"><\/div><div class=\"Rctrl\"><\/div><\/div><\/div><noscript><a href=\"https:\/\/youtu.be\/Hr-AmCi7p6w\" rel=\"nofollow\"><img loading=\"lazy\" decoding=\"async\" src=\"https:\/\/www.zfe-gmbh.de\/fr\/wp-content\/plugins\/wp-youtube-lyte\/lyteCache.php?origThumbUrl=https%3A%2F%2Fi.ytimg.com%2Fvi%2FHr-AmCi7p6w%2F0.jpg\" alt=\"YouTube-Video-Vorschaubild\" width=\"480\" height=\"340\" \/><br \/>Dieses Video auf YouTube ansehen<\/a><\/noscript><\/div><\/div><div class=\"lL\" style=\"max-width:100%;width:480px;margin:5px;\"><\/div><\/p>\n<h4><strong>Pour toute question, n&#8217;h\u00e9sitez pas \u00e0 nous contacter:<\/strong><\/h4>\n<p><a href=\"http:\/\/zfe-gmbh.de\/wp-content\/uploads\/2015\/02\/Tobias-Meier.jpg\"><img loading=\"lazy\" decoding=\"async\" class=\" size-full wp-image-1652 alignleft\" src=\"http:\/\/zfe-gmbh.de\/wp-content\/uploads\/2015\/02\/Tobias-Meier.jpg\" alt=\"Tobias Meier\" width=\"128\" height=\"128\" \/><\/a>Tobias Meier<br \/>\nService de ventes<br \/>\n+49 (0) 78 41 \/ 20 57 &#8211;\u00a027<br \/>\n<a href=\"mailto:tobias.meier@zfe-gmbh.de?subject=\" target=\"{target}\">tobias.meier@zfe-gmbh.de<\/a><\/p>\n<h4><\/h4>\n<h4><strong>\u00a0<\/strong><\/h4>\n<p>&nbsp;<\/p>\n","protected":false},"excerpt":{"rendered":"<p>Application Arrachage complet de troncs d&#8217;arbre et rhizomes, avec les racines sans utiliser de fraises ou de machines sp\u00e9ciales. Etant [&hellip;]<\/p>\n","protected":false},"author":1,"featured_media":0,"parent":57,"menu_order":0,"comment_status":"closed","ping_status":"open","template":"","meta":{"footnotes":""},"class_list":["post-264","page","type-page","status-publish","hentry","no-featured-image"],"yoast_head":"<!-- This site is optimized with the Yoast SEO plugin v24.4 - https:\/\/yoast.com\/wordpress\/plugins\/seo\/ -->\n<title>D\u00e9racinement - ZFE GmbH FR<\/title>\n<meta name=\"robots\" content=\"index, follow, max-snippet:-1, max-image-preview:large, max-video-preview:-1\" \/>\n<link rel=\"canonical\" href=\"https:\/\/www.zfe-gmbh.de\/fr\/produkte\/structures-speciales\/deracinement\/\" \/>\n<meta property=\"og:locale\" content=\"de_DE\" \/>\n<meta property=\"og:type\" content=\"article\" \/>\n<meta property=\"og:title\" content=\"D\u00e9racinement - ZFE GmbH FR\" \/>\n<meta property=\"og:description\" content=\"Application Arrachage complet de troncs d&#8217;arbre et rhizomes, avec les racines sans utiliser de fraises ou de machines sp\u00e9ciales. Etant [&hellip;]\" \/>\n<meta property=\"og:url\" content=\"https:\/\/www.zfe-gmbh.de\/fr\/produkte\/structures-speciales\/deracinement\/\" \/>\n<meta property=\"og:site_name\" content=\"ZFE GmbH FR\" \/>\n<meta property=\"article:modified_time\" content=\"2016-07-20T11:55:14+00:00\" \/>\n<meta property=\"og:image\" content=\"http:\/\/zfe-gmbh.de\/wp-content\/uploads\/sites\/9\/2015\/03\/Wurzelhobel-Wurzelfraese-1024x768.jpg\" \/>\n<meta name=\"twitter:card\" content=\"summary_large_image\" \/>\n<meta name=\"twitter:label1\" content=\"Gesch\u00e4tzte Lesezeit\" \/>\n\t<meta name=\"twitter:data1\" content=\"1\u00a0Minute\" \/>\n<script type=\"application\/ld+json\" class=\"yoast-schema-graph\">{\"@context\":\"https:\/\/schema.org\",\"@graph\":[{\"@type\":\"WebPage\",\"@id\":\"https:\/\/www.zfe-gmbh.de\/fr\/produkte\/structures-speciales\/deracinement\/\",\"url\":\"https:\/\/www.zfe-gmbh.de\/fr\/produkte\/structures-speciales\/deracinement\/\",\"name\":\"D\u00e9racinement - ZFE GmbH FR\",\"isPartOf\":{\"@id\":\"https:\/\/www.zfe-gmbh.de\/fr\/#website\"},\"primaryImageOfPage\":{\"@id\":\"https:\/\/www.zfe-gmbh.de\/fr\/produkte\/structures-speciales\/deracinement\/#primaryimage\"},\"image\":{\"@id\":\"https:\/\/www.zfe-gmbh.de\/fr\/produkte\/structures-speciales\/deracinement\/#primaryimage\"},\"thumbnailUrl\":\"http:\/\/zfe-gmbh.de\/wp-content\/uploads\/sites\/9\/2015\/03\/Wurzelhobel-Wurzelfraese-1024x768.jpg\",\"datePublished\":\"2015-03-06T15:10:17+00:00\",\"dateModified\":\"2016-07-20T11:55:14+00:00\",\"breadcrumb\":{\"@id\":\"https:\/\/www.zfe-gmbh.de\/fr\/produkte\/structures-speciales\/deracinement\/#breadcrumb\"},\"inLanguage\":\"de\",\"potentialAction\":[{\"@type\":\"ReadAction\",\"target\":[\"https:\/\/www.zfe-gmbh.de\/fr\/produkte\/structures-speciales\/deracinement\/\"]}]},{\"@type\":\"ImageObject\",\"inLanguage\":\"de\",\"@id\":\"https:\/\/www.zfe-gmbh.de\/fr\/produkte\/structures-speciales\/deracinement\/#primaryimage\",\"url\":\"http:\/\/zfe-gmbh.de\/wp-content\/uploads\/sites\/9\/2015\/03\/Wurzelhobel-Wurzelfraese-1024x768.jpg\",\"contentUrl\":\"http:\/\/zfe-gmbh.de\/wp-content\/uploads\/sites\/9\/2015\/03\/Wurzelhobel-Wurzelfraese-1024x768.jpg\"},{\"@type\":\"BreadcrumbList\",\"@id\":\"https:\/\/www.zfe-gmbh.de\/fr\/produkte\/structures-speciales\/deracinement\/#breadcrumb\",\"itemListElement\":[{\"@type\":\"ListItem\",\"position\":1,\"name\":\"Home\",\"item\":\"https:\/\/www.zfe-gmbh.de\/fr\/\"},{\"@type\":\"ListItem\",\"position\":2,\"name\":\"PRODUITS\",\"item\":\"https:\/\/www.zfe-gmbh.de\/fr\/produkte\/\"},{\"@type\":\"ListItem\",\"position\":3,\"name\":\"Structures sp\u00e9ciales\",\"item\":\"https:\/\/www.zfe-gmbh.de\/fr\/produkte\/structures-speciales\/\"},{\"@type\":\"ListItem\",\"position\":4,\"name\":\"D\u00e9racinement\"}]},{\"@type\":\"WebSite\",\"@id\":\"https:\/\/www.zfe-gmbh.de\/fr\/#website\",\"url\":\"https:\/\/www.zfe-gmbh.de\/fr\/\",\"name\":\"ZFE GmbH FR\",\"description\":\"better buckets\",\"potentialAction\":[{\"@type\":\"SearchAction\",\"target\":{\"@type\":\"EntryPoint\",\"urlTemplate\":\"https:\/\/www.zfe-gmbh.de\/fr\/?s={search_term_string}\"},\"query-input\":{\"@type\":\"PropertyValueSpecification\",\"valueRequired\":true,\"valueName\":\"search_term_string\"}}],\"inLanguage\":\"de\"}]}<\/script>\n<!-- \/ Yoast SEO plugin. -->","yoast_head_json":{"title":"D\u00e9racinement - ZFE GmbH FR","robots":{"index":"index","follow":"follow","max-snippet":"max-snippet:-1","max-image-preview":"max-image-preview:large","max-video-preview":"max-video-preview:-1"},"canonical":"https:\/\/www.zfe-gmbh.de\/fr\/produkte\/structures-speciales\/deracinement\/","og_locale":"de_DE","og_type":"article","og_title":"D\u00e9racinement - ZFE GmbH FR","og_description":"Application Arrachage complet de troncs d&#8217;arbre et rhizomes, avec les racines sans utiliser de fraises ou de machines sp\u00e9ciales. Etant [&hellip;]","og_url":"https:\/\/www.zfe-gmbh.de\/fr\/produkte\/structures-speciales\/deracinement\/","og_site_name":"ZFE GmbH FR","article_modified_time":"2016-07-20T11:55:14+00:00","og_image":[{"url":"http:\/\/zfe-gmbh.de\/wp-content\/uploads\/sites\/9\/2015\/03\/Wurzelhobel-Wurzelfraese-1024x768.jpg","type":"","width":"","height":""}],"twitter_card":"summary_large_image","twitter_misc":{"Gesch\u00e4tzte Lesezeit":"1\u00a0Minute"},"schema":{"@context":"https:\/\/schema.org","@graph":[{"@type":"WebPage","@id":"https:\/\/www.zfe-gmbh.de\/fr\/produkte\/structures-speciales\/deracinement\/","url":"https:\/\/www.zfe-gmbh.de\/fr\/produkte\/structures-speciales\/deracinement\/","name":"D\u00e9racinement - ZFE GmbH FR","isPartOf":{"@id":"https:\/\/www.zfe-gmbh.de\/fr\/#website"},"primaryImageOfPage":{"@id":"https:\/\/www.zfe-gmbh.de\/fr\/produkte\/structures-speciales\/deracinement\/#primaryimage"},"image":{"@id":"https:\/\/www.zfe-gmbh.de\/fr\/produkte\/structures-speciales\/deracinement\/#primaryimage"},"thumbnailUrl":"http:\/\/zfe-gmbh.de\/wp-content\/uploads\/sites\/9\/2015\/03\/Wurzelhobel-Wurzelfraese-1024x768.jpg","datePublished":"2015-03-06T15:10:17+00:00","dateModified":"2016-07-20T11:55:14+00:00","breadcrumb":{"@id":"https:\/\/www.zfe-gmbh.de\/fr\/produkte\/structures-speciales\/deracinement\/#breadcrumb"},"inLanguage":"de","potentialAction":[{"@type":"ReadAction","target":["https:\/\/www.zfe-gmbh.de\/fr\/produkte\/structures-speciales\/deracinement\/"]}]},{"@type":"ImageObject","inLanguage":"de","@id":"https:\/\/www.zfe-gmbh.de\/fr\/produkte\/structures-speciales\/deracinement\/#primaryimage","url":"http:\/\/zfe-gmbh.de\/wp-content\/uploads\/sites\/9\/2015\/03\/Wurzelhobel-Wurzelfraese-1024x768.jpg","contentUrl":"http:\/\/zfe-gmbh.de\/wp-content\/uploads\/sites\/9\/2015\/03\/Wurzelhobel-Wurzelfraese-1024x768.jpg"},{"@type":"BreadcrumbList","@id":"https:\/\/www.zfe-gmbh.de\/fr\/produkte\/structures-speciales\/deracinement\/#breadcrumb","itemListElement":[{"@type":"ListItem","position":1,"name":"Home","item":"https:\/\/www.zfe-gmbh.de\/fr\/"},{"@type":"ListItem","position":2,"name":"PRODUITS","item":"https:\/\/www.zfe-gmbh.de\/fr\/produkte\/"},{"@type":"ListItem","position":3,"name":"Structures sp\u00e9ciales","item":"https:\/\/www.zfe-gmbh.de\/fr\/produkte\/structures-speciales\/"},{"@type":"ListItem","position":4,"name":"D\u00e9racinement"}]},{"@type":"WebSite","@id":"https:\/\/www.zfe-gmbh.de\/fr\/#website","url":"https:\/\/www.zfe-gmbh.de\/fr\/","name":"ZFE GmbH FR","description":"better buckets","potentialAction":[{"@type":"SearchAction","target":{"@type":"EntryPoint","urlTemplate":"https:\/\/www.zfe-gmbh.de\/fr\/?s={search_term_string}"},"query-input":{"@type":"PropertyValueSpecification","valueRequired":true,"valueName":"search_term_string"}}],"inLanguage":"de"}]}},"_links":{"self":[{"href":"https:\/\/www.zfe-gmbh.de\/fr\/wp-json\/wp\/v2\/pages\/264"}],"collection":[{"href":"https:\/\/www.zfe-gmbh.de\/fr\/wp-json\/wp\/v2\/pages"}],"about":[{"href":"https:\/\/www.zfe-gmbh.de\/fr\/wp-json\/wp\/v2\/types\/page"}],"author":[{"embeddable":true,"href":"https:\/\/www.zfe-gmbh.de\/fr\/wp-json\/wp\/v2\/users\/1"}],"replies":[{"embeddable":true,"href":"https:\/\/www.zfe-gmbh.de\/fr\/wp-json\/wp\/v2\/comments?post=264"}],"version-history":[{"count":19,"href":"https:\/\/www.zfe-gmbh.de\/fr\/wp-json\/wp\/v2\/pages\/264\/revisions"}],"predecessor-version":[{"id":1421,"href":"https:\/\/www.zfe-gmbh.de\/fr\/wp-json\/wp\/v2\/pages\/264\/revisions\/1421"}],"up":[{"embeddable":true,"href":"https:\/\/www.zfe-gmbh.de\/fr\/wp-json\/wp\/v2\/pages\/57"}],"wp:attachment":[{"href":"https:\/\/www.zfe-gmbh.de\/fr\/wp-json\/wp\/v2\/media?parent=264"}],"curies":[{"name":"wp","href":"https:\/\/api.w.org\/{rel}","templated":true}]}}