{"id":288,"date":"2015-03-09T08:43:38","date_gmt":"2015-03-09T07:43:38","guid":{"rendered":"http:\/\/zfe-gmbh.de\/?page_id=288"},"modified":"2016-07-20T13:32:45","modified_gmt":"2016-07-20T11:32:45","slug":"godet-a-roche","status":"publish","type":"page","link":"https:\/\/www.zfe-gmbh.de\/fr\/produkte\/chargeuse\/godet-a-roche\/","title":{"rendered":"Godet \u00e0 roche"},"content":{"rendered":"<p><a href=\"http:\/\/zfe-gmbh.de\/wp-content\/uploads\/sites\/9\/2015\/03\/Felsschaufel.jpg\"><img loading=\"lazy\" decoding=\"async\" class=\"aligncenter wp-image-404 size-large\" src=\"http:\/\/zfe-gmbh.de\/fr\/wp-content\/uploads\/sites\/9\/2015\/03\/Felsschaufel-1024x768.jpg\" alt=\"Godet \u00e0 roche\" width=\"745\" height=\"559\" srcset=\"https:\/\/www.zfe-gmbh.de\/fr\/wp-content\/uploads\/sites\/9\/2015\/03\/Felsschaufel-1024x768.jpg 1024w, https:\/\/www.zfe-gmbh.de\/fr\/wp-content\/uploads\/sites\/9\/2015\/03\/Felsschaufel-300x225.jpg 300w, https:\/\/www.zfe-gmbh.de\/fr\/wp-content\/uploads\/sites\/9\/2015\/03\/Felsschaufel-745x558.jpg 745w, https:\/\/www.zfe-gmbh.de\/fr\/wp-content\/uploads\/sites\/9\/2015\/03\/Felsschaufel.jpg 1250w\" sizes=\"(max-width: 745px) 100vw, 745px\" \/><\/a><\/p>\n<ul>\n<li>Godet \u00e0 roche pour utilisation s\u00e9v\u00e8re et abrasive. Avec une lame en forme delta ou V pour une force de p\u00e9n\u00e9tration optimale combin\u00e9e avec le syst\u00e8me de denture MTG KingMet.<\/li>\n<li>Avec un tablier contre les roches pour la\u00a0 protection des bras de levage\u00a0 et du ch\u00e2ssis porteur.<\/li>\n<li>Corps du godet compl\u00e8tement en Hardox 450, partie inf\u00e9rieure du godet en HB 450\/500.<\/li>\n<li>Renforcement de la lame d\u00b4attaque avec des boucliers et des bandeaux pour les parties lat\u00e9rales possible.<\/li>\n<\/ul>\n<p><a href=\"http:\/\/zfe-gmbh.de\/wp-content\/uploads\/sites\/9\/2015\/03\/Felsschaufel-Felsladeschaufel.jpg\"><img loading=\"lazy\" decoding=\"async\" class=\"aligncenter wp-image-405 size-large\" src=\"http:\/\/zfe-gmbh.de\/wp-content\/uploads\/sites\/9\/2015\/03\/Felsschaufel-Felsladeschaufel-1024x768.jpg\" alt=\"Godet \u00e0 roche\" width=\"745\" height=\"559\" srcset=\"https:\/\/www.zfe-gmbh.de\/fr\/wp-content\/uploads\/sites\/9\/2015\/03\/Felsschaufel-Felsladeschaufel-1024x768.jpg 1024w, https:\/\/www.zfe-gmbh.de\/fr\/wp-content\/uploads\/sites\/9\/2015\/03\/Felsschaufel-Felsladeschaufel-300x225.jpg 300w, https:\/\/www.zfe-gmbh.de\/fr\/wp-content\/uploads\/sites\/9\/2015\/03\/Felsschaufel-Felsladeschaufel-745x559.jpg 745w, https:\/\/www.zfe-gmbh.de\/fr\/wp-content\/uploads\/sites\/9\/2015\/03\/Felsschaufel-Felsladeschaufel.jpg 1250w\" sizes=\"(max-width: 745px) 100vw, 745px\" \/><\/a><\/p>\n<p><strong>Made in Germany<\/strong><\/p>\n<p>Tous les composants sont fabriqu\u00e9s en Allemagne &#8211; de la d\u00e9coupe \u00e0 la peinture finale.<\/p>\n<h4><strong>Pour toute question, n&#8217;h\u00e9sitez pas \u00e0 nous contacter :<\/strong><\/h4>\n<p><a href=\"http:\/\/zfe-gmbh.de\/wp-content\/uploads\/2015\/02\/Tobias-Meier.jpg\"><img loading=\"lazy\" decoding=\"async\" class=\" size-full wp-image-1652 alignleft\" src=\"http:\/\/zfe-gmbh.de\/wp-content\/uploads\/2015\/02\/Tobias-Meier.jpg\" alt=\"Tobias Meier\" width=\"128\" height=\"128\" \/><\/a>Tobias Meier<br \/>\nService de ventes<br \/>\n+49 (0) 78 41 \/ 20 57 &#8211;\u00a027<br \/>\n<a href=\"mailto:tobias.meier@zfe-gmbh.de?subject=\" target=\"{target}\">tobias.meier@zfe-gmbh.de<\/a><\/p>\n<h4><\/h4>\n<h4><\/h4>\n<p>&nbsp;<\/p>\n<p>&nbsp;<\/p>\n","protected":false},"excerpt":{"rendered":"<p>Godet \u00e0 roche pour utilisation s\u00e9v\u00e8re et abrasive. Avec une lame en forme delta ou V pour une force de [&hellip;]<\/p>\n","protected":false},"author":1,"featured_media":0,"parent":53,"menu_order":0,"comment_status":"closed","ping_status":"open","template":"","meta":{"footnotes":""},"class_list":["post-288","page","type-page","status-publish","hentry","no-featured-image"],"yoast_head":"<!-- This site is optimized with the Yoast SEO plugin v24.4 - https:\/\/yoast.com\/wordpress\/plugins\/seo\/ -->\n<title>Godet \u00e0 roche - ZFE GmbH FR<\/title>\n<meta name=\"robots\" content=\"index, follow, max-snippet:-1, max-image-preview:large, max-video-preview:-1\" \/>\n<link rel=\"canonical\" href=\"https:\/\/www.zfe-gmbh.de\/fr\/produkte\/chargeuse\/godet-a-roche\/\" \/>\n<meta property=\"og:locale\" content=\"de_DE\" \/>\n<meta property=\"og:type\" content=\"article\" \/>\n<meta property=\"og:title\" content=\"Godet \u00e0 roche - ZFE GmbH FR\" \/>\n<meta property=\"og:description\" content=\"Godet \u00e0 roche pour utilisation s\u00e9v\u00e8re et abrasive. Avec une lame en forme delta ou V pour une force de [&hellip;]\" \/>\n<meta property=\"og:url\" content=\"https:\/\/www.zfe-gmbh.de\/fr\/produkte\/chargeuse\/godet-a-roche\/\" \/>\n<meta property=\"og:site_name\" content=\"ZFE GmbH FR\" \/>\n<meta property=\"article:modified_time\" content=\"2016-07-20T11:32:45+00:00\" \/>\n<meta property=\"og:image\" content=\"http:\/\/zfe-gmbh.de\/fr\/wp-content\/uploads\/sites\/9\/2015\/03\/Felsschaufel-1024x768.jpg\" \/>\n<meta name=\"twitter:card\" content=\"summary_large_image\" \/>\n<meta name=\"twitter:label1\" content=\"Gesch\u00e4tzte Lesezeit\" \/>\n\t<meta name=\"twitter:data1\" content=\"1\u00a0Minute\" \/>\n<script type=\"application\/ld+json\" class=\"yoast-schema-graph\">{\"@context\":\"https:\/\/schema.org\",\"@graph\":[{\"@type\":\"WebPage\",\"@id\":\"https:\/\/www.zfe-gmbh.de\/fr\/produkte\/chargeuse\/godet-a-roche\/\",\"url\":\"https:\/\/www.zfe-gmbh.de\/fr\/produkte\/chargeuse\/godet-a-roche\/\",\"name\":\"Godet \u00e0 roche - ZFE GmbH FR\",\"isPartOf\":{\"@id\":\"https:\/\/www.zfe-gmbh.de\/fr\/#website\"},\"primaryImageOfPage\":{\"@id\":\"https:\/\/www.zfe-gmbh.de\/fr\/produkte\/chargeuse\/godet-a-roche\/#primaryimage\"},\"image\":{\"@id\":\"https:\/\/www.zfe-gmbh.de\/fr\/produkte\/chargeuse\/godet-a-roche\/#primaryimage\"},\"thumbnailUrl\":\"http:\/\/zfe-gmbh.de\/fr\/wp-content\/uploads\/sites\/9\/2015\/03\/Felsschaufel-1024x768.jpg\",\"datePublished\":\"2015-03-09T07:43:38+00:00\",\"dateModified\":\"2016-07-20T11:32:45+00:00\",\"breadcrumb\":{\"@id\":\"https:\/\/www.zfe-gmbh.de\/fr\/produkte\/chargeuse\/godet-a-roche\/#breadcrumb\"},\"inLanguage\":\"de\",\"potentialAction\":[{\"@type\":\"ReadAction\",\"target\":[\"https:\/\/www.zfe-gmbh.de\/fr\/produkte\/chargeuse\/godet-a-roche\/\"]}]},{\"@type\":\"ImageObject\",\"inLanguage\":\"de\",\"@id\":\"https:\/\/www.zfe-gmbh.de\/fr\/produkte\/chargeuse\/godet-a-roche\/#primaryimage\",\"url\":\"http:\/\/zfe-gmbh.de\/fr\/wp-content\/uploads\/sites\/9\/2015\/03\/Felsschaufel-1024x768.jpg\",\"contentUrl\":\"http:\/\/zfe-gmbh.de\/fr\/wp-content\/uploads\/sites\/9\/2015\/03\/Felsschaufel-1024x768.jpg\"},{\"@type\":\"BreadcrumbList\",\"@id\":\"https:\/\/www.zfe-gmbh.de\/fr\/produkte\/chargeuse\/godet-a-roche\/#breadcrumb\",\"itemListElement\":[{\"@type\":\"ListItem\",\"position\":1,\"name\":\"Home\",\"item\":\"https:\/\/www.zfe-gmbh.de\/fr\/\"},{\"@type\":\"ListItem\",\"position\":2,\"name\":\"PRODUITS\",\"item\":\"https:\/\/www.zfe-gmbh.de\/fr\/produkte\/\"},{\"@type\":\"ListItem\",\"position\":3,\"name\":\"Chargeuse\",\"item\":\"https:\/\/www.zfe-gmbh.de\/fr\/produkte\/chargeuse\/\"},{\"@type\":\"ListItem\",\"position\":4,\"name\":\"Godet \u00e0 roche\"}]},{\"@type\":\"WebSite\",\"@id\":\"https:\/\/www.zfe-gmbh.de\/fr\/#website\",\"url\":\"https:\/\/www.zfe-gmbh.de\/fr\/\",\"name\":\"ZFE GmbH FR\",\"description\":\"better buckets\",\"potentialAction\":[{\"@type\":\"SearchAction\",\"target\":{\"@type\":\"EntryPoint\",\"urlTemplate\":\"https:\/\/www.zfe-gmbh.de\/fr\/?s={search_term_string}\"},\"query-input\":{\"@type\":\"PropertyValueSpecification\",\"valueRequired\":true,\"valueName\":\"search_term_string\"}}],\"inLanguage\":\"de\"}]}<\/script>\n<!-- \/ Yoast SEO plugin. -->","yoast_head_json":{"title":"Godet \u00e0 roche - ZFE GmbH FR","robots":{"index":"index","follow":"follow","max-snippet":"max-snippet:-1","max-image-preview":"max-image-preview:large","max-video-preview":"max-video-preview:-1"},"canonical":"https:\/\/www.zfe-gmbh.de\/fr\/produkte\/chargeuse\/godet-a-roche\/","og_locale":"de_DE","og_type":"article","og_title":"Godet \u00e0 roche - ZFE GmbH FR","og_description":"Godet \u00e0 roche pour utilisation s\u00e9v\u00e8re et abrasive. Avec une lame en forme delta ou V pour une force de [&hellip;]","og_url":"https:\/\/www.zfe-gmbh.de\/fr\/produkte\/chargeuse\/godet-a-roche\/","og_site_name":"ZFE GmbH FR","article_modified_time":"2016-07-20T11:32:45+00:00","og_image":[{"url":"http:\/\/zfe-gmbh.de\/fr\/wp-content\/uploads\/sites\/9\/2015\/03\/Felsschaufel-1024x768.jpg","type":"","width":"","height":""}],"twitter_card":"summary_large_image","twitter_misc":{"Gesch\u00e4tzte Lesezeit":"1\u00a0Minute"},"schema":{"@context":"https:\/\/schema.org","@graph":[{"@type":"WebPage","@id":"https:\/\/www.zfe-gmbh.de\/fr\/produkte\/chargeuse\/godet-a-roche\/","url":"https:\/\/www.zfe-gmbh.de\/fr\/produkte\/chargeuse\/godet-a-roche\/","name":"Godet \u00e0 roche - ZFE GmbH FR","isPartOf":{"@id":"https:\/\/www.zfe-gmbh.de\/fr\/#website"},"primaryImageOfPage":{"@id":"https:\/\/www.zfe-gmbh.de\/fr\/produkte\/chargeuse\/godet-a-roche\/#primaryimage"},"image":{"@id":"https:\/\/www.zfe-gmbh.de\/fr\/produkte\/chargeuse\/godet-a-roche\/#primaryimage"},"thumbnailUrl":"http:\/\/zfe-gmbh.de\/fr\/wp-content\/uploads\/sites\/9\/2015\/03\/Felsschaufel-1024x768.jpg","datePublished":"2015-03-09T07:43:38+00:00","dateModified":"2016-07-20T11:32:45+00:00","breadcrumb":{"@id":"https:\/\/www.zfe-gmbh.de\/fr\/produkte\/chargeuse\/godet-a-roche\/#breadcrumb"},"inLanguage":"de","potentialAction":[{"@type":"ReadAction","target":["https:\/\/www.zfe-gmbh.de\/fr\/produkte\/chargeuse\/godet-a-roche\/"]}]},{"@type":"ImageObject","inLanguage":"de","@id":"https:\/\/www.zfe-gmbh.de\/fr\/produkte\/chargeuse\/godet-a-roche\/#primaryimage","url":"http:\/\/zfe-gmbh.de\/fr\/wp-content\/uploads\/sites\/9\/2015\/03\/Felsschaufel-1024x768.jpg","contentUrl":"http:\/\/zfe-gmbh.de\/fr\/wp-content\/uploads\/sites\/9\/2015\/03\/Felsschaufel-1024x768.jpg"},{"@type":"BreadcrumbList","@id":"https:\/\/www.zfe-gmbh.de\/fr\/produkte\/chargeuse\/godet-a-roche\/#breadcrumb","itemListElement":[{"@type":"ListItem","position":1,"name":"Home","item":"https:\/\/www.zfe-gmbh.de\/fr\/"},{"@type":"ListItem","position":2,"name":"PRODUITS","item":"https:\/\/www.zfe-gmbh.de\/fr\/produkte\/"},{"@type":"ListItem","position":3,"name":"Chargeuse","item":"https:\/\/www.zfe-gmbh.de\/fr\/produkte\/chargeuse\/"},{"@type":"ListItem","position":4,"name":"Godet \u00e0 roche"}]},{"@type":"WebSite","@id":"https:\/\/www.zfe-gmbh.de\/fr\/#website","url":"https:\/\/www.zfe-gmbh.de\/fr\/","name":"ZFE GmbH FR","description":"better buckets","potentialAction":[{"@type":"SearchAction","target":{"@type":"EntryPoint","urlTemplate":"https:\/\/www.zfe-gmbh.de\/fr\/?s={search_term_string}"},"query-input":{"@type":"PropertyValueSpecification","valueRequired":true,"valueName":"search_term_string"}}],"inLanguage":"de"}]}},"_links":{"self":[{"href":"https:\/\/www.zfe-gmbh.de\/fr\/wp-json\/wp\/v2\/pages\/288"}],"collection":[{"href":"https:\/\/www.zfe-gmbh.de\/fr\/wp-json\/wp\/v2\/pages"}],"about":[{"href":"https:\/\/www.zfe-gmbh.de\/fr\/wp-json\/wp\/v2\/types\/page"}],"author":[{"embeddable":true,"href":"https:\/\/www.zfe-gmbh.de\/fr\/wp-json\/wp\/v2\/users\/1"}],"replies":[{"embeddable":true,"href":"https:\/\/www.zfe-gmbh.de\/fr\/wp-json\/wp\/v2\/comments?post=288"}],"version-history":[{"count":9,"href":"https:\/\/www.zfe-gmbh.de\/fr\/wp-json\/wp\/v2\/pages\/288\/revisions"}],"predecessor-version":[{"id":1407,"href":"https:\/\/www.zfe-gmbh.de\/fr\/wp-json\/wp\/v2\/pages\/288\/revisions\/1407"}],"up":[{"embeddable":true,"href":"https:\/\/www.zfe-gmbh.de\/fr\/wp-json\/wp\/v2\/pages\/53"}],"wp:attachment":[{"href":"https:\/\/www.zfe-gmbh.de\/fr\/wp-json\/wp\/v2\/media?parent=288"}],"curies":[{"name":"wp","href":"https:\/\/api.w.org\/{rel}","templated":true}]}}