{"id":29,"date":"2015-02-16T22:02:44","date_gmt":"2015-02-16T21:02:44","guid":{"rendered":"http:\/\/zfe-gmbh.de\/?page_id=29"},"modified":"2016-01-25T08:34:56","modified_gmt":"2016-01-25T07:34:56","slug":"made-by","status":"publish","type":"page","link":"https:\/\/www.zfe-gmbh.de\/fr\/unternehmen\/made-by\/","title":{"rendered":"Made in"},"content":{"rendered":"<p>Nous sommes l\u00e0 pour nos clients. Au centre de nos activit\u00e9s se trouvent les d\u00e9sirs et besoins de nos clients en engins modernes pour pelleteuses et chargeuses ou autres engins. Ainsi nous d\u00e9veloppons r\u00e9alisons et jusqu\u2019\u00e0 la production en s\u00e9rie tous les sous groupes jusqu\u2019\u00e0 l\u2019assemblage final de notre chaine de production. Le tout Made by ZFE. <a href=\"http:\/\/zfe-gmbh.de\/wp-content\/uploads\/sites\/9\/2015\/02\/Tiefl\u00f6ffel-ZFE.jpg\"><img loading=\"lazy\" decoding=\"async\" class=\"alignleft wp-image-209 size-large\" src=\"http:\/\/zfe-gmbh.de\/wp-content\/uploads\/sites\/9\/2015\/02\/Tiefl\u00f6ffel-ZFE-1024x768.jpg\" alt=\"Tiefl\u00f6ffel ZFE\" width=\"745\" height=\"559\" srcset=\"https:\/\/www.zfe-gmbh.de\/fr\/wp-content\/uploads\/sites\/9\/2015\/02\/Tiefl\u00f6ffel-ZFE-1024x768.jpg 1024w, https:\/\/www.zfe-gmbh.de\/fr\/wp-content\/uploads\/sites\/9\/2015\/02\/Tiefl\u00f6ffel-ZFE-300x225.jpg 300w, https:\/\/www.zfe-gmbh.de\/fr\/wp-content\/uploads\/sites\/9\/2015\/02\/Tiefl\u00f6ffel-ZFE-745x559.jpg 745w, https:\/\/www.zfe-gmbh.de\/fr\/wp-content\/uploads\/sites\/9\/2015\/02\/Tiefl\u00f6ffel-ZFE.jpg 1200w\" sizes=\"(max-width: 745px) 100vw, 745px\" \/><\/a><\/p>\n<p>Moderne 3D-CAD\/CAM-Engineering-Systeme in Verbindung mit einem modernen Maschinenpark und dem Einsatz hochwertiger Sonderst\u00e4hle, Verschlei\u00dfteile und Zahnsysteme garantieren eine hohe Produktqualit\u00e4t und Lieferf\u00e4higkeit. CNC-Dreh- und Fr\u00e4smaschinen, CNC- gesteuerte Brennschneideanlagen, Bohrwerke und Rundbiegemaschinen bieten alle M\u00f6glichkeiten zur Produktion von Baggerl\u00f6ffeln und Radladerschaufeln in hohen St\u00fcckzahlen.<\/p>\n<p>Des syst\u00e8mes de DAO\/CAO modernes coupl\u00e9es \u00e0 un parc machine de derni\u00e8re g\u00e9n\u00e9ration ainsi que l\u2019utilisation d\u2019aciers de haute qualit\u00e9s, des pi\u00e8ces d\u2019usures et syst\u00e8mes de dents garantissent une haute productivit\u00e9e. Tours, fraiseuses et machine \u00e0 oxycoupage \u00e0 commande num\u00e9rique, centres d\u2019usinages, cintreuses et plieuses, permettent la production de godets pour pelleteuses et chargeuses en grand nombre.<\/p>\n<p><a href=\"http:\/\/zfe-gmbh.de\/wp-content\/uploads\/sites\/9\/2015\/02\/Erdbaugeraete-Made-by-ZFE.jpg\"><img loading=\"lazy\" decoding=\"async\" class=\"alignleft wp-image-214 size-full\" src=\"http:\/\/zfe-gmbh.de\/wp-content\/uploads\/sites\/9\/2015\/02\/Erdbaugeraete-Made-by-ZFE.jpg\" alt=\"Erdbaugeraete Made by ZFE\" width=\"1200\" height=\"900\" srcset=\"https:\/\/www.zfe-gmbh.de\/fr\/wp-content\/uploads\/sites\/9\/2015\/02\/Erdbaugeraete-Made-by-ZFE.jpg 1200w, https:\/\/www.zfe-gmbh.de\/fr\/wp-content\/uploads\/sites\/9\/2015\/02\/Erdbaugeraete-Made-by-ZFE-300x225.jpg 300w, https:\/\/www.zfe-gmbh.de\/fr\/wp-content\/uploads\/sites\/9\/2015\/02\/Erdbaugeraete-Made-by-ZFE-1024x768.jpg 1024w, https:\/\/www.zfe-gmbh.de\/fr\/wp-content\/uploads\/sites\/9\/2015\/02\/Erdbaugeraete-Made-by-ZFE-745x559.jpg 745w\" sizes=\"(max-width: 1200px) 100vw, 1200px\" \/><\/a>Le systeme de production modulaire en combination avec un syst\u00e8me de gestion des stocks efficace permet une production en grande s\u00e9rie et de r\u00e9duire les d\u00e9lais de livraison. Ceci est \u00e9galement vrai pour les les pi\u00e8ces hors normes comme les rallonges de fleche, le spinces \u00e0 bois et les attaches rapides. Parce que les conceptions et fabrications de pi\u00e8ces hors normes et le porte drapeau de ZFE. Connues et reconnues dans le monde entier les pinces \u00e0 bois pour chargeuses d\u00e9velopp\u00e9es \u00e0 Achern effectuent leurs t\u00e2ches jour apr\u00e8s jour dans les productions de bois.<\/p>\n<p>Bien entendu tous les process de fabrication sont soumis \u00e0 des contr\u00f4les permanents permettant l\u2019am\u00e9lioration en continu de la qualit\u00e9, condition sin\u00e9quanone d\u2019une production de produits modernes et fiables. Nous tenons absolument \u00e0 ce que tous nos produits soient \u201cMade in Germany\u201d. Toutes les pieces sont r\u00e9alis\u00e9es en Allemagne, de l\u2019oxycoupage jusqu\u2019\u00e0 la peinture.<\/p>\n","protected":false},"excerpt":{"rendered":"<p>Nous sommes l\u00e0 pour nos clients. Au centre de nos activit\u00e9s se trouvent les d\u00e9sirs et besoins de nos clients [&hellip;]<\/p>\n","protected":false},"author":1,"featured_media":0,"parent":22,"menu_order":10,"comment_status":"closed","ping_status":"closed","template":"","meta":{"footnotes":""},"class_list":["post-29","page","type-page","status-publish","hentry","no-featured-image"],"yoast_head":"<!-- This site is optimized with the Yoast SEO plugin v24.4 - https:\/\/yoast.com\/wordpress\/plugins\/seo\/ -->\n<title>Made in - ZFE GmbH FR<\/title>\n<meta name=\"robots\" content=\"index, follow, max-snippet:-1, max-image-preview:large, max-video-preview:-1\" \/>\n<link rel=\"canonical\" href=\"https:\/\/www.zfe-gmbh.de\/fr\/unternehmen\/made-by\/\" \/>\n<meta property=\"og:locale\" content=\"de_DE\" \/>\n<meta property=\"og:type\" content=\"article\" \/>\n<meta property=\"og:title\" content=\"Made in - ZFE GmbH FR\" \/>\n<meta property=\"og:description\" content=\"Nous sommes l\u00e0 pour nos clients. Au centre de nos activit\u00e9s se trouvent les d\u00e9sirs et besoins de nos clients [&hellip;]\" \/>\n<meta property=\"og:url\" content=\"https:\/\/www.zfe-gmbh.de\/fr\/unternehmen\/made-by\/\" \/>\n<meta property=\"og:site_name\" content=\"ZFE GmbH FR\" \/>\n<meta property=\"article:modified_time\" content=\"2016-01-25T07:34:56+00:00\" \/>\n<meta property=\"og:image\" content=\"http:\/\/zfe-gmbh.de\/wp-content\/uploads\/sites\/9\/2015\/02\/Erdbaugeraete-Made-by-ZFE.jpg\" \/>\n<meta name=\"twitter:card\" content=\"summary_large_image\" \/>\n<meta name=\"twitter:label1\" content=\"Gesch\u00e4tzte Lesezeit\" \/>\n\t<meta name=\"twitter:data1\" content=\"2\u00a0Minuten\" \/>\n<script type=\"application\/ld+json\" class=\"yoast-schema-graph\">{\"@context\":\"https:\/\/schema.org\",\"@graph\":[{\"@type\":\"WebPage\",\"@id\":\"https:\/\/www.zfe-gmbh.de\/fr\/unternehmen\/made-by\/\",\"url\":\"https:\/\/www.zfe-gmbh.de\/fr\/unternehmen\/made-by\/\",\"name\":\"Made in - ZFE GmbH FR\",\"isPartOf\":{\"@id\":\"https:\/\/www.zfe-gmbh.de\/fr\/#website\"},\"primaryImageOfPage\":{\"@id\":\"https:\/\/www.zfe-gmbh.de\/fr\/unternehmen\/made-by\/#primaryimage\"},\"image\":{\"@id\":\"https:\/\/www.zfe-gmbh.de\/fr\/unternehmen\/made-by\/#primaryimage\"},\"thumbnailUrl\":\"http:\/\/zfe-gmbh.de\/wp-content\/uploads\/sites\/9\/2015\/02\/Erdbaugeraete-Made-by-ZFE.jpg\",\"datePublished\":\"2015-02-16T21:02:44+00:00\",\"dateModified\":\"2016-01-25T07:34:56+00:00\",\"breadcrumb\":{\"@id\":\"https:\/\/www.zfe-gmbh.de\/fr\/unternehmen\/made-by\/#breadcrumb\"},\"inLanguage\":\"de\",\"potentialAction\":[{\"@type\":\"ReadAction\",\"target\":[\"https:\/\/www.zfe-gmbh.de\/fr\/unternehmen\/made-by\/\"]}]},{\"@type\":\"ImageObject\",\"inLanguage\":\"de\",\"@id\":\"https:\/\/www.zfe-gmbh.de\/fr\/unternehmen\/made-by\/#primaryimage\",\"url\":\"http:\/\/zfe-gmbh.de\/wp-content\/uploads\/sites\/9\/2015\/02\/Erdbaugeraete-Made-by-ZFE.jpg\",\"contentUrl\":\"http:\/\/zfe-gmbh.de\/wp-content\/uploads\/sites\/9\/2015\/02\/Erdbaugeraete-Made-by-ZFE.jpg\"},{\"@type\":\"BreadcrumbList\",\"@id\":\"https:\/\/www.zfe-gmbh.de\/fr\/unternehmen\/made-by\/#breadcrumb\",\"itemListElement\":[{\"@type\":\"ListItem\",\"position\":1,\"name\":\"Home\",\"item\":\"https:\/\/www.zfe-gmbh.de\/fr\/\"},{\"@type\":\"ListItem\",\"position\":2,\"name\":\"ENTREPRISE\",\"item\":\"https:\/\/www.zfe-gmbh.de\/fr\/unternehmen\/\"},{\"@type\":\"ListItem\",\"position\":3,\"name\":\"Made in\"}]},{\"@type\":\"WebSite\",\"@id\":\"https:\/\/www.zfe-gmbh.de\/fr\/#website\",\"url\":\"https:\/\/www.zfe-gmbh.de\/fr\/\",\"name\":\"ZFE GmbH FR\",\"description\":\"better buckets\",\"potentialAction\":[{\"@type\":\"SearchAction\",\"target\":{\"@type\":\"EntryPoint\",\"urlTemplate\":\"https:\/\/www.zfe-gmbh.de\/fr\/?s={search_term_string}\"},\"query-input\":{\"@type\":\"PropertyValueSpecification\",\"valueRequired\":true,\"valueName\":\"search_term_string\"}}],\"inLanguage\":\"de\"}]}<\/script>\n<!-- \/ Yoast SEO plugin. -->","yoast_head_json":{"title":"Made in - ZFE GmbH FR","robots":{"index":"index","follow":"follow","max-snippet":"max-snippet:-1","max-image-preview":"max-image-preview:large","max-video-preview":"max-video-preview:-1"},"canonical":"https:\/\/www.zfe-gmbh.de\/fr\/unternehmen\/made-by\/","og_locale":"de_DE","og_type":"article","og_title":"Made in - ZFE GmbH FR","og_description":"Nous sommes l\u00e0 pour nos clients. Au centre de nos activit\u00e9s se trouvent les d\u00e9sirs et besoins de nos clients [&hellip;]","og_url":"https:\/\/www.zfe-gmbh.de\/fr\/unternehmen\/made-by\/","og_site_name":"ZFE GmbH FR","article_modified_time":"2016-01-25T07:34:56+00:00","og_image":[{"url":"http:\/\/zfe-gmbh.de\/wp-content\/uploads\/sites\/9\/2015\/02\/Erdbaugeraete-Made-by-ZFE.jpg","type":"","width":"","height":""}],"twitter_card":"summary_large_image","twitter_misc":{"Gesch\u00e4tzte Lesezeit":"2\u00a0Minuten"},"schema":{"@context":"https:\/\/schema.org","@graph":[{"@type":"WebPage","@id":"https:\/\/www.zfe-gmbh.de\/fr\/unternehmen\/made-by\/","url":"https:\/\/www.zfe-gmbh.de\/fr\/unternehmen\/made-by\/","name":"Made in - ZFE GmbH FR","isPartOf":{"@id":"https:\/\/www.zfe-gmbh.de\/fr\/#website"},"primaryImageOfPage":{"@id":"https:\/\/www.zfe-gmbh.de\/fr\/unternehmen\/made-by\/#primaryimage"},"image":{"@id":"https:\/\/www.zfe-gmbh.de\/fr\/unternehmen\/made-by\/#primaryimage"},"thumbnailUrl":"http:\/\/zfe-gmbh.de\/wp-content\/uploads\/sites\/9\/2015\/02\/Erdbaugeraete-Made-by-ZFE.jpg","datePublished":"2015-02-16T21:02:44+00:00","dateModified":"2016-01-25T07:34:56+00:00","breadcrumb":{"@id":"https:\/\/www.zfe-gmbh.de\/fr\/unternehmen\/made-by\/#breadcrumb"},"inLanguage":"de","potentialAction":[{"@type":"ReadAction","target":["https:\/\/www.zfe-gmbh.de\/fr\/unternehmen\/made-by\/"]}]},{"@type":"ImageObject","inLanguage":"de","@id":"https:\/\/www.zfe-gmbh.de\/fr\/unternehmen\/made-by\/#primaryimage","url":"http:\/\/zfe-gmbh.de\/wp-content\/uploads\/sites\/9\/2015\/02\/Erdbaugeraete-Made-by-ZFE.jpg","contentUrl":"http:\/\/zfe-gmbh.de\/wp-content\/uploads\/sites\/9\/2015\/02\/Erdbaugeraete-Made-by-ZFE.jpg"},{"@type":"BreadcrumbList","@id":"https:\/\/www.zfe-gmbh.de\/fr\/unternehmen\/made-by\/#breadcrumb","itemListElement":[{"@type":"ListItem","position":1,"name":"Home","item":"https:\/\/www.zfe-gmbh.de\/fr\/"},{"@type":"ListItem","position":2,"name":"ENTREPRISE","item":"https:\/\/www.zfe-gmbh.de\/fr\/unternehmen\/"},{"@type":"ListItem","position":3,"name":"Made in"}]},{"@type":"WebSite","@id":"https:\/\/www.zfe-gmbh.de\/fr\/#website","url":"https:\/\/www.zfe-gmbh.de\/fr\/","name":"ZFE GmbH FR","description":"better buckets","potentialAction":[{"@type":"SearchAction","target":{"@type":"EntryPoint","urlTemplate":"https:\/\/www.zfe-gmbh.de\/fr\/?s={search_term_string}"},"query-input":{"@type":"PropertyValueSpecification","valueRequired":true,"valueName":"search_term_string"}}],"inLanguage":"de"}]}},"_links":{"self":[{"href":"https:\/\/www.zfe-gmbh.de\/fr\/wp-json\/wp\/v2\/pages\/29"}],"collection":[{"href":"https:\/\/www.zfe-gmbh.de\/fr\/wp-json\/wp\/v2\/pages"}],"about":[{"href":"https:\/\/www.zfe-gmbh.de\/fr\/wp-json\/wp\/v2\/types\/page"}],"author":[{"embeddable":true,"href":"https:\/\/www.zfe-gmbh.de\/fr\/wp-json\/wp\/v2\/users\/1"}],"replies":[{"embeddable":true,"href":"https:\/\/www.zfe-gmbh.de\/fr\/wp-json\/wp\/v2\/comments?post=29"}],"version-history":[{"count":12,"href":"https:\/\/www.zfe-gmbh.de\/fr\/wp-json\/wp\/v2\/pages\/29\/revisions"}],"predecessor-version":[{"id":1185,"href":"https:\/\/www.zfe-gmbh.de\/fr\/wp-json\/wp\/v2\/pages\/29\/revisions\/1185"}],"up":[{"embeddable":true,"href":"https:\/\/www.zfe-gmbh.de\/fr\/wp-json\/wp\/v2\/pages\/22"}],"wp:attachment":[{"href":"https:\/\/www.zfe-gmbh.de\/fr\/wp-json\/wp\/v2\/media?parent=29"}],"curies":[{"name":"wp","href":"https:\/\/api.w.org\/{rel}","templated":true}]}}