{"id":291,"date":"2015-03-09T08:45:03","date_gmt":"2015-03-09T07:45:03","guid":{"rendered":"http:\/\/zfe-gmbh.de\/?page_id=291"},"modified":"2016-07-20T13:24:36","modified_gmt":"2016-07-20T11:24:36","slug":"godet-4-1","status":"publish","type":"page","link":"https:\/\/www.zfe-gmbh.de\/fr\/produkte\/pelle\/godet-4-1\/","title":{"rendered":"Godet 4:1"},"content":{"rendered":"<p><strong><a href=\"http:\/\/zfe-gmbh.de\/wp-content\/uploads\/sites\/9\/2015\/03\/Klappgreifl\u00f6ffel-Hydraulikbagger.jpg\"><img loading=\"lazy\" decoding=\"async\" class=\"aligncenter wp-image-474 size-full\" src=\"http:\/\/zfe-gmbh.de\/fr\/wp-content\/uploads\/sites\/9\/2015\/03\/Klappgreifl\u00f6ffel-Hydraulikbagger.jpg\" alt=\"Godet 4:1 pelle hydraulique\" width=\"1250\" height=\"938\" srcset=\"https:\/\/www.zfe-gmbh.de\/fr\/wp-content\/uploads\/sites\/9\/2015\/03\/Klappgreifl\u00f6ffel-Hydraulikbagger.jpg 1250w, https:\/\/www.zfe-gmbh.de\/fr\/wp-content\/uploads\/sites\/9\/2015\/03\/Klappgreifl\u00f6ffel-Hydraulikbagger-300x225.jpg 300w, https:\/\/www.zfe-gmbh.de\/fr\/wp-content\/uploads\/sites\/9\/2015\/03\/Klappgreifl\u00f6ffel-Hydraulikbagger-1024x768.jpg 1024w, https:\/\/www.zfe-gmbh.de\/fr\/wp-content\/uploads\/sites\/9\/2015\/03\/Klappgreifl\u00f6ffel-Hydraulikbagger-745x559.jpg 745w\" sizes=\"(max-width: 1250px) 100vw, 1250px\" \/><\/a><\/strong><\/p>\n<p><strong>Emploi<br \/>\n<\/strong>Pour emplois moyens et lourds dans le travaux de terrassement et les travaux publics.<br \/>\nTous les travaux de creusement peuvent \u00eatre effectu\u00e9s combin\u00e9s avec des travaux de remplissage et terrassement.<br \/>\nLe devant de la pelle peut \u00eatre ouverte et ferm\u00e9 par 2 cylindres hydrauliques.<\/p>\n<p><a href=\"http:\/\/zfe-gmbh.de\/fr\/wp-content\/uploads\/sites\/9\/2015\/03\/Klappgreifloeffel.jpg\"><img loading=\"lazy\" decoding=\"async\" class=\"alignnone size-full wp-image-1302\" src=\"http:\/\/zfe-gmbh.de\/fr\/wp-content\/uploads\/sites\/9\/2015\/03\/Klappgreifloeffel.jpg\" alt=\"Klappgreifloeffel\" width=\"1000\" height=\"750\" srcset=\"https:\/\/www.zfe-gmbh.de\/fr\/wp-content\/uploads\/sites\/9\/2015\/03\/Klappgreifloeffel.jpg 1000w, https:\/\/www.zfe-gmbh.de\/fr\/wp-content\/uploads\/sites\/9\/2015\/03\/Klappgreifloeffel-300x225.jpg 300w, https:\/\/www.zfe-gmbh.de\/fr\/wp-content\/uploads\/sites\/9\/2015\/03\/Klappgreifloeffel-745x559.jpg 745w\" sizes=\"(max-width: 1000px) 100vw, 1000px\" \/><\/a>Appropri\u00e9 pour la triage et pr\u00e9hension de tous types d\u2019objets comme pierres, bois, souches, mat\u00e9riaux de d\u00e9molition, broussailles etc.<\/p>\n<p>Construction optimis\u00e9e concernant le poids par une utilisation cons\u00e9quente des aciers de construction \u00e0 fibres fines d\u2019Hardox.<\/p>\n<p>Tous les coussinets avec points de lubrification et prise femelle.<\/p>\n<p>Disponible pour montage directe ou pour tous les syst\u00e8mes d\u2019attache rapide courants.<\/p>\n<p><a href=\"http:\/\/zfe-gmbh.de\/fr\/wp-content\/uploads\/sites\/9\/2015\/03\/Klappgreifloeffel-Hydraulikbagger.jpg\"><img loading=\"lazy\" decoding=\"async\" class=\"alignnone size-full wp-image-1303\" src=\"http:\/\/zfe-gmbh.de\/fr\/wp-content\/uploads\/sites\/9\/2015\/03\/Klappgreifloeffel-Hydraulikbagger.jpg\" alt=\"Klappgreifloeffel Hydraulikbagger\" width=\"1000\" height=\"750\" srcset=\"https:\/\/www.zfe-gmbh.de\/fr\/wp-content\/uploads\/sites\/9\/2015\/03\/Klappgreifloeffel-Hydraulikbagger.jpg 1000w, https:\/\/www.zfe-gmbh.de\/fr\/wp-content\/uploads\/sites\/9\/2015\/03\/Klappgreifloeffel-Hydraulikbagger-300x225.jpg 300w, https:\/\/www.zfe-gmbh.de\/fr\/wp-content\/uploads\/sites\/9\/2015\/03\/Klappgreifloeffel-Hydraulikbagger-745x559.jpg 745w\" sizes=\"(max-width: 1000px) 100vw, 1000px\" \/><\/a><\/p>\n<p><strong>\u201eMade in Germany\u201c<\/strong><\/p>\n<p>Tous les composants sont fabriqu\u00e9s en Allemagne &#8211; de la d\u00e9coupe \u00e0 la peinture finale.<\/p>\n<h4><strong>Pour toute question, n&#8217;h\u00e9sitez pas \u00e0 nous contacter.\u00a0:<\/strong><\/h4>\n<p><a href=\"http:\/\/zfe-gmbh.de\/wp-content\/uploads\/2015\/02\/Tobias-Meier.jpg\"><img loading=\"lazy\" decoding=\"async\" class=\" size-full wp-image-1652 alignleft\" src=\"http:\/\/zfe-gmbh.de\/wp-content\/uploads\/2015\/02\/Tobias-Meier.jpg\" alt=\"Tobias Meier\" width=\"128\" height=\"128\" \/><\/a>Tobias Meier<br \/>\nService de ventes<br \/>\n+49 (0) 78 41 \/ 20 57 &#8211;\u00a027<br \/>\n<a href=\"mailto:tobias.meier@zfe-gmbh.de?subject=\" target=\"{target}\">tobias.meier@zfe-gmbh.de<\/a><\/p>\n<h4><\/h4>\n<p><span style=\"line-height: 1.5\">.<\/span><\/p>\n<p>&nbsp;<\/p>\n","protected":false},"excerpt":{"rendered":"<p>Emploi Pour emplois moyens et lourds dans le travaux de terrassement et les travaux publics. Tous les travaux de creusement [&hellip;]<\/p>\n","protected":false},"author":1,"featured_media":0,"parent":51,"menu_order":10,"comment_status":"closed","ping_status":"closed","template":"","meta":{"footnotes":""},"class_list":["post-291","page","type-page","status-publish","hentry","no-featured-image"],"yoast_head":"<!-- This site is optimized with the Yoast SEO plugin v24.4 - https:\/\/yoast.com\/wordpress\/plugins\/seo\/ -->\n<title>Godet 4:1 - ZFE GmbH FR<\/title>\n<meta name=\"robots\" content=\"index, follow, max-snippet:-1, max-image-preview:large, max-video-preview:-1\" \/>\n<link rel=\"canonical\" href=\"https:\/\/www.zfe-gmbh.de\/fr\/produkte\/pelle\/godet-4-1\/\" \/>\n<meta property=\"og:locale\" content=\"de_DE\" \/>\n<meta property=\"og:type\" content=\"article\" \/>\n<meta property=\"og:title\" content=\"Godet 4:1 - ZFE GmbH FR\" \/>\n<meta property=\"og:description\" content=\"Emploi Pour emplois moyens et lourds dans le travaux de terrassement et les travaux publics. Tous les travaux de creusement [&hellip;]\" \/>\n<meta property=\"og:url\" content=\"https:\/\/www.zfe-gmbh.de\/fr\/produkte\/pelle\/godet-4-1\/\" \/>\n<meta property=\"og:site_name\" content=\"ZFE GmbH FR\" \/>\n<meta property=\"article:modified_time\" content=\"2016-07-20T11:24:36+00:00\" \/>\n<meta property=\"og:image\" content=\"http:\/\/zfe-gmbh.de\/fr\/wp-content\/uploads\/sites\/9\/2015\/03\/Klappgreifloeffel.jpg\" \/>\n<meta name=\"twitter:card\" content=\"summary_large_image\" \/>\n<meta name=\"twitter:label1\" content=\"Gesch\u00e4tzte Lesezeit\" \/>\n\t<meta name=\"twitter:data1\" content=\"1\u00a0Minute\" \/>\n<script type=\"application\/ld+json\" class=\"yoast-schema-graph\">{\"@context\":\"https:\/\/schema.org\",\"@graph\":[{\"@type\":\"WebPage\",\"@id\":\"https:\/\/www.zfe-gmbh.de\/fr\/produkte\/pelle\/godet-4-1\/\",\"url\":\"https:\/\/www.zfe-gmbh.de\/fr\/produkte\/pelle\/godet-4-1\/\",\"name\":\"Godet 4:1 - ZFE GmbH FR\",\"isPartOf\":{\"@id\":\"https:\/\/www.zfe-gmbh.de\/fr\/#website\"},\"primaryImageOfPage\":{\"@id\":\"https:\/\/www.zfe-gmbh.de\/fr\/produkte\/pelle\/godet-4-1\/#primaryimage\"},\"image\":{\"@id\":\"https:\/\/www.zfe-gmbh.de\/fr\/produkte\/pelle\/godet-4-1\/#primaryimage\"},\"thumbnailUrl\":\"http:\/\/zfe-gmbh.de\/fr\/wp-content\/uploads\/sites\/9\/2015\/03\/Klappgreifloeffel.jpg\",\"datePublished\":\"2015-03-09T07:45:03+00:00\",\"dateModified\":\"2016-07-20T11:24:36+00:00\",\"breadcrumb\":{\"@id\":\"https:\/\/www.zfe-gmbh.de\/fr\/produkte\/pelle\/godet-4-1\/#breadcrumb\"},\"inLanguage\":\"de\",\"potentialAction\":[{\"@type\":\"ReadAction\",\"target\":[\"https:\/\/www.zfe-gmbh.de\/fr\/produkte\/pelle\/godet-4-1\/\"]}]},{\"@type\":\"ImageObject\",\"inLanguage\":\"de\",\"@id\":\"https:\/\/www.zfe-gmbh.de\/fr\/produkte\/pelle\/godet-4-1\/#primaryimage\",\"url\":\"http:\/\/zfe-gmbh.de\/fr\/wp-content\/uploads\/sites\/9\/2015\/03\/Klappgreifloeffel.jpg\",\"contentUrl\":\"http:\/\/zfe-gmbh.de\/fr\/wp-content\/uploads\/sites\/9\/2015\/03\/Klappgreifloeffel.jpg\"},{\"@type\":\"BreadcrumbList\",\"@id\":\"https:\/\/www.zfe-gmbh.de\/fr\/produkte\/pelle\/godet-4-1\/#breadcrumb\",\"itemListElement\":[{\"@type\":\"ListItem\",\"position\":1,\"name\":\"Home\",\"item\":\"https:\/\/www.zfe-gmbh.de\/fr\/\"},{\"@type\":\"ListItem\",\"position\":2,\"name\":\"PRODUITS\",\"item\":\"https:\/\/www.zfe-gmbh.de\/fr\/produkte\/\"},{\"@type\":\"ListItem\",\"position\":3,\"name\":\"PELLE\",\"item\":\"https:\/\/www.zfe-gmbh.de\/fr\/produkte\/pelle\/\"},{\"@type\":\"ListItem\",\"position\":4,\"name\":\"Godet 4:1\"}]},{\"@type\":\"WebSite\",\"@id\":\"https:\/\/www.zfe-gmbh.de\/fr\/#website\",\"url\":\"https:\/\/www.zfe-gmbh.de\/fr\/\",\"name\":\"ZFE GmbH FR\",\"description\":\"better buckets\",\"potentialAction\":[{\"@type\":\"SearchAction\",\"target\":{\"@type\":\"EntryPoint\",\"urlTemplate\":\"https:\/\/www.zfe-gmbh.de\/fr\/?s={search_term_string}\"},\"query-input\":{\"@type\":\"PropertyValueSpecification\",\"valueRequired\":true,\"valueName\":\"search_term_string\"}}],\"inLanguage\":\"de\"}]}<\/script>\n<!-- \/ Yoast SEO plugin. -->","yoast_head_json":{"title":"Godet 4:1 - ZFE GmbH FR","robots":{"index":"index","follow":"follow","max-snippet":"max-snippet:-1","max-image-preview":"max-image-preview:large","max-video-preview":"max-video-preview:-1"},"canonical":"https:\/\/www.zfe-gmbh.de\/fr\/produkte\/pelle\/godet-4-1\/","og_locale":"de_DE","og_type":"article","og_title":"Godet 4:1 - ZFE GmbH FR","og_description":"Emploi Pour emplois moyens et lourds dans le travaux de terrassement et les travaux publics. Tous les travaux de creusement [&hellip;]","og_url":"https:\/\/www.zfe-gmbh.de\/fr\/produkte\/pelle\/godet-4-1\/","og_site_name":"ZFE GmbH FR","article_modified_time":"2016-07-20T11:24:36+00:00","og_image":[{"url":"http:\/\/zfe-gmbh.de\/fr\/wp-content\/uploads\/sites\/9\/2015\/03\/Klappgreifloeffel.jpg","type":"","width":"","height":""}],"twitter_card":"summary_large_image","twitter_misc":{"Gesch\u00e4tzte Lesezeit":"1\u00a0Minute"},"schema":{"@context":"https:\/\/schema.org","@graph":[{"@type":"WebPage","@id":"https:\/\/www.zfe-gmbh.de\/fr\/produkte\/pelle\/godet-4-1\/","url":"https:\/\/www.zfe-gmbh.de\/fr\/produkte\/pelle\/godet-4-1\/","name":"Godet 4:1 - ZFE GmbH FR","isPartOf":{"@id":"https:\/\/www.zfe-gmbh.de\/fr\/#website"},"primaryImageOfPage":{"@id":"https:\/\/www.zfe-gmbh.de\/fr\/produkte\/pelle\/godet-4-1\/#primaryimage"},"image":{"@id":"https:\/\/www.zfe-gmbh.de\/fr\/produkte\/pelle\/godet-4-1\/#primaryimage"},"thumbnailUrl":"http:\/\/zfe-gmbh.de\/fr\/wp-content\/uploads\/sites\/9\/2015\/03\/Klappgreifloeffel.jpg","datePublished":"2015-03-09T07:45:03+00:00","dateModified":"2016-07-20T11:24:36+00:00","breadcrumb":{"@id":"https:\/\/www.zfe-gmbh.de\/fr\/produkte\/pelle\/godet-4-1\/#breadcrumb"},"inLanguage":"de","potentialAction":[{"@type":"ReadAction","target":["https:\/\/www.zfe-gmbh.de\/fr\/produkte\/pelle\/godet-4-1\/"]}]},{"@type":"ImageObject","inLanguage":"de","@id":"https:\/\/www.zfe-gmbh.de\/fr\/produkte\/pelle\/godet-4-1\/#primaryimage","url":"http:\/\/zfe-gmbh.de\/fr\/wp-content\/uploads\/sites\/9\/2015\/03\/Klappgreifloeffel.jpg","contentUrl":"http:\/\/zfe-gmbh.de\/fr\/wp-content\/uploads\/sites\/9\/2015\/03\/Klappgreifloeffel.jpg"},{"@type":"BreadcrumbList","@id":"https:\/\/www.zfe-gmbh.de\/fr\/produkte\/pelle\/godet-4-1\/#breadcrumb","itemListElement":[{"@type":"ListItem","position":1,"name":"Home","item":"https:\/\/www.zfe-gmbh.de\/fr\/"},{"@type":"ListItem","position":2,"name":"PRODUITS","item":"https:\/\/www.zfe-gmbh.de\/fr\/produkte\/"},{"@type":"ListItem","position":3,"name":"PELLE","item":"https:\/\/www.zfe-gmbh.de\/fr\/produkte\/pelle\/"},{"@type":"ListItem","position":4,"name":"Godet 4:1"}]},{"@type":"WebSite","@id":"https:\/\/www.zfe-gmbh.de\/fr\/#website","url":"https:\/\/www.zfe-gmbh.de\/fr\/","name":"ZFE GmbH FR","description":"better buckets","potentialAction":[{"@type":"SearchAction","target":{"@type":"EntryPoint","urlTemplate":"https:\/\/www.zfe-gmbh.de\/fr\/?s={search_term_string}"},"query-input":{"@type":"PropertyValueSpecification","valueRequired":true,"valueName":"search_term_string"}}],"inLanguage":"de"}]}},"_links":{"self":[{"href":"https:\/\/www.zfe-gmbh.de\/fr\/wp-json\/wp\/v2\/pages\/291"}],"collection":[{"href":"https:\/\/www.zfe-gmbh.de\/fr\/wp-json\/wp\/v2\/pages"}],"about":[{"href":"https:\/\/www.zfe-gmbh.de\/fr\/wp-json\/wp\/v2\/types\/page"}],"author":[{"embeddable":true,"href":"https:\/\/www.zfe-gmbh.de\/fr\/wp-json\/wp\/v2\/users\/1"}],"replies":[{"embeddable":true,"href":"https:\/\/www.zfe-gmbh.de\/fr\/wp-json\/wp\/v2\/comments?post=291"}],"version-history":[{"count":11,"href":"https:\/\/www.zfe-gmbh.de\/fr\/wp-json\/wp\/v2\/pages\/291\/revisions"}],"predecessor-version":[{"id":1396,"href":"https:\/\/www.zfe-gmbh.de\/fr\/wp-json\/wp\/v2\/pages\/291\/revisions\/1396"}],"up":[{"embeddable":true,"href":"https:\/\/www.zfe-gmbh.de\/fr\/wp-json\/wp\/v2\/pages\/51"}],"wp:attachment":[{"href":"https:\/\/www.zfe-gmbh.de\/fr\/wp-json\/wp\/v2\/media?parent=291"}],"curies":[{"name":"wp","href":"https:\/\/api.w.org\/{rel}","templated":true}]}}