{"id":302,"date":"2015-03-09T09:17:45","date_gmt":"2015-03-09T08:17:45","guid":{"rendered":"http:\/\/zfe-gmbh.de\/?page_id=302"},"modified":"2016-07-20T13:25:45","modified_gmt":"2016-07-20T11:25:45","slug":"godet-de-tunnels","status":"publish","type":"page","link":"https:\/\/www.zfe-gmbh.de\/fr\/produkte\/pelle\/godet-de-tunnels\/","title":{"rendered":"Godet de tunnels"},"content":{"rendered":"<p><strong><a href=\"http:\/\/zfe-gmbh.de\/wp-content\/uploads\/sites\/9\/2015\/03\/Tunnell\u00f6ffel.jpg\"><img loading=\"lazy\" decoding=\"async\" class=\"aligncenter wp-image-371 size-large\" src=\"http:\/\/zfe-gmbh.de\/fr\/wp-content\/uploads\/sites\/9\/2015\/03\/Tunnell\u00f6ffel-1024x768.jpg\" alt=\"Godet de tunnels\" width=\"745\" height=\"559\" srcset=\"https:\/\/www.zfe-gmbh.de\/fr\/wp-content\/uploads\/sites\/9\/2015\/03\/Tunnell\u00f6ffel-1024x768.jpg 1024w, https:\/\/www.zfe-gmbh.de\/fr\/wp-content\/uploads\/sites\/9\/2015\/03\/Tunnell\u00f6ffel-300x225.jpg 300w, https:\/\/www.zfe-gmbh.de\/fr\/wp-content\/uploads\/sites\/9\/2015\/03\/Tunnell\u00f6ffel-745x559.jpg 745w, https:\/\/www.zfe-gmbh.de\/fr\/wp-content\/uploads\/sites\/9\/2015\/03\/Tunnell\u00f6ffel.jpg 1250w\" sizes=\"(max-width: 745px) 100vw, 745px\" \/><\/a><\/strong><\/p>\n<p><strong>Emploi<\/strong><\/p>\n<p>Godets de tunnels ZFE\u00a0 ont une g\u00e9om\u00e9trie sp\u00e9ciale \u00a0et sont id\u00e9al pour sont id\u00e9ales pour briser et \u00e0 la d\u00e9chirure de rochers en construction de tunnel.<\/p>\n<p>Gr\u00e2ce \u00e0 leur conception robuste les godets de tunnel pouvent transf\u00e9rer la force d&#8217;arrachement \u00a0plus \u00e9lev\u00e9e de pelles et sont donc parfaitement adapt\u00e9s pour les applications les plus exigeantes en tunnel.<\/p>\n<p><strong><a href=\"http:\/\/zfe-gmbh.de\/wp-content\/uploads\/sites\/9\/2015\/03\/Tunnell\u00f6ffel-3-Baggerz\u00e4hne.jpg\"><img loading=\"lazy\" decoding=\"async\" class=\"aligncenter wp-image-372 size-large\" src=\"http:\/\/zfe-gmbh.de\/fr\/wp-content\/uploads\/sites\/9\/2015\/03\/Tunnell\u00f6ffel-3-Baggerz\u00e4hne-1024x768.jpg\" alt=\"Godet de tunnels\" width=\"745\" height=\"559\" srcset=\"https:\/\/www.zfe-gmbh.de\/fr\/wp-content\/uploads\/sites\/9\/2015\/03\/Tunnell\u00f6ffel-3-Baggerz\u00e4hne-1024x768.jpg 1024w, https:\/\/www.zfe-gmbh.de\/fr\/wp-content\/uploads\/sites\/9\/2015\/03\/Tunnell\u00f6ffel-3-Baggerz\u00e4hne-300x225.jpg 300w, https:\/\/www.zfe-gmbh.de\/fr\/wp-content\/uploads\/sites\/9\/2015\/03\/Tunnell\u00f6ffel-3-Baggerz\u00e4hne-745x559.jpg 745w, https:\/\/www.zfe-gmbh.de\/fr\/wp-content\/uploads\/sites\/9\/2015\/03\/Tunnell\u00f6ffel-3-Baggerz\u00e4hne.jpg 1250w\" sizes=\"(max-width: 745px) 100vw, 745px\" \/><\/a><\/strong><\/p>\n<p><strong>Model\u00a0 \u00a0<\/strong><\/p>\n<p>Les variantes avec deux ou trois\u00a0 dents. Choisir entre divers syst\u00e8mes de dents: ESCO, MTG ou d&#8217;autres syt\u00e8mes. ZFE godets de tunnel sont fabriqu\u00e9s exclusivement de aciers \u00e0 haute r\u00e9sistance su\u00e9doise.<\/p>\n<p><strong>Made in Germany<\/strong><\/p>\n<p>Tous les composants sont fabriqu\u00e9s en Allemagne &#8211; de la d\u00e9coupe \u00e0 la peinture finale.<\/p>\n<h4><strong>Pour toute question, n&#8217;h\u00e9sitez pas \u00e0 nous contacter:<\/strong><\/h4>\n<p><a href=\"http:\/\/zfe-gmbh.de\/wp-content\/uploads\/2015\/02\/Tobias-Meier.jpg\"><img loading=\"lazy\" decoding=\"async\" class=\" size-full wp-image-1652 alignleft\" src=\"http:\/\/zfe-gmbh.de\/wp-content\/uploads\/2015\/02\/Tobias-Meier.jpg\" alt=\"Tobias Meier\" width=\"128\" height=\"128\" \/><\/a>Tobias Meier<br \/>\nService de ventes<br \/>\n+49 (0) 78 41 \/ 20 57 &#8211;\u00a027<br \/>\n<a href=\"mailto:tobias.meier@zfe-gmbh.de?subject=\" target=\"{target}\">tobias.meier@zfe-gmbh.de<\/a><\/p>\n<h4><\/h4>\n<p>&nbsp;<\/p>\n<h4><\/h4>\n","protected":false},"excerpt":{"rendered":"<p>Emploi Godets de tunnels ZFE\u00a0 ont une g\u00e9om\u00e9trie sp\u00e9ciale \u00a0et sont id\u00e9al pour sont id\u00e9ales pour briser et \u00e0 la [&hellip;]<\/p>\n","protected":false},"author":1,"featured_media":0,"parent":51,"menu_order":20,"comment_status":"closed","ping_status":"closed","template":"","meta":{"footnotes":""},"class_list":["post-302","page","type-page","status-publish","hentry","no-featured-image"],"yoast_head":"<!-- This site is optimized with the Yoast SEO plugin v24.4 - https:\/\/yoast.com\/wordpress\/plugins\/seo\/ -->\n<title>Godet de tunnels - ZFE GmbH FR<\/title>\n<meta name=\"robots\" content=\"index, follow, max-snippet:-1, max-image-preview:large, max-video-preview:-1\" \/>\n<link rel=\"canonical\" href=\"https:\/\/www.zfe-gmbh.de\/fr\/produkte\/pelle\/godet-de-tunnels\/\" \/>\n<meta property=\"og:locale\" content=\"de_DE\" \/>\n<meta property=\"og:type\" content=\"article\" \/>\n<meta property=\"og:title\" content=\"Godet de tunnels - ZFE GmbH FR\" \/>\n<meta property=\"og:description\" content=\"Emploi Godets de tunnels ZFE\u00a0 ont une g\u00e9om\u00e9trie sp\u00e9ciale \u00a0et sont id\u00e9al pour sont id\u00e9ales pour briser et \u00e0 la [&hellip;]\" \/>\n<meta property=\"og:url\" content=\"https:\/\/www.zfe-gmbh.de\/fr\/produkte\/pelle\/godet-de-tunnels\/\" \/>\n<meta property=\"og:site_name\" content=\"ZFE GmbH FR\" \/>\n<meta property=\"article:modified_time\" content=\"2016-07-20T11:25:45+00:00\" \/>\n<meta property=\"og:image\" content=\"http:\/\/zfe-gmbh.de\/wp-content\/uploads\/2015\/02\/Tobias-Meier.jpg\" \/>\n<meta name=\"twitter:card\" content=\"summary_large_image\" \/>\n<meta name=\"twitter:label1\" content=\"Gesch\u00e4tzte Lesezeit\" \/>\n\t<meta name=\"twitter:data1\" content=\"1\u00a0Minute\" \/>\n<script type=\"application\/ld+json\" class=\"yoast-schema-graph\">{\"@context\":\"https:\/\/schema.org\",\"@graph\":[{\"@type\":\"WebPage\",\"@id\":\"https:\/\/www.zfe-gmbh.de\/fr\/produkte\/pelle\/godet-de-tunnels\/\",\"url\":\"https:\/\/www.zfe-gmbh.de\/fr\/produkte\/pelle\/godet-de-tunnels\/\",\"name\":\"Godet de tunnels - ZFE GmbH FR\",\"isPartOf\":{\"@id\":\"https:\/\/www.zfe-gmbh.de\/fr\/#website\"},\"primaryImageOfPage\":{\"@id\":\"https:\/\/www.zfe-gmbh.de\/fr\/produkte\/pelle\/godet-de-tunnels\/#primaryimage\"},\"image\":{\"@id\":\"https:\/\/www.zfe-gmbh.de\/fr\/produkte\/pelle\/godet-de-tunnels\/#primaryimage\"},\"thumbnailUrl\":\"http:\/\/zfe-gmbh.de\/wp-content\/uploads\/2015\/02\/Tobias-Meier.jpg\",\"datePublished\":\"2015-03-09T08:17:45+00:00\",\"dateModified\":\"2016-07-20T11:25:45+00:00\",\"breadcrumb\":{\"@id\":\"https:\/\/www.zfe-gmbh.de\/fr\/produkte\/pelle\/godet-de-tunnels\/#breadcrumb\"},\"inLanguage\":\"de\",\"potentialAction\":[{\"@type\":\"ReadAction\",\"target\":[\"https:\/\/www.zfe-gmbh.de\/fr\/produkte\/pelle\/godet-de-tunnels\/\"]}]},{\"@type\":\"ImageObject\",\"inLanguage\":\"de\",\"@id\":\"https:\/\/www.zfe-gmbh.de\/fr\/produkte\/pelle\/godet-de-tunnels\/#primaryimage\",\"url\":\"http:\/\/zfe-gmbh.de\/wp-content\/uploads\/2015\/02\/Tobias-Meier.jpg\",\"contentUrl\":\"http:\/\/zfe-gmbh.de\/wp-content\/uploads\/2015\/02\/Tobias-Meier.jpg\"},{\"@type\":\"BreadcrumbList\",\"@id\":\"https:\/\/www.zfe-gmbh.de\/fr\/produkte\/pelle\/godet-de-tunnels\/#breadcrumb\",\"itemListElement\":[{\"@type\":\"ListItem\",\"position\":1,\"name\":\"Home\",\"item\":\"https:\/\/www.zfe-gmbh.de\/fr\/\"},{\"@type\":\"ListItem\",\"position\":2,\"name\":\"PRODUITS\",\"item\":\"https:\/\/www.zfe-gmbh.de\/fr\/produkte\/\"},{\"@type\":\"ListItem\",\"position\":3,\"name\":\"PELLE\",\"item\":\"https:\/\/www.zfe-gmbh.de\/fr\/produkte\/pelle\/\"},{\"@type\":\"ListItem\",\"position\":4,\"name\":\"Godet de tunnels\"}]},{\"@type\":\"WebSite\",\"@id\":\"https:\/\/www.zfe-gmbh.de\/fr\/#website\",\"url\":\"https:\/\/www.zfe-gmbh.de\/fr\/\",\"name\":\"ZFE GmbH FR\",\"description\":\"better buckets\",\"potentialAction\":[{\"@type\":\"SearchAction\",\"target\":{\"@type\":\"EntryPoint\",\"urlTemplate\":\"https:\/\/www.zfe-gmbh.de\/fr\/?s={search_term_string}\"},\"query-input\":{\"@type\":\"PropertyValueSpecification\",\"valueRequired\":true,\"valueName\":\"search_term_string\"}}],\"inLanguage\":\"de\"}]}<\/script>\n<!-- \/ Yoast SEO plugin. -->","yoast_head_json":{"title":"Godet de tunnels - ZFE GmbH FR","robots":{"index":"index","follow":"follow","max-snippet":"max-snippet:-1","max-image-preview":"max-image-preview:large","max-video-preview":"max-video-preview:-1"},"canonical":"https:\/\/www.zfe-gmbh.de\/fr\/produkte\/pelle\/godet-de-tunnels\/","og_locale":"de_DE","og_type":"article","og_title":"Godet de tunnels - ZFE GmbH FR","og_description":"Emploi Godets de tunnels ZFE\u00a0 ont une g\u00e9om\u00e9trie sp\u00e9ciale \u00a0et sont id\u00e9al pour sont id\u00e9ales pour briser et \u00e0 la [&hellip;]","og_url":"https:\/\/www.zfe-gmbh.de\/fr\/produkte\/pelle\/godet-de-tunnels\/","og_site_name":"ZFE GmbH FR","article_modified_time":"2016-07-20T11:25:45+00:00","og_image":[{"url":"http:\/\/zfe-gmbh.de\/wp-content\/uploads\/2015\/02\/Tobias-Meier.jpg","type":"","width":"","height":""}],"twitter_card":"summary_large_image","twitter_misc":{"Gesch\u00e4tzte Lesezeit":"1\u00a0Minute"},"schema":{"@context":"https:\/\/schema.org","@graph":[{"@type":"WebPage","@id":"https:\/\/www.zfe-gmbh.de\/fr\/produkte\/pelle\/godet-de-tunnels\/","url":"https:\/\/www.zfe-gmbh.de\/fr\/produkte\/pelle\/godet-de-tunnels\/","name":"Godet de tunnels - ZFE GmbH FR","isPartOf":{"@id":"https:\/\/www.zfe-gmbh.de\/fr\/#website"},"primaryImageOfPage":{"@id":"https:\/\/www.zfe-gmbh.de\/fr\/produkte\/pelle\/godet-de-tunnels\/#primaryimage"},"image":{"@id":"https:\/\/www.zfe-gmbh.de\/fr\/produkte\/pelle\/godet-de-tunnels\/#primaryimage"},"thumbnailUrl":"http:\/\/zfe-gmbh.de\/wp-content\/uploads\/2015\/02\/Tobias-Meier.jpg","datePublished":"2015-03-09T08:17:45+00:00","dateModified":"2016-07-20T11:25:45+00:00","breadcrumb":{"@id":"https:\/\/www.zfe-gmbh.de\/fr\/produkte\/pelle\/godet-de-tunnels\/#breadcrumb"},"inLanguage":"de","potentialAction":[{"@type":"ReadAction","target":["https:\/\/www.zfe-gmbh.de\/fr\/produkte\/pelle\/godet-de-tunnels\/"]}]},{"@type":"ImageObject","inLanguage":"de","@id":"https:\/\/www.zfe-gmbh.de\/fr\/produkte\/pelle\/godet-de-tunnels\/#primaryimage","url":"http:\/\/zfe-gmbh.de\/wp-content\/uploads\/2015\/02\/Tobias-Meier.jpg","contentUrl":"http:\/\/zfe-gmbh.de\/wp-content\/uploads\/2015\/02\/Tobias-Meier.jpg"},{"@type":"BreadcrumbList","@id":"https:\/\/www.zfe-gmbh.de\/fr\/produkte\/pelle\/godet-de-tunnels\/#breadcrumb","itemListElement":[{"@type":"ListItem","position":1,"name":"Home","item":"https:\/\/www.zfe-gmbh.de\/fr\/"},{"@type":"ListItem","position":2,"name":"PRODUITS","item":"https:\/\/www.zfe-gmbh.de\/fr\/produkte\/"},{"@type":"ListItem","position":3,"name":"PELLE","item":"https:\/\/www.zfe-gmbh.de\/fr\/produkte\/pelle\/"},{"@type":"ListItem","position":4,"name":"Godet de tunnels"}]},{"@type":"WebSite","@id":"https:\/\/www.zfe-gmbh.de\/fr\/#website","url":"https:\/\/www.zfe-gmbh.de\/fr\/","name":"ZFE GmbH FR","description":"better buckets","potentialAction":[{"@type":"SearchAction","target":{"@type":"EntryPoint","urlTemplate":"https:\/\/www.zfe-gmbh.de\/fr\/?s={search_term_string}"},"query-input":{"@type":"PropertyValueSpecification","valueRequired":true,"valueName":"search_term_string"}}],"inLanguage":"de"}]}},"_links":{"self":[{"href":"https:\/\/www.zfe-gmbh.de\/fr\/wp-json\/wp\/v2\/pages\/302"}],"collection":[{"href":"https:\/\/www.zfe-gmbh.de\/fr\/wp-json\/wp\/v2\/pages"}],"about":[{"href":"https:\/\/www.zfe-gmbh.de\/fr\/wp-json\/wp\/v2\/types\/page"}],"author":[{"embeddable":true,"href":"https:\/\/www.zfe-gmbh.de\/fr\/wp-json\/wp\/v2\/users\/1"}],"replies":[{"embeddable":true,"href":"https:\/\/www.zfe-gmbh.de\/fr\/wp-json\/wp\/v2\/comments?post=302"}],"version-history":[{"count":13,"href":"https:\/\/www.zfe-gmbh.de\/fr\/wp-json\/wp\/v2\/pages\/302\/revisions"}],"predecessor-version":[{"id":1399,"href":"https:\/\/www.zfe-gmbh.de\/fr\/wp-json\/wp\/v2\/pages\/302\/revisions\/1399"}],"up":[{"embeddable":true,"href":"https:\/\/www.zfe-gmbh.de\/fr\/wp-json\/wp\/v2\/pages\/51"}],"wp:attachment":[{"href":"https:\/\/www.zfe-gmbh.de\/fr\/wp-json\/wp\/v2\/media?parent=302"}],"curies":[{"name":"wp","href":"https:\/\/api.w.org\/{rel}","templated":true}]}}