{"id":31,"date":"2015-02-16T22:04:27","date_gmt":"2015-02-16T21:04:27","guid":{"rendered":"http:\/\/zfe-gmbh.de\/?page_id=31"},"modified":"2016-01-25T08:34:56","modified_gmt":"2016-01-25T07:34:56","slug":"oem","status":"publish","type":"page","link":"https:\/\/www.zfe-gmbh.de\/fr\/unternehmen\/oem\/","title":{"rendered":"OEM"},"content":{"rendered":"<p>En tant que sous traitant pour differentes marques ZFE produit des godets, mini godets, godets inclinables, godets chargeurs et engins sp\u00e9ciaux en pi\u00e8ces uniques ou en s\u00e9ries<\/p>\n<p>Un fondement pour la production et la livraison d&#8217;un grand quantit\u00e9 est\u00a0 l&#8217;interaction sophistiqu\u00e9e et efficace\u00a0 de la constuction, la planification de production et de la fabrication.<br \/>\nUne qualit\u00e9 \u00e9lev\u00e9e constante et reproductible \u00e0 des prix conformes au march\u00e9\u00a0 peut \u00eatre realisable\u00a0 que sur la base d&#8217;une fabrication de haute precision.<\/p>\n<p><span style=\"line-height: 1.5\">En tant que membre du groupe HS-Schoch, ZFE s\u2019appuie sur un excellent r\u00e9seau de partenaires et b\u00e9n\u00e9ficie d\u2019un acc\u00e8s permanent au savoir-faire et aux ressources de HS-Schoch.<br \/>\n<\/span><span style=\"line-height: 1.5\"><br \/>\nId\u00e9alement situ\u00e9e au Centre de l\u2019Europe, \u00e0 un jet de pierre de l\u2019autoroute 5 Karlsruhe \u2013 B\u00e2le, sortie Achern, ZFE offre des conditions id\u00e9ales pour le traitement logistique aux quatre coins de l\u2019Europe, au Moyen-Orient et en Afrique du Nord.<br \/>\n.<\/span><\/p>\n","protected":false},"excerpt":{"rendered":"<p>En tant que sous traitant pour differentes marques ZFE produit des godets, mini godets, godets inclinables, godets chargeurs et engins [&hellip;]<\/p>\n","protected":false},"author":1,"featured_media":0,"parent":22,"menu_order":20,"comment_status":"closed","ping_status":"closed","template":"","meta":{"footnotes":""},"class_list":["post-31","page","type-page","status-publish","hentry","no-featured-image"],"yoast_head":"<!-- This site is optimized with the Yoast SEO plugin v24.4 - https:\/\/yoast.com\/wordpress\/plugins\/seo\/ -->\n<title>OEM - ZFE GmbH FR<\/title>\n<meta name=\"robots\" content=\"index, follow, max-snippet:-1, max-image-preview:large, max-video-preview:-1\" \/>\n<link rel=\"canonical\" href=\"https:\/\/www.zfe-gmbh.de\/fr\/unternehmen\/oem\/\" \/>\n<meta property=\"og:locale\" content=\"de_DE\" \/>\n<meta property=\"og:type\" content=\"article\" \/>\n<meta property=\"og:title\" content=\"OEM - ZFE GmbH FR\" \/>\n<meta property=\"og:description\" content=\"En tant que sous traitant pour differentes marques ZFE produit des godets, mini godets, godets inclinables, godets chargeurs et engins [&hellip;]\" \/>\n<meta property=\"og:url\" content=\"https:\/\/www.zfe-gmbh.de\/fr\/unternehmen\/oem\/\" \/>\n<meta property=\"og:site_name\" content=\"ZFE GmbH FR\" \/>\n<meta property=\"article:modified_time\" content=\"2016-01-25T07:34:56+00:00\" \/>\n<meta name=\"twitter:card\" content=\"summary_large_image\" \/>\n<meta name=\"twitter:label1\" content=\"Gesch\u00e4tzte Lesezeit\" \/>\n\t<meta name=\"twitter:data1\" content=\"1\u00a0Minute\" \/>\n<script type=\"application\/ld+json\" class=\"yoast-schema-graph\">{\"@context\":\"https:\/\/schema.org\",\"@graph\":[{\"@type\":\"WebPage\",\"@id\":\"https:\/\/www.zfe-gmbh.de\/fr\/unternehmen\/oem\/\",\"url\":\"https:\/\/www.zfe-gmbh.de\/fr\/unternehmen\/oem\/\",\"name\":\"OEM - ZFE GmbH FR\",\"isPartOf\":{\"@id\":\"https:\/\/www.zfe-gmbh.de\/fr\/#website\"},\"datePublished\":\"2015-02-16T21:04:27+00:00\",\"dateModified\":\"2016-01-25T07:34:56+00:00\",\"breadcrumb\":{\"@id\":\"https:\/\/www.zfe-gmbh.de\/fr\/unternehmen\/oem\/#breadcrumb\"},\"inLanguage\":\"de\",\"potentialAction\":[{\"@type\":\"ReadAction\",\"target\":[\"https:\/\/www.zfe-gmbh.de\/fr\/unternehmen\/oem\/\"]}]},{\"@type\":\"BreadcrumbList\",\"@id\":\"https:\/\/www.zfe-gmbh.de\/fr\/unternehmen\/oem\/#breadcrumb\",\"itemListElement\":[{\"@type\":\"ListItem\",\"position\":1,\"name\":\"Home\",\"item\":\"https:\/\/www.zfe-gmbh.de\/fr\/\"},{\"@type\":\"ListItem\",\"position\":2,\"name\":\"ENTREPRISE\",\"item\":\"https:\/\/www.zfe-gmbh.de\/fr\/unternehmen\/\"},{\"@type\":\"ListItem\",\"position\":3,\"name\":\"OEM\"}]},{\"@type\":\"WebSite\",\"@id\":\"https:\/\/www.zfe-gmbh.de\/fr\/#website\",\"url\":\"https:\/\/www.zfe-gmbh.de\/fr\/\",\"name\":\"ZFE GmbH FR\",\"description\":\"better buckets\",\"potentialAction\":[{\"@type\":\"SearchAction\",\"target\":{\"@type\":\"EntryPoint\",\"urlTemplate\":\"https:\/\/www.zfe-gmbh.de\/fr\/?s={search_term_string}\"},\"query-input\":{\"@type\":\"PropertyValueSpecification\",\"valueRequired\":true,\"valueName\":\"search_term_string\"}}],\"inLanguage\":\"de\"}]}<\/script>\n<!-- \/ Yoast SEO plugin. -->","yoast_head_json":{"title":"OEM - ZFE GmbH FR","robots":{"index":"index","follow":"follow","max-snippet":"max-snippet:-1","max-image-preview":"max-image-preview:large","max-video-preview":"max-video-preview:-1"},"canonical":"https:\/\/www.zfe-gmbh.de\/fr\/unternehmen\/oem\/","og_locale":"de_DE","og_type":"article","og_title":"OEM - ZFE GmbH FR","og_description":"En tant que sous traitant pour differentes marques ZFE produit des godets, mini godets, godets inclinables, godets chargeurs et engins [&hellip;]","og_url":"https:\/\/www.zfe-gmbh.de\/fr\/unternehmen\/oem\/","og_site_name":"ZFE GmbH FR","article_modified_time":"2016-01-25T07:34:56+00:00","twitter_card":"summary_large_image","twitter_misc":{"Gesch\u00e4tzte Lesezeit":"1\u00a0Minute"},"schema":{"@context":"https:\/\/schema.org","@graph":[{"@type":"WebPage","@id":"https:\/\/www.zfe-gmbh.de\/fr\/unternehmen\/oem\/","url":"https:\/\/www.zfe-gmbh.de\/fr\/unternehmen\/oem\/","name":"OEM - ZFE GmbH FR","isPartOf":{"@id":"https:\/\/www.zfe-gmbh.de\/fr\/#website"},"datePublished":"2015-02-16T21:04:27+00:00","dateModified":"2016-01-25T07:34:56+00:00","breadcrumb":{"@id":"https:\/\/www.zfe-gmbh.de\/fr\/unternehmen\/oem\/#breadcrumb"},"inLanguage":"de","potentialAction":[{"@type":"ReadAction","target":["https:\/\/www.zfe-gmbh.de\/fr\/unternehmen\/oem\/"]}]},{"@type":"BreadcrumbList","@id":"https:\/\/www.zfe-gmbh.de\/fr\/unternehmen\/oem\/#breadcrumb","itemListElement":[{"@type":"ListItem","position":1,"name":"Home","item":"https:\/\/www.zfe-gmbh.de\/fr\/"},{"@type":"ListItem","position":2,"name":"ENTREPRISE","item":"https:\/\/www.zfe-gmbh.de\/fr\/unternehmen\/"},{"@type":"ListItem","position":3,"name":"OEM"}]},{"@type":"WebSite","@id":"https:\/\/www.zfe-gmbh.de\/fr\/#website","url":"https:\/\/www.zfe-gmbh.de\/fr\/","name":"ZFE GmbH FR","description":"better buckets","potentialAction":[{"@type":"SearchAction","target":{"@type":"EntryPoint","urlTemplate":"https:\/\/www.zfe-gmbh.de\/fr\/?s={search_term_string}"},"query-input":{"@type":"PropertyValueSpecification","valueRequired":true,"valueName":"search_term_string"}}],"inLanguage":"de"}]}},"_links":{"self":[{"href":"https:\/\/www.zfe-gmbh.de\/fr\/wp-json\/wp\/v2\/pages\/31"}],"collection":[{"href":"https:\/\/www.zfe-gmbh.de\/fr\/wp-json\/wp\/v2\/pages"}],"about":[{"href":"https:\/\/www.zfe-gmbh.de\/fr\/wp-json\/wp\/v2\/types\/page"}],"author":[{"embeddable":true,"href":"https:\/\/www.zfe-gmbh.de\/fr\/wp-json\/wp\/v2\/users\/1"}],"replies":[{"embeddable":true,"href":"https:\/\/www.zfe-gmbh.de\/fr\/wp-json\/wp\/v2\/comments?post=31"}],"version-history":[{"count":5,"href":"https:\/\/www.zfe-gmbh.de\/fr\/wp-json\/wp\/v2\/pages\/31\/revisions"}],"predecessor-version":[{"id":1201,"href":"https:\/\/www.zfe-gmbh.de\/fr\/wp-json\/wp\/v2\/pages\/31\/revisions\/1201"}],"up":[{"embeddable":true,"href":"https:\/\/www.zfe-gmbh.de\/fr\/wp-json\/wp\/v2\/pages\/22"}],"wp:attachment":[{"href":"https:\/\/www.zfe-gmbh.de\/fr\/wp-json\/wp\/v2\/media?parent=31"}],"curies":[{"name":"wp","href":"https:\/\/api.w.org\/{rel}","templated":true}]}}