{"id":33,"date":"2015-02-16T22:04:46","date_gmt":"2015-02-16T21:04:46","guid":{"rendered":"http:\/\/zfe-gmbh.de\/?page_id=33"},"modified":"2019-08-12T09:45:43","modified_gmt":"2019-08-12T07:45:43","slug":"hs-schoch-gruppe","status":"publish","type":"page","link":"https:\/\/www.zfe-gmbh.de\/fr\/unternehmen\/hs-schoch-gruppe\/","title":{"rendered":"Groupe HS-Schoch"},"content":{"rendered":"<p><a title=\"HS-Schoch Gruppe\" href=\"http:\/\/www.hs-schoch.de\/\" target=\"_blank\" rel=\"noopener noreferrer\"><img loading=\"lazy\" decoding=\"async\" class=\"aligncenter wp-image-856 size-large\" src=\"http:\/\/zfe-gmbh.de\/wp-content\/uploads\/sites\/9\/2015\/02\/HS-Schoch-RGB-1024x241.jpg\" alt=\"HS-Schoch Logo\" width=\"745\" height=\"175\" \/><\/a><\/p>\n<table border=\"0\" width=\"100%\" cellspacing=\"0\" cellpadding=\"5\">\n<tbody>\n<tr>\n<td><strong>HS-Schoch GmbH<\/strong><br \/>\n<strong>Blechbearbeitung, KTL-\/Pulverbeschichtung<\/strong>Hermann-Schoch-Stra\u00dfe 1<br \/>\nD-06869 Coswig \/ Anh. &#8211; Cobbelsdorf<br \/>\nFon +49(0)7363-9609-500<br \/>\nFax +49(0)7363-9609-519<br \/>\n<a href=\"mailto:ktl@hs-schoch.de?subject=\" target=\"{target}\" rel=\"noopener noreferrer\">ktl@hs-schoch.de<\/a><\/td>\n<td><strong>HS-Schoch GmbH<\/strong><br \/>\n<strong>LKW-Zubeh\u00f6r Truckstyling<\/strong>Am M\u00fchlweg 2<br \/>\nD-73466 Lauchheim<br \/>\nFon +49(0)7363-9609-0<br \/>\nFax +49(0)7363-9609-21<br \/>\n<a href=\"mailto:lkw@hs-schoch.de?subject=\" target=\"{target}\" rel=\"noopener noreferrer\">lkw@hs-schoch.de<\/a><\/td>\n<\/tr>\n<tr>\n<td><strong>HS-Schoch GmbH &amp; Co.KG<\/strong><br \/>\n<strong>Baumaschinenzubeh\u00f6r<\/strong>Am M\u00fchlweg 4<br \/>\nD-73466 Lauchheim<br \/>\nFon +49(0)7363-9609-6<br \/>\nFax +49(0)7363-9609-80<br \/>\n<a href=\"mailto:erdbaugeraete@hs-schoch.de?subject=\" target=\"{target}\" rel=\"noopener noreferrer\">erdbaugeraete@hs-schoch.de<\/a><\/td>\n<td><strong>HS-Schoch GmbH &amp; Co.KG<\/strong><br \/>\n<strong>Baumaschinenzubeh\u00f6r<\/strong>Cobbelsdorfer Hauptstra\u00dfe 10<br \/>\nD-06869 Coswig \/ Anh. &#8211; Cobbelsdorf<br \/>\nFon +49(0)34923-700-0<br \/>\nFax +49(0)34923-700-17<br \/>\n<a href=\"mailto:baumaschinen@hs-schoch.de?subject=\" target=\"{target}\" rel=\"noopener noreferrer\">baumaschinen@hs-schoch.de<\/a><\/td>\n<\/tr>\n<tr>\n<td><a href=\"http:\/\/zfe-gmbh.de\/wp-content\/uploads\/sites\/9\/2015\/02\/ZFE-logo-pos-rgb.jpg\"><img loading=\"lazy\" decoding=\"async\" class=\" wp-image-862 alignnone\" src=\"http:\/\/zfe-gmbh.de\/wp-content\/uploads\/sites\/9\/2015\/02\/ZFE-logo-pos-rgb-300x175.jpg\" alt=\"ZFE-Logo\" width=\"250\" height=\"146\" srcset=\"https:\/\/www.zfe-gmbh.de\/fr\/wp-content\/uploads\/sites\/9\/2015\/02\/ZFE-logo-pos-rgb-300x175.jpg 300w, https:\/\/www.zfe-gmbh.de\/fr\/wp-content\/uploads\/sites\/9\/2015\/02\/ZFE-logo-pos-rgb-1024x598.jpg 1024w, https:\/\/www.zfe-gmbh.de\/fr\/wp-content\/uploads\/sites\/9\/2015\/02\/ZFE-logo-pos-rgb-745x435.jpg 745w, https:\/\/www.zfe-gmbh.de\/fr\/wp-content\/uploads\/sites\/9\/2015\/02\/ZFE-logo-pos-rgb.jpg 1619w\" sizes=\"(max-width: 250px) 100vw, 250px\" \/><\/a><strong>ZFE GmbH<\/strong><br \/>\n<strong> Zubeh\u00f6r f\u00fcr Erdbauger\u00e4te<\/strong>Am Risisee 15<br \/>\nD-77855 Achern-Gamshurst<br \/>\nFon +49(0)7841\u20132057-0<br \/>\nFax +49(0)7841\u20132057\u201340<br \/>\n<a href=\"mailto:info@zfe-gmbh.de?subject=\" target=\"{target}\" rel=\"noopener noreferrer\">info@zfe-gmbh.de<\/a><\/td>\n<td><a title=\"HRZ Blechbearbeitung\" href=\"http:\/\/www.hrz-blech.de\" target=\"_blank\" rel=\"noopener noreferrer\"><img loading=\"lazy\" decoding=\"async\" class=\" wp-image-863 alignnone\" src=\"http:\/\/zfe-gmbh.de\/wp-content\/uploads\/sites\/9\/2015\/02\/HRZ-logo-RGB-300x205.jpg\" alt=\"HRZ-Blechbearbeitung\" width=\"250\" height=\"171\" srcset=\"https:\/\/www.zfe-gmbh.de\/fr\/wp-content\/uploads\/sites\/9\/2015\/02\/HRZ-logo-RGB-300x205.jpg 300w, https:\/\/www.zfe-gmbh.de\/fr\/wp-content\/uploads\/sites\/9\/2015\/02\/HRZ-logo-RGB-1024x700.jpg 1024w, https:\/\/www.zfe-gmbh.de\/fr\/wp-content\/uploads\/sites\/9\/2015\/02\/HRZ-logo-RGB-745x509.jpg 745w, https:\/\/www.zfe-gmbh.de\/fr\/wp-content\/uploads\/sites\/9\/2015\/02\/HRZ-logo-RGB.jpg 1772w\" sizes=\"(max-width: 250px) 100vw, 250px\" \/><\/a><strong>HRZ<br \/>\nBlechbearbeitungs- und Handels GbR<\/strong>Einsteinstr. 137<br \/>\nD-06785 Oranienbaum &#8211; W\u00f6rlitz<br \/>\nFon +49(0)34904-414-0<br \/>\nFax +49(0)34904-414-23<br \/>\n<a href=\"mailto:info@w@hrz-blech.de?subject=\" target=\"{target}\" rel=\"noopener noreferrer\">info@hrz-blech.de<\/a><\/td>\n<\/tr>\n<tr>\n<td><strong>bsg Handels GmbH<\/strong><\/p>\n<p class=\"style19\">Am K\u00f6nigholz 5<br \/>\n85411 Eglhausen<br \/>\nFon +49(0)8166-9969-0<br \/>\nFax +49(0)8166-9969-60<br \/>\n<a href=\"mailto:info@bsg-gmbh.de\"><span style=\"color: #0066cc;\">info@bsg-gmbh.de<\/span><\/a><\/p>\n<\/td>\n<td><a title=\"Metec\" href=\"http:\/\/www.metec.ee\/\" target=\"_blank\" rel=\"noopener noreferrer\"><img loading=\"lazy\" decoding=\"async\" class=\" size-medium wp-image-869 alignnone\" src=\"http:\/\/zfe-gmbh.de\/wp-content\/uploads\/sites\/9\/2015\/02\/metec-logo-300x75.jpg\" alt=\"metec-logo\" width=\"300\" height=\"75\" srcset=\"https:\/\/www.zfe-gmbh.de\/fr\/wp-content\/uploads\/sites\/9\/2015\/02\/metec-logo-300x75.jpg 300w, https:\/\/www.zfe-gmbh.de\/fr\/wp-content\/uploads\/sites\/9\/2015\/02\/metec-logo-1024x255.jpg 1024w, https:\/\/www.zfe-gmbh.de\/fr\/wp-content\/uploads\/sites\/9\/2015\/02\/metec-logo-745x185.jpg 745w\" sizes=\"(max-width: 300px) 100vw, 300px\" \/><\/a><strong>Metec<\/strong><strong>Edelstahlprodukte Car Industry<\/strong>Ringtee 6<br \/>\nEE-51013 Tartu Estonia<br \/>\nFon +372-7-38500-0<br \/>\nFax +372-7-38500-7<br \/>\n<a href=\"mailto:metec@metec.ee?subject=\" target=\"{target}\" rel=\"noopener noreferrer\">metec@metec.ee<\/a><\/td>\n<\/tr>\n<\/tbody>\n<\/table>\n","protected":false},"excerpt":{"rendered":"<p>HS-Schoch GmbH Blechbearbeitung, KTL-\/PulverbeschichtungHermann-Schoch-Stra\u00dfe 1 D-06869 Coswig \/ Anh. &#8211; Cobbelsdorf Fon +49(0)7363-9609-500 Fax +49(0)7363-9609-519 ktl@hs-schoch.de HS-Schoch GmbH LKW-Zubeh\u00f6r TruckstylingAm [&hellip;]<\/p>\n","protected":false},"author":1,"featured_media":0,"parent":22,"menu_order":30,"comment_status":"closed","ping_status":"closed","template":"","meta":{"footnotes":""},"class_list":["post-33","page","type-page","status-publish","hentry","no-featured-image"],"yoast_head":"<!-- This site is optimized with the Yoast SEO plugin v24.4 - https:\/\/yoast.com\/wordpress\/plugins\/seo\/ -->\n<title>Groupe HS-Schoch - ZFE GmbH FR<\/title>\n<meta name=\"robots\" content=\"index, follow, max-snippet:-1, max-image-preview:large, max-video-preview:-1\" \/>\n<link rel=\"canonical\" href=\"https:\/\/www.zfe-gmbh.de\/fr\/unternehmen\/hs-schoch-gruppe\/\" \/>\n<meta property=\"og:locale\" content=\"de_DE\" \/>\n<meta property=\"og:type\" content=\"article\" \/>\n<meta property=\"og:title\" content=\"Groupe HS-Schoch - ZFE GmbH FR\" \/>\n<meta property=\"og:description\" content=\"HS-Schoch GmbH Blechbearbeitung, KTL-\/PulverbeschichtungHermann-Schoch-Stra\u00dfe 1 D-06869 Coswig \/ Anh. &#8211; Cobbelsdorf Fon +49(0)7363-9609-500 Fax +49(0)7363-9609-519 ktl@hs-schoch.de HS-Schoch GmbH LKW-Zubeh\u00f6r TruckstylingAm [&hellip;]\" \/>\n<meta property=\"og:url\" content=\"https:\/\/www.zfe-gmbh.de\/fr\/unternehmen\/hs-schoch-gruppe\/\" \/>\n<meta property=\"og:site_name\" content=\"ZFE GmbH FR\" \/>\n<meta property=\"article:modified_time\" content=\"2019-08-12T07:45:43+00:00\" \/>\n<meta property=\"og:image\" content=\"http:\/\/zfe-gmbh.de\/wp-content\/uploads\/sites\/9\/2015\/02\/HS-Schoch-RGB-1024x241.jpg\" \/>\n<meta name=\"twitter:card\" content=\"summary_large_image\" \/>\n<meta name=\"twitter:label1\" content=\"Gesch\u00e4tzte Lesezeit\" \/>\n\t<meta name=\"twitter:data1\" content=\"1\u00a0Minute\" \/>\n<script type=\"application\/ld+json\" class=\"yoast-schema-graph\">{\"@context\":\"https:\/\/schema.org\",\"@graph\":[{\"@type\":\"WebPage\",\"@id\":\"https:\/\/www.zfe-gmbh.de\/fr\/unternehmen\/hs-schoch-gruppe\/\",\"url\":\"https:\/\/www.zfe-gmbh.de\/fr\/unternehmen\/hs-schoch-gruppe\/\",\"name\":\"Groupe HS-Schoch - ZFE GmbH FR\",\"isPartOf\":{\"@id\":\"https:\/\/www.zfe-gmbh.de\/fr\/#website\"},\"primaryImageOfPage\":{\"@id\":\"https:\/\/www.zfe-gmbh.de\/fr\/unternehmen\/hs-schoch-gruppe\/#primaryimage\"},\"image\":{\"@id\":\"https:\/\/www.zfe-gmbh.de\/fr\/unternehmen\/hs-schoch-gruppe\/#primaryimage\"},\"thumbnailUrl\":\"http:\/\/zfe-gmbh.de\/wp-content\/uploads\/sites\/9\/2015\/02\/HS-Schoch-RGB-1024x241.jpg\",\"datePublished\":\"2015-02-16T21:04:46+00:00\",\"dateModified\":\"2019-08-12T07:45:43+00:00\",\"breadcrumb\":{\"@id\":\"https:\/\/www.zfe-gmbh.de\/fr\/unternehmen\/hs-schoch-gruppe\/#breadcrumb\"},\"inLanguage\":\"de\",\"potentialAction\":[{\"@type\":\"ReadAction\",\"target\":[\"https:\/\/www.zfe-gmbh.de\/fr\/unternehmen\/hs-schoch-gruppe\/\"]}]},{\"@type\":\"ImageObject\",\"inLanguage\":\"de\",\"@id\":\"https:\/\/www.zfe-gmbh.de\/fr\/unternehmen\/hs-schoch-gruppe\/#primaryimage\",\"url\":\"http:\/\/zfe-gmbh.de\/wp-content\/uploads\/sites\/9\/2015\/02\/HS-Schoch-RGB-1024x241.jpg\",\"contentUrl\":\"http:\/\/zfe-gmbh.de\/wp-content\/uploads\/sites\/9\/2015\/02\/HS-Schoch-RGB-1024x241.jpg\"},{\"@type\":\"BreadcrumbList\",\"@id\":\"https:\/\/www.zfe-gmbh.de\/fr\/unternehmen\/hs-schoch-gruppe\/#breadcrumb\",\"itemListElement\":[{\"@type\":\"ListItem\",\"position\":1,\"name\":\"Home\",\"item\":\"https:\/\/www.zfe-gmbh.de\/fr\/\"},{\"@type\":\"ListItem\",\"position\":2,\"name\":\"ENTREPRISE\",\"item\":\"https:\/\/www.zfe-gmbh.de\/fr\/unternehmen\/\"},{\"@type\":\"ListItem\",\"position\":3,\"name\":\"Groupe HS-Schoch\"}]},{\"@type\":\"WebSite\",\"@id\":\"https:\/\/www.zfe-gmbh.de\/fr\/#website\",\"url\":\"https:\/\/www.zfe-gmbh.de\/fr\/\",\"name\":\"ZFE GmbH FR\",\"description\":\"better buckets\",\"potentialAction\":[{\"@type\":\"SearchAction\",\"target\":{\"@type\":\"EntryPoint\",\"urlTemplate\":\"https:\/\/www.zfe-gmbh.de\/fr\/?s={search_term_string}\"},\"query-input\":{\"@type\":\"PropertyValueSpecification\",\"valueRequired\":true,\"valueName\":\"search_term_string\"}}],\"inLanguage\":\"de\"}]}<\/script>\n<!-- \/ Yoast SEO plugin. -->","yoast_head_json":{"title":"Groupe HS-Schoch - ZFE GmbH FR","robots":{"index":"index","follow":"follow","max-snippet":"max-snippet:-1","max-image-preview":"max-image-preview:large","max-video-preview":"max-video-preview:-1"},"canonical":"https:\/\/www.zfe-gmbh.de\/fr\/unternehmen\/hs-schoch-gruppe\/","og_locale":"de_DE","og_type":"article","og_title":"Groupe HS-Schoch - ZFE GmbH FR","og_description":"HS-Schoch GmbH Blechbearbeitung, KTL-\/PulverbeschichtungHermann-Schoch-Stra\u00dfe 1 D-06869 Coswig \/ Anh. &#8211; Cobbelsdorf Fon +49(0)7363-9609-500 Fax +49(0)7363-9609-519 ktl@hs-schoch.de HS-Schoch GmbH LKW-Zubeh\u00f6r TruckstylingAm [&hellip;]","og_url":"https:\/\/www.zfe-gmbh.de\/fr\/unternehmen\/hs-schoch-gruppe\/","og_site_name":"ZFE GmbH FR","article_modified_time":"2019-08-12T07:45:43+00:00","og_image":[{"url":"http:\/\/zfe-gmbh.de\/wp-content\/uploads\/sites\/9\/2015\/02\/HS-Schoch-RGB-1024x241.jpg","type":"","width":"","height":""}],"twitter_card":"summary_large_image","twitter_misc":{"Gesch\u00e4tzte Lesezeit":"1\u00a0Minute"},"schema":{"@context":"https:\/\/schema.org","@graph":[{"@type":"WebPage","@id":"https:\/\/www.zfe-gmbh.de\/fr\/unternehmen\/hs-schoch-gruppe\/","url":"https:\/\/www.zfe-gmbh.de\/fr\/unternehmen\/hs-schoch-gruppe\/","name":"Groupe HS-Schoch - ZFE GmbH FR","isPartOf":{"@id":"https:\/\/www.zfe-gmbh.de\/fr\/#website"},"primaryImageOfPage":{"@id":"https:\/\/www.zfe-gmbh.de\/fr\/unternehmen\/hs-schoch-gruppe\/#primaryimage"},"image":{"@id":"https:\/\/www.zfe-gmbh.de\/fr\/unternehmen\/hs-schoch-gruppe\/#primaryimage"},"thumbnailUrl":"http:\/\/zfe-gmbh.de\/wp-content\/uploads\/sites\/9\/2015\/02\/HS-Schoch-RGB-1024x241.jpg","datePublished":"2015-02-16T21:04:46+00:00","dateModified":"2019-08-12T07:45:43+00:00","breadcrumb":{"@id":"https:\/\/www.zfe-gmbh.de\/fr\/unternehmen\/hs-schoch-gruppe\/#breadcrumb"},"inLanguage":"de","potentialAction":[{"@type":"ReadAction","target":["https:\/\/www.zfe-gmbh.de\/fr\/unternehmen\/hs-schoch-gruppe\/"]}]},{"@type":"ImageObject","inLanguage":"de","@id":"https:\/\/www.zfe-gmbh.de\/fr\/unternehmen\/hs-schoch-gruppe\/#primaryimage","url":"http:\/\/zfe-gmbh.de\/wp-content\/uploads\/sites\/9\/2015\/02\/HS-Schoch-RGB-1024x241.jpg","contentUrl":"http:\/\/zfe-gmbh.de\/wp-content\/uploads\/sites\/9\/2015\/02\/HS-Schoch-RGB-1024x241.jpg"},{"@type":"BreadcrumbList","@id":"https:\/\/www.zfe-gmbh.de\/fr\/unternehmen\/hs-schoch-gruppe\/#breadcrumb","itemListElement":[{"@type":"ListItem","position":1,"name":"Home","item":"https:\/\/www.zfe-gmbh.de\/fr\/"},{"@type":"ListItem","position":2,"name":"ENTREPRISE","item":"https:\/\/www.zfe-gmbh.de\/fr\/unternehmen\/"},{"@type":"ListItem","position":3,"name":"Groupe HS-Schoch"}]},{"@type":"WebSite","@id":"https:\/\/www.zfe-gmbh.de\/fr\/#website","url":"https:\/\/www.zfe-gmbh.de\/fr\/","name":"ZFE GmbH FR","description":"better buckets","potentialAction":[{"@type":"SearchAction","target":{"@type":"EntryPoint","urlTemplate":"https:\/\/www.zfe-gmbh.de\/fr\/?s={search_term_string}"},"query-input":{"@type":"PropertyValueSpecification","valueRequired":true,"valueName":"search_term_string"}}],"inLanguage":"de"}]}},"_links":{"self":[{"href":"https:\/\/www.zfe-gmbh.de\/fr\/wp-json\/wp\/v2\/pages\/33"}],"collection":[{"href":"https:\/\/www.zfe-gmbh.de\/fr\/wp-json\/wp\/v2\/pages"}],"about":[{"href":"https:\/\/www.zfe-gmbh.de\/fr\/wp-json\/wp\/v2\/types\/page"}],"author":[{"embeddable":true,"href":"https:\/\/www.zfe-gmbh.de\/fr\/wp-json\/wp\/v2\/users\/1"}],"replies":[{"embeddable":true,"href":"https:\/\/www.zfe-gmbh.de\/fr\/wp-json\/wp\/v2\/comments?post=33"}],"version-history":[{"count":36,"href":"https:\/\/www.zfe-gmbh.de\/fr\/wp-json\/wp\/v2\/pages\/33\/revisions"}],"predecessor-version":[{"id":1473,"href":"https:\/\/www.zfe-gmbh.de\/fr\/wp-json\/wp\/v2\/pages\/33\/revisions\/1473"}],"up":[{"embeddable":true,"href":"https:\/\/www.zfe-gmbh.de\/fr\/wp-json\/wp\/v2\/pages\/22"}],"wp:attachment":[{"href":"https:\/\/www.zfe-gmbh.de\/fr\/wp-json\/wp\/v2\/media?parent=33"}],"curies":[{"name":"wp","href":"https:\/\/api.w.org\/{rel}","templated":true}]}}