{"id":35,"date":"2015-02-16T22:05:09","date_gmt":"2015-02-16T21:05:09","guid":{"rendered":"http:\/\/zfe-gmbh.de\/?page_id=35"},"modified":"2019-02-06T10:30:48","modified_gmt":"2019-02-06T09:30:48","slug":"qualitaet","status":"publish","type":"page","link":"https:\/\/www.zfe-gmbh.de\/fr\/qualitaet\/","title":{"rendered":"QUALIT\u00c9"},"content":{"rendered":"<p>ZFE est synonyme de qualit\u00e9 stable et mesurable tout au long de la cha\u00eene d\u2019op\u00e9rations, des pi\u00e8ces oxycoup\u00e9es jusqu\u2019au godet fini. La durabilit\u00e9 et la r\u00e9sistance de nos produits t\u00e9moignent du souci de qualit\u00e9 de l\u2018entreprise. Avant la mise en service d\u2019une dent de d\u00e9crochage, d\u2019un godet de curage de foss\u00e9 ou d\u2019une pelle de chargement sur votre chantier, la fonctionnalit\u00e9 dans les t\u00e2ches quotidiennes de ces objets doit \u00eatre d\u00e9montr\u00e9e lors de tests pratiques avant la fabrication en s\u00e9rie. Gr\u00e2ce \u00e0 une utilisation de mat\u00e9riau optimale, les godets et pelles ZFE offrent non seulement un rapport qualit\u00e9-prix incomparable, mais aussi un poids r\u00e9duit et d\u2019innombrables avantages d\u2019utilisation.<br \/>\n<a href=\"http:\/\/zfe-gmbh.de\/wp-content\/uploads\/sites\/9\/2015\/02\/ZFE-quality-neg-rgb.jpg.jpg\"><img loading=\"lazy\" decoding=\"async\" class=\"aligncenter wp-image-330 size-large\" src=\"http:\/\/zfe-gmbh.de\/wp-content\/uploads\/sites\/9\/2015\/02\/ZFE-quality-neg-rgb.jpg-1024x724.jpg\" alt=\"ZFE-quality-neg-rgb.jpg\" width=\"745\" height=\"527\" srcset=\"https:\/\/www.zfe-gmbh.de\/fr\/wp-content\/uploads\/sites\/9\/2015\/02\/ZFE-quality-neg-rgb.jpg-1024x724.jpg 1024w, https:\/\/www.zfe-gmbh.de\/fr\/wp-content\/uploads\/sites\/9\/2015\/02\/ZFE-quality-neg-rgb.jpg-300x212.jpg 300w, https:\/\/www.zfe-gmbh.de\/fr\/wp-content\/uploads\/sites\/9\/2015\/02\/ZFE-quality-neg-rgb.jpg-745x527.jpg 745w, https:\/\/www.zfe-gmbh.de\/fr\/wp-content\/uploads\/sites\/9\/2015\/02\/ZFE-quality-neg-rgb.jpg.jpg 1196w\" sizes=\"(max-width: 745px) 100vw, 745px\" \/><\/a><\/p>\n<p>Outre le parc machine moderne et le traitement d\u2019acier et de composants de haute qualit\u00e9, le savoir-faire de nos collaborateurs est la garantie premi\u00e8re de la fabrication de quantit\u00e9s importantes avec une qualit\u00e9 invariable<br \/>\nPour mat\u00e9rialiser ses propres exigences de qualit\u00e9 et celles des clients, ZFE met l\u2019accent sur la formation continue du personnel sp\u00e9cialis\u00e9 et le d\u00e9veloppement du parc machines.<br \/>\nIl va sans dire que ZFE est certifi\u00e9 selon la norme\u00a0<strong><a title=\"ZFE GmbH DIN EN ISO 9001  2008  D\" href=\"http:\/\/zfe-gmbh.de\/wp-content\/uploads\/sites\/9\/2015\/02\/ZFE-GmbH-DIN-EN-ISO-9001-2008-D.pdf\" target=\"_blank\">DIN ISO 9001<\/a><a title=\"ZFE GmbH DIN EN USO 9001 : 2008\" href=\"http:\/\/zfe-gmbh.de\/wp-content\/uploads\/sites\/9\/2015\/02\/PDF-2015-9001-Unter-Zertifikat-05-Deutsch.pdf\" target=\"_blank\">.<\/a><\/strong><\/p>\n","protected":false},"excerpt":{"rendered":"<p>ZFE est synonyme de qualit\u00e9 stable et mesurable tout au long de la cha\u00eene d\u2019op\u00e9rations, des pi\u00e8ces oxycoup\u00e9es jusqu\u2019au godet [&hellip;]<\/p>\n","protected":false},"author":1,"featured_media":0,"parent":0,"menu_order":20,"comment_status":"closed","ping_status":"closed","template":"","meta":{"footnotes":""},"class_list":["post-35","page","type-page","status-publish","hentry","no-featured-image"],"yoast_head":"<!-- This site is optimized with the Yoast SEO plugin v24.4 - https:\/\/yoast.com\/wordpress\/plugins\/seo\/ -->\n<title>QUALIT\u00c9 - ZFE GmbH FR<\/title>\n<meta name=\"robots\" content=\"index, follow, max-snippet:-1, max-image-preview:large, max-video-preview:-1\" \/>\n<link rel=\"canonical\" href=\"https:\/\/www.zfe-gmbh.de\/fr\/qualitaet\/\" \/>\n<meta property=\"og:locale\" content=\"de_DE\" \/>\n<meta property=\"og:type\" content=\"article\" \/>\n<meta property=\"og:title\" content=\"QUALIT\u00c9 - ZFE GmbH FR\" \/>\n<meta property=\"og:description\" content=\"ZFE est synonyme de qualit\u00e9 stable et mesurable tout au long de la cha\u00eene d\u2019op\u00e9rations, des pi\u00e8ces oxycoup\u00e9es jusqu\u2019au godet [&hellip;]\" \/>\n<meta property=\"og:url\" content=\"https:\/\/www.zfe-gmbh.de\/fr\/qualitaet\/\" \/>\n<meta property=\"og:site_name\" content=\"ZFE GmbH FR\" \/>\n<meta property=\"article:modified_time\" content=\"2019-02-06T09:30:48+00:00\" \/>\n<meta property=\"og:image\" content=\"http:\/\/zfe-gmbh.de\/wp-content\/uploads\/sites\/9\/2015\/02\/ZFE-quality-neg-rgb.jpg-1024x724.jpg\" \/>\n<meta name=\"twitter:card\" content=\"summary_large_image\" \/>\n<meta name=\"twitter:label1\" content=\"Gesch\u00e4tzte Lesezeit\" \/>\n\t<meta name=\"twitter:data1\" content=\"1\u00a0Minute\" \/>\n<script type=\"application\/ld+json\" class=\"yoast-schema-graph\">{\"@context\":\"https:\/\/schema.org\",\"@graph\":[{\"@type\":\"WebPage\",\"@id\":\"https:\/\/www.zfe-gmbh.de\/fr\/qualitaet\/\",\"url\":\"https:\/\/www.zfe-gmbh.de\/fr\/qualitaet\/\",\"name\":\"QUALIT\u00c9 - ZFE GmbH FR\",\"isPartOf\":{\"@id\":\"https:\/\/www.zfe-gmbh.de\/fr\/#website\"},\"primaryImageOfPage\":{\"@id\":\"https:\/\/www.zfe-gmbh.de\/fr\/qualitaet\/#primaryimage\"},\"image\":{\"@id\":\"https:\/\/www.zfe-gmbh.de\/fr\/qualitaet\/#primaryimage\"},\"thumbnailUrl\":\"http:\/\/zfe-gmbh.de\/wp-content\/uploads\/sites\/9\/2015\/02\/ZFE-quality-neg-rgb.jpg-1024x724.jpg\",\"datePublished\":\"2015-02-16T21:05:09+00:00\",\"dateModified\":\"2019-02-06T09:30:48+00:00\",\"breadcrumb\":{\"@id\":\"https:\/\/www.zfe-gmbh.de\/fr\/qualitaet\/#breadcrumb\"},\"inLanguage\":\"de\",\"potentialAction\":[{\"@type\":\"ReadAction\",\"target\":[\"https:\/\/www.zfe-gmbh.de\/fr\/qualitaet\/\"]}]},{\"@type\":\"ImageObject\",\"inLanguage\":\"de\",\"@id\":\"https:\/\/www.zfe-gmbh.de\/fr\/qualitaet\/#primaryimage\",\"url\":\"http:\/\/zfe-gmbh.de\/wp-content\/uploads\/sites\/9\/2015\/02\/ZFE-quality-neg-rgb.jpg-1024x724.jpg\",\"contentUrl\":\"http:\/\/zfe-gmbh.de\/wp-content\/uploads\/sites\/9\/2015\/02\/ZFE-quality-neg-rgb.jpg-1024x724.jpg\"},{\"@type\":\"BreadcrumbList\",\"@id\":\"https:\/\/www.zfe-gmbh.de\/fr\/qualitaet\/#breadcrumb\",\"itemListElement\":[{\"@type\":\"ListItem\",\"position\":1,\"name\":\"Home\",\"item\":\"https:\/\/www.zfe-gmbh.de\/fr\/\"},{\"@type\":\"ListItem\",\"position\":2,\"name\":\"QUALIT\u00c9\"}]},{\"@type\":\"WebSite\",\"@id\":\"https:\/\/www.zfe-gmbh.de\/fr\/#website\",\"url\":\"https:\/\/www.zfe-gmbh.de\/fr\/\",\"name\":\"ZFE GmbH FR\",\"description\":\"better buckets\",\"potentialAction\":[{\"@type\":\"SearchAction\",\"target\":{\"@type\":\"EntryPoint\",\"urlTemplate\":\"https:\/\/www.zfe-gmbh.de\/fr\/?s={search_term_string}\"},\"query-input\":{\"@type\":\"PropertyValueSpecification\",\"valueRequired\":true,\"valueName\":\"search_term_string\"}}],\"inLanguage\":\"de\"}]}<\/script>\n<!-- \/ Yoast SEO plugin. -->","yoast_head_json":{"title":"QUALIT\u00c9 - ZFE GmbH FR","robots":{"index":"index","follow":"follow","max-snippet":"max-snippet:-1","max-image-preview":"max-image-preview:large","max-video-preview":"max-video-preview:-1"},"canonical":"https:\/\/www.zfe-gmbh.de\/fr\/qualitaet\/","og_locale":"de_DE","og_type":"article","og_title":"QUALIT\u00c9 - ZFE GmbH FR","og_description":"ZFE est synonyme de qualit\u00e9 stable et mesurable tout au long de la cha\u00eene d\u2019op\u00e9rations, des pi\u00e8ces oxycoup\u00e9es jusqu\u2019au godet [&hellip;]","og_url":"https:\/\/www.zfe-gmbh.de\/fr\/qualitaet\/","og_site_name":"ZFE GmbH FR","article_modified_time":"2019-02-06T09:30:48+00:00","og_image":[{"url":"http:\/\/zfe-gmbh.de\/wp-content\/uploads\/sites\/9\/2015\/02\/ZFE-quality-neg-rgb.jpg-1024x724.jpg","type":"","width":"","height":""}],"twitter_card":"summary_large_image","twitter_misc":{"Gesch\u00e4tzte Lesezeit":"1\u00a0Minute"},"schema":{"@context":"https:\/\/schema.org","@graph":[{"@type":"WebPage","@id":"https:\/\/www.zfe-gmbh.de\/fr\/qualitaet\/","url":"https:\/\/www.zfe-gmbh.de\/fr\/qualitaet\/","name":"QUALIT\u00c9 - ZFE GmbH FR","isPartOf":{"@id":"https:\/\/www.zfe-gmbh.de\/fr\/#website"},"primaryImageOfPage":{"@id":"https:\/\/www.zfe-gmbh.de\/fr\/qualitaet\/#primaryimage"},"image":{"@id":"https:\/\/www.zfe-gmbh.de\/fr\/qualitaet\/#primaryimage"},"thumbnailUrl":"http:\/\/zfe-gmbh.de\/wp-content\/uploads\/sites\/9\/2015\/02\/ZFE-quality-neg-rgb.jpg-1024x724.jpg","datePublished":"2015-02-16T21:05:09+00:00","dateModified":"2019-02-06T09:30:48+00:00","breadcrumb":{"@id":"https:\/\/www.zfe-gmbh.de\/fr\/qualitaet\/#breadcrumb"},"inLanguage":"de","potentialAction":[{"@type":"ReadAction","target":["https:\/\/www.zfe-gmbh.de\/fr\/qualitaet\/"]}]},{"@type":"ImageObject","inLanguage":"de","@id":"https:\/\/www.zfe-gmbh.de\/fr\/qualitaet\/#primaryimage","url":"http:\/\/zfe-gmbh.de\/wp-content\/uploads\/sites\/9\/2015\/02\/ZFE-quality-neg-rgb.jpg-1024x724.jpg","contentUrl":"http:\/\/zfe-gmbh.de\/wp-content\/uploads\/sites\/9\/2015\/02\/ZFE-quality-neg-rgb.jpg-1024x724.jpg"},{"@type":"BreadcrumbList","@id":"https:\/\/www.zfe-gmbh.de\/fr\/qualitaet\/#breadcrumb","itemListElement":[{"@type":"ListItem","position":1,"name":"Home","item":"https:\/\/www.zfe-gmbh.de\/fr\/"},{"@type":"ListItem","position":2,"name":"QUALIT\u00c9"}]},{"@type":"WebSite","@id":"https:\/\/www.zfe-gmbh.de\/fr\/#website","url":"https:\/\/www.zfe-gmbh.de\/fr\/","name":"ZFE GmbH FR","description":"better buckets","potentialAction":[{"@type":"SearchAction","target":{"@type":"EntryPoint","urlTemplate":"https:\/\/www.zfe-gmbh.de\/fr\/?s={search_term_string}"},"query-input":{"@type":"PropertyValueSpecification","valueRequired":true,"valueName":"search_term_string"}}],"inLanguage":"de"}]}},"_links":{"self":[{"href":"https:\/\/www.zfe-gmbh.de\/fr\/wp-json\/wp\/v2\/pages\/35"}],"collection":[{"href":"https:\/\/www.zfe-gmbh.de\/fr\/wp-json\/wp\/v2\/pages"}],"about":[{"href":"https:\/\/www.zfe-gmbh.de\/fr\/wp-json\/wp\/v2\/types\/page"}],"author":[{"embeddable":true,"href":"https:\/\/www.zfe-gmbh.de\/fr\/wp-json\/wp\/v2\/users\/1"}],"replies":[{"embeddable":true,"href":"https:\/\/www.zfe-gmbh.de\/fr\/wp-json\/wp\/v2\/comments?post=35"}],"version-history":[{"count":14,"href":"https:\/\/www.zfe-gmbh.de\/fr\/wp-json\/wp\/v2\/pages\/35\/revisions"}],"predecessor-version":[{"id":1204,"href":"https:\/\/www.zfe-gmbh.de\/fr\/wp-json\/wp\/v2\/pages\/35\/revisions\/1204"}],"wp:attachment":[{"href":"https:\/\/www.zfe-gmbh.de\/fr\/wp-json\/wp\/v2\/media?parent=35"}],"curies":[{"name":"wp","href":"https:\/\/api.w.org\/{rel}","templated":true}]}}