{"id":41,"date":"2015-02-16T22:06:20","date_gmt":"2015-02-16T21:06:20","guid":{"rendered":"http:\/\/zfe-gmbh.de\/?page_id=41"},"modified":"2017-08-02T10:32:11","modified_gmt":"2017-08-02T08:32:11","slug":"regeneration","status":"publish","type":"page","link":"https:\/\/www.zfe-gmbh.de\/fr\/regeneration\/","title":{"rendered":"R\u00c9G\u00c9N\u00c9RATION"},"content":{"rendered":"<p><a href=\"http:\/\/zfe-gmbh.de\/wp-content\/uploads\/sites\/9\/2015\/02\/Regenaration-Tiefl\u00f6ffel.jpg\"><img loading=\"lazy\" decoding=\"async\" class=\"aligncenter size-large wp-image-569\" src=\"http:\/\/zfe-gmbh.de\/wp-content\/uploads\/sites\/9\/2015\/02\/Regenaration-Tiefl\u00f6ffel-1024x768.jpg\" alt=\"Regenaration Tiefl\u00f6ffel\" width=\"745\" height=\"559\" srcset=\"https:\/\/www.zfe-gmbh.de\/fr\/wp-content\/uploads\/sites\/9\/2015\/02\/Regenaration-Tiefl\u00f6ffel-1024x768.jpg 1024w, https:\/\/www.zfe-gmbh.de\/fr\/wp-content\/uploads\/sites\/9\/2015\/02\/Regenaration-Tiefl\u00f6ffel-300x225.jpg 300w, https:\/\/www.zfe-gmbh.de\/fr\/wp-content\/uploads\/sites\/9\/2015\/02\/Regenaration-Tiefl\u00f6ffel-745x559.jpg 745w, https:\/\/www.zfe-gmbh.de\/fr\/wp-content\/uploads\/sites\/9\/2015\/02\/Regenaration-Tiefl\u00f6ffel.jpg 1250w\" sizes=\"(max-width: 745px) 100vw, 745px\" \/><\/a><\/p>\n<p><strong>Mieux que du neuf \u2013 godet, godet de curage \u2026<\/strong><\/p>\n<p>Nous donnons une nouvelle vie \u00e0 vos godets de curage, godets \u00e0 d\u00e9versement, godets chargeurs, grappins multiprises, grappin de d\u00e9molition et grappin de tri. Que ce soit pour pallier \u00e0 des apparitions de traces d\u2019usures, ou des dommages de rupture ou pour des travaux urgents de blindage, d\u2019al\u00e9sage ou de remplacement de modules int\u00e9graux, les accessoires de vos machines de chantiers b\u00e9n\u00e9ficient d\u2019une deuxi\u00e8me vie.<\/p>\n<p>En notre qualit\u00e9 d\u2019experts des plaques d\u2019usure HARDOX, nous disposons du savoir-faire en mati\u00e8re de traitement et de maniement du HARDOX et nous sommes en mesure d\u2019incorporer des plaques d\u2019usure \u00e0 base de HARDOX dans des zones particuli\u00e8rement sensibles.<br \/>\n<a href=\"http:\/\/zfe-gmbh.de\/wp-content\/uploads\/sites\/9\/2015\/02\/Regenaration-Tiefl\u00f6ffel-Heavy-Duty.jpg\"><img loading=\"lazy\" decoding=\"async\" class=\"aligncenter size-large wp-image-570\" src=\"http:\/\/zfe-gmbh.de\/wp-content\/uploads\/sites\/9\/2015\/02\/Regenaration-Tiefl\u00f6ffel-Heavy-Duty-1024x768.jpg\" alt=\"Regenaration Tiefl\u00f6ffel Heavy Duty\" width=\"745\" height=\"559\" srcset=\"https:\/\/www.zfe-gmbh.de\/fr\/wp-content\/uploads\/sites\/9\/2015\/02\/Regenaration-Tiefl\u00f6ffel-Heavy-Duty-1024x768.jpg 1024w, https:\/\/www.zfe-gmbh.de\/fr\/wp-content\/uploads\/sites\/9\/2015\/02\/Regenaration-Tiefl\u00f6ffel-Heavy-Duty-300x225.jpg 300w, https:\/\/www.zfe-gmbh.de\/fr\/wp-content\/uploads\/sites\/9\/2015\/02\/Regenaration-Tiefl\u00f6ffel-Heavy-Duty-745x559.jpg 745w, https:\/\/www.zfe-gmbh.de\/fr\/wp-content\/uploads\/sites\/9\/2015\/02\/Regenaration-Tiefl\u00f6ffel-Heavy-Duty.jpg 1250w\" sizes=\"(max-width: 745px) 100vw, 745px\" \/><\/a><\/p>\n<p>R\u00e9g\u00e9n\u00e9ration de godets lourds l\u2019utilisation du HARDOX multiplie par trois la dur\u00e9e de vie des godets d\u00e9fonceurs, godets pivotants, godets de tri, bennes standards, godets de drainage, godets \u00e0 d\u00e9versement, godets de d\u00e9molition, grappins multiprise, etc. Si votre appareil requiert un nouveau syst\u00e8me de mesure, vous \u00eates d\u00e9j\u00e0 \u00e0 la bonne adresse.<\/p>\n<p>Pour garantir des manoeuvres plus puissantes et pr\u00e9cises, \u00e9quipez vos appareils avec les nouvelles lames trap\u00e9zo\u00efdales, pointues ou boulonn\u00e9es et les profil\u00e9s sp\u00e9ciaux, profil\u00e9 de traverse, lames niveleuses et bandes d\u2019usure. Acier d\u2019usure en HB 400, HB 500 ou Brinell 280 ou en HARDOX. \u00c9galement disponible en dimensions et formes sp\u00e9ciales.<\/p>\n<p>Il en va de m\u00eame de vos outils du quotidien lorsque de nouveaux syst\u00e8mes de denture sont requis. Nous fournissons des dents standard, de longues dents HD, des dents de chargement abrasives ou des dents de chargement simples, des dents fendeuses, une dent de p\u00e9n\u00e9tration, \u00a0une dent de p\u00e9n\u00e9tration, dents rocheuses avec pointe ou double pointe. Vous pouvez \u00e9galement compter sur nous si vous voulez \u00e9quiper d\u2019un syst\u00e8me de denture ESCO Ultralok vos godets, godets rocheux, godets roches, et bennes preneuses, etc. Idem, si vous recherchez des dents compatibles CAT, Bofors et UNIZ-Z ou UNI-Z 2000.<br \/>\n<a href=\"http:\/\/zfe-gmbh.de\/wp-content\/uploads\/sites\/9\/2015\/02\/Regenaration-Felstiefl\u00f6ffel-Heavy-Duty.jpg\"><img loading=\"lazy\" decoding=\"async\" class=\"aligncenter size-large wp-image-571\" src=\"http:\/\/zfe-gmbh.de\/wp-content\/uploads\/sites\/9\/2015\/02\/Regenaration-Felstiefl\u00f6ffel-Heavy-Duty-1024x768.jpg\" alt=\"Regenaration Felstiefl\u00f6ffel Heavy Duty\" width=\"745\" height=\"559\" srcset=\"https:\/\/www.zfe-gmbh.de\/fr\/wp-content\/uploads\/sites\/9\/2015\/02\/Regenaration-Felstiefl\u00f6ffel-Heavy-Duty-1024x768.jpg 1024w, https:\/\/www.zfe-gmbh.de\/fr\/wp-content\/uploads\/sites\/9\/2015\/02\/Regenaration-Felstiefl\u00f6ffel-Heavy-Duty-300x225.jpg 300w, https:\/\/www.zfe-gmbh.de\/fr\/wp-content\/uploads\/sites\/9\/2015\/02\/Regenaration-Felstiefl\u00f6ffel-Heavy-Duty-745x559.jpg 745w, https:\/\/www.zfe-gmbh.de\/fr\/wp-content\/uploads\/sites\/9\/2015\/02\/Regenaration-Felstiefl\u00f6ffel-Heavy-Duty.jpg 1250w\" sizes=\"(max-width: 745px) 100vw, 745px\" \/><\/a><\/p>\n<p>R\u00e9g\u00e9n\u00e9ration de godets roche lourds Mettez-nous au d\u00e9fi et donnez \u00e0 vos outils une deuxi\u00e8me vie. Vous serez bluff\u00e9s, car apr\u00e8s un s\u00e9jour de r\u00e9g\u00e9n\u00e9ration chez HS-Schoch, vos bennes tra\u00eenantes, godets trap\u00e9zo\u00efdaux Roderechen, godets tunnel retrouveront leur lustre d\u2019antan.<\/p>\n<p>&nbsp;<\/p>\n<h4><strong>Pour toute question, n&#8217;h\u00e9sitez pas \u00e0 nous contacter:<\/strong><\/h4>\n<p><a href=\"http:\/\/zfe-gmbh.de\/wp-content\/uploads\/sites\/9\/2015\/02\/Katleen-Schmidt.jpg\"><img loading=\"lazy\" decoding=\"async\" class=\"alignleft size-full wp-image-299\" src=\"http:\/\/zfe-gmbh.de\/wp-content\/uploads\/sites\/9\/2015\/02\/Katleen-Schmidt.jpg\" alt=\"Exif_JPEG_PICTURE\" width=\"128\" height=\"128\" \/><\/a>Katleen Schmidt<br \/>\nService de ventes<br \/>\n+49 (0) 78 41 \/ 20 57 27<br \/>\n<a href=\"mailto:katleen.schmidt@zfe-gmbh.de?subject=\" target=\"{target}\">katleen.<\/a><\/p>\n<p>&nbsp;<\/p>\n","protected":false},"excerpt":{"rendered":"<p>Mieux que du neuf \u2013 godet, godet de curage \u2026 Nous donnons une nouvelle vie \u00e0 vos godets de curage, [&hellip;]<\/p>\n","protected":false},"author":1,"featured_media":0,"parent":0,"menu_order":50,"comment_status":"closed","ping_status":"closed","template":"","meta":{"footnotes":""},"class_list":["post-41","page","type-page","status-publish","hentry","no-featured-image"],"yoast_head":"<!-- This site is optimized with the Yoast SEO plugin v24.4 - https:\/\/yoast.com\/wordpress\/plugins\/seo\/ -->\n<title>R\u00c9G\u00c9N\u00c9RATION - ZFE GmbH FR<\/title>\n<meta name=\"robots\" content=\"index, follow, max-snippet:-1, max-image-preview:large, max-video-preview:-1\" \/>\n<link rel=\"canonical\" href=\"https:\/\/www.zfe-gmbh.de\/fr\/regeneration\/\" \/>\n<meta property=\"og:locale\" content=\"de_DE\" \/>\n<meta property=\"og:type\" content=\"article\" \/>\n<meta property=\"og:title\" content=\"R\u00c9G\u00c9N\u00c9RATION - ZFE GmbH FR\" \/>\n<meta property=\"og:description\" content=\"Mieux que du neuf \u2013 godet, godet de curage \u2026 Nous donnons une nouvelle vie \u00e0 vos godets de curage, [&hellip;]\" \/>\n<meta property=\"og:url\" content=\"https:\/\/www.zfe-gmbh.de\/fr\/regeneration\/\" \/>\n<meta property=\"og:site_name\" content=\"ZFE GmbH FR\" \/>\n<meta property=\"article:modified_time\" content=\"2017-08-02T08:32:11+00:00\" \/>\n<meta property=\"og:image\" content=\"http:\/\/zfe-gmbh.de\/wp-content\/uploads\/sites\/9\/2015\/02\/Katleen-Schmidt.jpg\" \/>\n<meta name=\"twitter:card\" content=\"summary_large_image\" \/>\n<meta name=\"twitter:label1\" content=\"Gesch\u00e4tzte Lesezeit\" \/>\n\t<meta name=\"twitter:data1\" content=\"2\u00a0Minuten\" \/>\n<script type=\"application\/ld+json\" class=\"yoast-schema-graph\">{\"@context\":\"https:\/\/schema.org\",\"@graph\":[{\"@type\":\"WebPage\",\"@id\":\"https:\/\/www.zfe-gmbh.de\/fr\/regeneration\/\",\"url\":\"https:\/\/www.zfe-gmbh.de\/fr\/regeneration\/\",\"name\":\"R\u00c9G\u00c9N\u00c9RATION - ZFE GmbH FR\",\"isPartOf\":{\"@id\":\"https:\/\/www.zfe-gmbh.de\/fr\/#website\"},\"primaryImageOfPage\":{\"@id\":\"https:\/\/www.zfe-gmbh.de\/fr\/regeneration\/#primaryimage\"},\"image\":{\"@id\":\"https:\/\/www.zfe-gmbh.de\/fr\/regeneration\/#primaryimage\"},\"thumbnailUrl\":\"http:\/\/zfe-gmbh.de\/wp-content\/uploads\/sites\/9\/2015\/02\/Katleen-Schmidt.jpg\",\"datePublished\":\"2015-02-16T21:06:20+00:00\",\"dateModified\":\"2017-08-02T08:32:11+00:00\",\"breadcrumb\":{\"@id\":\"https:\/\/www.zfe-gmbh.de\/fr\/regeneration\/#breadcrumb\"},\"inLanguage\":\"de\",\"potentialAction\":[{\"@type\":\"ReadAction\",\"target\":[\"https:\/\/www.zfe-gmbh.de\/fr\/regeneration\/\"]}]},{\"@type\":\"ImageObject\",\"inLanguage\":\"de\",\"@id\":\"https:\/\/www.zfe-gmbh.de\/fr\/regeneration\/#primaryimage\",\"url\":\"http:\/\/zfe-gmbh.de\/wp-content\/uploads\/sites\/9\/2015\/02\/Katleen-Schmidt.jpg\",\"contentUrl\":\"http:\/\/zfe-gmbh.de\/wp-content\/uploads\/sites\/9\/2015\/02\/Katleen-Schmidt.jpg\"},{\"@type\":\"BreadcrumbList\",\"@id\":\"https:\/\/www.zfe-gmbh.de\/fr\/regeneration\/#breadcrumb\",\"itemListElement\":[{\"@type\":\"ListItem\",\"position\":1,\"name\":\"Home\",\"item\":\"https:\/\/www.zfe-gmbh.de\/fr\/\"},{\"@type\":\"ListItem\",\"position\":2,\"name\":\"R\u00c9G\u00c9N\u00c9RATION\"}]},{\"@type\":\"WebSite\",\"@id\":\"https:\/\/www.zfe-gmbh.de\/fr\/#website\",\"url\":\"https:\/\/www.zfe-gmbh.de\/fr\/\",\"name\":\"ZFE GmbH FR\",\"description\":\"better buckets\",\"potentialAction\":[{\"@type\":\"SearchAction\",\"target\":{\"@type\":\"EntryPoint\",\"urlTemplate\":\"https:\/\/www.zfe-gmbh.de\/fr\/?s={search_term_string}\"},\"query-input\":{\"@type\":\"PropertyValueSpecification\",\"valueRequired\":true,\"valueName\":\"search_term_string\"}}],\"inLanguage\":\"de\"}]}<\/script>\n<!-- \/ Yoast SEO plugin. -->","yoast_head_json":{"title":"R\u00c9G\u00c9N\u00c9RATION - ZFE GmbH FR","robots":{"index":"index","follow":"follow","max-snippet":"max-snippet:-1","max-image-preview":"max-image-preview:large","max-video-preview":"max-video-preview:-1"},"canonical":"https:\/\/www.zfe-gmbh.de\/fr\/regeneration\/","og_locale":"de_DE","og_type":"article","og_title":"R\u00c9G\u00c9N\u00c9RATION - ZFE GmbH FR","og_description":"Mieux que du neuf \u2013 godet, godet de curage \u2026 Nous donnons une nouvelle vie \u00e0 vos godets de curage, [&hellip;]","og_url":"https:\/\/www.zfe-gmbh.de\/fr\/regeneration\/","og_site_name":"ZFE GmbH FR","article_modified_time":"2017-08-02T08:32:11+00:00","og_image":[{"url":"http:\/\/zfe-gmbh.de\/wp-content\/uploads\/sites\/9\/2015\/02\/Katleen-Schmidt.jpg","type":"","width":"","height":""}],"twitter_card":"summary_large_image","twitter_misc":{"Gesch\u00e4tzte Lesezeit":"2\u00a0Minuten"},"schema":{"@context":"https:\/\/schema.org","@graph":[{"@type":"WebPage","@id":"https:\/\/www.zfe-gmbh.de\/fr\/regeneration\/","url":"https:\/\/www.zfe-gmbh.de\/fr\/regeneration\/","name":"R\u00c9G\u00c9N\u00c9RATION - ZFE GmbH FR","isPartOf":{"@id":"https:\/\/www.zfe-gmbh.de\/fr\/#website"},"primaryImageOfPage":{"@id":"https:\/\/www.zfe-gmbh.de\/fr\/regeneration\/#primaryimage"},"image":{"@id":"https:\/\/www.zfe-gmbh.de\/fr\/regeneration\/#primaryimage"},"thumbnailUrl":"http:\/\/zfe-gmbh.de\/wp-content\/uploads\/sites\/9\/2015\/02\/Katleen-Schmidt.jpg","datePublished":"2015-02-16T21:06:20+00:00","dateModified":"2017-08-02T08:32:11+00:00","breadcrumb":{"@id":"https:\/\/www.zfe-gmbh.de\/fr\/regeneration\/#breadcrumb"},"inLanguage":"de","potentialAction":[{"@type":"ReadAction","target":["https:\/\/www.zfe-gmbh.de\/fr\/regeneration\/"]}]},{"@type":"ImageObject","inLanguage":"de","@id":"https:\/\/www.zfe-gmbh.de\/fr\/regeneration\/#primaryimage","url":"http:\/\/zfe-gmbh.de\/wp-content\/uploads\/sites\/9\/2015\/02\/Katleen-Schmidt.jpg","contentUrl":"http:\/\/zfe-gmbh.de\/wp-content\/uploads\/sites\/9\/2015\/02\/Katleen-Schmidt.jpg"},{"@type":"BreadcrumbList","@id":"https:\/\/www.zfe-gmbh.de\/fr\/regeneration\/#breadcrumb","itemListElement":[{"@type":"ListItem","position":1,"name":"Home","item":"https:\/\/www.zfe-gmbh.de\/fr\/"},{"@type":"ListItem","position":2,"name":"R\u00c9G\u00c9N\u00c9RATION"}]},{"@type":"WebSite","@id":"https:\/\/www.zfe-gmbh.de\/fr\/#website","url":"https:\/\/www.zfe-gmbh.de\/fr\/","name":"ZFE GmbH FR","description":"better buckets","potentialAction":[{"@type":"SearchAction","target":{"@type":"EntryPoint","urlTemplate":"https:\/\/www.zfe-gmbh.de\/fr\/?s={search_term_string}"},"query-input":{"@type":"PropertyValueSpecification","valueRequired":true,"valueName":"search_term_string"}}],"inLanguage":"de"}]}},"_links":{"self":[{"href":"https:\/\/www.zfe-gmbh.de\/fr\/wp-json\/wp\/v2\/pages\/41"}],"collection":[{"href":"https:\/\/www.zfe-gmbh.de\/fr\/wp-json\/wp\/v2\/pages"}],"about":[{"href":"https:\/\/www.zfe-gmbh.de\/fr\/wp-json\/wp\/v2\/types\/page"}],"author":[{"embeddable":true,"href":"https:\/\/www.zfe-gmbh.de\/fr\/wp-json\/wp\/v2\/users\/1"}],"replies":[{"embeddable":true,"href":"https:\/\/www.zfe-gmbh.de\/fr\/wp-json\/wp\/v2\/comments?post=41"}],"version-history":[{"count":6,"href":"https:\/\/www.zfe-gmbh.de\/fr\/wp-json\/wp\/v2\/pages\/41\/revisions"}],"predecessor-version":[{"id":1327,"href":"https:\/\/www.zfe-gmbh.de\/fr\/wp-json\/wp\/v2\/pages\/41\/revisions\/1327"}],"wp:attachment":[{"href":"https:\/\/www.zfe-gmbh.de\/fr\/wp-json\/wp\/v2\/media?parent=41"}],"curies":[{"name":"wp","href":"https:\/\/api.w.org\/{rel}","templated":true}]}}