{"id":61,"date":"2015-02-16T22:10:54","date_gmt":"2015-02-16T21:10:54","guid":{"rendered":"http:\/\/zfe-gmbh.de\/?page_id=61"},"modified":"2016-01-25T08:34:57","modified_gmt":"2016-01-25T07:34:57","slug":"outillage-personnalisee-et-charges-speciales","status":"publish","type":"page","link":"https:\/\/www.zfe-gmbh.de\/fr\/produkte\/systemes-de-stockage-et-de-transport\/outillage-personnalisee-et-charges-speciales\/","title":{"rendered":"Outillage personnalis\u00e9e et charges sp\u00e9ciales"},"content":{"rendered":"<h4><a href=\"http:\/\/zfe-gmbh.de\/wp-content\/uploads\/sites\/9\/2015\/02\/Werkzeug-und-Sonderkaesten.jpg\"><img loading=\"lazy\" decoding=\"async\" class=\"aligncenter wp-image-564 size-large\" src=\"http:\/\/zfe-gmbh.de\/fr\/wp-content\/uploads\/sites\/9\/2015\/02\/Werkzeug-und-Sonderkaesten-1024x768.jpg\" alt=\"Outillage personnalis\u00e9e et charges sp\u00e9ciales\" width=\"745\" height=\"559\" srcset=\"https:\/\/www.zfe-gmbh.de\/fr\/wp-content\/uploads\/sites\/9\/2015\/02\/Werkzeug-und-Sonderkaesten-1024x768.jpg 1024w, https:\/\/www.zfe-gmbh.de\/fr\/wp-content\/uploads\/sites\/9\/2015\/02\/Werkzeug-und-Sonderkaesten-300x225.jpg 300w, https:\/\/www.zfe-gmbh.de\/fr\/wp-content\/uploads\/sites\/9\/2015\/02\/Werkzeug-und-Sonderkaesten-745x559.jpg 745w, https:\/\/www.zfe-gmbh.de\/fr\/wp-content\/uploads\/sites\/9\/2015\/02\/Werkzeug-und-Sonderkaesten.jpg 1250w\" sizes=\"(max-width: 745px) 100vw, 745px\" \/><\/a><br \/>\nOutillage personnalis\u00e9e et charges sp\u00e9ciales<\/h4>\n<ul>\n<li>Solutions pour vos besoins &#8211; Nous fabriquons selon vos sp\u00e9cifications<\/li>\n<li>Qu&#8217;il s&#8217;agisse d&#8217;une simple boite a outils, d&#8217;une boite frontale ou encore l&#8217;entreposage de chariots elevateurs, etc&#8230;<\/li>\n<li>Qu&#8217;il s&#8217;agisse de tole epaisse de 1 \/ 2 \/ 3 \/ 4 mm<\/li>\n<li>Revetue KTL et par poudrage ou seulement ou tout simplement ziguee<\/li>\n<li>Avec ou sans cadre<\/li>\n<li>Diverses variantes de suspension<\/li>\n<li>Sur ou sous la benne<\/li>\n<li>Avec serrure de poignee, cadenas ou loqueteau a quatre pans<\/li>\n<li>Ou une simple fermeture de caisse a outils<\/li>\n<li>Nous mettons vos exigences en oeuvre \u2013 dites-nous ce que nous pouvons faire pour vous.<\/li>\n<\/ul>\n<p><a href=\"http:\/\/zfe-gmbh.de\/wp-content\/uploads\/sites\/9\/2015\/02\/Werkzeug-und-Sonderkaesten-Trailer.jpg\"><img loading=\"lazy\" decoding=\"async\" class=\"aligncenter wp-image-565 size-large\" src=\"http:\/\/zfe-gmbh.de\/fr\/wp-content\/uploads\/sites\/9\/2015\/02\/Werkzeug-und-Sonderkaesten-Trailer-1024x768.jpg\" alt=\"Outillage personnalis\u00e9e et charges sp\u00e9ciales\" width=\"745\" height=\"559\" srcset=\"https:\/\/www.zfe-gmbh.de\/fr\/wp-content\/uploads\/sites\/9\/2015\/02\/Werkzeug-und-Sonderkaesten-Trailer-1024x768.jpg 1024w, https:\/\/www.zfe-gmbh.de\/fr\/wp-content\/uploads\/sites\/9\/2015\/02\/Werkzeug-und-Sonderkaesten-Trailer-300x225.jpg 300w, https:\/\/www.zfe-gmbh.de\/fr\/wp-content\/uploads\/sites\/9\/2015\/02\/Werkzeug-und-Sonderkaesten-Trailer-745x559.jpg 745w, https:\/\/www.zfe-gmbh.de\/fr\/wp-content\/uploads\/sites\/9\/2015\/02\/Werkzeug-und-Sonderkaesten-Trailer.jpg 1250w\" sizes=\"(max-width: 745px) 100vw, 745px\" \/><\/a><\/p>\n<p><strong>Nous mettons vos exigences en oeuvre \u2013<br \/>\n<\/strong><strong>dites-nous ce que nous pouvons faire pour vous.<\/strong><\/p>\n<p>&nbsp;<\/p>\n<p><strong>Pour toute question, n&#8217;h\u00e9sitez pas \u00e0 nous contacter.\u00a0:<\/strong><\/p>\n<p>Dietmar Beuther<br \/>\n+49 (0) 7363 \/ 96 09 12<br \/>\n<a href=\"mailto:d.beuther@hs-schoch.de?subject=\" target=\"{target}\">d.beuther@hs-schoch.de<\/a><\/p>\n<h4><\/h4>\n<p>&nbsp;<\/p>\n","protected":false},"excerpt":{"rendered":"<p>Outillage personnalis\u00e9e et charges sp\u00e9ciales Solutions pour vos besoins &#8211; Nous fabriquons selon vos sp\u00e9cifications Qu&#8217;il s&#8217;agisse d&#8217;une simple boite [&hellip;]<\/p>\n","protected":false},"author":1,"featured_media":0,"parent":59,"menu_order":10,"comment_status":"closed","ping_status":"closed","template":"","meta":{"footnotes":""},"class_list":["post-61","page","type-page","status-publish","hentry","no-featured-image"],"yoast_head":"<!-- This site is optimized with the Yoast SEO plugin v24.4 - https:\/\/yoast.com\/wordpress\/plugins\/seo\/ -->\n<title>Outillage personnalis\u00e9e et charges sp\u00e9ciales - ZFE GmbH FR<\/title>\n<meta name=\"robots\" content=\"index, follow, max-snippet:-1, max-image-preview:large, max-video-preview:-1\" \/>\n<link rel=\"canonical\" href=\"https:\/\/www.zfe-gmbh.de\/fr\/produkte\/systemes-de-stockage-et-de-transport\/outillage-personnalisee-et-charges-speciales\/\" \/>\n<meta property=\"og:locale\" content=\"de_DE\" \/>\n<meta property=\"og:type\" content=\"article\" \/>\n<meta property=\"og:title\" content=\"Outillage personnalis\u00e9e et charges sp\u00e9ciales - ZFE GmbH FR\" \/>\n<meta property=\"og:description\" content=\"Outillage personnalis\u00e9e et charges sp\u00e9ciales Solutions pour vos besoins &#8211; Nous fabriquons selon vos sp\u00e9cifications Qu&#8217;il s&#8217;agisse d&#8217;une simple boite [&hellip;]\" \/>\n<meta property=\"og:url\" content=\"https:\/\/www.zfe-gmbh.de\/fr\/produkte\/systemes-de-stockage-et-de-transport\/outillage-personnalisee-et-charges-speciales\/\" \/>\n<meta property=\"og:site_name\" content=\"ZFE GmbH FR\" \/>\n<meta property=\"article:modified_time\" content=\"2016-01-25T07:34:57+00:00\" \/>\n<meta property=\"og:image\" content=\"http:\/\/zfe-gmbh.de\/fr\/wp-content\/uploads\/sites\/9\/2015\/02\/Werkzeug-und-Sonderkaesten-1024x768.jpg\" \/>\n<meta name=\"twitter:card\" content=\"summary_large_image\" \/>\n<meta name=\"twitter:label1\" content=\"Gesch\u00e4tzte Lesezeit\" \/>\n\t<meta name=\"twitter:data1\" content=\"1\u00a0Minute\" \/>\n<script type=\"application\/ld+json\" class=\"yoast-schema-graph\">{\"@context\":\"https:\/\/schema.org\",\"@graph\":[{\"@type\":\"WebPage\",\"@id\":\"https:\/\/www.zfe-gmbh.de\/fr\/produkte\/systemes-de-stockage-et-de-transport\/outillage-personnalisee-et-charges-speciales\/\",\"url\":\"https:\/\/www.zfe-gmbh.de\/fr\/produkte\/systemes-de-stockage-et-de-transport\/outillage-personnalisee-et-charges-speciales\/\",\"name\":\"Outillage personnalis\u00e9e et charges sp\u00e9ciales - ZFE GmbH FR\",\"isPartOf\":{\"@id\":\"https:\/\/www.zfe-gmbh.de\/fr\/#website\"},\"primaryImageOfPage\":{\"@id\":\"https:\/\/www.zfe-gmbh.de\/fr\/produkte\/systemes-de-stockage-et-de-transport\/outillage-personnalisee-et-charges-speciales\/#primaryimage\"},\"image\":{\"@id\":\"https:\/\/www.zfe-gmbh.de\/fr\/produkte\/systemes-de-stockage-et-de-transport\/outillage-personnalisee-et-charges-speciales\/#primaryimage\"},\"thumbnailUrl\":\"http:\/\/zfe-gmbh.de\/fr\/wp-content\/uploads\/sites\/9\/2015\/02\/Werkzeug-und-Sonderkaesten-1024x768.jpg\",\"datePublished\":\"2015-02-16T21:10:54+00:00\",\"dateModified\":\"2016-01-25T07:34:57+00:00\",\"breadcrumb\":{\"@id\":\"https:\/\/www.zfe-gmbh.de\/fr\/produkte\/systemes-de-stockage-et-de-transport\/outillage-personnalisee-et-charges-speciales\/#breadcrumb\"},\"inLanguage\":\"de\",\"potentialAction\":[{\"@type\":\"ReadAction\",\"target\":[\"https:\/\/www.zfe-gmbh.de\/fr\/produkte\/systemes-de-stockage-et-de-transport\/outillage-personnalisee-et-charges-speciales\/\"]}]},{\"@type\":\"ImageObject\",\"inLanguage\":\"de\",\"@id\":\"https:\/\/www.zfe-gmbh.de\/fr\/produkte\/systemes-de-stockage-et-de-transport\/outillage-personnalisee-et-charges-speciales\/#primaryimage\",\"url\":\"http:\/\/zfe-gmbh.de\/fr\/wp-content\/uploads\/sites\/9\/2015\/02\/Werkzeug-und-Sonderkaesten-1024x768.jpg\",\"contentUrl\":\"http:\/\/zfe-gmbh.de\/fr\/wp-content\/uploads\/sites\/9\/2015\/02\/Werkzeug-und-Sonderkaesten-1024x768.jpg\"},{\"@type\":\"BreadcrumbList\",\"@id\":\"https:\/\/www.zfe-gmbh.de\/fr\/produkte\/systemes-de-stockage-et-de-transport\/outillage-personnalisee-et-charges-speciales\/#breadcrumb\",\"itemListElement\":[{\"@type\":\"ListItem\",\"position\":1,\"name\":\"Home\",\"item\":\"https:\/\/www.zfe-gmbh.de\/fr\/\"},{\"@type\":\"ListItem\",\"position\":2,\"name\":\"PRODUITS\",\"item\":\"https:\/\/www.zfe-gmbh.de\/fr\/produkte\/\"},{\"@type\":\"ListItem\",\"position\":3,\"name\":\"Syst\u00e8mes de stockage et de transport\",\"item\":\"https:\/\/www.zfe-gmbh.de\/fr\/produkte\/systemes-de-stockage-et-de-transport\/\"},{\"@type\":\"ListItem\",\"position\":4,\"name\":\"Outillage personnalis\u00e9e et charges sp\u00e9ciales\"}]},{\"@type\":\"WebSite\",\"@id\":\"https:\/\/www.zfe-gmbh.de\/fr\/#website\",\"url\":\"https:\/\/www.zfe-gmbh.de\/fr\/\",\"name\":\"ZFE GmbH FR\",\"description\":\"better buckets\",\"potentialAction\":[{\"@type\":\"SearchAction\",\"target\":{\"@type\":\"EntryPoint\",\"urlTemplate\":\"https:\/\/www.zfe-gmbh.de\/fr\/?s={search_term_string}\"},\"query-input\":{\"@type\":\"PropertyValueSpecification\",\"valueRequired\":true,\"valueName\":\"search_term_string\"}}],\"inLanguage\":\"de\"}]}<\/script>\n<!-- \/ Yoast SEO plugin. -->","yoast_head_json":{"title":"Outillage personnalis\u00e9e et charges sp\u00e9ciales - ZFE GmbH FR","robots":{"index":"index","follow":"follow","max-snippet":"max-snippet:-1","max-image-preview":"max-image-preview:large","max-video-preview":"max-video-preview:-1"},"canonical":"https:\/\/www.zfe-gmbh.de\/fr\/produkte\/systemes-de-stockage-et-de-transport\/outillage-personnalisee-et-charges-speciales\/","og_locale":"de_DE","og_type":"article","og_title":"Outillage personnalis\u00e9e et charges sp\u00e9ciales - ZFE GmbH FR","og_description":"Outillage personnalis\u00e9e et charges sp\u00e9ciales Solutions pour vos besoins &#8211; Nous fabriquons selon vos sp\u00e9cifications Qu&#8217;il s&#8217;agisse d&#8217;une simple boite [&hellip;]","og_url":"https:\/\/www.zfe-gmbh.de\/fr\/produkte\/systemes-de-stockage-et-de-transport\/outillage-personnalisee-et-charges-speciales\/","og_site_name":"ZFE GmbH FR","article_modified_time":"2016-01-25T07:34:57+00:00","og_image":[{"url":"http:\/\/zfe-gmbh.de\/fr\/wp-content\/uploads\/sites\/9\/2015\/02\/Werkzeug-und-Sonderkaesten-1024x768.jpg","type":"","width":"","height":""}],"twitter_card":"summary_large_image","twitter_misc":{"Gesch\u00e4tzte Lesezeit":"1\u00a0Minute"},"schema":{"@context":"https:\/\/schema.org","@graph":[{"@type":"WebPage","@id":"https:\/\/www.zfe-gmbh.de\/fr\/produkte\/systemes-de-stockage-et-de-transport\/outillage-personnalisee-et-charges-speciales\/","url":"https:\/\/www.zfe-gmbh.de\/fr\/produkte\/systemes-de-stockage-et-de-transport\/outillage-personnalisee-et-charges-speciales\/","name":"Outillage personnalis\u00e9e et charges sp\u00e9ciales - ZFE GmbH FR","isPartOf":{"@id":"https:\/\/www.zfe-gmbh.de\/fr\/#website"},"primaryImageOfPage":{"@id":"https:\/\/www.zfe-gmbh.de\/fr\/produkte\/systemes-de-stockage-et-de-transport\/outillage-personnalisee-et-charges-speciales\/#primaryimage"},"image":{"@id":"https:\/\/www.zfe-gmbh.de\/fr\/produkte\/systemes-de-stockage-et-de-transport\/outillage-personnalisee-et-charges-speciales\/#primaryimage"},"thumbnailUrl":"http:\/\/zfe-gmbh.de\/fr\/wp-content\/uploads\/sites\/9\/2015\/02\/Werkzeug-und-Sonderkaesten-1024x768.jpg","datePublished":"2015-02-16T21:10:54+00:00","dateModified":"2016-01-25T07:34:57+00:00","breadcrumb":{"@id":"https:\/\/www.zfe-gmbh.de\/fr\/produkte\/systemes-de-stockage-et-de-transport\/outillage-personnalisee-et-charges-speciales\/#breadcrumb"},"inLanguage":"de","potentialAction":[{"@type":"ReadAction","target":["https:\/\/www.zfe-gmbh.de\/fr\/produkte\/systemes-de-stockage-et-de-transport\/outillage-personnalisee-et-charges-speciales\/"]}]},{"@type":"ImageObject","inLanguage":"de","@id":"https:\/\/www.zfe-gmbh.de\/fr\/produkte\/systemes-de-stockage-et-de-transport\/outillage-personnalisee-et-charges-speciales\/#primaryimage","url":"http:\/\/zfe-gmbh.de\/fr\/wp-content\/uploads\/sites\/9\/2015\/02\/Werkzeug-und-Sonderkaesten-1024x768.jpg","contentUrl":"http:\/\/zfe-gmbh.de\/fr\/wp-content\/uploads\/sites\/9\/2015\/02\/Werkzeug-und-Sonderkaesten-1024x768.jpg"},{"@type":"BreadcrumbList","@id":"https:\/\/www.zfe-gmbh.de\/fr\/produkte\/systemes-de-stockage-et-de-transport\/outillage-personnalisee-et-charges-speciales\/#breadcrumb","itemListElement":[{"@type":"ListItem","position":1,"name":"Home","item":"https:\/\/www.zfe-gmbh.de\/fr\/"},{"@type":"ListItem","position":2,"name":"PRODUITS","item":"https:\/\/www.zfe-gmbh.de\/fr\/produkte\/"},{"@type":"ListItem","position":3,"name":"Syst\u00e8mes de stockage et de transport","item":"https:\/\/www.zfe-gmbh.de\/fr\/produkte\/systemes-de-stockage-et-de-transport\/"},{"@type":"ListItem","position":4,"name":"Outillage personnalis\u00e9e et charges sp\u00e9ciales"}]},{"@type":"WebSite","@id":"https:\/\/www.zfe-gmbh.de\/fr\/#website","url":"https:\/\/www.zfe-gmbh.de\/fr\/","name":"ZFE GmbH FR","description":"better buckets","potentialAction":[{"@type":"SearchAction","target":{"@type":"EntryPoint","urlTemplate":"https:\/\/www.zfe-gmbh.de\/fr\/?s={search_term_string}"},"query-input":{"@type":"PropertyValueSpecification","valueRequired":true,"valueName":"search_term_string"}}],"inLanguage":"de"}]}},"_links":{"self":[{"href":"https:\/\/www.zfe-gmbh.de\/fr\/wp-json\/wp\/v2\/pages\/61"}],"collection":[{"href":"https:\/\/www.zfe-gmbh.de\/fr\/wp-json\/wp\/v2\/pages"}],"about":[{"href":"https:\/\/www.zfe-gmbh.de\/fr\/wp-json\/wp\/v2\/types\/page"}],"author":[{"embeddable":true,"href":"https:\/\/www.zfe-gmbh.de\/fr\/wp-json\/wp\/v2\/users\/1"}],"replies":[{"embeddable":true,"href":"https:\/\/www.zfe-gmbh.de\/fr\/wp-json\/wp\/v2\/comments?post=61"}],"version-history":[{"count":9,"href":"https:\/\/www.zfe-gmbh.de\/fr\/wp-json\/wp\/v2\/pages\/61\/revisions"}],"predecessor-version":[{"id":1359,"href":"https:\/\/www.zfe-gmbh.de\/fr\/wp-json\/wp\/v2\/pages\/61\/revisions\/1359"}],"up":[{"embeddable":true,"href":"https:\/\/www.zfe-gmbh.de\/fr\/wp-json\/wp\/v2\/pages\/59"}],"wp:attachment":[{"href":"https:\/\/www.zfe-gmbh.de\/fr\/wp-json\/wp\/v2\/media?parent=61"}],"curies":[{"name":"wp","href":"https:\/\/api.w.org\/{rel}","templated":true}]}}