{"id":617,"date":"2015-03-13T13:57:40","date_gmt":"2015-03-13T12:57:40","guid":{"rendered":"http:\/\/zfe-gmbh.de\/?page_id=617"},"modified":"2016-02-22T11:04:28","modified_gmt":"2016-02-22T10:04:28","slug":"esco","status":"publish","type":"page","link":"https:\/\/www.zfe-gmbh.de\/fr\/esco\/","title":{"rendered":"ESCO"},"content":{"rendered":"<h2><strong>ESCO : syst\u00e8me de dents, boucliers de protection et plaques d&#8217;usure<\/strong><\/h2>\n<p>Depuis plus de 90 ans, ESCO produit du mat\u00e9riel r\u00e9sistants \u00e0 l&#8217;usure tels que des dentures, des boucliers de protection et plaque d&#8217;usure pour godets d&#8217;excavation, godets pivotants, godets de charge, godets roches, godets trap\u00e9zo\u00efdaux, godets tunnel, etc. Les produits ESCO s&#8217;utilisent dans les domaines des mines, de la construction, avec des \u00e9quipements de concassage, de dragage, de recyclage et de sylviculture.<\/p>\n<p><span style=\"color: #000000\"><a href=\"http:\/\/zfe-gmbh.de\/wp-content\/uploads\/sites\/9\/2015\/03\/ESCO-Verschleissschutz.jpg\"><img loading=\"lazy\" decoding=\"async\" class=\"aligncenter size-large wp-image-626\" src=\"http:\/\/zfe-gmbh.de\/wp-content\/uploads\/sites\/9\/2015\/03\/ESCO-Verschleissschutz-1024x395.jpg\" alt=\"ESCO Verschleissschutz\" width=\"745\" height=\"287\" srcset=\"https:\/\/www.zfe-gmbh.de\/fr\/wp-content\/uploads\/sites\/9\/2015\/03\/ESCO-Verschleissschutz-1024x395.jpg 1024w, https:\/\/www.zfe-gmbh.de\/fr\/wp-content\/uploads\/sites\/9\/2015\/03\/ESCO-Verschleissschutz-300x116.jpg 300w, https:\/\/www.zfe-gmbh.de\/fr\/wp-content\/uploads\/sites\/9\/2015\/03\/ESCO-Verschleissschutz-745x287.jpg 745w, https:\/\/www.zfe-gmbh.de\/fr\/wp-content\/uploads\/sites\/9\/2015\/03\/ESCO-Verschleissschutz.jpg 1250w\" sizes=\"(max-width: 745px) 100vw, 745px\" \/><\/a><strong><a title=\"ESCO Verschlei\u00dfschutz\" href=\"http:\/\/www.escocorp.com\/EN\/Pages\/default.aspx\">ESCO <\/a><\/strong><\/span>est l&#8217;un des leaders mondiaux de la fabrication d&#8217;appareils de terrassement et de pi\u00e8ces d&#8217;usure r\u00e9sistantes utilis\u00e9es dans les travaux miniers, le dragage et le recyclage. Fort de son savoir-faire technique et son expertise \u00e9lev\u00e9e en m\u00e9tallurgie, ESCO fabrique des produits de haute qualit\u00e9 et dentures pour godets, grappins, bennes preneuses, dents de broyage, bennes chargeuses et godets roches.<\/p>\n<p><span style=\"color: #000000\">En outre, ESCO fabrique plusieurs composants essentiels pour les industries a\u00e9ronautiques et spatiales ainsi que pour la production d&#8217;\u00e9nergie.<\/span><\/p>\n<p>&nbsp;<\/p>\n<div class=\"lyte-wrapper fourthree\" style=\"width:480px;max-width:100%;margin:5px;\"><div class=\"lyMe\" id=\"WYL_waRTl3G-HIw\"><div id=\"lyte_waRTl3G-HIw\" data-src=\"https:\/\/www.zfe-gmbh.de\/fr\/wp-content\/plugins\/wp-youtube-lyte\/lyteCache.php?origThumbUrl=%2F%2Fi.ytimg.com%2Fvi%2FwaRTl3G-HIw%2Fhqdefault.jpg\" class=\"pL\"><div class=\"tC\"><div class=\"tT\"><\/div><\/div><div class=\"play\"><\/div><div class=\"ctrl\"><div class=\"Lctrl\"><\/div><div class=\"Rctrl\"><\/div><\/div><\/div><noscript><a href=\"https:\/\/youtu.be\/waRTl3G-HIw\" rel=\"nofollow\"><img loading=\"lazy\" decoding=\"async\" src=\"https:\/\/www.zfe-gmbh.de\/fr\/wp-content\/plugins\/wp-youtube-lyte\/lyteCache.php?origThumbUrl=https%3A%2F%2Fi.ytimg.com%2Fvi%2FwaRTl3G-HIw%2F0.jpg\" alt=\"YouTube-Video-Vorschaubild\" width=\"480\" height=\"340\" \/><br \/>Dieses Video auf YouTube ansehen<\/a><\/noscript><\/div><\/div><div class=\"lL\" style=\"max-width:100%;width:480px;margin:5px;\"><\/div><\/p>\n<p><strong>Profitez de nos produits ESCO<\/strong><br \/>\nLes dentures ESCO telles que ULTRALOKTM, SUPER V\u00ae, SV2\u00ae am\u00e9liorent les performances de vos godets, grappins, bennes preneuses, grappins universels, grappins de concassage et de tri et dents de broyage ; ils r\u00e9duisent \u00e9galement les co\u00fbts et d\u00e9lais de production.<\/p>\n<p><strong> La denture ESCO Ultralok <\/strong><\/p>\n<p>est un syst\u00e8me innovant et \u00e9conomique pour godets d&#8217;excavation, godets pivotants, godets roches, godets trap\u00e9zo\u00efdaux, godets tunnel. Contrairement aux dentures traditionnelles \u00e0 trois parties, le syst\u00e8me Ultralok ne comprend que deux parties gr\u00e2ce \u00e0 un dispositif de protection r\u00e9volutionnaire tout \u00e0 fait innovant int\u00e9gr\u00e9.<\/p>\n<p><strong><a href=\"http:\/\/zfe-gmbh.de\/wp-content\/uploads\/sites\/9\/2015\/03\/ESCO-Zahnwechsel.jpg\"><img loading=\"lazy\" decoding=\"async\" class=\"aligncenter size-large wp-image-623\" src=\"http:\/\/zfe-gmbh.de\/wp-content\/uploads\/sites\/9\/2015\/03\/ESCO-Zahnwechsel-1024x175.jpg\" alt=\"ESCO-Zahnwechsel\" width=\"745\" height=\"127\" srcset=\"https:\/\/www.zfe-gmbh.de\/fr\/wp-content\/uploads\/sites\/9\/2015\/03\/ESCO-Zahnwechsel-1024x175.jpg 1024w, https:\/\/www.zfe-gmbh.de\/fr\/wp-content\/uploads\/sites\/9\/2015\/03\/ESCO-Zahnwechsel-300x51.jpg 300w, https:\/\/www.zfe-gmbh.de\/fr\/wp-content\/uploads\/sites\/9\/2015\/03\/ESCO-Zahnwechsel-745x127.jpg 745w, https:\/\/www.zfe-gmbh.de\/fr\/wp-content\/uploads\/sites\/9\/2015\/03\/ESCO-Zahnwechsel.jpg 1772w\" sizes=\"(max-width: 745px) 100vw, 745px\" \/><\/a><\/strong><\/p>\n<p>ESCO Ultralok est un v\u00e9ritable syst\u00e8me sans marteau, pas simplement un dispositif de s\u00e9curisation sans marteau. ESCO Ultralok garantit un changement de dents s\u00fbr et direct sur site et r\u00e9duit la dur\u00e9e d&#8217;entreposage.<br \/>\nLe syst\u00e8me de dents ESCO Ultralok\u00ae a bien plus \u00e0 offrir \u00e0 vos godets d\u2019excavation, godets pivotants, godets roches, godets trap\u00e9zo\u00efdaux et godets tunnel, etc.<\/p>\n<p>&nbsp;<\/p>\n<p><strong> Fiabilit\u00e9 accrue :<\/strong><br \/>\nLe syst\u00e8me de dents ESCO Ultralok poss\u00e8de une surface de contact 10 % plus stable que celle des produits concurrents. Par ailleurs, le dispositif de protection des dents est, du fait de sa position sp\u00e9ciale, bien moins sollicit\u00e9, ce qui en r\u00e9duit l&#8217;usure.<\/p>\n<p><strong> <a href=\"http:\/\/zfe-gmbh.de\/wp-content\/uploads\/sites\/9\/2015\/03\/Esco-Tiefloeffel.jpg\"><img loading=\"lazy\" decoding=\"async\" class=\"aligncenter size-large wp-image-627\" src=\"http:\/\/zfe-gmbh.de\/wp-content\/uploads\/sites\/9\/2015\/03\/Esco-Tiefloeffel-1024x769.jpg\" alt=\"Esco Tiefloeffel\" width=\"745\" height=\"559\" srcset=\"https:\/\/www.zfe-gmbh.de\/fr\/wp-content\/uploads\/sites\/9\/2015\/03\/Esco-Tiefloeffel-1024x769.jpg 1024w, https:\/\/www.zfe-gmbh.de\/fr\/wp-content\/uploads\/sites\/9\/2015\/03\/Esco-Tiefloeffel-300x225.jpg 300w, https:\/\/www.zfe-gmbh.de\/fr\/wp-content\/uploads\/sites\/9\/2015\/03\/Esco-Tiefloeffel-745x560.jpg 745w, https:\/\/www.zfe-gmbh.de\/fr\/wp-content\/uploads\/sites\/9\/2015\/03\/Esco-Tiefloeffel.jpg 1250w\" sizes=\"(max-width: 745px) 100vw, 745px\" \/><\/a>Application plus simple : <\/strong><br \/>\nUne cale int\u00e9gr\u00e9e dans le syst\u00e8me ESCO, la taille uniforme des protections de tous les syst\u00e8mes de dents ESCO et l&#8217;acc\u00e8s simplifi\u00e9 au dispositif de protection facilitent le remplacement des dents de godets.<\/p>\n<p><strong> Plus de s\u00e9curit\u00e9 :<\/strong><br \/>\nESCO Ultralok est un syst\u00e8me de dents parfait sans marteau. Gr\u00e2ce \u00e0 un simple ciseau, l&#8217;outil ESCO Ultralok se fixe parfaitement sur le support de la dent d&#8217;excavation lorsque l&#8217;int\u00e9gralit\u00e9 du syst\u00e8me de dent ESCO est install\u00e9e. Pas besoin de marteau. Ceci r\u00e9duit le risque de blessure.<\/p>\n<p><strong>Bouclier de protection ESCO Toplok\u00ae <\/strong><br \/>\nLes boucliers ESCO Toplok\u00ae sont des boucliers de protection m\u00e9caniques, qui en cas de bon rapport de p\u00e9n\u00e9tration garantissent une excellente protection de la l\u00e8vre.<a href=\"http:\/\/zfe-gmbh.de\/wp-content\/uploads\/sites\/9\/2015\/03\/Esco-Ultralok.jpg\"><img loading=\"lazy\" decoding=\"async\" class=\"aligncenter size-large wp-image-628\" src=\"http:\/\/zfe-gmbh.de\/wp-content\/uploads\/sites\/9\/2015\/03\/Esco-Ultralok-1024x769.jpg\" alt=\"Esco Ultralok\" width=\"745\" height=\"559\" srcset=\"https:\/\/www.zfe-gmbh.de\/fr\/wp-content\/uploads\/sites\/9\/2015\/03\/Esco-Ultralok-1024x769.jpg 1024w, https:\/\/www.zfe-gmbh.de\/fr\/wp-content\/uploads\/sites\/9\/2015\/03\/Esco-Ultralok-300x225.jpg 300w, https:\/\/www.zfe-gmbh.de\/fr\/wp-content\/uploads\/sites\/9\/2015\/03\/Esco-Ultralok-745x560.jpg 745w, https:\/\/www.zfe-gmbh.de\/fr\/wp-content\/uploads\/sites\/9\/2015\/03\/Esco-Ultralok.jpg 1250w\" sizes=\"(max-width: 745px) 100vw, 745px\" \/><\/a> ESCO KWIK-LOK\u00ae offre une protection efficace contre l&#8217;usure des godets, godets d&#8217;excavation, godets pivotants, godets roches, godets trap\u00e9zo\u00efdaux, godets tunnel, etc. M\u00eame les draglines, godets pliants, godets \u00e0 d\u00e9versement, godets de chargement et godets roche peuvent \u00eatre prot\u00e9g\u00e9s contre l&#8217;usure au moyen des plaques d&#8217;usure ESCO KWIK-LOK.<\/p>\n<p>Les boucliers de protection ESCO Toplok\u00ae se remplacent facilement sur site. Outre le bouclier de protection enti\u00e8rement m\u00e9canique, le syst\u00e8me ESCO Toplok comporte \u00e9galement une plaque de base \u00e0 souder ey une cale.<\/p>\n<p>Les boucliers de protection Toplok\u00ae en alliages ESCO durci et moul\u00e9s sont parfits pour les inserts abrasifs et garantissent une bonne protection contre les chocs.<\/p>\n<p><strong>Avantages des boucliers de protection Toplok\u00ae<\/strong><\/p>\n<p><strong>Dur\u00e9e de vie accrue :<\/strong><br \/>\nLes boucliers ESCO Toplok\u00ae prot\u00e8gent de mani\u00e8re efficace les bords coupants de la l\u00e8vre et augmentent ainsi la durabilit\u00e9. La structure sp\u00e9ciale garantit \u00e0 la fois une p\u00e9n\u00e9tration optimale et une protection maximale de la l\u00e8vre. En outre, l&#8217;absence de perforations r\u00e9duit le risque de rupture de la l\u00e8vre.<\/p>\n<ul>\n<li>Remplacement rapide et simple<\/li>\n<li>Disponible en version standard et version roche<\/li>\n<\/ul>\n<p><strong>La protection anti-usure ESCO Kwik-Lok\u00ae II <\/strong><br \/>\nLe syst\u00e8me de protection m\u00e9canique rend le remplacement plus rapide, plus facile et plus fiable. ESCO est l&#8217;inventeur du syst\u00e8me de protection anti-usure m\u00e9canique et rapidement rempla\u00e7able.<\/p>\n<p><strong><a href=\"http:\/\/zfe-gmbh.de\/wp-content\/uploads\/sites\/9\/2015\/03\/ESCO-Toplok.jpg\"><img loading=\"lazy\" decoding=\"async\" class=\"aligncenter size-large wp-image-629\" src=\"http:\/\/zfe-gmbh.de\/wp-content\/uploads\/sites\/9\/2015\/03\/ESCO-Toplok-1024x769.jpg\" alt=\"ESCO Toplok\" width=\"745\" height=\"559\" srcset=\"https:\/\/www.zfe-gmbh.de\/fr\/wp-content\/uploads\/sites\/9\/2015\/03\/ESCO-Toplok-1024x769.jpg 1024w, https:\/\/www.zfe-gmbh.de\/fr\/wp-content\/uploads\/sites\/9\/2015\/03\/ESCO-Toplok-300x225.jpg 300w, https:\/\/www.zfe-gmbh.de\/fr\/wp-content\/uploads\/sites\/9\/2015\/03\/ESCO-Toplok-745x560.jpg 745w, https:\/\/www.zfe-gmbh.de\/fr\/wp-content\/uploads\/sites\/9\/2015\/03\/ESCO-Toplok.jpg 1250w\" sizes=\"(max-width: 745px) 100vw, 745px\" \/><\/a>Polyvalence :<\/strong><br \/>\nLa taille du syst\u00e8me et les quatre variantes de plaque de base garantissent la protection d&#8217;une large palette d&#8217;inserts. La plaque de base unique permet la protection de parties particuli\u00e8rement soumises \u00e0 l&#8217;usure ou de plusieurs plaques d&#8217;usure ou de l&#8217;int\u00e9gralit\u00e9 de la surface.<\/p>\n<p><strong>Plus fiable et plus simple : <\/strong><br \/>\nLa cale simple et monobloc permet un montage simple et rapide et un d\u00e9montage sans outils sp\u00e9ciaux. Pour remplacer les plaques d&#8217;usure, des travaux de soudure ou d&#8217;ajustement des grandes bandes d&#8217;usure ne sont pas requis. Les plaques d&#8217;usure l\u00e9g\u00e8res r\u00e9duisent le risque de blessures et l&#8217;utilisation d&#8217;une grue n&#8217;est pas requise.<\/p>\n<p><strong>Dur\u00e9e de vie prolong\u00e9e : <\/strong><br \/>\nPour garantir une dur\u00e9e de vie accrue et une durabilit\u00e9 des barres d&#8217;acier multipli\u00e9e par jusqu&#8217;\u00e0 cinq, les plaques d&#8217;usure en alliage ESCO 12S \u2013 514HBN sont moul\u00e9es. Les plaques d&#8217;usure en alliage 35S sont disponibles en tailles sp\u00e9ciales pour une dur\u00e9e de vie accrue en cas d&#8217;application \u00e0 faibles sollicitations.<br \/>\nLes plaques d&#8217;usure Kwik-Lok\u00ae II sont rotatives pour une durabilit\u00e9 am\u00e9lior\u00e9e dans des \u00e9quipements \u00e0 usure irr\u00e9guli\u00e8re.<\/p>\n<p><strong>Maintenance r\u00e9duite &#8211; durabilit\u00e9 am\u00e9lior\u00e9e : <\/strong><br \/>\nLes plaques d&#8217;usure ESCO sont pr\u00eate \u00e0 installer. Aucune pr\u00e9paration n&#8217;est requise. Il n&#8217;est pas n\u00e9cessaire de souder ou couper les barres d&#8217;acier pour remplacer les plaques d&#8217;usure.<br \/>\nApr\u00e8s l&#8217;installation de la plaque de base, la plaque d&#8217;usure peut \u00eatre remplac\u00e9e qn quelques minutes et le passage en usine n&#8217;est pas n\u00e9cessaire. Les plaques d&#8217;usure ESCO peuvent etre class\u00e9es, renvers\u00e9es et remplac\u00e9es en quelques minutes.<\/p>\n","protected":false},"excerpt":{"rendered":"<p>ESCO : syst\u00e8me de dents, boucliers de protection et plaques d&#8217;usure Depuis plus de 90 ans, ESCO produit du mat\u00e9riel [&hellip;]<\/p>\n","protected":false},"author":1,"featured_media":0,"parent":0,"menu_order":0,"comment_status":"closed","ping_status":"open","template":"","meta":{"footnotes":""},"class_list":["post-617","page","type-page","status-publish","hentry","no-featured-image"],"yoast_head":"<!-- This site is optimized with the Yoast SEO plugin v24.4 - https:\/\/yoast.com\/wordpress\/plugins\/seo\/ -->\n<title>ESCO - ZFE GmbH FR<\/title>\n<meta name=\"robots\" content=\"index, follow, max-snippet:-1, max-image-preview:large, max-video-preview:-1\" \/>\n<link rel=\"canonical\" href=\"https:\/\/www.zfe-gmbh.de\/fr\/esco\/\" \/>\n<meta property=\"og:locale\" content=\"de_DE\" \/>\n<meta property=\"og:type\" content=\"article\" \/>\n<meta property=\"og:title\" content=\"ESCO - ZFE GmbH FR\" \/>\n<meta property=\"og:description\" content=\"ESCO : syst\u00e8me de dents, boucliers de protection et plaques d&#8217;usure Depuis plus de 90 ans, ESCO produit du mat\u00e9riel [&hellip;]\" \/>\n<meta property=\"og:url\" content=\"https:\/\/www.zfe-gmbh.de\/fr\/esco\/\" \/>\n<meta property=\"og:site_name\" content=\"ZFE GmbH FR\" \/>\n<meta property=\"article:modified_time\" content=\"2016-02-22T10:04:28+00:00\" \/>\n<meta property=\"og:image\" content=\"http:\/\/zfe-gmbh.de\/wp-content\/uploads\/sites\/9\/2015\/03\/ESCO-Verschleissschutz-1024x395.jpg\" \/>\n<meta name=\"twitter:card\" content=\"summary_large_image\" \/>\n<meta name=\"twitter:label1\" content=\"Gesch\u00e4tzte Lesezeit\" \/>\n\t<meta name=\"twitter:data1\" content=\"5\u00a0Minuten\" \/>\n<script type=\"application\/ld+json\" class=\"yoast-schema-graph\">{\"@context\":\"https:\/\/schema.org\",\"@graph\":[{\"@type\":\"WebPage\",\"@id\":\"https:\/\/www.zfe-gmbh.de\/fr\/esco\/\",\"url\":\"https:\/\/www.zfe-gmbh.de\/fr\/esco\/\",\"name\":\"ESCO - ZFE GmbH FR\",\"isPartOf\":{\"@id\":\"https:\/\/www.zfe-gmbh.de\/fr\/#website\"},\"primaryImageOfPage\":{\"@id\":\"https:\/\/www.zfe-gmbh.de\/fr\/esco\/#primaryimage\"},\"image\":{\"@id\":\"https:\/\/www.zfe-gmbh.de\/fr\/esco\/#primaryimage\"},\"thumbnailUrl\":\"http:\/\/zfe-gmbh.de\/wp-content\/uploads\/sites\/9\/2015\/03\/ESCO-Verschleissschutz-1024x395.jpg\",\"datePublished\":\"2015-03-13T12:57:40+00:00\",\"dateModified\":\"2016-02-22T10:04:28+00:00\",\"breadcrumb\":{\"@id\":\"https:\/\/www.zfe-gmbh.de\/fr\/esco\/#breadcrumb\"},\"inLanguage\":\"de\",\"potentialAction\":[{\"@type\":\"ReadAction\",\"target\":[\"https:\/\/www.zfe-gmbh.de\/fr\/esco\/\"]}]},{\"@type\":\"ImageObject\",\"inLanguage\":\"de\",\"@id\":\"https:\/\/www.zfe-gmbh.de\/fr\/esco\/#primaryimage\",\"url\":\"http:\/\/zfe-gmbh.de\/wp-content\/uploads\/sites\/9\/2015\/03\/ESCO-Verschleissschutz-1024x395.jpg\",\"contentUrl\":\"http:\/\/zfe-gmbh.de\/wp-content\/uploads\/sites\/9\/2015\/03\/ESCO-Verschleissschutz-1024x395.jpg\"},{\"@type\":\"BreadcrumbList\",\"@id\":\"https:\/\/www.zfe-gmbh.de\/fr\/esco\/#breadcrumb\",\"itemListElement\":[{\"@type\":\"ListItem\",\"position\":1,\"name\":\"Home\",\"item\":\"https:\/\/www.zfe-gmbh.de\/fr\/\"},{\"@type\":\"ListItem\",\"position\":2,\"name\":\"ESCO\"}]},{\"@type\":\"WebSite\",\"@id\":\"https:\/\/www.zfe-gmbh.de\/fr\/#website\",\"url\":\"https:\/\/www.zfe-gmbh.de\/fr\/\",\"name\":\"ZFE GmbH FR\",\"description\":\"better buckets\",\"potentialAction\":[{\"@type\":\"SearchAction\",\"target\":{\"@type\":\"EntryPoint\",\"urlTemplate\":\"https:\/\/www.zfe-gmbh.de\/fr\/?s={search_term_string}\"},\"query-input\":{\"@type\":\"PropertyValueSpecification\",\"valueRequired\":true,\"valueName\":\"search_term_string\"}}],\"inLanguage\":\"de\"}]}<\/script>\n<!-- \/ Yoast SEO plugin. -->","yoast_head_json":{"title":"ESCO - ZFE GmbH FR","robots":{"index":"index","follow":"follow","max-snippet":"max-snippet:-1","max-image-preview":"max-image-preview:large","max-video-preview":"max-video-preview:-1"},"canonical":"https:\/\/www.zfe-gmbh.de\/fr\/esco\/","og_locale":"de_DE","og_type":"article","og_title":"ESCO - ZFE GmbH FR","og_description":"ESCO : syst\u00e8me de dents, boucliers de protection et plaques d&#8217;usure Depuis plus de 90 ans, ESCO produit du mat\u00e9riel [&hellip;]","og_url":"https:\/\/www.zfe-gmbh.de\/fr\/esco\/","og_site_name":"ZFE GmbH FR","article_modified_time":"2016-02-22T10:04:28+00:00","og_image":[{"url":"http:\/\/zfe-gmbh.de\/wp-content\/uploads\/sites\/9\/2015\/03\/ESCO-Verschleissschutz-1024x395.jpg","type":"","width":"","height":""}],"twitter_card":"summary_large_image","twitter_misc":{"Gesch\u00e4tzte Lesezeit":"5\u00a0Minuten"},"schema":{"@context":"https:\/\/schema.org","@graph":[{"@type":"WebPage","@id":"https:\/\/www.zfe-gmbh.de\/fr\/esco\/","url":"https:\/\/www.zfe-gmbh.de\/fr\/esco\/","name":"ESCO - ZFE GmbH FR","isPartOf":{"@id":"https:\/\/www.zfe-gmbh.de\/fr\/#website"},"primaryImageOfPage":{"@id":"https:\/\/www.zfe-gmbh.de\/fr\/esco\/#primaryimage"},"image":{"@id":"https:\/\/www.zfe-gmbh.de\/fr\/esco\/#primaryimage"},"thumbnailUrl":"http:\/\/zfe-gmbh.de\/wp-content\/uploads\/sites\/9\/2015\/03\/ESCO-Verschleissschutz-1024x395.jpg","datePublished":"2015-03-13T12:57:40+00:00","dateModified":"2016-02-22T10:04:28+00:00","breadcrumb":{"@id":"https:\/\/www.zfe-gmbh.de\/fr\/esco\/#breadcrumb"},"inLanguage":"de","potentialAction":[{"@type":"ReadAction","target":["https:\/\/www.zfe-gmbh.de\/fr\/esco\/"]}]},{"@type":"ImageObject","inLanguage":"de","@id":"https:\/\/www.zfe-gmbh.de\/fr\/esco\/#primaryimage","url":"http:\/\/zfe-gmbh.de\/wp-content\/uploads\/sites\/9\/2015\/03\/ESCO-Verschleissschutz-1024x395.jpg","contentUrl":"http:\/\/zfe-gmbh.de\/wp-content\/uploads\/sites\/9\/2015\/03\/ESCO-Verschleissschutz-1024x395.jpg"},{"@type":"BreadcrumbList","@id":"https:\/\/www.zfe-gmbh.de\/fr\/esco\/#breadcrumb","itemListElement":[{"@type":"ListItem","position":1,"name":"Home","item":"https:\/\/www.zfe-gmbh.de\/fr\/"},{"@type":"ListItem","position":2,"name":"ESCO"}]},{"@type":"WebSite","@id":"https:\/\/www.zfe-gmbh.de\/fr\/#website","url":"https:\/\/www.zfe-gmbh.de\/fr\/","name":"ZFE GmbH FR","description":"better buckets","potentialAction":[{"@type":"SearchAction","target":{"@type":"EntryPoint","urlTemplate":"https:\/\/www.zfe-gmbh.de\/fr\/?s={search_term_string}"},"query-input":{"@type":"PropertyValueSpecification","valueRequired":true,"valueName":"search_term_string"}}],"inLanguage":"de"}]}},"_links":{"self":[{"href":"https:\/\/www.zfe-gmbh.de\/fr\/wp-json\/wp\/v2\/pages\/617"}],"collection":[{"href":"https:\/\/www.zfe-gmbh.de\/fr\/wp-json\/wp\/v2\/pages"}],"about":[{"href":"https:\/\/www.zfe-gmbh.de\/fr\/wp-json\/wp\/v2\/types\/page"}],"author":[{"embeddable":true,"href":"https:\/\/www.zfe-gmbh.de\/fr\/wp-json\/wp\/v2\/users\/1"}],"replies":[{"embeddable":true,"href":"https:\/\/www.zfe-gmbh.de\/fr\/wp-json\/wp\/v2\/comments?post=617"}],"version-history":[{"count":13,"href":"https:\/\/www.zfe-gmbh.de\/fr\/wp-json\/wp\/v2\/pages\/617\/revisions"}],"predecessor-version":[{"id":1377,"href":"https:\/\/www.zfe-gmbh.de\/fr\/wp-json\/wp\/v2\/pages\/617\/revisions\/1377"}],"wp:attachment":[{"href":"https:\/\/www.zfe-gmbh.de\/fr\/wp-json\/wp\/v2\/media?parent=617"}],"curies":[{"name":"wp","href":"https:\/\/api.w.org\/{rel}","templated":true}]}}