{"id":633,"date":"2015-03-13T15:21:44","date_gmt":"2015-03-13T14:21:44","guid":{"rendered":"http:\/\/zfe-gmbh.de\/?page_id=633"},"modified":"2016-02-22T10:42:13","modified_gmt":"2016-02-22T09:42:13","slug":"borox","status":"publish","type":"page","link":"https:\/\/www.zfe-gmbh.de\/fr\/borox\/","title":{"rendered":"BOROX"},"content":{"rendered":"<p><a href=\"http:\/\/zfe-gmbh.de\/wp-content\/uploads\/sites\/9\/2015\/03\/Borox-Messerstahl.jpg\"><img loading=\"lazy\" decoding=\"async\" class=\"aligncenter size-large wp-image-634\" src=\"http:\/\/zfe-gmbh.de\/wp-content\/uploads\/sites\/9\/2015\/03\/Borox-Messerstahl-1024x768.jpg\" alt=\"Borox Messerstahl\" width=\"745\" height=\"559\" srcset=\"https:\/\/www.zfe-gmbh.de\/fr\/wp-content\/uploads\/sites\/9\/2015\/03\/Borox-Messerstahl-1024x768.jpg 1024w, https:\/\/www.zfe-gmbh.de\/fr\/wp-content\/uploads\/sites\/9\/2015\/03\/Borox-Messerstahl-300x225.jpg 300w, https:\/\/www.zfe-gmbh.de\/fr\/wp-content\/uploads\/sites\/9\/2015\/03\/Borox-Messerstahl-745x559.jpg 745w, https:\/\/www.zfe-gmbh.de\/fr\/wp-content\/uploads\/sites\/9\/2015\/03\/Borox-Messerstahl.jpg 1250w\" sizes=\"(max-width: 745px) 100vw, 745px\" \/><\/a><strong><a title=\"BOROX Verschlei\u00dfstahl\" href=\"http:\/\/www.borox.com\/de\" target=\"_blank\">Borox International AB<\/a><\/strong>, est l&#8217;un des leaders europ\u00e9ens de la fabrication de produits d&#8217;usure pour les machines de terrassement. Les lames d&#8217;acier et les bandes d&#8217;usure Borox se caract\u00e9risent par une r\u00e9sistance \u00e0 l&#8217;usure prononc\u00e9e et une r\u00e9sistance \u00e9lev\u00e9e \u00e0 la rupture sous l&#8217;effet d&#8217;impacts.<\/p>\n<p>Les produits standards sont fabriqu\u00e9s \u00e0 base de Borox 400 et Borox 500. Les bandes d&#8217;usure biseaut\u00e9s des deux c\u00f4t\u00e9s et en lame d&#8217;acier perfor\u00e9e. Qu&#8217;il s&#8217;agisse de lames pointues ou de lames trap\u00e9zo\u00efdales,<br \/>\n<a href=\"http:\/\/zfe-gmbh.de\/wp-content\/uploads\/sites\/9\/2015\/03\/Borox-Messer.jpg\"><img loading=\"lazy\" decoding=\"async\" class=\"aligncenter size-large wp-image-635\" src=\"http:\/\/zfe-gmbh.de\/wp-content\/uploads\/sites\/9\/2015\/03\/Borox-Messer-1024x768.jpg\" alt=\"Borox Messer\" width=\"745\" height=\"559\" srcset=\"https:\/\/www.zfe-gmbh.de\/fr\/wp-content\/uploads\/sites\/9\/2015\/03\/Borox-Messer-1024x768.jpg 1024w, https:\/\/www.zfe-gmbh.de\/fr\/wp-content\/uploads\/sites\/9\/2015\/03\/Borox-Messer-300x225.jpg 300w, https:\/\/www.zfe-gmbh.de\/fr\/wp-content\/uploads\/sites\/9\/2015\/03\/Borox-Messer-745x559.jpg 745w, https:\/\/www.zfe-gmbh.de\/fr\/wp-content\/uploads\/sites\/9\/2015\/03\/Borox-Messer.jpg 1250w\" sizes=\"(max-width: 745px) 100vw, 745px\" \/><\/a><\/p>\n<p>de lames r\u00e9versibles, de profil\u00e9s \u00e0 barres, de lames \u00e0 souder ou de barres chasse-neige &#8211; l&#8217;utilisation de Borox 400 et Borox 500 prolonge consid\u00e9rablement la dur\u00e9e de vie de vos outils. En tant que partenaire Borox, nous vous proposons des attelages tels que les godets d&#8217;excavation, les godets roches, etc. compatibles avec les lames d&#8217;acier et lames \u00e0 souder BOROX.<\/p>\n","protected":false},"excerpt":{"rendered":"<p>Borox International AB, est l&#8217;un des leaders europ\u00e9ens de la fabrication de produits d&#8217;usure pour les machines de terrassement. Les [&hellip;]<\/p>\n","protected":false},"author":1,"featured_media":0,"parent":0,"menu_order":0,"comment_status":"closed","ping_status":"open","template":"","meta":{"footnotes":""},"class_list":["post-633","page","type-page","status-publish","hentry","no-featured-image"],"yoast_head":"<!-- This site is optimized with the Yoast SEO plugin v24.4 - https:\/\/yoast.com\/wordpress\/plugins\/seo\/ -->\n<title>BOROX - ZFE GmbH FR<\/title>\n<meta name=\"robots\" content=\"index, follow, max-snippet:-1, max-image-preview:large, max-video-preview:-1\" \/>\n<link rel=\"canonical\" href=\"https:\/\/www.zfe-gmbh.de\/fr\/borox\/\" \/>\n<meta property=\"og:locale\" content=\"de_DE\" \/>\n<meta property=\"og:type\" content=\"article\" \/>\n<meta property=\"og:title\" content=\"BOROX - ZFE GmbH FR\" \/>\n<meta property=\"og:description\" content=\"Borox International AB, est l&#8217;un des leaders europ\u00e9ens de la fabrication de produits d&#8217;usure pour les machines de terrassement. Les [&hellip;]\" \/>\n<meta property=\"og:url\" content=\"https:\/\/www.zfe-gmbh.de\/fr\/borox\/\" \/>\n<meta property=\"og:site_name\" content=\"ZFE GmbH FR\" \/>\n<meta property=\"article:modified_time\" content=\"2016-02-22T09:42:13+00:00\" \/>\n<meta property=\"og:image\" content=\"http:\/\/zfe-gmbh.de\/wp-content\/uploads\/sites\/9\/2015\/03\/Borox-Messerstahl-1024x768.jpg\" \/>\n<meta name=\"twitter:card\" content=\"summary_large_image\" \/>\n<meta name=\"twitter:label1\" content=\"Gesch\u00e4tzte Lesezeit\" \/>\n\t<meta name=\"twitter:data1\" content=\"1\u00a0Minute\" \/>\n<script type=\"application\/ld+json\" class=\"yoast-schema-graph\">{\"@context\":\"https:\/\/schema.org\",\"@graph\":[{\"@type\":\"WebPage\",\"@id\":\"https:\/\/www.zfe-gmbh.de\/fr\/borox\/\",\"url\":\"https:\/\/www.zfe-gmbh.de\/fr\/borox\/\",\"name\":\"BOROX - ZFE GmbH FR\",\"isPartOf\":{\"@id\":\"https:\/\/www.zfe-gmbh.de\/fr\/#website\"},\"primaryImageOfPage\":{\"@id\":\"https:\/\/www.zfe-gmbh.de\/fr\/borox\/#primaryimage\"},\"image\":{\"@id\":\"https:\/\/www.zfe-gmbh.de\/fr\/borox\/#primaryimage\"},\"thumbnailUrl\":\"http:\/\/zfe-gmbh.de\/wp-content\/uploads\/sites\/9\/2015\/03\/Borox-Messerstahl-1024x768.jpg\",\"datePublished\":\"2015-03-13T14:21:44+00:00\",\"dateModified\":\"2016-02-22T09:42:13+00:00\",\"breadcrumb\":{\"@id\":\"https:\/\/www.zfe-gmbh.de\/fr\/borox\/#breadcrumb\"},\"inLanguage\":\"de\",\"potentialAction\":[{\"@type\":\"ReadAction\",\"target\":[\"https:\/\/www.zfe-gmbh.de\/fr\/borox\/\"]}]},{\"@type\":\"ImageObject\",\"inLanguage\":\"de\",\"@id\":\"https:\/\/www.zfe-gmbh.de\/fr\/borox\/#primaryimage\",\"url\":\"http:\/\/zfe-gmbh.de\/wp-content\/uploads\/sites\/9\/2015\/03\/Borox-Messerstahl-1024x768.jpg\",\"contentUrl\":\"http:\/\/zfe-gmbh.de\/wp-content\/uploads\/sites\/9\/2015\/03\/Borox-Messerstahl-1024x768.jpg\"},{\"@type\":\"BreadcrumbList\",\"@id\":\"https:\/\/www.zfe-gmbh.de\/fr\/borox\/#breadcrumb\",\"itemListElement\":[{\"@type\":\"ListItem\",\"position\":1,\"name\":\"Home\",\"item\":\"https:\/\/www.zfe-gmbh.de\/fr\/\"},{\"@type\":\"ListItem\",\"position\":2,\"name\":\"BOROX\"}]},{\"@type\":\"WebSite\",\"@id\":\"https:\/\/www.zfe-gmbh.de\/fr\/#website\",\"url\":\"https:\/\/www.zfe-gmbh.de\/fr\/\",\"name\":\"ZFE GmbH FR\",\"description\":\"better buckets\",\"potentialAction\":[{\"@type\":\"SearchAction\",\"target\":{\"@type\":\"EntryPoint\",\"urlTemplate\":\"https:\/\/www.zfe-gmbh.de\/fr\/?s={search_term_string}\"},\"query-input\":{\"@type\":\"PropertyValueSpecification\",\"valueRequired\":true,\"valueName\":\"search_term_string\"}}],\"inLanguage\":\"de\"}]}<\/script>\n<!-- \/ Yoast SEO plugin. -->","yoast_head_json":{"title":"BOROX - ZFE GmbH FR","robots":{"index":"index","follow":"follow","max-snippet":"max-snippet:-1","max-image-preview":"max-image-preview:large","max-video-preview":"max-video-preview:-1"},"canonical":"https:\/\/www.zfe-gmbh.de\/fr\/borox\/","og_locale":"de_DE","og_type":"article","og_title":"BOROX - ZFE GmbH FR","og_description":"Borox International AB, est l&#8217;un des leaders europ\u00e9ens de la fabrication de produits d&#8217;usure pour les machines de terrassement. Les [&hellip;]","og_url":"https:\/\/www.zfe-gmbh.de\/fr\/borox\/","og_site_name":"ZFE GmbH FR","article_modified_time":"2016-02-22T09:42:13+00:00","og_image":[{"url":"http:\/\/zfe-gmbh.de\/wp-content\/uploads\/sites\/9\/2015\/03\/Borox-Messerstahl-1024x768.jpg","type":"","width":"","height":""}],"twitter_card":"summary_large_image","twitter_misc":{"Gesch\u00e4tzte Lesezeit":"1\u00a0Minute"},"schema":{"@context":"https:\/\/schema.org","@graph":[{"@type":"WebPage","@id":"https:\/\/www.zfe-gmbh.de\/fr\/borox\/","url":"https:\/\/www.zfe-gmbh.de\/fr\/borox\/","name":"BOROX - ZFE GmbH FR","isPartOf":{"@id":"https:\/\/www.zfe-gmbh.de\/fr\/#website"},"primaryImageOfPage":{"@id":"https:\/\/www.zfe-gmbh.de\/fr\/borox\/#primaryimage"},"image":{"@id":"https:\/\/www.zfe-gmbh.de\/fr\/borox\/#primaryimage"},"thumbnailUrl":"http:\/\/zfe-gmbh.de\/wp-content\/uploads\/sites\/9\/2015\/03\/Borox-Messerstahl-1024x768.jpg","datePublished":"2015-03-13T14:21:44+00:00","dateModified":"2016-02-22T09:42:13+00:00","breadcrumb":{"@id":"https:\/\/www.zfe-gmbh.de\/fr\/borox\/#breadcrumb"},"inLanguage":"de","potentialAction":[{"@type":"ReadAction","target":["https:\/\/www.zfe-gmbh.de\/fr\/borox\/"]}]},{"@type":"ImageObject","inLanguage":"de","@id":"https:\/\/www.zfe-gmbh.de\/fr\/borox\/#primaryimage","url":"http:\/\/zfe-gmbh.de\/wp-content\/uploads\/sites\/9\/2015\/03\/Borox-Messerstahl-1024x768.jpg","contentUrl":"http:\/\/zfe-gmbh.de\/wp-content\/uploads\/sites\/9\/2015\/03\/Borox-Messerstahl-1024x768.jpg"},{"@type":"BreadcrumbList","@id":"https:\/\/www.zfe-gmbh.de\/fr\/borox\/#breadcrumb","itemListElement":[{"@type":"ListItem","position":1,"name":"Home","item":"https:\/\/www.zfe-gmbh.de\/fr\/"},{"@type":"ListItem","position":2,"name":"BOROX"}]},{"@type":"WebSite","@id":"https:\/\/www.zfe-gmbh.de\/fr\/#website","url":"https:\/\/www.zfe-gmbh.de\/fr\/","name":"ZFE GmbH FR","description":"better buckets","potentialAction":[{"@type":"SearchAction","target":{"@type":"EntryPoint","urlTemplate":"https:\/\/www.zfe-gmbh.de\/fr\/?s={search_term_string}"},"query-input":{"@type":"PropertyValueSpecification","valueRequired":true,"valueName":"search_term_string"}}],"inLanguage":"de"}]}},"_links":{"self":[{"href":"https:\/\/www.zfe-gmbh.de\/fr\/wp-json\/wp\/v2\/pages\/633"}],"collection":[{"href":"https:\/\/www.zfe-gmbh.de\/fr\/wp-json\/wp\/v2\/pages"}],"about":[{"href":"https:\/\/www.zfe-gmbh.de\/fr\/wp-json\/wp\/v2\/types\/page"}],"author":[{"embeddable":true,"href":"https:\/\/www.zfe-gmbh.de\/fr\/wp-json\/wp\/v2\/users\/1"}],"replies":[{"embeddable":true,"href":"https:\/\/www.zfe-gmbh.de\/fr\/wp-json\/wp\/v2\/comments?post=633"}],"version-history":[{"count":5,"href":"https:\/\/www.zfe-gmbh.de\/fr\/wp-json\/wp\/v2\/pages\/633\/revisions"}],"predecessor-version":[{"id":1380,"href":"https:\/\/www.zfe-gmbh.de\/fr\/wp-json\/wp\/v2\/pages\/633\/revisions\/1380"}],"wp:attachment":[{"href":"https:\/\/www.zfe-gmbh.de\/fr\/wp-json\/wp\/v2\/media?parent=633"}],"curies":[{"name":"wp","href":"https:\/\/api.w.org\/{rel}","templated":true}]}}