{"id":67,"date":"2015-02-16T22:12:04","date_gmt":"2015-02-16T21:12:04","guid":{"rendered":"http:\/\/zfe-gmbh.de\/?page_id=67"},"modified":"2016-07-20T13:56:16","modified_gmt":"2016-07-20T11:56:16","slug":"bras-de-demolition","status":"publish","type":"page","link":"https:\/\/www.zfe-gmbh.de\/fr\/produkte\/structures-speciales\/bras-de-demolition\/","title":{"rendered":"Bras de d\u00e9molition"},"content":{"rendered":"<p><strong><a href=\"http:\/\/zfe-gmbh.de\/wp-content\/uploads\/sites\/9\/2015\/02\/Abbruchstiel.jpg\"><img loading=\"lazy\" decoding=\"async\" class=\"aligncenter size-large wp-image-545\" src=\"http:\/\/zfe-gmbh.de\/wp-content\/uploads\/sites\/9\/2015\/02\/Abbruchstiel-1024x768.jpg\" alt=\"Abbruchstiel Abbrucharm\" width=\"745\" height=\"559\" srcset=\"https:\/\/www.zfe-gmbh.de\/fr\/wp-content\/uploads\/sites\/9\/2015\/02\/Abbruchstiel-1024x768.jpg 1024w, https:\/\/www.zfe-gmbh.de\/fr\/wp-content\/uploads\/sites\/9\/2015\/02\/Abbruchstiel-300x225.jpg 300w, https:\/\/www.zfe-gmbh.de\/fr\/wp-content\/uploads\/sites\/9\/2015\/02\/Abbruchstiel-745x559.jpg 745w, https:\/\/www.zfe-gmbh.de\/fr\/wp-content\/uploads\/sites\/9\/2015\/02\/Abbruchstiel.jpg 1250w\" sizes=\"(max-width: 745px) 100vw, 745px\" \/><\/a><\/strong><\/p>\n<p><strong>Ausf\u00fchrungen:<\/strong><\/p>\n<p>Starr oder verstellbar<br \/>\nIndividuelle Gr\u00f6\u00dfen nach Kundenvorgaben<br \/>\nMit verschiedenen Zahnsystemen erh\u00e4ltlich. MTG, ECO oder CAT etc.<\/p>\n<p><a href=\"http:\/\/zfe-gmbh.de\/wp-content\/uploads\/sites\/9\/2015\/02\/Abbrucharm.jpg\"><img loading=\"lazy\" decoding=\"async\" class=\"aligncenter size-large wp-image-547\" src=\"http:\/\/zfe-gmbh.de\/wp-content\/uploads\/sites\/9\/2015\/02\/Abbrucharm-1024x768.jpg\" alt=\"Abbrucharm\" width=\"745\" height=\"559\" srcset=\"https:\/\/www.zfe-gmbh.de\/fr\/wp-content\/uploads\/sites\/9\/2015\/02\/Abbrucharm-1024x768.jpg 1024w, https:\/\/www.zfe-gmbh.de\/fr\/wp-content\/uploads\/sites\/9\/2015\/02\/Abbrucharm-300x225.jpg 300w, https:\/\/www.zfe-gmbh.de\/fr\/wp-content\/uploads\/sites\/9\/2015\/02\/Abbrucharm-745x559.jpg 745w, https:\/\/www.zfe-gmbh.de\/fr\/wp-content\/uploads\/sites\/9\/2015\/02\/Abbrucharm.jpg 1250w\" sizes=\"(max-width: 745px) 100vw, 745px\" \/><\/a><\/p>\n<p><strong>Made in Germany<\/strong><\/p>\n<p>Tous les composants sont fabriqu\u00e9s en Allemagne &#8211; de la d\u00e9coupe \u00e0 la peinture finale.<\/p>\n<h4><strong>Pour toute question, n&#8217;h\u00e9sitez pas \u00e0 nous contacter:<\/strong><\/h4>\n<p><a href=\"http:\/\/zfe-gmbh.de\/wp-content\/uploads\/2015\/02\/Tobias-Meier.jpg\"><img loading=\"lazy\" decoding=\"async\" class=\" size-full wp-image-1652 alignleft\" src=\"http:\/\/zfe-gmbh.de\/wp-content\/uploads\/2015\/02\/Tobias-Meier.jpg\" alt=\"Tobias Meier\" width=\"128\" height=\"128\" \/><\/a>Tobias Meier<br \/>\nService de ventes<br \/>\n+49 (0) 78 41 \/ 20 57 &#8211;\u00a027<br \/>\n<a href=\"mailto:tobias.meier@zfe-gmbh.de?subject=\" target=\"{target}\">tobias.meier@zfe-gmbh.de<\/a><\/p>\n<h4><\/h4>\n<p>&nbsp;<\/p>\n","protected":false},"excerpt":{"rendered":"<p>Ausf\u00fchrungen: Starr oder verstellbar Individuelle Gr\u00f6\u00dfen nach Kundenvorgaben Mit verschiedenen Zahnsystemen erh\u00e4ltlich. MTG, ECO oder CAT etc. Made in Germany [&hellip;]<\/p>\n","protected":false},"author":1,"featured_media":0,"parent":57,"menu_order":20,"comment_status":"closed","ping_status":"closed","template":"","meta":{"footnotes":""},"class_list":["post-67","page","type-page","status-publish","hentry","no-featured-image"],"yoast_head":"<!-- This site is optimized with the Yoast SEO plugin v24.4 - https:\/\/yoast.com\/wordpress\/plugins\/seo\/ -->\n<title>Bras de d\u00e9molition - ZFE GmbH FR<\/title>\n<meta name=\"robots\" content=\"index, follow, max-snippet:-1, max-image-preview:large, max-video-preview:-1\" \/>\n<link rel=\"canonical\" href=\"https:\/\/www.zfe-gmbh.de\/fr\/produkte\/structures-speciales\/bras-de-demolition\/\" \/>\n<meta property=\"og:locale\" content=\"de_DE\" \/>\n<meta property=\"og:type\" content=\"article\" \/>\n<meta property=\"og:title\" content=\"Bras de d\u00e9molition - ZFE GmbH FR\" \/>\n<meta property=\"og:description\" content=\"Ausf\u00fchrungen: Starr oder verstellbar Individuelle Gr\u00f6\u00dfen nach Kundenvorgaben Mit verschiedenen Zahnsystemen erh\u00e4ltlich. MTG, ECO oder CAT etc. Made in Germany [&hellip;]\" \/>\n<meta property=\"og:url\" content=\"https:\/\/www.zfe-gmbh.de\/fr\/produkte\/structures-speciales\/bras-de-demolition\/\" \/>\n<meta property=\"og:site_name\" content=\"ZFE GmbH FR\" \/>\n<meta property=\"article:modified_time\" content=\"2016-07-20T11:56:16+00:00\" \/>\n<meta property=\"og:image\" content=\"http:\/\/zfe-gmbh.de\/wp-content\/uploads\/sites\/9\/2015\/02\/Abbruchstiel-1024x768.jpg\" \/>\n<meta name=\"twitter:card\" content=\"summary_large_image\" \/>\n<script type=\"application\/ld+json\" class=\"yoast-schema-graph\">{\"@context\":\"https:\/\/schema.org\",\"@graph\":[{\"@type\":\"WebPage\",\"@id\":\"https:\/\/www.zfe-gmbh.de\/fr\/produkte\/structures-speciales\/bras-de-demolition\/\",\"url\":\"https:\/\/www.zfe-gmbh.de\/fr\/produkte\/structures-speciales\/bras-de-demolition\/\",\"name\":\"Bras de d\u00e9molition - ZFE GmbH FR\",\"isPartOf\":{\"@id\":\"https:\/\/www.zfe-gmbh.de\/fr\/#website\"},\"primaryImageOfPage\":{\"@id\":\"https:\/\/www.zfe-gmbh.de\/fr\/produkte\/structures-speciales\/bras-de-demolition\/#primaryimage\"},\"image\":{\"@id\":\"https:\/\/www.zfe-gmbh.de\/fr\/produkte\/structures-speciales\/bras-de-demolition\/#primaryimage\"},\"thumbnailUrl\":\"http:\/\/zfe-gmbh.de\/wp-content\/uploads\/sites\/9\/2015\/02\/Abbruchstiel-1024x768.jpg\",\"datePublished\":\"2015-02-16T21:12:04+00:00\",\"dateModified\":\"2016-07-20T11:56:16+00:00\",\"breadcrumb\":{\"@id\":\"https:\/\/www.zfe-gmbh.de\/fr\/produkte\/structures-speciales\/bras-de-demolition\/#breadcrumb\"},\"inLanguage\":\"de\",\"potentialAction\":[{\"@type\":\"ReadAction\",\"target\":[\"https:\/\/www.zfe-gmbh.de\/fr\/produkte\/structures-speciales\/bras-de-demolition\/\"]}]},{\"@type\":\"ImageObject\",\"inLanguage\":\"de\",\"@id\":\"https:\/\/www.zfe-gmbh.de\/fr\/produkte\/structures-speciales\/bras-de-demolition\/#primaryimage\",\"url\":\"http:\/\/zfe-gmbh.de\/wp-content\/uploads\/sites\/9\/2015\/02\/Abbruchstiel-1024x768.jpg\",\"contentUrl\":\"http:\/\/zfe-gmbh.de\/wp-content\/uploads\/sites\/9\/2015\/02\/Abbruchstiel-1024x768.jpg\"},{\"@type\":\"BreadcrumbList\",\"@id\":\"https:\/\/www.zfe-gmbh.de\/fr\/produkte\/structures-speciales\/bras-de-demolition\/#breadcrumb\",\"itemListElement\":[{\"@type\":\"ListItem\",\"position\":1,\"name\":\"Home\",\"item\":\"https:\/\/www.zfe-gmbh.de\/fr\/\"},{\"@type\":\"ListItem\",\"position\":2,\"name\":\"PRODUITS\",\"item\":\"https:\/\/www.zfe-gmbh.de\/fr\/produkte\/\"},{\"@type\":\"ListItem\",\"position\":3,\"name\":\"Structures sp\u00e9ciales\",\"item\":\"https:\/\/www.zfe-gmbh.de\/fr\/produkte\/structures-speciales\/\"},{\"@type\":\"ListItem\",\"position\":4,\"name\":\"Bras de d\u00e9molition\"}]},{\"@type\":\"WebSite\",\"@id\":\"https:\/\/www.zfe-gmbh.de\/fr\/#website\",\"url\":\"https:\/\/www.zfe-gmbh.de\/fr\/\",\"name\":\"ZFE GmbH FR\",\"description\":\"better buckets\",\"potentialAction\":[{\"@type\":\"SearchAction\",\"target\":{\"@type\":\"EntryPoint\",\"urlTemplate\":\"https:\/\/www.zfe-gmbh.de\/fr\/?s={search_term_string}\"},\"query-input\":{\"@type\":\"PropertyValueSpecification\",\"valueRequired\":true,\"valueName\":\"search_term_string\"}}],\"inLanguage\":\"de\"}]}<\/script>\n<!-- \/ Yoast SEO plugin. -->","yoast_head_json":{"title":"Bras de d\u00e9molition - ZFE GmbH FR","robots":{"index":"index","follow":"follow","max-snippet":"max-snippet:-1","max-image-preview":"max-image-preview:large","max-video-preview":"max-video-preview:-1"},"canonical":"https:\/\/www.zfe-gmbh.de\/fr\/produkte\/structures-speciales\/bras-de-demolition\/","og_locale":"de_DE","og_type":"article","og_title":"Bras de d\u00e9molition - ZFE GmbH FR","og_description":"Ausf\u00fchrungen: Starr oder verstellbar Individuelle Gr\u00f6\u00dfen nach Kundenvorgaben Mit verschiedenen Zahnsystemen erh\u00e4ltlich. MTG, ECO oder CAT etc. Made in Germany [&hellip;]","og_url":"https:\/\/www.zfe-gmbh.de\/fr\/produkte\/structures-speciales\/bras-de-demolition\/","og_site_name":"ZFE GmbH FR","article_modified_time":"2016-07-20T11:56:16+00:00","og_image":[{"url":"http:\/\/zfe-gmbh.de\/wp-content\/uploads\/sites\/9\/2015\/02\/Abbruchstiel-1024x768.jpg","type":"","width":"","height":""}],"twitter_card":"summary_large_image","schema":{"@context":"https:\/\/schema.org","@graph":[{"@type":"WebPage","@id":"https:\/\/www.zfe-gmbh.de\/fr\/produkte\/structures-speciales\/bras-de-demolition\/","url":"https:\/\/www.zfe-gmbh.de\/fr\/produkte\/structures-speciales\/bras-de-demolition\/","name":"Bras de d\u00e9molition - ZFE GmbH FR","isPartOf":{"@id":"https:\/\/www.zfe-gmbh.de\/fr\/#website"},"primaryImageOfPage":{"@id":"https:\/\/www.zfe-gmbh.de\/fr\/produkte\/structures-speciales\/bras-de-demolition\/#primaryimage"},"image":{"@id":"https:\/\/www.zfe-gmbh.de\/fr\/produkte\/structures-speciales\/bras-de-demolition\/#primaryimage"},"thumbnailUrl":"http:\/\/zfe-gmbh.de\/wp-content\/uploads\/sites\/9\/2015\/02\/Abbruchstiel-1024x768.jpg","datePublished":"2015-02-16T21:12:04+00:00","dateModified":"2016-07-20T11:56:16+00:00","breadcrumb":{"@id":"https:\/\/www.zfe-gmbh.de\/fr\/produkte\/structures-speciales\/bras-de-demolition\/#breadcrumb"},"inLanguage":"de","potentialAction":[{"@type":"ReadAction","target":["https:\/\/www.zfe-gmbh.de\/fr\/produkte\/structures-speciales\/bras-de-demolition\/"]}]},{"@type":"ImageObject","inLanguage":"de","@id":"https:\/\/www.zfe-gmbh.de\/fr\/produkte\/structures-speciales\/bras-de-demolition\/#primaryimage","url":"http:\/\/zfe-gmbh.de\/wp-content\/uploads\/sites\/9\/2015\/02\/Abbruchstiel-1024x768.jpg","contentUrl":"http:\/\/zfe-gmbh.de\/wp-content\/uploads\/sites\/9\/2015\/02\/Abbruchstiel-1024x768.jpg"},{"@type":"BreadcrumbList","@id":"https:\/\/www.zfe-gmbh.de\/fr\/produkte\/structures-speciales\/bras-de-demolition\/#breadcrumb","itemListElement":[{"@type":"ListItem","position":1,"name":"Home","item":"https:\/\/www.zfe-gmbh.de\/fr\/"},{"@type":"ListItem","position":2,"name":"PRODUITS","item":"https:\/\/www.zfe-gmbh.de\/fr\/produkte\/"},{"@type":"ListItem","position":3,"name":"Structures sp\u00e9ciales","item":"https:\/\/www.zfe-gmbh.de\/fr\/produkte\/structures-speciales\/"},{"@type":"ListItem","position":4,"name":"Bras de d\u00e9molition"}]},{"@type":"WebSite","@id":"https:\/\/www.zfe-gmbh.de\/fr\/#website","url":"https:\/\/www.zfe-gmbh.de\/fr\/","name":"ZFE GmbH FR","description":"better buckets","potentialAction":[{"@type":"SearchAction","target":{"@type":"EntryPoint","urlTemplate":"https:\/\/www.zfe-gmbh.de\/fr\/?s={search_term_string}"},"query-input":{"@type":"PropertyValueSpecification","valueRequired":true,"valueName":"search_term_string"}}],"inLanguage":"de"}]}},"_links":{"self":[{"href":"https:\/\/www.zfe-gmbh.de\/fr\/wp-json\/wp\/v2\/pages\/67"}],"collection":[{"href":"https:\/\/www.zfe-gmbh.de\/fr\/wp-json\/wp\/v2\/pages"}],"about":[{"href":"https:\/\/www.zfe-gmbh.de\/fr\/wp-json\/wp\/v2\/types\/page"}],"author":[{"embeddable":true,"href":"https:\/\/www.zfe-gmbh.de\/fr\/wp-json\/wp\/v2\/users\/1"}],"replies":[{"embeddable":true,"href":"https:\/\/www.zfe-gmbh.de\/fr\/wp-json\/wp\/v2\/comments?post=67"}],"version-history":[{"count":7,"href":"https:\/\/www.zfe-gmbh.de\/fr\/wp-json\/wp\/v2\/pages\/67\/revisions"}],"predecessor-version":[{"id":1423,"href":"https:\/\/www.zfe-gmbh.de\/fr\/wp-json\/wp\/v2\/pages\/67\/revisions\/1423"}],"up":[{"embeddable":true,"href":"https:\/\/www.zfe-gmbh.de\/fr\/wp-json\/wp\/v2\/pages\/57"}],"wp:attachment":[{"href":"https:\/\/www.zfe-gmbh.de\/fr\/wp-json\/wp\/v2\/media?parent=67"}],"curies":[{"name":"wp","href":"https:\/\/api.w.org\/{rel}","templated":true}]}}