{"id":69,"date":"2015-02-16T22:12:25","date_gmt":"2015-02-16T21:12:25","guid":{"rendered":"http:\/\/zfe-gmbh.de\/?page_id=69"},"modified":"2016-07-20T13:55:46","modified_gmt":"2016-07-20T11:55:46","slug":"pince-a-bois","status":"publish","type":"page","link":"https:\/\/www.zfe-gmbh.de\/fr\/produkte\/structures-speciales\/pince-a-bois\/","title":{"rendered":"Pince \u00e0 bois"},"content":{"rendered":"<p><a href=\"http:\/\/zfe-gmbh.de\/wp-content\/uploads\/sites\/9\/2015\/02\/Holzzange-Holzgreifer.jpg\"><img loading=\"lazy\" decoding=\"async\" class=\"aligncenter size-large wp-image-540\" src=\"http:\/\/zfe-gmbh.de\/wp-content\/uploads\/sites\/9\/2015\/02\/Holzzange-Holzgreifer-1024x768.jpg\" alt=\"Holzzange Holzgreifer\" width=\"745\" height=\"559\" srcset=\"https:\/\/www.zfe-gmbh.de\/fr\/wp-content\/uploads\/sites\/9\/2015\/02\/Holzzange-Holzgreifer-1024x768.jpg 1024w, https:\/\/www.zfe-gmbh.de\/fr\/wp-content\/uploads\/sites\/9\/2015\/02\/Holzzange-Holzgreifer-300x225.jpg 300w, https:\/\/www.zfe-gmbh.de\/fr\/wp-content\/uploads\/sites\/9\/2015\/02\/Holzzange-Holzgreifer-745x559.jpg 745w, https:\/\/www.zfe-gmbh.de\/fr\/wp-content\/uploads\/sites\/9\/2015\/02\/Holzzange-Holzgreifer.jpg 1250w\" sizes=\"(max-width: 745px) 100vw, 745px\" \/><\/a><\/p>\n<p><strong>Made in Germany<\/strong><\/p>\n<p>Tous les composants sont fabriqu\u00e9s en Allemagne &#8211; de la d\u00e9coupe \u00e0 la peinture finale.<\/p>\n<h4><strong>Pour toute question, n&#8217;h\u00e9sitez pas \u00e0 nous contacter:<\/strong><\/h4>\n<p><a href=\"http:\/\/zfe-gmbh.de\/wp-content\/uploads\/2015\/02\/Tobias-Meier.jpg\"><img loading=\"lazy\" decoding=\"async\" class=\" size-full wp-image-1652 alignleft\" src=\"http:\/\/zfe-gmbh.de\/wp-content\/uploads\/2015\/02\/Tobias-Meier.jpg\" alt=\"Tobias Meier\" width=\"128\" height=\"128\" \/><\/a>Tobias Meier<br \/>\nService de ventes<br \/>\n+49 (0) 78 41 \/ 20 57 &#8211;\u00a027<br \/>\n<a href=\"mailto:tobias.meier@zfe-gmbh.de?subject=\" target=\"{target}\">tobias.meier@zfe-gmbh.de<\/a><\/p>\n<h4><\/h4>\n","protected":false},"excerpt":{"rendered":"<p>Made in Germany Tous les composants sont fabriqu\u00e9s en Allemagne &#8211; de la d\u00e9coupe \u00e0 la peinture finale. Pour toute [&hellip;]<\/p>\n","protected":false},"author":1,"featured_media":0,"parent":57,"menu_order":10,"comment_status":"closed","ping_status":"closed","template":"","meta":{"footnotes":""},"class_list":["post-69","page","type-page","status-publish","hentry","no-featured-image"],"yoast_head":"<!-- This site is optimized with the Yoast SEO plugin v24.4 - https:\/\/yoast.com\/wordpress\/plugins\/seo\/ -->\n<title>Pince \u00e0 bois - ZFE GmbH FR<\/title>\n<meta name=\"robots\" content=\"index, follow, max-snippet:-1, max-image-preview:large, max-video-preview:-1\" \/>\n<link rel=\"canonical\" href=\"https:\/\/www.zfe-gmbh.de\/fr\/produkte\/structures-speciales\/pince-a-bois\/\" \/>\n<meta property=\"og:locale\" content=\"de_DE\" \/>\n<meta property=\"og:type\" content=\"article\" \/>\n<meta property=\"og:title\" content=\"Pince \u00e0 bois - ZFE GmbH FR\" \/>\n<meta property=\"og:description\" content=\"Made in Germany Tous les composants sont fabriqu\u00e9s en Allemagne &#8211; de la d\u00e9coupe \u00e0 la peinture finale. Pour toute [&hellip;]\" \/>\n<meta property=\"og:url\" content=\"https:\/\/www.zfe-gmbh.de\/fr\/produkte\/structures-speciales\/pince-a-bois\/\" \/>\n<meta property=\"og:site_name\" content=\"ZFE GmbH FR\" \/>\n<meta property=\"article:modified_time\" content=\"2016-07-20T11:55:46+00:00\" \/>\n<meta property=\"og:image\" content=\"http:\/\/zfe-gmbh.de\/wp-content\/uploads\/sites\/9\/2015\/02\/Holzzange-Holzgreifer-1024x768.jpg\" \/>\n<meta name=\"twitter:card\" content=\"summary_large_image\" \/>\n<script type=\"application\/ld+json\" class=\"yoast-schema-graph\">{\"@context\":\"https:\/\/schema.org\",\"@graph\":[{\"@type\":\"WebPage\",\"@id\":\"https:\/\/www.zfe-gmbh.de\/fr\/produkte\/structures-speciales\/pince-a-bois\/\",\"url\":\"https:\/\/www.zfe-gmbh.de\/fr\/produkte\/structures-speciales\/pince-a-bois\/\",\"name\":\"Pince \u00e0 bois - ZFE GmbH FR\",\"isPartOf\":{\"@id\":\"https:\/\/www.zfe-gmbh.de\/fr\/#website\"},\"primaryImageOfPage\":{\"@id\":\"https:\/\/www.zfe-gmbh.de\/fr\/produkte\/structures-speciales\/pince-a-bois\/#primaryimage\"},\"image\":{\"@id\":\"https:\/\/www.zfe-gmbh.de\/fr\/produkte\/structures-speciales\/pince-a-bois\/#primaryimage\"},\"thumbnailUrl\":\"http:\/\/zfe-gmbh.de\/wp-content\/uploads\/sites\/9\/2015\/02\/Holzzange-Holzgreifer-1024x768.jpg\",\"datePublished\":\"2015-02-16T21:12:25+00:00\",\"dateModified\":\"2016-07-20T11:55:46+00:00\",\"breadcrumb\":{\"@id\":\"https:\/\/www.zfe-gmbh.de\/fr\/produkte\/structures-speciales\/pince-a-bois\/#breadcrumb\"},\"inLanguage\":\"de\",\"potentialAction\":[{\"@type\":\"ReadAction\",\"target\":[\"https:\/\/www.zfe-gmbh.de\/fr\/produkte\/structures-speciales\/pince-a-bois\/\"]}]},{\"@type\":\"ImageObject\",\"inLanguage\":\"de\",\"@id\":\"https:\/\/www.zfe-gmbh.de\/fr\/produkte\/structures-speciales\/pince-a-bois\/#primaryimage\",\"url\":\"http:\/\/zfe-gmbh.de\/wp-content\/uploads\/sites\/9\/2015\/02\/Holzzange-Holzgreifer-1024x768.jpg\",\"contentUrl\":\"http:\/\/zfe-gmbh.de\/wp-content\/uploads\/sites\/9\/2015\/02\/Holzzange-Holzgreifer-1024x768.jpg\"},{\"@type\":\"BreadcrumbList\",\"@id\":\"https:\/\/www.zfe-gmbh.de\/fr\/produkte\/structures-speciales\/pince-a-bois\/#breadcrumb\",\"itemListElement\":[{\"@type\":\"ListItem\",\"position\":1,\"name\":\"Home\",\"item\":\"https:\/\/www.zfe-gmbh.de\/fr\/\"},{\"@type\":\"ListItem\",\"position\":2,\"name\":\"PRODUITS\",\"item\":\"https:\/\/www.zfe-gmbh.de\/fr\/produkte\/\"},{\"@type\":\"ListItem\",\"position\":3,\"name\":\"Structures sp\u00e9ciales\",\"item\":\"https:\/\/www.zfe-gmbh.de\/fr\/produkte\/structures-speciales\/\"},{\"@type\":\"ListItem\",\"position\":4,\"name\":\"Pince \u00e0 bois\"}]},{\"@type\":\"WebSite\",\"@id\":\"https:\/\/www.zfe-gmbh.de\/fr\/#website\",\"url\":\"https:\/\/www.zfe-gmbh.de\/fr\/\",\"name\":\"ZFE GmbH FR\",\"description\":\"better buckets\",\"potentialAction\":[{\"@type\":\"SearchAction\",\"target\":{\"@type\":\"EntryPoint\",\"urlTemplate\":\"https:\/\/www.zfe-gmbh.de\/fr\/?s={search_term_string}\"},\"query-input\":{\"@type\":\"PropertyValueSpecification\",\"valueRequired\":true,\"valueName\":\"search_term_string\"}}],\"inLanguage\":\"de\"}]}<\/script>\n<!-- \/ Yoast SEO plugin. -->","yoast_head_json":{"title":"Pince \u00e0 bois - ZFE GmbH FR","robots":{"index":"index","follow":"follow","max-snippet":"max-snippet:-1","max-image-preview":"max-image-preview:large","max-video-preview":"max-video-preview:-1"},"canonical":"https:\/\/www.zfe-gmbh.de\/fr\/produkte\/structures-speciales\/pince-a-bois\/","og_locale":"de_DE","og_type":"article","og_title":"Pince \u00e0 bois - ZFE GmbH FR","og_description":"Made in Germany Tous les composants sont fabriqu\u00e9s en Allemagne &#8211; de la d\u00e9coupe \u00e0 la peinture finale. Pour toute [&hellip;]","og_url":"https:\/\/www.zfe-gmbh.de\/fr\/produkte\/structures-speciales\/pince-a-bois\/","og_site_name":"ZFE GmbH FR","article_modified_time":"2016-07-20T11:55:46+00:00","og_image":[{"url":"http:\/\/zfe-gmbh.de\/wp-content\/uploads\/sites\/9\/2015\/02\/Holzzange-Holzgreifer-1024x768.jpg","type":"","width":"","height":""}],"twitter_card":"summary_large_image","schema":{"@context":"https:\/\/schema.org","@graph":[{"@type":"WebPage","@id":"https:\/\/www.zfe-gmbh.de\/fr\/produkte\/structures-speciales\/pince-a-bois\/","url":"https:\/\/www.zfe-gmbh.de\/fr\/produkte\/structures-speciales\/pince-a-bois\/","name":"Pince \u00e0 bois - ZFE GmbH FR","isPartOf":{"@id":"https:\/\/www.zfe-gmbh.de\/fr\/#website"},"primaryImageOfPage":{"@id":"https:\/\/www.zfe-gmbh.de\/fr\/produkte\/structures-speciales\/pince-a-bois\/#primaryimage"},"image":{"@id":"https:\/\/www.zfe-gmbh.de\/fr\/produkte\/structures-speciales\/pince-a-bois\/#primaryimage"},"thumbnailUrl":"http:\/\/zfe-gmbh.de\/wp-content\/uploads\/sites\/9\/2015\/02\/Holzzange-Holzgreifer-1024x768.jpg","datePublished":"2015-02-16T21:12:25+00:00","dateModified":"2016-07-20T11:55:46+00:00","breadcrumb":{"@id":"https:\/\/www.zfe-gmbh.de\/fr\/produkte\/structures-speciales\/pince-a-bois\/#breadcrumb"},"inLanguage":"de","potentialAction":[{"@type":"ReadAction","target":["https:\/\/www.zfe-gmbh.de\/fr\/produkte\/structures-speciales\/pince-a-bois\/"]}]},{"@type":"ImageObject","inLanguage":"de","@id":"https:\/\/www.zfe-gmbh.de\/fr\/produkte\/structures-speciales\/pince-a-bois\/#primaryimage","url":"http:\/\/zfe-gmbh.de\/wp-content\/uploads\/sites\/9\/2015\/02\/Holzzange-Holzgreifer-1024x768.jpg","contentUrl":"http:\/\/zfe-gmbh.de\/wp-content\/uploads\/sites\/9\/2015\/02\/Holzzange-Holzgreifer-1024x768.jpg"},{"@type":"BreadcrumbList","@id":"https:\/\/www.zfe-gmbh.de\/fr\/produkte\/structures-speciales\/pince-a-bois\/#breadcrumb","itemListElement":[{"@type":"ListItem","position":1,"name":"Home","item":"https:\/\/www.zfe-gmbh.de\/fr\/"},{"@type":"ListItem","position":2,"name":"PRODUITS","item":"https:\/\/www.zfe-gmbh.de\/fr\/produkte\/"},{"@type":"ListItem","position":3,"name":"Structures sp\u00e9ciales","item":"https:\/\/www.zfe-gmbh.de\/fr\/produkte\/structures-speciales\/"},{"@type":"ListItem","position":4,"name":"Pince \u00e0 bois"}]},{"@type":"WebSite","@id":"https:\/\/www.zfe-gmbh.de\/fr\/#website","url":"https:\/\/www.zfe-gmbh.de\/fr\/","name":"ZFE GmbH FR","description":"better buckets","potentialAction":[{"@type":"SearchAction","target":{"@type":"EntryPoint","urlTemplate":"https:\/\/www.zfe-gmbh.de\/fr\/?s={search_term_string}"},"query-input":{"@type":"PropertyValueSpecification","valueRequired":true,"valueName":"search_term_string"}}],"inLanguage":"de"}]}},"_links":{"self":[{"href":"https:\/\/www.zfe-gmbh.de\/fr\/wp-json\/wp\/v2\/pages\/69"}],"collection":[{"href":"https:\/\/www.zfe-gmbh.de\/fr\/wp-json\/wp\/v2\/pages"}],"about":[{"href":"https:\/\/www.zfe-gmbh.de\/fr\/wp-json\/wp\/v2\/types\/page"}],"author":[{"embeddable":true,"href":"https:\/\/www.zfe-gmbh.de\/fr\/wp-json\/wp\/v2\/users\/1"}],"replies":[{"embeddable":true,"href":"https:\/\/www.zfe-gmbh.de\/fr\/wp-json\/wp\/v2\/comments?post=69"}],"version-history":[{"count":9,"href":"https:\/\/www.zfe-gmbh.de\/fr\/wp-json\/wp\/v2\/pages\/69\/revisions"}],"predecessor-version":[{"id":1422,"href":"https:\/\/www.zfe-gmbh.de\/fr\/wp-json\/wp\/v2\/pages\/69\/revisions\/1422"}],"up":[{"embeddable":true,"href":"https:\/\/www.zfe-gmbh.de\/fr\/wp-json\/wp\/v2\/pages\/57"}],"wp:attachment":[{"href":"https:\/\/www.zfe-gmbh.de\/fr\/wp-json\/wp\/v2\/media?parent=69"}],"curies":[{"name":"wp","href":"https:\/\/api.w.org\/{rel}","templated":true}]}}