{"id":77,"date":"2015-02-16T22:14:09","date_gmt":"2015-02-16T21:14:09","guid":{"rendered":"http:\/\/zfe-gmbh.de\/?page_id=77"},"modified":"2016-07-20T13:53:13","modified_gmt":"2016-07-20T11:53:13","slug":"dent-de-deroctage-pour-mini-pelle","status":"publish","type":"page","link":"https:\/\/www.zfe-gmbh.de\/fr\/produkte\/mini-excavateur\/dent-de-deroctage-pour-mini-pelle\/","title":{"rendered":"Dent de d\u00e9roctage pour mini pelle"},"content":{"rendered":"<h4><a href=\"http:\/\/zfe-gmbh.de\/wp-content\/uploads\/sites\/9\/2015\/02\/Reisszahn-Minibagger.jpg\"><img loading=\"lazy\" decoding=\"async\" class=\"aligncenter wp-image-523 size-large\" src=\"http:\/\/zfe-gmbh.de\/fr\/wp-content\/uploads\/sites\/9\/2015\/02\/Reisszahn-Minibagger-1024x768.jpg\" alt=\"Dent de d\u00e9roctage pour mini pelle\" width=\"745\" height=\"559\" srcset=\"https:\/\/www.zfe-gmbh.de\/fr\/wp-content\/uploads\/sites\/9\/2015\/02\/Reisszahn-Minibagger-1024x768.jpg 1024w, https:\/\/www.zfe-gmbh.de\/fr\/wp-content\/uploads\/sites\/9\/2015\/02\/Reisszahn-Minibagger-300x225.jpg 300w, https:\/\/www.zfe-gmbh.de\/fr\/wp-content\/uploads\/sites\/9\/2015\/02\/Reisszahn-Minibagger-745x558.jpg 745w, https:\/\/www.zfe-gmbh.de\/fr\/wp-content\/uploads\/sites\/9\/2015\/02\/Reisszahn-Minibagger.jpg 1250w\" sizes=\"(max-width: 745px) 100vw, 745px\" \/><\/a><\/h4>\n<p><strong>Caract\u00e9restiques de construction:<\/strong><\/p>\n<ul>\n<li>Tr\u00e8s bonne p\u00e9n\u00e9tration<\/li>\n<li>Pour des travaux d\u2019arrachege des plus difficiles sur roches ou en d\u00e9molition<\/li>\n<li>R\u00e9sistant par acier avec une haute r\u00e9sistance \u00e0 l&#8217;usure, dent ESCO, MTG utc.<\/li>\n<\/ul>\n<p>&nbsp;<\/p>\n<p><strong>Exemple:<\/strong><\/p>\n<p><strong>Dent de d\u00e9roctage HS pour pelle jusqu\u2019\u00e0 5 t<\/strong><\/p>\n<p>Attache rapide MS03<\/p>\n<p>Dent: ESCO V17VY<\/p>\n<p>Construit enti\u00e8rement en 20 mm HARDOX 450<\/p>\n<p>&nbsp;<\/p>\n<p><strong>Made in Germany<\/strong><\/p>\n<p>Tous les composants sont fabriqu\u00e9s en Allemagne &#8211; de la d\u00e9coupe \u00e0 la peinture finale.<\/p>\n<h4><strong>Pour toute question, n&#8217;h\u00e9sitez pas \u00e0 nous contacter:<\/strong><\/h4>\n<p><a href=\"http:\/\/zfe-gmbh.de\/wp-content\/uploads\/2015\/02\/Tobias-Meier.jpg\"><img loading=\"lazy\" decoding=\"async\" class=\" size-full wp-image-1652 alignleft\" src=\"http:\/\/zfe-gmbh.de\/wp-content\/uploads\/2015\/02\/Tobias-Meier.jpg\" alt=\"Tobias Meier\" width=\"128\" height=\"128\" \/><\/a>Tobias Meier<br \/>\nService de ventes<br \/>\n+49 (0) 78 41 \/ 20 57 &#8211;\u00a027<br \/>\n<a href=\"mailto:tobias.meier@zfe-gmbh.de?subject=\" target=\"{target}\">tobias.meier@zfe-gmbh.de<\/a><\/p>\n<h4><\/h4>\n","protected":false},"excerpt":{"rendered":"<p>Caract\u00e9restiques de construction: Tr\u00e8s bonne p\u00e9n\u00e9tration Pour des travaux d\u2019arrachege des plus difficiles sur roches ou en d\u00e9molition R\u00e9sistant par [&hellip;]<\/p>\n","protected":false},"author":1,"featured_media":0,"parent":55,"menu_order":70,"comment_status":"closed","ping_status":"closed","template":"","meta":{"footnotes":""},"class_list":["post-77","page","type-page","status-publish","hentry","no-featured-image"],"yoast_head":"<!-- This site is optimized with the Yoast SEO plugin v24.4 - https:\/\/yoast.com\/wordpress\/plugins\/seo\/ -->\n<title>Dent de d\u00e9roctage pour mini pelle - ZFE GmbH FR<\/title>\n<meta name=\"robots\" content=\"index, follow, max-snippet:-1, max-image-preview:large, max-video-preview:-1\" \/>\n<link rel=\"canonical\" href=\"https:\/\/www.zfe-gmbh.de\/fr\/produkte\/mini-excavateur\/dent-de-deroctage-pour-mini-pelle\/\" \/>\n<meta property=\"og:locale\" content=\"de_DE\" \/>\n<meta property=\"og:type\" content=\"article\" \/>\n<meta property=\"og:title\" content=\"Dent de d\u00e9roctage pour mini pelle - ZFE GmbH FR\" \/>\n<meta property=\"og:description\" content=\"Caract\u00e9restiques de construction: Tr\u00e8s bonne p\u00e9n\u00e9tration Pour des travaux d\u2019arrachege des plus difficiles sur roches ou en d\u00e9molition R\u00e9sistant par [&hellip;]\" \/>\n<meta property=\"og:url\" content=\"https:\/\/www.zfe-gmbh.de\/fr\/produkte\/mini-excavateur\/dent-de-deroctage-pour-mini-pelle\/\" \/>\n<meta property=\"og:site_name\" content=\"ZFE GmbH FR\" \/>\n<meta property=\"article:modified_time\" content=\"2016-07-20T11:53:13+00:00\" \/>\n<meta property=\"og:image\" content=\"http:\/\/zfe-gmbh.de\/fr\/wp-content\/uploads\/sites\/9\/2015\/02\/Reisszahn-Minibagger-1024x768.jpg\" \/>\n<meta name=\"twitter:card\" content=\"summary_large_image\" \/>\n<meta name=\"twitter:label1\" content=\"Gesch\u00e4tzte Lesezeit\" \/>\n\t<meta name=\"twitter:data1\" content=\"1\u00a0Minute\" \/>\n<script type=\"application\/ld+json\" class=\"yoast-schema-graph\">{\"@context\":\"https:\/\/schema.org\",\"@graph\":[{\"@type\":\"WebPage\",\"@id\":\"https:\/\/www.zfe-gmbh.de\/fr\/produkte\/mini-excavateur\/dent-de-deroctage-pour-mini-pelle\/\",\"url\":\"https:\/\/www.zfe-gmbh.de\/fr\/produkte\/mini-excavateur\/dent-de-deroctage-pour-mini-pelle\/\",\"name\":\"Dent de d\u00e9roctage pour mini pelle - ZFE GmbH FR\",\"isPartOf\":{\"@id\":\"https:\/\/www.zfe-gmbh.de\/fr\/#website\"},\"primaryImageOfPage\":{\"@id\":\"https:\/\/www.zfe-gmbh.de\/fr\/produkte\/mini-excavateur\/dent-de-deroctage-pour-mini-pelle\/#primaryimage\"},\"image\":{\"@id\":\"https:\/\/www.zfe-gmbh.de\/fr\/produkte\/mini-excavateur\/dent-de-deroctage-pour-mini-pelle\/#primaryimage\"},\"thumbnailUrl\":\"http:\/\/zfe-gmbh.de\/fr\/wp-content\/uploads\/sites\/9\/2015\/02\/Reisszahn-Minibagger-1024x768.jpg\",\"datePublished\":\"2015-02-16T21:14:09+00:00\",\"dateModified\":\"2016-07-20T11:53:13+00:00\",\"breadcrumb\":{\"@id\":\"https:\/\/www.zfe-gmbh.de\/fr\/produkte\/mini-excavateur\/dent-de-deroctage-pour-mini-pelle\/#breadcrumb\"},\"inLanguage\":\"de\",\"potentialAction\":[{\"@type\":\"ReadAction\",\"target\":[\"https:\/\/www.zfe-gmbh.de\/fr\/produkte\/mini-excavateur\/dent-de-deroctage-pour-mini-pelle\/\"]}]},{\"@type\":\"ImageObject\",\"inLanguage\":\"de\",\"@id\":\"https:\/\/www.zfe-gmbh.de\/fr\/produkte\/mini-excavateur\/dent-de-deroctage-pour-mini-pelle\/#primaryimage\",\"url\":\"http:\/\/zfe-gmbh.de\/fr\/wp-content\/uploads\/sites\/9\/2015\/02\/Reisszahn-Minibagger-1024x768.jpg\",\"contentUrl\":\"http:\/\/zfe-gmbh.de\/fr\/wp-content\/uploads\/sites\/9\/2015\/02\/Reisszahn-Minibagger-1024x768.jpg\"},{\"@type\":\"BreadcrumbList\",\"@id\":\"https:\/\/www.zfe-gmbh.de\/fr\/produkte\/mini-excavateur\/dent-de-deroctage-pour-mini-pelle\/#breadcrumb\",\"itemListElement\":[{\"@type\":\"ListItem\",\"position\":1,\"name\":\"Home\",\"item\":\"https:\/\/www.zfe-gmbh.de\/fr\/\"},{\"@type\":\"ListItem\",\"position\":2,\"name\":\"PRODUITS\",\"item\":\"https:\/\/www.zfe-gmbh.de\/fr\/produkte\/\"},{\"@type\":\"ListItem\",\"position\":3,\"name\":\"MINI-EXCAVATEUR\",\"item\":\"https:\/\/www.zfe-gmbh.de\/fr\/produkte\/mini-excavateur\/\"},{\"@type\":\"ListItem\",\"position\":4,\"name\":\"Dent de d\u00e9roctage pour mini pelle\"}]},{\"@type\":\"WebSite\",\"@id\":\"https:\/\/www.zfe-gmbh.de\/fr\/#website\",\"url\":\"https:\/\/www.zfe-gmbh.de\/fr\/\",\"name\":\"ZFE GmbH FR\",\"description\":\"better buckets\",\"potentialAction\":[{\"@type\":\"SearchAction\",\"target\":{\"@type\":\"EntryPoint\",\"urlTemplate\":\"https:\/\/www.zfe-gmbh.de\/fr\/?s={search_term_string}\"},\"query-input\":{\"@type\":\"PropertyValueSpecification\",\"valueRequired\":true,\"valueName\":\"search_term_string\"}}],\"inLanguage\":\"de\"}]}<\/script>\n<!-- \/ Yoast SEO plugin. -->","yoast_head_json":{"title":"Dent de d\u00e9roctage pour mini pelle - ZFE GmbH FR","robots":{"index":"index","follow":"follow","max-snippet":"max-snippet:-1","max-image-preview":"max-image-preview:large","max-video-preview":"max-video-preview:-1"},"canonical":"https:\/\/www.zfe-gmbh.de\/fr\/produkte\/mini-excavateur\/dent-de-deroctage-pour-mini-pelle\/","og_locale":"de_DE","og_type":"article","og_title":"Dent de d\u00e9roctage pour mini pelle - ZFE GmbH FR","og_description":"Caract\u00e9restiques de construction: Tr\u00e8s bonne p\u00e9n\u00e9tration Pour des travaux d\u2019arrachege des plus difficiles sur roches ou en d\u00e9molition R\u00e9sistant par [&hellip;]","og_url":"https:\/\/www.zfe-gmbh.de\/fr\/produkte\/mini-excavateur\/dent-de-deroctage-pour-mini-pelle\/","og_site_name":"ZFE GmbH FR","article_modified_time":"2016-07-20T11:53:13+00:00","og_image":[{"url":"http:\/\/zfe-gmbh.de\/fr\/wp-content\/uploads\/sites\/9\/2015\/02\/Reisszahn-Minibagger-1024x768.jpg","type":"","width":"","height":""}],"twitter_card":"summary_large_image","twitter_misc":{"Gesch\u00e4tzte Lesezeit":"1\u00a0Minute"},"schema":{"@context":"https:\/\/schema.org","@graph":[{"@type":"WebPage","@id":"https:\/\/www.zfe-gmbh.de\/fr\/produkte\/mini-excavateur\/dent-de-deroctage-pour-mini-pelle\/","url":"https:\/\/www.zfe-gmbh.de\/fr\/produkte\/mini-excavateur\/dent-de-deroctage-pour-mini-pelle\/","name":"Dent de d\u00e9roctage pour mini pelle - ZFE GmbH FR","isPartOf":{"@id":"https:\/\/www.zfe-gmbh.de\/fr\/#website"},"primaryImageOfPage":{"@id":"https:\/\/www.zfe-gmbh.de\/fr\/produkte\/mini-excavateur\/dent-de-deroctage-pour-mini-pelle\/#primaryimage"},"image":{"@id":"https:\/\/www.zfe-gmbh.de\/fr\/produkte\/mini-excavateur\/dent-de-deroctage-pour-mini-pelle\/#primaryimage"},"thumbnailUrl":"http:\/\/zfe-gmbh.de\/fr\/wp-content\/uploads\/sites\/9\/2015\/02\/Reisszahn-Minibagger-1024x768.jpg","datePublished":"2015-02-16T21:14:09+00:00","dateModified":"2016-07-20T11:53:13+00:00","breadcrumb":{"@id":"https:\/\/www.zfe-gmbh.de\/fr\/produkte\/mini-excavateur\/dent-de-deroctage-pour-mini-pelle\/#breadcrumb"},"inLanguage":"de","potentialAction":[{"@type":"ReadAction","target":["https:\/\/www.zfe-gmbh.de\/fr\/produkte\/mini-excavateur\/dent-de-deroctage-pour-mini-pelle\/"]}]},{"@type":"ImageObject","inLanguage":"de","@id":"https:\/\/www.zfe-gmbh.de\/fr\/produkte\/mini-excavateur\/dent-de-deroctage-pour-mini-pelle\/#primaryimage","url":"http:\/\/zfe-gmbh.de\/fr\/wp-content\/uploads\/sites\/9\/2015\/02\/Reisszahn-Minibagger-1024x768.jpg","contentUrl":"http:\/\/zfe-gmbh.de\/fr\/wp-content\/uploads\/sites\/9\/2015\/02\/Reisszahn-Minibagger-1024x768.jpg"},{"@type":"BreadcrumbList","@id":"https:\/\/www.zfe-gmbh.de\/fr\/produkte\/mini-excavateur\/dent-de-deroctage-pour-mini-pelle\/#breadcrumb","itemListElement":[{"@type":"ListItem","position":1,"name":"Home","item":"https:\/\/www.zfe-gmbh.de\/fr\/"},{"@type":"ListItem","position":2,"name":"PRODUITS","item":"https:\/\/www.zfe-gmbh.de\/fr\/produkte\/"},{"@type":"ListItem","position":3,"name":"MINI-EXCAVATEUR","item":"https:\/\/www.zfe-gmbh.de\/fr\/produkte\/mini-excavateur\/"},{"@type":"ListItem","position":4,"name":"Dent de d\u00e9roctage pour mini pelle"}]},{"@type":"WebSite","@id":"https:\/\/www.zfe-gmbh.de\/fr\/#website","url":"https:\/\/www.zfe-gmbh.de\/fr\/","name":"ZFE GmbH FR","description":"better buckets","potentialAction":[{"@type":"SearchAction","target":{"@type":"EntryPoint","urlTemplate":"https:\/\/www.zfe-gmbh.de\/fr\/?s={search_term_string}"},"query-input":{"@type":"PropertyValueSpecification","valueRequired":true,"valueName":"search_term_string"}}],"inLanguage":"de"}]}},"_links":{"self":[{"href":"https:\/\/www.zfe-gmbh.de\/fr\/wp-json\/wp\/v2\/pages\/77"}],"collection":[{"href":"https:\/\/www.zfe-gmbh.de\/fr\/wp-json\/wp\/v2\/pages"}],"about":[{"href":"https:\/\/www.zfe-gmbh.de\/fr\/wp-json\/wp\/v2\/types\/page"}],"author":[{"embeddable":true,"href":"https:\/\/www.zfe-gmbh.de\/fr\/wp-json\/wp\/v2\/users\/1"}],"replies":[{"embeddable":true,"href":"https:\/\/www.zfe-gmbh.de\/fr\/wp-json\/wp\/v2\/comments?post=77"}],"version-history":[{"count":9,"href":"https:\/\/www.zfe-gmbh.de\/fr\/wp-json\/wp\/v2\/pages\/77\/revisions"}],"predecessor-version":[{"id":1417,"href":"https:\/\/www.zfe-gmbh.de\/fr\/wp-json\/wp\/v2\/pages\/77\/revisions\/1417"}],"up":[{"embeddable":true,"href":"https:\/\/www.zfe-gmbh.de\/fr\/wp-json\/wp\/v2\/pages\/55"}],"wp:attachment":[{"href":"https:\/\/www.zfe-gmbh.de\/fr\/wp-json\/wp\/v2\/media?parent=77"}],"curies":[{"name":"wp","href":"https:\/\/api.w.org\/{rel}","templated":true}]}}