{"id":85,"date":"2015-02-16T22:15:39","date_gmt":"2015-02-16T21:15:39","guid":{"rendered":"http:\/\/zfe-gmbh.de\/?page_id=85"},"modified":"2016-07-20T13:51:03","modified_gmt":"2016-07-20T11:51:03","slug":"godet-claire-voie-godet-squelette","status":"publish","type":"page","link":"https:\/\/www.zfe-gmbh.de\/fr\/produkte\/mini-excavateur\/godet-claire-voie-godet-squelette\/","title":{"rendered":"Godet claire-voie \/ Godet squelette"},"content":{"rendered":"<p><strong><a href=\"http:\/\/zfe-gmbh.de\/fr\/wp-content\/uploads\/sites\/9\/2015\/02\/Gitterloeffel-Sortierloeffel.jpg\"><img loading=\"lazy\" decoding=\"async\" class=\"alignnone wp-image-1248 size-full\" src=\"http:\/\/zfe-gmbh.de\/fr\/wp-content\/uploads\/sites\/9\/2015\/02\/Gitterloeffel-Sortierloeffel.jpg\" alt=\"Godet claire-voie \/ Godet squelette\" width=\"1000\" height=\"750\" srcset=\"https:\/\/www.zfe-gmbh.de\/fr\/wp-content\/uploads\/sites\/9\/2015\/02\/Gitterloeffel-Sortierloeffel.jpg 1000w, https:\/\/www.zfe-gmbh.de\/fr\/wp-content\/uploads\/sites\/9\/2015\/02\/Gitterloeffel-Sortierloeffel-300x225.jpg 300w, https:\/\/www.zfe-gmbh.de\/fr\/wp-content\/uploads\/sites\/9\/2015\/02\/Gitterloeffel-Sortierloeffel-745x559.jpg 745w\" sizes=\"(max-width: 1000px) 100vw, 1000px\" \/><\/a><\/strong><\/p>\n<p><strong>Type<\/strong><\/p>\n<p>Godet claire-voie pour pelle 1,2 &#8211; 50 t<\/p>\n<p>Lame\u00a0 HB400-acier.<\/p>\n<p>Distance entre les barres standard 55mm (pour le pelle 1,2 &#8211; 9,5 t),<\/p>\n<p>Distance entre les barres standard 60mm (pour le pelle 10 &#8211; 50 t),<\/p>\n<p>&nbsp;<\/p>\n<p><strong><a href=\"http:\/\/zfe-gmbh.de\/fr\/wp-content\/uploads\/sites\/9\/2015\/02\/Sortierloeffel-Gitterloeffel.jpg\"><img loading=\"lazy\" decoding=\"async\" class=\"alignnone wp-image-1249 size-full\" src=\"http:\/\/zfe-gmbh.de\/fr\/wp-content\/uploads\/sites\/9\/2015\/02\/Sortierloeffel-Gitterloeffel.jpg\" alt=\"Godet claire-voie \/ Godet squelette\" width=\"1000\" height=\"750\" srcset=\"https:\/\/www.zfe-gmbh.de\/fr\/wp-content\/uploads\/sites\/9\/2015\/02\/Sortierloeffel-Gitterloeffel.jpg 1000w, https:\/\/www.zfe-gmbh.de\/fr\/wp-content\/uploads\/sites\/9\/2015\/02\/Sortierloeffel-Gitterloeffel-300x225.jpg 300w, https:\/\/www.zfe-gmbh.de\/fr\/wp-content\/uploads\/sites\/9\/2015\/02\/Sortierloeffel-Gitterloeffel-745x559.jpg 745w\" sizes=\"(max-width: 1000px) 100vw, 1000px\" \/><\/a>Exemple: \u00a0Claire-voie STL GL1000<\/strong><\/p>\n<p>Cat\u00e9gorie \u00a0 \u00a0 \u00a0 \u00a006<br \/>\nPour pelle \u00a0 \u00a0 \u00a0 \u00a03,7-5,0 t<br \/>\nAttachement \u00a0 \u00a0MS03<br \/>\nLargeur \u00a0 \u00a0 \u00a0 \u00a0 \u00a0 800 mm<br \/>\nCapacit\u00e9 SAE environ 0,199m\u00b3<br \/>\nLame 150 x 20 mm<\/p>\n<p><strong>Model<\/strong><\/p>\n<p>Construction<br \/>\nT\u00f4le de fond perfor\u00e9e en Hardox<\/p>\n<p>&nbsp;<\/p>\n<p><strong>Made in Germany<\/strong><\/p>\n<p>Tous les composants sont fabriqu\u00e9s en Allemagne &#8211; de la d\u00e9coupe \u00e0 la peinture finale.<\/p>\n<h4><strong>Pour toute question, n&#8217;h\u00e9sitez pas \u00e0 nous contacter:<\/strong><\/h4>\n<p><a href=\"http:\/\/zfe-gmbh.de\/wp-content\/uploads\/2015\/02\/Tobias-Meier.jpg\"><img loading=\"lazy\" decoding=\"async\" class=\" size-full wp-image-1652 alignleft\" src=\"http:\/\/zfe-gmbh.de\/wp-content\/uploads\/2015\/02\/Tobias-Meier.jpg\" alt=\"Tobias Meier\" width=\"128\" height=\"128\" \/><\/a>Tobias Meier<br \/>\nService de ventes<br \/>\n+49 (0) 78 41 \/ 20 57 &#8211;\u00a027<br \/>\n<a href=\"mailto:tobias.meier@zfe-gmbh.de?subject=\" target=\"{target}\">tobias.meier@zfe-gmbh.de<\/a><\/p>\n<h4><\/h4>\n","protected":false},"excerpt":{"rendered":"<p>Type Godet claire-voie pour pelle 1,2 &#8211; 50 t Lame\u00a0 HB400-acier. Distance entre les barres standard 55mm (pour le pelle [&hellip;]<\/p>\n","protected":false},"author":1,"featured_media":0,"parent":55,"menu_order":30,"comment_status":"closed","ping_status":"closed","template":"","meta":{"footnotes":""},"class_list":["post-85","page","type-page","status-publish","hentry","no-featured-image"],"yoast_head":"<!-- This site is optimized with the Yoast SEO plugin v24.4 - https:\/\/yoast.com\/wordpress\/plugins\/seo\/ -->\n<title>Godet claire-voie \/ Godet squelette - ZFE GmbH FR<\/title>\n<meta name=\"robots\" content=\"index, follow, max-snippet:-1, max-image-preview:large, max-video-preview:-1\" \/>\n<link rel=\"canonical\" href=\"https:\/\/www.zfe-gmbh.de\/fr\/produkte\/mini-excavateur\/godet-claire-voie-godet-squelette\/\" \/>\n<meta property=\"og:locale\" content=\"de_DE\" \/>\n<meta property=\"og:type\" content=\"article\" \/>\n<meta property=\"og:title\" content=\"Godet claire-voie \/ Godet squelette - ZFE GmbH FR\" \/>\n<meta property=\"og:description\" content=\"Type Godet claire-voie pour pelle 1,2 &#8211; 50 t Lame\u00a0 HB400-acier. Distance entre les barres standard 55mm (pour le pelle [&hellip;]\" \/>\n<meta property=\"og:url\" content=\"https:\/\/www.zfe-gmbh.de\/fr\/produkte\/mini-excavateur\/godet-claire-voie-godet-squelette\/\" \/>\n<meta property=\"og:site_name\" content=\"ZFE GmbH FR\" \/>\n<meta property=\"article:modified_time\" content=\"2016-07-20T11:51:03+00:00\" \/>\n<meta property=\"og:image\" content=\"http:\/\/zfe-gmbh.de\/fr\/wp-content\/uploads\/sites\/9\/2015\/02\/Gitterloeffel-Sortierloeffel.jpg\" \/>\n<meta name=\"twitter:card\" content=\"summary_large_image\" \/>\n<meta name=\"twitter:label1\" content=\"Gesch\u00e4tzte Lesezeit\" \/>\n\t<meta name=\"twitter:data1\" content=\"1\u00a0Minute\" \/>\n<script type=\"application\/ld+json\" class=\"yoast-schema-graph\">{\"@context\":\"https:\/\/schema.org\",\"@graph\":[{\"@type\":\"WebPage\",\"@id\":\"https:\/\/www.zfe-gmbh.de\/fr\/produkte\/mini-excavateur\/godet-claire-voie-godet-squelette\/\",\"url\":\"https:\/\/www.zfe-gmbh.de\/fr\/produkte\/mini-excavateur\/godet-claire-voie-godet-squelette\/\",\"name\":\"Godet claire-voie \/ Godet squelette - ZFE GmbH FR\",\"isPartOf\":{\"@id\":\"https:\/\/www.zfe-gmbh.de\/fr\/#website\"},\"primaryImageOfPage\":{\"@id\":\"https:\/\/www.zfe-gmbh.de\/fr\/produkte\/mini-excavateur\/godet-claire-voie-godet-squelette\/#primaryimage\"},\"image\":{\"@id\":\"https:\/\/www.zfe-gmbh.de\/fr\/produkte\/mini-excavateur\/godet-claire-voie-godet-squelette\/#primaryimage\"},\"thumbnailUrl\":\"http:\/\/zfe-gmbh.de\/fr\/wp-content\/uploads\/sites\/9\/2015\/02\/Gitterloeffel-Sortierloeffel.jpg\",\"datePublished\":\"2015-02-16T21:15:39+00:00\",\"dateModified\":\"2016-07-20T11:51:03+00:00\",\"breadcrumb\":{\"@id\":\"https:\/\/www.zfe-gmbh.de\/fr\/produkte\/mini-excavateur\/godet-claire-voie-godet-squelette\/#breadcrumb\"},\"inLanguage\":\"de\",\"potentialAction\":[{\"@type\":\"ReadAction\",\"target\":[\"https:\/\/www.zfe-gmbh.de\/fr\/produkte\/mini-excavateur\/godet-claire-voie-godet-squelette\/\"]}]},{\"@type\":\"ImageObject\",\"inLanguage\":\"de\",\"@id\":\"https:\/\/www.zfe-gmbh.de\/fr\/produkte\/mini-excavateur\/godet-claire-voie-godet-squelette\/#primaryimage\",\"url\":\"http:\/\/zfe-gmbh.de\/fr\/wp-content\/uploads\/sites\/9\/2015\/02\/Gitterloeffel-Sortierloeffel.jpg\",\"contentUrl\":\"http:\/\/zfe-gmbh.de\/fr\/wp-content\/uploads\/sites\/9\/2015\/02\/Gitterloeffel-Sortierloeffel.jpg\"},{\"@type\":\"BreadcrumbList\",\"@id\":\"https:\/\/www.zfe-gmbh.de\/fr\/produkte\/mini-excavateur\/godet-claire-voie-godet-squelette\/#breadcrumb\",\"itemListElement\":[{\"@type\":\"ListItem\",\"position\":1,\"name\":\"Home\",\"item\":\"https:\/\/www.zfe-gmbh.de\/fr\/\"},{\"@type\":\"ListItem\",\"position\":2,\"name\":\"PRODUITS\",\"item\":\"https:\/\/www.zfe-gmbh.de\/fr\/produkte\/\"},{\"@type\":\"ListItem\",\"position\":3,\"name\":\"MINI-EXCAVATEUR\",\"item\":\"https:\/\/www.zfe-gmbh.de\/fr\/produkte\/mini-excavateur\/\"},{\"@type\":\"ListItem\",\"position\":4,\"name\":\"Godet claire-voie \/ Godet squelette\"}]},{\"@type\":\"WebSite\",\"@id\":\"https:\/\/www.zfe-gmbh.de\/fr\/#website\",\"url\":\"https:\/\/www.zfe-gmbh.de\/fr\/\",\"name\":\"ZFE GmbH FR\",\"description\":\"better buckets\",\"potentialAction\":[{\"@type\":\"SearchAction\",\"target\":{\"@type\":\"EntryPoint\",\"urlTemplate\":\"https:\/\/www.zfe-gmbh.de\/fr\/?s={search_term_string}\"},\"query-input\":{\"@type\":\"PropertyValueSpecification\",\"valueRequired\":true,\"valueName\":\"search_term_string\"}}],\"inLanguage\":\"de\"}]}<\/script>\n<!-- \/ Yoast SEO plugin. -->","yoast_head_json":{"title":"Godet claire-voie \/ Godet squelette - ZFE GmbH FR","robots":{"index":"index","follow":"follow","max-snippet":"max-snippet:-1","max-image-preview":"max-image-preview:large","max-video-preview":"max-video-preview:-1"},"canonical":"https:\/\/www.zfe-gmbh.de\/fr\/produkte\/mini-excavateur\/godet-claire-voie-godet-squelette\/","og_locale":"de_DE","og_type":"article","og_title":"Godet claire-voie \/ Godet squelette - ZFE GmbH FR","og_description":"Type Godet claire-voie pour pelle 1,2 &#8211; 50 t Lame\u00a0 HB400-acier. Distance entre les barres standard 55mm (pour le pelle [&hellip;]","og_url":"https:\/\/www.zfe-gmbh.de\/fr\/produkte\/mini-excavateur\/godet-claire-voie-godet-squelette\/","og_site_name":"ZFE GmbH FR","article_modified_time":"2016-07-20T11:51:03+00:00","og_image":[{"url":"http:\/\/zfe-gmbh.de\/fr\/wp-content\/uploads\/sites\/9\/2015\/02\/Gitterloeffel-Sortierloeffel.jpg","type":"","width":"","height":""}],"twitter_card":"summary_large_image","twitter_misc":{"Gesch\u00e4tzte Lesezeit":"1\u00a0Minute"},"schema":{"@context":"https:\/\/schema.org","@graph":[{"@type":"WebPage","@id":"https:\/\/www.zfe-gmbh.de\/fr\/produkte\/mini-excavateur\/godet-claire-voie-godet-squelette\/","url":"https:\/\/www.zfe-gmbh.de\/fr\/produkte\/mini-excavateur\/godet-claire-voie-godet-squelette\/","name":"Godet claire-voie \/ Godet squelette - ZFE GmbH FR","isPartOf":{"@id":"https:\/\/www.zfe-gmbh.de\/fr\/#website"},"primaryImageOfPage":{"@id":"https:\/\/www.zfe-gmbh.de\/fr\/produkte\/mini-excavateur\/godet-claire-voie-godet-squelette\/#primaryimage"},"image":{"@id":"https:\/\/www.zfe-gmbh.de\/fr\/produkte\/mini-excavateur\/godet-claire-voie-godet-squelette\/#primaryimage"},"thumbnailUrl":"http:\/\/zfe-gmbh.de\/fr\/wp-content\/uploads\/sites\/9\/2015\/02\/Gitterloeffel-Sortierloeffel.jpg","datePublished":"2015-02-16T21:15:39+00:00","dateModified":"2016-07-20T11:51:03+00:00","breadcrumb":{"@id":"https:\/\/www.zfe-gmbh.de\/fr\/produkte\/mini-excavateur\/godet-claire-voie-godet-squelette\/#breadcrumb"},"inLanguage":"de","potentialAction":[{"@type":"ReadAction","target":["https:\/\/www.zfe-gmbh.de\/fr\/produkte\/mini-excavateur\/godet-claire-voie-godet-squelette\/"]}]},{"@type":"ImageObject","inLanguage":"de","@id":"https:\/\/www.zfe-gmbh.de\/fr\/produkte\/mini-excavateur\/godet-claire-voie-godet-squelette\/#primaryimage","url":"http:\/\/zfe-gmbh.de\/fr\/wp-content\/uploads\/sites\/9\/2015\/02\/Gitterloeffel-Sortierloeffel.jpg","contentUrl":"http:\/\/zfe-gmbh.de\/fr\/wp-content\/uploads\/sites\/9\/2015\/02\/Gitterloeffel-Sortierloeffel.jpg"},{"@type":"BreadcrumbList","@id":"https:\/\/www.zfe-gmbh.de\/fr\/produkte\/mini-excavateur\/godet-claire-voie-godet-squelette\/#breadcrumb","itemListElement":[{"@type":"ListItem","position":1,"name":"Home","item":"https:\/\/www.zfe-gmbh.de\/fr\/"},{"@type":"ListItem","position":2,"name":"PRODUITS","item":"https:\/\/www.zfe-gmbh.de\/fr\/produkte\/"},{"@type":"ListItem","position":3,"name":"MINI-EXCAVATEUR","item":"https:\/\/www.zfe-gmbh.de\/fr\/produkte\/mini-excavateur\/"},{"@type":"ListItem","position":4,"name":"Godet claire-voie \/ Godet squelette"}]},{"@type":"WebSite","@id":"https:\/\/www.zfe-gmbh.de\/fr\/#website","url":"https:\/\/www.zfe-gmbh.de\/fr\/","name":"ZFE GmbH FR","description":"better buckets","potentialAction":[{"@type":"SearchAction","target":{"@type":"EntryPoint","urlTemplate":"https:\/\/www.zfe-gmbh.de\/fr\/?s={search_term_string}"},"query-input":{"@type":"PropertyValueSpecification","valueRequired":true,"valueName":"search_term_string"}}],"inLanguage":"de"}]}},"_links":{"self":[{"href":"https:\/\/www.zfe-gmbh.de\/fr\/wp-json\/wp\/v2\/pages\/85"}],"collection":[{"href":"https:\/\/www.zfe-gmbh.de\/fr\/wp-json\/wp\/v2\/pages"}],"about":[{"href":"https:\/\/www.zfe-gmbh.de\/fr\/wp-json\/wp\/v2\/types\/page"}],"author":[{"embeddable":true,"href":"https:\/\/www.zfe-gmbh.de\/fr\/wp-json\/wp\/v2\/users\/1"}],"replies":[{"embeddable":true,"href":"https:\/\/www.zfe-gmbh.de\/fr\/wp-json\/wp\/v2\/comments?post=85"}],"version-history":[{"count":12,"href":"https:\/\/www.zfe-gmbh.de\/fr\/wp-json\/wp\/v2\/pages\/85\/revisions"}],"predecessor-version":[{"id":1415,"href":"https:\/\/www.zfe-gmbh.de\/fr\/wp-json\/wp\/v2\/pages\/85\/revisions\/1415"}],"up":[{"embeddable":true,"href":"https:\/\/www.zfe-gmbh.de\/fr\/wp-json\/wp\/v2\/pages\/55"}],"wp:attachment":[{"href":"https:\/\/www.zfe-gmbh.de\/fr\/wp-json\/wp\/v2\/media?parent=85"}],"curies":[{"name":"wp","href":"https:\/\/api.w.org\/{rel}","templated":true}]}}