{"id":87,"date":"2015-02-16T22:16:03","date_gmt":"2015-02-16T21:16:03","guid":{"rendered":"http:\/\/zfe-gmbh.de\/?page_id=87"},"modified":"2016-08-11T14:28:05","modified_gmt":"2016-08-11T12:28:05","slug":"godet-de-curage-rigide","status":"publish","type":"page","link":"https:\/\/www.zfe-gmbh.de\/fr\/produkte\/mini-excavateur\/godet-de-curage-rigide\/","title":{"rendered":"Godet de curage rigide"},"content":{"rendered":"<p><a href=\"http:\/\/zfe-gmbh.de\/fr\/wp-content\/uploads\/sites\/9\/2015\/02\/Grabenr\u00e4uml\u00f6ffel-schwenkbar-GalaBau-Minibagger.jpg\"><img loading=\"lazy\" decoding=\"async\" class=\"alignnone size-full wp-image-1433\" src=\"http:\/\/zfe-gmbh.de\/fr\/wp-content\/uploads\/sites\/9\/2015\/02\/Grabenr\u00e4uml\u00f6ffel-schwenkbar-GalaBau-Minibagger.jpg\" alt=\"Godet de curage rigide\" width=\"1000\" height=\"750\" srcset=\"https:\/\/www.zfe-gmbh.de\/fr\/wp-content\/uploads\/sites\/9\/2015\/02\/Grabenr\u00e4uml\u00f6ffel-schwenkbar-GalaBau-Minibagger.jpg 1000w, https:\/\/www.zfe-gmbh.de\/fr\/wp-content\/uploads\/sites\/9\/2015\/02\/Grabenr\u00e4uml\u00f6ffel-schwenkbar-GalaBau-Minibagger-300x225.jpg 300w, https:\/\/www.zfe-gmbh.de\/fr\/wp-content\/uploads\/sites\/9\/2015\/02\/Grabenr\u00e4uml\u00f6ffel-schwenkbar-GalaBau-Minibagger-745x559.jpg 745w\" sizes=\"(max-width: 1000px) 100vw, 1000px\" \/><\/a><\/p>\n<p><strong>Model<br \/>\n<\/strong><\/p>\n<p>Pour am\u00e9nager des trous ou des puits, pour le d\u00e9blayage ou sur des terrains aux formes complexes, un godet de curage est requis. Le godet de curage GRL1000M convient tout aussi bien \u00e0 la construction de talus et de banquettes. Il en va de m\u00eame pour le chargement, le transport, le levage et le d\u00e9versement de terre et de sols l\u00e9gers.<\/p>\n<p><a href=\"http:\/\/zfe-gmbh.de\/fr\/wp-content\/uploads\/sites\/9\/2015\/02\/Grabenr\u00e4uml\u00f6ffel-starr-Minibagger.jpg\"><img loading=\"lazy\" decoding=\"async\" class=\"alignnone size-full wp-image-1434\" src=\"http:\/\/zfe-gmbh.de\/fr\/wp-content\/uploads\/sites\/9\/2015\/02\/Grabenr\u00e4uml\u00f6ffel-starr-Minibagger.jpg\" alt=\"Godet de curage rigide Mini\" width=\"1000\" height=\"750\" srcset=\"https:\/\/www.zfe-gmbh.de\/fr\/wp-content\/uploads\/sites\/9\/2015\/02\/Grabenr\u00e4uml\u00f6ffel-starr-Minibagger.jpg 1000w, https:\/\/www.zfe-gmbh.de\/fr\/wp-content\/uploads\/sites\/9\/2015\/02\/Grabenr\u00e4uml\u00f6ffel-starr-Minibagger-300x225.jpg 300w, https:\/\/www.zfe-gmbh.de\/fr\/wp-content\/uploads\/sites\/9\/2015\/02\/Grabenr\u00e4uml\u00f6ffel-starr-Minibagger-745x559.jpg 745w\" sizes=\"(max-width: 1000px) 100vw, 1000px\" \/><\/a><\/p>\n<p><strong>Exemple: godet de curage cat\u00e9gorie 6<\/strong><\/p>\n<p>Pour pelle 3,7-5,0 t<\/p>\n<p>Attachement MS03<\/p>\n<p>Largeur 1.000 mm<\/p>\n<p>Capacit\u00e9 SAE environ 0,14m\u00b3<\/p>\n<p>Lame 150 x 20 mm<\/p>\n<p>Model regide<\/p>\n<p>Avec lame additional<\/p>\n<p>&nbsp;<\/p>\n<p><strong>Made in Germany<\/strong><\/p>\n<p>Tous les composants sont fabriqu\u00e9s en Allemagne &#8211; de la d\u00e9coupe \u00e0 la peinture finale.<\/p>\n<h4><strong>Pour toute question, n&#8217;h\u00e9sitez pas \u00e0 nous contacter:<\/strong><\/h4>\n<p><a href=\"http:\/\/zfe-gmbh.de\/wp-content\/uploads\/2015\/02\/Tobias-Meier.jpg\"><img loading=\"lazy\" decoding=\"async\" class=\" size-full wp-image-1652 alignleft\" src=\"http:\/\/zfe-gmbh.de\/wp-content\/uploads\/2015\/02\/Tobias-Meier.jpg\" alt=\"Tobias Meier\" width=\"128\" height=\"128\" \/><\/a>Tobias Meier<br \/>\nService de ventes<br \/>\n+49 (0) 78 41 \/ 20 57 &#8211;\u00a027<br \/>\n<a href=\"mailto:tobias.meier@zfe-gmbh.de?subject=\" target=\"{target}\">tobias.meier@zfe-gmbh.de<\/a><\/p>\n<h4><\/h4>\n","protected":false},"excerpt":{"rendered":"<p>Model Pour am\u00e9nager des trous ou des puits, pour le d\u00e9blayage ou sur des terrains aux formes complexes, un godet [&hellip;]<\/p>\n","protected":false},"author":1,"featured_media":0,"parent":55,"menu_order":20,"comment_status":"closed","ping_status":"closed","template":"","meta":{"footnotes":""},"class_list":["post-87","page","type-page","status-publish","hentry","no-featured-image"],"yoast_head":"<!-- This site is optimized with the Yoast SEO plugin v24.4 - https:\/\/yoast.com\/wordpress\/plugins\/seo\/ -->\n<title>Godet de curage rigide - ZFE GmbH FR<\/title>\n<meta name=\"robots\" content=\"index, follow, max-snippet:-1, max-image-preview:large, max-video-preview:-1\" \/>\n<link rel=\"canonical\" href=\"https:\/\/www.zfe-gmbh.de\/fr\/produkte\/mini-excavateur\/godet-de-curage-rigide\/\" \/>\n<meta property=\"og:locale\" content=\"de_DE\" \/>\n<meta property=\"og:type\" content=\"article\" \/>\n<meta property=\"og:title\" content=\"Godet de curage rigide - ZFE GmbH FR\" \/>\n<meta property=\"og:description\" content=\"Model Pour am\u00e9nager des trous ou des puits, pour le d\u00e9blayage ou sur des terrains aux formes complexes, un godet [&hellip;]\" \/>\n<meta property=\"og:url\" content=\"https:\/\/www.zfe-gmbh.de\/fr\/produkte\/mini-excavateur\/godet-de-curage-rigide\/\" \/>\n<meta property=\"og:site_name\" content=\"ZFE GmbH FR\" \/>\n<meta property=\"article:modified_time\" content=\"2016-08-11T12:28:05+00:00\" \/>\n<meta property=\"og:image\" content=\"http:\/\/zfe-gmbh.de\/wp-content\/uploads\/2015\/02\/Tobias-Meier.jpg\" \/>\n<meta name=\"twitter:card\" content=\"summary_large_image\" \/>\n<meta name=\"twitter:label1\" content=\"Gesch\u00e4tzte Lesezeit\" \/>\n\t<meta name=\"twitter:data1\" content=\"1\u00a0Minute\" \/>\n<script type=\"application\/ld+json\" class=\"yoast-schema-graph\">{\"@context\":\"https:\/\/schema.org\",\"@graph\":[{\"@type\":\"WebPage\",\"@id\":\"https:\/\/www.zfe-gmbh.de\/fr\/produkte\/mini-excavateur\/godet-de-curage-rigide\/\",\"url\":\"https:\/\/www.zfe-gmbh.de\/fr\/produkte\/mini-excavateur\/godet-de-curage-rigide\/\",\"name\":\"Godet de curage rigide - ZFE GmbH FR\",\"isPartOf\":{\"@id\":\"https:\/\/www.zfe-gmbh.de\/fr\/#website\"},\"primaryImageOfPage\":{\"@id\":\"https:\/\/www.zfe-gmbh.de\/fr\/produkte\/mini-excavateur\/godet-de-curage-rigide\/#primaryimage\"},\"image\":{\"@id\":\"https:\/\/www.zfe-gmbh.de\/fr\/produkte\/mini-excavateur\/godet-de-curage-rigide\/#primaryimage\"},\"thumbnailUrl\":\"http:\/\/zfe-gmbh.de\/wp-content\/uploads\/2015\/02\/Tobias-Meier.jpg\",\"datePublished\":\"2015-02-16T21:16:03+00:00\",\"dateModified\":\"2016-08-11T12:28:05+00:00\",\"breadcrumb\":{\"@id\":\"https:\/\/www.zfe-gmbh.de\/fr\/produkte\/mini-excavateur\/godet-de-curage-rigide\/#breadcrumb\"},\"inLanguage\":\"de\",\"potentialAction\":[{\"@type\":\"ReadAction\",\"target\":[\"https:\/\/www.zfe-gmbh.de\/fr\/produkte\/mini-excavateur\/godet-de-curage-rigide\/\"]}]},{\"@type\":\"ImageObject\",\"inLanguage\":\"de\",\"@id\":\"https:\/\/www.zfe-gmbh.de\/fr\/produkte\/mini-excavateur\/godet-de-curage-rigide\/#primaryimage\",\"url\":\"http:\/\/zfe-gmbh.de\/wp-content\/uploads\/2015\/02\/Tobias-Meier.jpg\",\"contentUrl\":\"http:\/\/zfe-gmbh.de\/wp-content\/uploads\/2015\/02\/Tobias-Meier.jpg\"},{\"@type\":\"BreadcrumbList\",\"@id\":\"https:\/\/www.zfe-gmbh.de\/fr\/produkte\/mini-excavateur\/godet-de-curage-rigide\/#breadcrumb\",\"itemListElement\":[{\"@type\":\"ListItem\",\"position\":1,\"name\":\"Home\",\"item\":\"https:\/\/www.zfe-gmbh.de\/fr\/\"},{\"@type\":\"ListItem\",\"position\":2,\"name\":\"PRODUITS\",\"item\":\"https:\/\/www.zfe-gmbh.de\/fr\/produkte\/\"},{\"@type\":\"ListItem\",\"position\":3,\"name\":\"MINI-EXCAVATEUR\",\"item\":\"https:\/\/www.zfe-gmbh.de\/fr\/produkte\/mini-excavateur\/\"},{\"@type\":\"ListItem\",\"position\":4,\"name\":\"Godet de curage rigide\"}]},{\"@type\":\"WebSite\",\"@id\":\"https:\/\/www.zfe-gmbh.de\/fr\/#website\",\"url\":\"https:\/\/www.zfe-gmbh.de\/fr\/\",\"name\":\"ZFE GmbH FR\",\"description\":\"better buckets\",\"potentialAction\":[{\"@type\":\"SearchAction\",\"target\":{\"@type\":\"EntryPoint\",\"urlTemplate\":\"https:\/\/www.zfe-gmbh.de\/fr\/?s={search_term_string}\"},\"query-input\":{\"@type\":\"PropertyValueSpecification\",\"valueRequired\":true,\"valueName\":\"search_term_string\"}}],\"inLanguage\":\"de\"}]}<\/script>\n<!-- \/ Yoast SEO plugin. -->","yoast_head_json":{"title":"Godet de curage rigide - ZFE GmbH FR","robots":{"index":"index","follow":"follow","max-snippet":"max-snippet:-1","max-image-preview":"max-image-preview:large","max-video-preview":"max-video-preview:-1"},"canonical":"https:\/\/www.zfe-gmbh.de\/fr\/produkte\/mini-excavateur\/godet-de-curage-rigide\/","og_locale":"de_DE","og_type":"article","og_title":"Godet de curage rigide - ZFE GmbH FR","og_description":"Model Pour am\u00e9nager des trous ou des puits, pour le d\u00e9blayage ou sur des terrains aux formes complexes, un godet [&hellip;]","og_url":"https:\/\/www.zfe-gmbh.de\/fr\/produkte\/mini-excavateur\/godet-de-curage-rigide\/","og_site_name":"ZFE GmbH FR","article_modified_time":"2016-08-11T12:28:05+00:00","og_image":[{"url":"http:\/\/zfe-gmbh.de\/wp-content\/uploads\/2015\/02\/Tobias-Meier.jpg","type":"","width":"","height":""}],"twitter_card":"summary_large_image","twitter_misc":{"Gesch\u00e4tzte Lesezeit":"1\u00a0Minute"},"schema":{"@context":"https:\/\/schema.org","@graph":[{"@type":"WebPage","@id":"https:\/\/www.zfe-gmbh.de\/fr\/produkte\/mini-excavateur\/godet-de-curage-rigide\/","url":"https:\/\/www.zfe-gmbh.de\/fr\/produkte\/mini-excavateur\/godet-de-curage-rigide\/","name":"Godet de curage rigide - ZFE GmbH FR","isPartOf":{"@id":"https:\/\/www.zfe-gmbh.de\/fr\/#website"},"primaryImageOfPage":{"@id":"https:\/\/www.zfe-gmbh.de\/fr\/produkte\/mini-excavateur\/godet-de-curage-rigide\/#primaryimage"},"image":{"@id":"https:\/\/www.zfe-gmbh.de\/fr\/produkte\/mini-excavateur\/godet-de-curage-rigide\/#primaryimage"},"thumbnailUrl":"http:\/\/zfe-gmbh.de\/wp-content\/uploads\/2015\/02\/Tobias-Meier.jpg","datePublished":"2015-02-16T21:16:03+00:00","dateModified":"2016-08-11T12:28:05+00:00","breadcrumb":{"@id":"https:\/\/www.zfe-gmbh.de\/fr\/produkte\/mini-excavateur\/godet-de-curage-rigide\/#breadcrumb"},"inLanguage":"de","potentialAction":[{"@type":"ReadAction","target":["https:\/\/www.zfe-gmbh.de\/fr\/produkte\/mini-excavateur\/godet-de-curage-rigide\/"]}]},{"@type":"ImageObject","inLanguage":"de","@id":"https:\/\/www.zfe-gmbh.de\/fr\/produkte\/mini-excavateur\/godet-de-curage-rigide\/#primaryimage","url":"http:\/\/zfe-gmbh.de\/wp-content\/uploads\/2015\/02\/Tobias-Meier.jpg","contentUrl":"http:\/\/zfe-gmbh.de\/wp-content\/uploads\/2015\/02\/Tobias-Meier.jpg"},{"@type":"BreadcrumbList","@id":"https:\/\/www.zfe-gmbh.de\/fr\/produkte\/mini-excavateur\/godet-de-curage-rigide\/#breadcrumb","itemListElement":[{"@type":"ListItem","position":1,"name":"Home","item":"https:\/\/www.zfe-gmbh.de\/fr\/"},{"@type":"ListItem","position":2,"name":"PRODUITS","item":"https:\/\/www.zfe-gmbh.de\/fr\/produkte\/"},{"@type":"ListItem","position":3,"name":"MINI-EXCAVATEUR","item":"https:\/\/www.zfe-gmbh.de\/fr\/produkte\/mini-excavateur\/"},{"@type":"ListItem","position":4,"name":"Godet de curage rigide"}]},{"@type":"WebSite","@id":"https:\/\/www.zfe-gmbh.de\/fr\/#website","url":"https:\/\/www.zfe-gmbh.de\/fr\/","name":"ZFE GmbH FR","description":"better buckets","potentialAction":[{"@type":"SearchAction","target":{"@type":"EntryPoint","urlTemplate":"https:\/\/www.zfe-gmbh.de\/fr\/?s={search_term_string}"},"query-input":{"@type":"PropertyValueSpecification","valueRequired":true,"valueName":"search_term_string"}}],"inLanguage":"de"}]}},"_links":{"self":[{"href":"https:\/\/www.zfe-gmbh.de\/fr\/wp-json\/wp\/v2\/pages\/87"}],"collection":[{"href":"https:\/\/www.zfe-gmbh.de\/fr\/wp-json\/wp\/v2\/pages"}],"about":[{"href":"https:\/\/www.zfe-gmbh.de\/fr\/wp-json\/wp\/v2\/types\/page"}],"author":[{"embeddable":true,"href":"https:\/\/www.zfe-gmbh.de\/fr\/wp-json\/wp\/v2\/users\/1"}],"replies":[{"embeddable":true,"href":"https:\/\/www.zfe-gmbh.de\/fr\/wp-json\/wp\/v2\/comments?post=87"}],"version-history":[{"count":12,"href":"https:\/\/www.zfe-gmbh.de\/fr\/wp-json\/wp\/v2\/pages\/87\/revisions"}],"predecessor-version":[{"id":1435,"href":"https:\/\/www.zfe-gmbh.de\/fr\/wp-json\/wp\/v2\/pages\/87\/revisions\/1435"}],"up":[{"embeddable":true,"href":"https:\/\/www.zfe-gmbh.de\/fr\/wp-json\/wp\/v2\/pages\/55"}],"wp:attachment":[{"href":"https:\/\/www.zfe-gmbh.de\/fr\/wp-json\/wp\/v2\/media?parent=87"}],"curies":[{"name":"wp","href":"https:\/\/api.w.org\/{rel}","templated":true}]}}