{"id":97,"date":"2015-02-16T22:19:08","date_gmt":"2015-02-16T21:19:08","guid":{"rendered":"http:\/\/zfe-gmbh.de\/?page_id=97"},"modified":"2016-07-20T13:34:20","modified_gmt":"2016-07-20T11:34:20","slug":"godet-4-en-1-godet-combi","status":"publish","type":"page","link":"https:\/\/www.zfe-gmbh.de\/fr\/produkte\/chargeuse\/godet-4-en-1-godet-combi\/","title":{"rendered":"Godet 4 en 1 \/ Godet Combi"},"content":{"rendered":"<p>&nbsp;<\/p>\n<p><strong><a href=\"http:\/\/zfe-gmbh.de\/wp-content\/uploads\/sites\/9\/2015\/02\/4in1-2400mm-13-cm3-Inhalt-SW-Aufnahme-web.jpg\"><img loading=\"lazy\" decoding=\"async\" class=\"alignnone wp-image-1102 size-full\" src=\"http:\/\/zfe-gmbh.de\/fr\/wp-content\/uploads\/sites\/9\/2015\/02\/4in1-2400mm-13-cm3-Inhalt-SW-Aufnahme-web.jpg\" alt=\"Godet 4 en 1 \/ Godet Combi\" width=\"1000\" height=\"750\" srcset=\"https:\/\/www.zfe-gmbh.de\/fr\/wp-content\/uploads\/sites\/9\/2015\/02\/4in1-2400mm-13-cm3-Inhalt-SW-Aufnahme-web.jpg 1000w, https:\/\/www.zfe-gmbh.de\/fr\/wp-content\/uploads\/sites\/9\/2015\/02\/4in1-2400mm-13-cm3-Inhalt-SW-Aufnahme-web-300x225.jpg 300w, https:\/\/www.zfe-gmbh.de\/fr\/wp-content\/uploads\/sites\/9\/2015\/02\/4in1-2400mm-13-cm3-Inhalt-SW-Aufnahme-web-745x559.jpg 745w\" sizes=\"(max-width: 1000px) 100vw, 1000px\" \/><\/a><\/strong><\/p>\n<p><strong>Emploi\u00a0:<\/strong><\/p>\n<p>Pour les travaux de terrassement, le transbordement des marchandises, particuli\u00e8rement appropri\u00e9e pour la pr\u00e9hension, le triage et le terrassement des mat\u00e9riaux les plus divers.<\/p>\n<p>Pour des chargeuses \u00e0 partir d\u2019un poids en ordre de marche de 3,5 t.<\/p>\n<p>Disponible en montage direct ou pour tous les syst\u00e8mes d\u2019attache rapide courants. Sur demande avec protection de la lame d\u00b4attaque.<\/p>\n<p><strong><a href=\"http:\/\/zfe-gmbh.de\/wp-content\/uploads\/sites\/9\/2015\/02\/4in1-2400mm-13-cm3-Inhalt-mit-SW-Aufnahme-web.jpg\"><img loading=\"lazy\" decoding=\"async\" class=\"alignnone size-full wp-image-1103\" src=\"http:\/\/zfe-gmbh.de\/wp-content\/uploads\/sites\/9\/2015\/02\/4in1-2400mm-13-cm3-Inhalt-mit-SW-Aufnahme-web.jpg\" alt=\"4in1 Schaufel 2400mm 1,3 cm3 Inhalt SW Aufnahme\" width=\"1000\" height=\"750\" srcset=\"https:\/\/www.zfe-gmbh.de\/fr\/wp-content\/uploads\/sites\/9\/2015\/02\/4in1-2400mm-13-cm3-Inhalt-mit-SW-Aufnahme-web.jpg 1000w, https:\/\/www.zfe-gmbh.de\/fr\/wp-content\/uploads\/sites\/9\/2015\/02\/4in1-2400mm-13-cm3-Inhalt-mit-SW-Aufnahme-web-300x225.jpg 300w, https:\/\/www.zfe-gmbh.de\/fr\/wp-content\/uploads\/sites\/9\/2015\/02\/4in1-2400mm-13-cm3-Inhalt-mit-SW-Aufnahme-web-745x559.jpg 745w\" sizes=\"(max-width: 1000px) 100vw, 1000px\" \/><\/a><\/strong><\/p>\n<p><strong>Model:<\/strong><\/p>\n<p>Type particuli\u00e8rement robuste, bagues et cylindres\u00a0 largement dimensionn\u00e9s, axes tremp\u00e9s. Partie avant sp\u00e9cialement rigide \u00e0 la torsion par pliage d\u00b4une tole particul\u00e8rement robuste. Lames r\u00e9versibles boulonn\u00e9es \u00e0 la partie avant et arri\u00e8re du godet. Au choix avec syst\u00e8me de dents \u00a0MTG Kingmet ou avec une lame r\u00e9versible boulonn\u00e9e.<\/p>\n<p>&nbsp;<\/p>\n<p><strong>Made in Germany<\/strong><\/p>\n<p>Tous les composants sont fabriqu\u00e9s en Allemagne &#8211; de la d\u00e9coupe \u00e0 la peinture finale.<\/p>\n<h4><strong>Pour toute question, n&#8217;h\u00e9sitez pas \u00e0 nous contacter:<\/strong><\/h4>\n<p><a href=\"http:\/\/zfe-gmbh.de\/wp-content\/uploads\/2015\/02\/Tobias-Meier.jpg\"><img loading=\"lazy\" decoding=\"async\" class=\" size-full wp-image-1652 alignleft\" src=\"http:\/\/zfe-gmbh.de\/wp-content\/uploads\/2015\/02\/Tobias-Meier.jpg\" alt=\"Tobias Meier\" width=\"128\" height=\"128\" \/><\/a>Tobias Meier<br \/>\nService de ventes<br \/>\n+49 (0) 78 41 \/ 20 57 &#8211;\u00a027<br \/>\n<a href=\"mailto:tobias.meier@zfe-gmbh.de?subject=\" target=\"{target}\">tobias.meier@zfe-gmbh.de<\/a><\/p>\n<h4><\/h4>\n<p>&nbsp;<\/p>\n","protected":false},"excerpt":{"rendered":"<p>&nbsp; Emploi\u00a0: Pour les travaux de terrassement, le transbordement des marchandises, particuli\u00e8rement appropri\u00e9e pour la pr\u00e9hension, le triage et le [&hellip;]<\/p>\n","protected":false},"author":1,"featured_media":0,"parent":53,"menu_order":30,"comment_status":"closed","ping_status":"closed","template":"","meta":{"footnotes":""},"class_list":["post-97","page","type-page","status-publish","hentry","no-featured-image"],"yoast_head":"<!-- This site is optimized with the Yoast SEO plugin v24.4 - https:\/\/yoast.com\/wordpress\/plugins\/seo\/ -->\n<title>Godet 4 en 1 \/ Godet Combi - ZFE GmbH FR<\/title>\n<meta name=\"robots\" content=\"index, follow, max-snippet:-1, max-image-preview:large, max-video-preview:-1\" \/>\n<link rel=\"canonical\" href=\"https:\/\/www.zfe-gmbh.de\/fr\/produkte\/chargeuse\/godet-4-en-1-godet-combi\/\" \/>\n<meta property=\"og:locale\" content=\"de_DE\" \/>\n<meta property=\"og:type\" content=\"article\" \/>\n<meta property=\"og:title\" content=\"Godet 4 en 1 \/ Godet Combi - ZFE GmbH FR\" \/>\n<meta property=\"og:description\" content=\"&nbsp; Emploi\u00a0: Pour les travaux de terrassement, le transbordement des marchandises, particuli\u00e8rement appropri\u00e9e pour la pr\u00e9hension, le triage et le [&hellip;]\" \/>\n<meta property=\"og:url\" content=\"https:\/\/www.zfe-gmbh.de\/fr\/produkte\/chargeuse\/godet-4-en-1-godet-combi\/\" \/>\n<meta property=\"og:site_name\" content=\"ZFE GmbH FR\" \/>\n<meta property=\"article:modified_time\" content=\"2016-07-20T11:34:20+00:00\" \/>\n<meta property=\"og:image\" content=\"http:\/\/zfe-gmbh.de\/fr\/wp-content\/uploads\/sites\/9\/2015\/02\/4in1-2400mm-13-cm3-Inhalt-SW-Aufnahme-web.jpg\" \/>\n<meta name=\"twitter:card\" content=\"summary_large_image\" \/>\n<meta name=\"twitter:label1\" content=\"Gesch\u00e4tzte Lesezeit\" \/>\n\t<meta name=\"twitter:data1\" content=\"1\u00a0Minute\" \/>\n<script type=\"application\/ld+json\" class=\"yoast-schema-graph\">{\"@context\":\"https:\/\/schema.org\",\"@graph\":[{\"@type\":\"WebPage\",\"@id\":\"https:\/\/www.zfe-gmbh.de\/fr\/produkte\/chargeuse\/godet-4-en-1-godet-combi\/\",\"url\":\"https:\/\/www.zfe-gmbh.de\/fr\/produkte\/chargeuse\/godet-4-en-1-godet-combi\/\",\"name\":\"Godet 4 en 1 \/ Godet Combi - ZFE GmbH FR\",\"isPartOf\":{\"@id\":\"https:\/\/www.zfe-gmbh.de\/fr\/#website\"},\"primaryImageOfPage\":{\"@id\":\"https:\/\/www.zfe-gmbh.de\/fr\/produkte\/chargeuse\/godet-4-en-1-godet-combi\/#primaryimage\"},\"image\":{\"@id\":\"https:\/\/www.zfe-gmbh.de\/fr\/produkte\/chargeuse\/godet-4-en-1-godet-combi\/#primaryimage\"},\"thumbnailUrl\":\"http:\/\/zfe-gmbh.de\/fr\/wp-content\/uploads\/sites\/9\/2015\/02\/4in1-2400mm-13-cm3-Inhalt-SW-Aufnahme-web.jpg\",\"datePublished\":\"2015-02-16T21:19:08+00:00\",\"dateModified\":\"2016-07-20T11:34:20+00:00\",\"breadcrumb\":{\"@id\":\"https:\/\/www.zfe-gmbh.de\/fr\/produkte\/chargeuse\/godet-4-en-1-godet-combi\/#breadcrumb\"},\"inLanguage\":\"de\",\"potentialAction\":[{\"@type\":\"ReadAction\",\"target\":[\"https:\/\/www.zfe-gmbh.de\/fr\/produkte\/chargeuse\/godet-4-en-1-godet-combi\/\"]}]},{\"@type\":\"ImageObject\",\"inLanguage\":\"de\",\"@id\":\"https:\/\/www.zfe-gmbh.de\/fr\/produkte\/chargeuse\/godet-4-en-1-godet-combi\/#primaryimage\",\"url\":\"http:\/\/zfe-gmbh.de\/fr\/wp-content\/uploads\/sites\/9\/2015\/02\/4in1-2400mm-13-cm3-Inhalt-SW-Aufnahme-web.jpg\",\"contentUrl\":\"http:\/\/zfe-gmbh.de\/fr\/wp-content\/uploads\/sites\/9\/2015\/02\/4in1-2400mm-13-cm3-Inhalt-SW-Aufnahme-web.jpg\"},{\"@type\":\"BreadcrumbList\",\"@id\":\"https:\/\/www.zfe-gmbh.de\/fr\/produkte\/chargeuse\/godet-4-en-1-godet-combi\/#breadcrumb\",\"itemListElement\":[{\"@type\":\"ListItem\",\"position\":1,\"name\":\"Home\",\"item\":\"https:\/\/www.zfe-gmbh.de\/fr\/\"},{\"@type\":\"ListItem\",\"position\":2,\"name\":\"PRODUITS\",\"item\":\"https:\/\/www.zfe-gmbh.de\/fr\/produkte\/\"},{\"@type\":\"ListItem\",\"position\":3,\"name\":\"Chargeuse\",\"item\":\"https:\/\/www.zfe-gmbh.de\/fr\/produkte\/chargeuse\/\"},{\"@type\":\"ListItem\",\"position\":4,\"name\":\"Godet 4 en 1 \/ Godet Combi\"}]},{\"@type\":\"WebSite\",\"@id\":\"https:\/\/www.zfe-gmbh.de\/fr\/#website\",\"url\":\"https:\/\/www.zfe-gmbh.de\/fr\/\",\"name\":\"ZFE GmbH FR\",\"description\":\"better buckets\",\"potentialAction\":[{\"@type\":\"SearchAction\",\"target\":{\"@type\":\"EntryPoint\",\"urlTemplate\":\"https:\/\/www.zfe-gmbh.de\/fr\/?s={search_term_string}\"},\"query-input\":{\"@type\":\"PropertyValueSpecification\",\"valueRequired\":true,\"valueName\":\"search_term_string\"}}],\"inLanguage\":\"de\"}]}<\/script>\n<!-- \/ Yoast SEO plugin. -->","yoast_head_json":{"title":"Godet 4 en 1 \/ Godet Combi - ZFE GmbH FR","robots":{"index":"index","follow":"follow","max-snippet":"max-snippet:-1","max-image-preview":"max-image-preview:large","max-video-preview":"max-video-preview:-1"},"canonical":"https:\/\/www.zfe-gmbh.de\/fr\/produkte\/chargeuse\/godet-4-en-1-godet-combi\/","og_locale":"de_DE","og_type":"article","og_title":"Godet 4 en 1 \/ Godet Combi - ZFE GmbH FR","og_description":"&nbsp; Emploi\u00a0: Pour les travaux de terrassement, le transbordement des marchandises, particuli\u00e8rement appropri\u00e9e pour la pr\u00e9hension, le triage et le [&hellip;]","og_url":"https:\/\/www.zfe-gmbh.de\/fr\/produkte\/chargeuse\/godet-4-en-1-godet-combi\/","og_site_name":"ZFE GmbH FR","article_modified_time":"2016-07-20T11:34:20+00:00","og_image":[{"url":"http:\/\/zfe-gmbh.de\/fr\/wp-content\/uploads\/sites\/9\/2015\/02\/4in1-2400mm-13-cm3-Inhalt-SW-Aufnahme-web.jpg","type":"","width":"","height":""}],"twitter_card":"summary_large_image","twitter_misc":{"Gesch\u00e4tzte Lesezeit":"1\u00a0Minute"},"schema":{"@context":"https:\/\/schema.org","@graph":[{"@type":"WebPage","@id":"https:\/\/www.zfe-gmbh.de\/fr\/produkte\/chargeuse\/godet-4-en-1-godet-combi\/","url":"https:\/\/www.zfe-gmbh.de\/fr\/produkte\/chargeuse\/godet-4-en-1-godet-combi\/","name":"Godet 4 en 1 \/ Godet Combi - ZFE GmbH FR","isPartOf":{"@id":"https:\/\/www.zfe-gmbh.de\/fr\/#website"},"primaryImageOfPage":{"@id":"https:\/\/www.zfe-gmbh.de\/fr\/produkte\/chargeuse\/godet-4-en-1-godet-combi\/#primaryimage"},"image":{"@id":"https:\/\/www.zfe-gmbh.de\/fr\/produkte\/chargeuse\/godet-4-en-1-godet-combi\/#primaryimage"},"thumbnailUrl":"http:\/\/zfe-gmbh.de\/fr\/wp-content\/uploads\/sites\/9\/2015\/02\/4in1-2400mm-13-cm3-Inhalt-SW-Aufnahme-web.jpg","datePublished":"2015-02-16T21:19:08+00:00","dateModified":"2016-07-20T11:34:20+00:00","breadcrumb":{"@id":"https:\/\/www.zfe-gmbh.de\/fr\/produkte\/chargeuse\/godet-4-en-1-godet-combi\/#breadcrumb"},"inLanguage":"de","potentialAction":[{"@type":"ReadAction","target":["https:\/\/www.zfe-gmbh.de\/fr\/produkte\/chargeuse\/godet-4-en-1-godet-combi\/"]}]},{"@type":"ImageObject","inLanguage":"de","@id":"https:\/\/www.zfe-gmbh.de\/fr\/produkte\/chargeuse\/godet-4-en-1-godet-combi\/#primaryimage","url":"http:\/\/zfe-gmbh.de\/fr\/wp-content\/uploads\/sites\/9\/2015\/02\/4in1-2400mm-13-cm3-Inhalt-SW-Aufnahme-web.jpg","contentUrl":"http:\/\/zfe-gmbh.de\/fr\/wp-content\/uploads\/sites\/9\/2015\/02\/4in1-2400mm-13-cm3-Inhalt-SW-Aufnahme-web.jpg"},{"@type":"BreadcrumbList","@id":"https:\/\/www.zfe-gmbh.de\/fr\/produkte\/chargeuse\/godet-4-en-1-godet-combi\/#breadcrumb","itemListElement":[{"@type":"ListItem","position":1,"name":"Home","item":"https:\/\/www.zfe-gmbh.de\/fr\/"},{"@type":"ListItem","position":2,"name":"PRODUITS","item":"https:\/\/www.zfe-gmbh.de\/fr\/produkte\/"},{"@type":"ListItem","position":3,"name":"Chargeuse","item":"https:\/\/www.zfe-gmbh.de\/fr\/produkte\/chargeuse\/"},{"@type":"ListItem","position":4,"name":"Godet 4 en 1 \/ Godet Combi"}]},{"@type":"WebSite","@id":"https:\/\/www.zfe-gmbh.de\/fr\/#website","url":"https:\/\/www.zfe-gmbh.de\/fr\/","name":"ZFE GmbH FR","description":"better buckets","potentialAction":[{"@type":"SearchAction","target":{"@type":"EntryPoint","urlTemplate":"https:\/\/www.zfe-gmbh.de\/fr\/?s={search_term_string}"},"query-input":{"@type":"PropertyValueSpecification","valueRequired":true,"valueName":"search_term_string"}}],"inLanguage":"de"}]}},"_links":{"self":[{"href":"https:\/\/www.zfe-gmbh.de\/fr\/wp-json\/wp\/v2\/pages\/97"}],"collection":[{"href":"https:\/\/www.zfe-gmbh.de\/fr\/wp-json\/wp\/v2\/pages"}],"about":[{"href":"https:\/\/www.zfe-gmbh.de\/fr\/wp-json\/wp\/v2\/types\/page"}],"author":[{"embeddable":true,"href":"https:\/\/www.zfe-gmbh.de\/fr\/wp-json\/wp\/v2\/users\/1"}],"replies":[{"embeddable":true,"href":"https:\/\/www.zfe-gmbh.de\/fr\/wp-json\/wp\/v2\/comments?post=97"}],"version-history":[{"count":10,"href":"https:\/\/www.zfe-gmbh.de\/fr\/wp-json\/wp\/v2\/pages\/97\/revisions"}],"predecessor-version":[{"id":1409,"href":"https:\/\/www.zfe-gmbh.de\/fr\/wp-json\/wp\/v2\/pages\/97\/revisions\/1409"}],"up":[{"embeddable":true,"href":"https:\/\/www.zfe-gmbh.de\/fr\/wp-json\/wp\/v2\/pages\/53"}],"wp:attachment":[{"href":"https:\/\/www.zfe-gmbh.de\/fr\/wp-json\/wp\/v2\/media?parent=97"}],"curies":[{"name":"wp","href":"https:\/\/api.w.org\/{rel}","templated":true}]}}