{"id":99,"date":"2015-02-16T22:19:30","date_gmt":"2015-02-16T21:19:30","guid":{"rendered":"http:\/\/zfe-gmbh.de\/?page_id=99"},"modified":"2016-10-26T15:42:32","modified_gmt":"2016-10-26T13:42:32","slug":"godet-chargeuse","status":"publish","type":"page","link":"https:\/\/www.zfe-gmbh.de\/fr\/produkte\/chargeuse\/godet-chargeuse\/","title":{"rendered":"Godet chargeuse"},"content":{"rendered":"<p style=\"text-align: left\"><a href=\"http:\/\/zfe-gmbh.de\/wp-content\/uploads\/sites\/9\/2015\/02\/Ladeschaufel-W170.jpg\"><img loading=\"lazy\" decoding=\"async\" class=\"alignnone wp-image-1043 size-full\" src=\"http:\/\/zfe-gmbh.de\/fr\/wp-content\/uploads\/sites\/9\/2015\/02\/Ladeschaufel-W170.jpg\" alt=\"Godet pour W170\" width=\"1000\" height=\"750\" srcset=\"https:\/\/www.zfe-gmbh.de\/fr\/wp-content\/uploads\/sites\/9\/2015\/02\/Ladeschaufel-W170.jpg 1000w, https:\/\/www.zfe-gmbh.de\/fr\/wp-content\/uploads\/sites\/9\/2015\/02\/Ladeschaufel-W170-300x225.jpg 300w, https:\/\/www.zfe-gmbh.de\/fr\/wp-content\/uploads\/sites\/9\/2015\/02\/Ladeschaufel-W170-745x559.jpg 745w\" sizes=\"(max-width: 1000px) 100vw, 1000px\" \/><\/a><\/p>\n<p><strong>Emploi<br \/>\n<\/strong>Appropri\u00e9 pour les travaux de terrassement, dans des sols non coh\u00e9rents, pour le chargement de produits en vrac \u00a0ainsi que dans tous les emplois avec chargement moyenne. Pour nos godets standard, une\u00a0 utilisation ponctuelle s\u00e9v\u00e8re ne pose pas de probl\u00e8me en vertu de leur construction et fabrication robustes.<\/p>\n<p><a href=\"http:\/\/zfe-gmbh.de\/wp-content\/uploads\/sites\/9\/2015\/02\/Radlader-Ladeschaufel-W170.jpg\"><img loading=\"lazy\" decoding=\"async\" class=\"alignnone wp-image-1044 size-full\" src=\"http:\/\/zfe-gmbh.de\/fr\/wp-content\/uploads\/sites\/9\/2015\/02\/Radlader-Ladeschaufel-W170.jpg\" alt=\"Godet pour W170\" width=\"1000\" height=\"750\" srcset=\"https:\/\/www.zfe-gmbh.de\/fr\/wp-content\/uploads\/sites\/9\/2015\/02\/Radlader-Ladeschaufel-W170.jpg 1000w, https:\/\/www.zfe-gmbh.de\/fr\/wp-content\/uploads\/sites\/9\/2015\/02\/Radlader-Ladeschaufel-W170-300x225.jpg 300w, https:\/\/www.zfe-gmbh.de\/fr\/wp-content\/uploads\/sites\/9\/2015\/02\/Radlader-Ladeschaufel-W170-745x559.jpg 745w\" sizes=\"(max-width: 1000px) 100vw, 1000px\" \/><\/a><\/p>\n<p><strong>Cat\u00e9gories<\/strong><\/p>\n<p>Pour les chargeuses \u00e0 partir de 3,5 to en ordre de marche nous proposons une gamme bien gradu\u00e9e. La forme du godet est optimis\u00e9ede telle mani\u00e8re que l\u2019on obtient une haute capacit\u00e9 de p\u00e9n\u00e9tration pour une consommation de carburant r\u00e9duite. \u00c9paisseur des t\u00f4les, lames et syst\u00e8me de denture sont en relation avec le poids de la machine.<\/p>\n<p>Godet pour W140<\/p>\n<p>Notre gamme de godets peut \u00eatre adapt\u00e9 \u00e0 tout moment \u00e0 vos d\u00e9sirs, concernant l\u2019emploi.<\/p>\n<p>La dimension, le syst\u00e8me de dents ainsi que les applications suppl\u00e9mentaires (crochets porte-charge, t\u00f4les d\u00e9versoir ou d\u00e9flecteur etc.)<\/p>\n<p><a href=\"http:\/\/zfe-gmbh.de\/wp-content\/uploads\/sites\/9\/2015\/02\/Ladeschaufel-Hitachi-ZW-140.jpg\"><img loading=\"lazy\" decoding=\"async\" class=\"alignnone wp-image-961 size-full\" src=\"http:\/\/zfe-gmbh.de\/fr\/wp-content\/uploads\/sites\/9\/2015\/02\/Ladeschaufel-Hitachi-ZW-140.jpg\" alt=\"Godet pour W140\" width=\"992\" height=\"736\" srcset=\"https:\/\/www.zfe-gmbh.de\/fr\/wp-content\/uploads\/sites\/9\/2015\/02\/Ladeschaufel-Hitachi-ZW-140.jpg 992w, https:\/\/www.zfe-gmbh.de\/fr\/wp-content\/uploads\/sites\/9\/2015\/02\/Ladeschaufel-Hitachi-ZW-140-300x223.jpg 300w, https:\/\/www.zfe-gmbh.de\/fr\/wp-content\/uploads\/sites\/9\/2015\/02\/Ladeschaufel-Hitachi-ZW-140-745x553.jpg 745w\" sizes=\"(max-width: 992px) 100vw, 992px\" \/><\/a><strong>Ausf\u00fchrung<\/strong><\/p>\n<p>Unser Schaufelprogramm kann jederzeit Ihren W\u00fcnschen bez\u00fcglich Einsatz;\u00a0Gr\u00f6\u00dfe, Zahnsystem, sowie zus\u00e4tzlichen Applikationen (Sicherheitslasthaken, \u00dcberlauf\/Abweisbleche, etc.) angepasst werden.<\/p>\n<p><strong><a href=\"http:\/\/zfe-gmbh.de\/wp-content\/uploads\/sites\/9\/2015\/02\/Ladeschaufel-Hitachi-ZW140.jpg\"><img loading=\"lazy\" decoding=\"async\" class=\"alignnone size-full wp-image-963\" src=\"http:\/\/zfe-gmbh.de\/wp-content\/uploads\/sites\/9\/2015\/02\/Ladeschaufel-Hitachi-ZW140.jpg\" alt=\"Ladeschaufel Hitachi  ZW140\" width=\"1000\" height=\"750\" srcset=\"https:\/\/www.zfe-gmbh.de\/fr\/wp-content\/uploads\/sites\/9\/2015\/02\/Ladeschaufel-Hitachi-ZW140.jpg 1000w, https:\/\/www.zfe-gmbh.de\/fr\/wp-content\/uploads\/sites\/9\/2015\/02\/Ladeschaufel-Hitachi-ZW140-300x225.jpg 300w, https:\/\/www.zfe-gmbh.de\/fr\/wp-content\/uploads\/sites\/9\/2015\/02\/Ladeschaufel-Hitachi-ZW140-745x559.jpg 745w\" sizes=\"(max-width: 1000px) 100vw, 1000px\" \/><\/a><\/strong><\/p>\n<p><strong>Caract\u00e9ristiques<\/strong><\/p>\n<p>Disponible pour montage directe ou au choix pour tous les syst\u00e8mes d\u2019attache rapide courants.<\/p>\n<p>Equip\u00e9e avec le syst\u00e8me de dents KingMet ou au choix avec une lame boulonn\u00e9e r\u00e9versible en HB 500.<\/p>\n<p>Sur demande tous les syst\u00e8mes de denture courants sont disponibles.<\/p>\n<p>.<\/p>\n<p><strong>Made in Germany<\/strong><\/p>\n<p>Tous les composants sont fabriqu\u00e9s en Allemagne &#8211; de la d\u00e9coupe \u00e0 la peinture finale.<\/p>\n<h4><strong>Pour toute question, n&#8217;h\u00e9sitez pas \u00e0 nous contacter:<\/strong><\/h4>\n<p><a href=\"http:\/\/zfe-gmbh.de\/wp-content\/uploads\/2015\/02\/Tobias-Meier.jpg\"><img loading=\"lazy\" decoding=\"async\" class=\" size-full wp-image-1652 alignleft\" src=\"http:\/\/zfe-gmbh.de\/wp-content\/uploads\/2015\/02\/Tobias-Meier.jpg\" alt=\"Tobias Meier\" width=\"128\" height=\"128\" \/><\/a>Tobias Meier<br \/>\nService de ventes<br \/>\n+49 (0) 78 41 \/ 20 57 &#8211;\u00a027<br \/>\n<a href=\"mailto:tobias.meier@zfe-gmbh.de?subject=\" target=\"{target}\">tobias.meier@zfe-gmbh.de<\/a><\/p>\n<h4><\/h4>\n<p>&nbsp;<\/p>\n","protected":false},"excerpt":{"rendered":"<p>Emploi Appropri\u00e9 pour les travaux de terrassement, dans des sols non coh\u00e9rents, pour le chargement de produits en vrac \u00a0ainsi [&hellip;]<\/p>\n","protected":false},"author":1,"featured_media":0,"parent":53,"menu_order":20,"comment_status":"closed","ping_status":"closed","template":"","meta":{"footnotes":""},"class_list":["post-99","page","type-page","status-publish","hentry","no-featured-image"],"yoast_head":"<!-- This site is optimized with the Yoast SEO plugin v24.4 - https:\/\/yoast.com\/wordpress\/plugins\/seo\/ -->\n<title>Godet chargeuse - ZFE GmbH FR<\/title>\n<meta name=\"robots\" content=\"index, follow, max-snippet:-1, max-image-preview:large, max-video-preview:-1\" \/>\n<link rel=\"canonical\" href=\"https:\/\/www.zfe-gmbh.de\/fr\/produkte\/chargeuse\/godet-chargeuse\/\" \/>\n<meta property=\"og:locale\" content=\"de_DE\" \/>\n<meta property=\"og:type\" content=\"article\" \/>\n<meta property=\"og:title\" content=\"Godet chargeuse - ZFE GmbH FR\" \/>\n<meta property=\"og:description\" content=\"Emploi Appropri\u00e9 pour les travaux de terrassement, dans des sols non coh\u00e9rents, pour le chargement de produits en vrac \u00a0ainsi [&hellip;]\" \/>\n<meta property=\"og:url\" content=\"https:\/\/www.zfe-gmbh.de\/fr\/produkte\/chargeuse\/godet-chargeuse\/\" \/>\n<meta property=\"og:site_name\" content=\"ZFE GmbH FR\" \/>\n<meta property=\"article:modified_time\" content=\"2016-10-26T13:42:32+00:00\" \/>\n<meta property=\"og:image\" content=\"http:\/\/zfe-gmbh.de\/fr\/wp-content\/uploads\/sites\/9\/2015\/02\/Ladeschaufel-W170.jpg\" \/>\n<meta name=\"twitter:card\" content=\"summary_large_image\" \/>\n<meta name=\"twitter:label1\" content=\"Gesch\u00e4tzte Lesezeit\" \/>\n\t<meta name=\"twitter:data1\" content=\"1\u00a0Minute\" \/>\n<script type=\"application\/ld+json\" class=\"yoast-schema-graph\">{\"@context\":\"https:\/\/schema.org\",\"@graph\":[{\"@type\":\"WebPage\",\"@id\":\"https:\/\/www.zfe-gmbh.de\/fr\/produkte\/chargeuse\/godet-chargeuse\/\",\"url\":\"https:\/\/www.zfe-gmbh.de\/fr\/produkte\/chargeuse\/godet-chargeuse\/\",\"name\":\"Godet chargeuse - ZFE GmbH FR\",\"isPartOf\":{\"@id\":\"https:\/\/www.zfe-gmbh.de\/fr\/#website\"},\"primaryImageOfPage\":{\"@id\":\"https:\/\/www.zfe-gmbh.de\/fr\/produkte\/chargeuse\/godet-chargeuse\/#primaryimage\"},\"image\":{\"@id\":\"https:\/\/www.zfe-gmbh.de\/fr\/produkte\/chargeuse\/godet-chargeuse\/#primaryimage\"},\"thumbnailUrl\":\"http:\/\/zfe-gmbh.de\/fr\/wp-content\/uploads\/sites\/9\/2015\/02\/Ladeschaufel-W170.jpg\",\"datePublished\":\"2015-02-16T21:19:30+00:00\",\"dateModified\":\"2016-10-26T13:42:32+00:00\",\"breadcrumb\":{\"@id\":\"https:\/\/www.zfe-gmbh.de\/fr\/produkte\/chargeuse\/godet-chargeuse\/#breadcrumb\"},\"inLanguage\":\"de\",\"potentialAction\":[{\"@type\":\"ReadAction\",\"target\":[\"https:\/\/www.zfe-gmbh.de\/fr\/produkte\/chargeuse\/godet-chargeuse\/\"]}]},{\"@type\":\"ImageObject\",\"inLanguage\":\"de\",\"@id\":\"https:\/\/www.zfe-gmbh.de\/fr\/produkte\/chargeuse\/godet-chargeuse\/#primaryimage\",\"url\":\"http:\/\/zfe-gmbh.de\/fr\/wp-content\/uploads\/sites\/9\/2015\/02\/Ladeschaufel-W170.jpg\",\"contentUrl\":\"http:\/\/zfe-gmbh.de\/fr\/wp-content\/uploads\/sites\/9\/2015\/02\/Ladeschaufel-W170.jpg\"},{\"@type\":\"BreadcrumbList\",\"@id\":\"https:\/\/www.zfe-gmbh.de\/fr\/produkte\/chargeuse\/godet-chargeuse\/#breadcrumb\",\"itemListElement\":[{\"@type\":\"ListItem\",\"position\":1,\"name\":\"Home\",\"item\":\"https:\/\/www.zfe-gmbh.de\/fr\/\"},{\"@type\":\"ListItem\",\"position\":2,\"name\":\"PRODUITS\",\"item\":\"https:\/\/www.zfe-gmbh.de\/fr\/produkte\/\"},{\"@type\":\"ListItem\",\"position\":3,\"name\":\"Chargeuse\",\"item\":\"https:\/\/www.zfe-gmbh.de\/fr\/produkte\/chargeuse\/\"},{\"@type\":\"ListItem\",\"position\":4,\"name\":\"Godet chargeuse\"}]},{\"@type\":\"WebSite\",\"@id\":\"https:\/\/www.zfe-gmbh.de\/fr\/#website\",\"url\":\"https:\/\/www.zfe-gmbh.de\/fr\/\",\"name\":\"ZFE GmbH FR\",\"description\":\"better buckets\",\"potentialAction\":[{\"@type\":\"SearchAction\",\"target\":{\"@type\":\"EntryPoint\",\"urlTemplate\":\"https:\/\/www.zfe-gmbh.de\/fr\/?s={search_term_string}\"},\"query-input\":{\"@type\":\"PropertyValueSpecification\",\"valueRequired\":true,\"valueName\":\"search_term_string\"}}],\"inLanguage\":\"de\"}]}<\/script>\n<!-- \/ Yoast SEO plugin. -->","yoast_head_json":{"title":"Godet chargeuse - ZFE GmbH FR","robots":{"index":"index","follow":"follow","max-snippet":"max-snippet:-1","max-image-preview":"max-image-preview:large","max-video-preview":"max-video-preview:-1"},"canonical":"https:\/\/www.zfe-gmbh.de\/fr\/produkte\/chargeuse\/godet-chargeuse\/","og_locale":"de_DE","og_type":"article","og_title":"Godet chargeuse - ZFE GmbH FR","og_description":"Emploi Appropri\u00e9 pour les travaux de terrassement, dans des sols non coh\u00e9rents, pour le chargement de produits en vrac \u00a0ainsi [&hellip;]","og_url":"https:\/\/www.zfe-gmbh.de\/fr\/produkte\/chargeuse\/godet-chargeuse\/","og_site_name":"ZFE GmbH FR","article_modified_time":"2016-10-26T13:42:32+00:00","og_image":[{"url":"http:\/\/zfe-gmbh.de\/fr\/wp-content\/uploads\/sites\/9\/2015\/02\/Ladeschaufel-W170.jpg","type":"","width":"","height":""}],"twitter_card":"summary_large_image","twitter_misc":{"Gesch\u00e4tzte Lesezeit":"1\u00a0Minute"},"schema":{"@context":"https:\/\/schema.org","@graph":[{"@type":"WebPage","@id":"https:\/\/www.zfe-gmbh.de\/fr\/produkte\/chargeuse\/godet-chargeuse\/","url":"https:\/\/www.zfe-gmbh.de\/fr\/produkte\/chargeuse\/godet-chargeuse\/","name":"Godet chargeuse - ZFE GmbH FR","isPartOf":{"@id":"https:\/\/www.zfe-gmbh.de\/fr\/#website"},"primaryImageOfPage":{"@id":"https:\/\/www.zfe-gmbh.de\/fr\/produkte\/chargeuse\/godet-chargeuse\/#primaryimage"},"image":{"@id":"https:\/\/www.zfe-gmbh.de\/fr\/produkte\/chargeuse\/godet-chargeuse\/#primaryimage"},"thumbnailUrl":"http:\/\/zfe-gmbh.de\/fr\/wp-content\/uploads\/sites\/9\/2015\/02\/Ladeschaufel-W170.jpg","datePublished":"2015-02-16T21:19:30+00:00","dateModified":"2016-10-26T13:42:32+00:00","breadcrumb":{"@id":"https:\/\/www.zfe-gmbh.de\/fr\/produkte\/chargeuse\/godet-chargeuse\/#breadcrumb"},"inLanguage":"de","potentialAction":[{"@type":"ReadAction","target":["https:\/\/www.zfe-gmbh.de\/fr\/produkte\/chargeuse\/godet-chargeuse\/"]}]},{"@type":"ImageObject","inLanguage":"de","@id":"https:\/\/www.zfe-gmbh.de\/fr\/produkte\/chargeuse\/godet-chargeuse\/#primaryimage","url":"http:\/\/zfe-gmbh.de\/fr\/wp-content\/uploads\/sites\/9\/2015\/02\/Ladeschaufel-W170.jpg","contentUrl":"http:\/\/zfe-gmbh.de\/fr\/wp-content\/uploads\/sites\/9\/2015\/02\/Ladeschaufel-W170.jpg"},{"@type":"BreadcrumbList","@id":"https:\/\/www.zfe-gmbh.de\/fr\/produkte\/chargeuse\/godet-chargeuse\/#breadcrumb","itemListElement":[{"@type":"ListItem","position":1,"name":"Home","item":"https:\/\/www.zfe-gmbh.de\/fr\/"},{"@type":"ListItem","position":2,"name":"PRODUITS","item":"https:\/\/www.zfe-gmbh.de\/fr\/produkte\/"},{"@type":"ListItem","position":3,"name":"Chargeuse","item":"https:\/\/www.zfe-gmbh.de\/fr\/produkte\/chargeuse\/"},{"@type":"ListItem","position":4,"name":"Godet chargeuse"}]},{"@type":"WebSite","@id":"https:\/\/www.zfe-gmbh.de\/fr\/#website","url":"https:\/\/www.zfe-gmbh.de\/fr\/","name":"ZFE GmbH FR","description":"better buckets","potentialAction":[{"@type":"SearchAction","target":{"@type":"EntryPoint","urlTemplate":"https:\/\/www.zfe-gmbh.de\/fr\/?s={search_term_string}"},"query-input":{"@type":"PropertyValueSpecification","valueRequired":true,"valueName":"search_term_string"}}],"inLanguage":"de"}]}},"_links":{"self":[{"href":"https:\/\/www.zfe-gmbh.de\/fr\/wp-json\/wp\/v2\/pages\/99"}],"collection":[{"href":"https:\/\/www.zfe-gmbh.de\/fr\/wp-json\/wp\/v2\/pages"}],"about":[{"href":"https:\/\/www.zfe-gmbh.de\/fr\/wp-json\/wp\/v2\/types\/page"}],"author":[{"embeddable":true,"href":"https:\/\/www.zfe-gmbh.de\/fr\/wp-json\/wp\/v2\/users\/1"}],"replies":[{"embeddable":true,"href":"https:\/\/www.zfe-gmbh.de\/fr\/wp-json\/wp\/v2\/comments?post=99"}],"version-history":[{"count":15,"href":"https:\/\/www.zfe-gmbh.de\/fr\/wp-json\/wp\/v2\/pages\/99\/revisions"}],"predecessor-version":[{"id":1408,"href":"https:\/\/www.zfe-gmbh.de\/fr\/wp-json\/wp\/v2\/pages\/99\/revisions\/1408"}],"up":[{"embeddable":true,"href":"https:\/\/www.zfe-gmbh.de\/fr\/wp-json\/wp\/v2\/pages\/53"}],"wp:attachment":[{"href":"https:\/\/www.zfe-gmbh.de\/fr\/wp-json\/wp\/v2\/media?parent=99"}],"curies":[{"name":"wp","href":"https:\/\/api.w.org\/{rel}","templated":true}]}}