{"id":131,"date":"2015-02-16T22:32:54","date_gmt":"2015-02-16T21:32:54","guid":{"rendered":"http:\/\/zfe-gmbh.de\/?page_id=131"},"modified":"2016-11-02T10:04:17","modified_gmt":"2016-11-02T09:04:17","slug":"impressum","status":"publish","type":"page","link":"https:\/\/www.zfe-gmbh.de\/ru\/impressum\/","title":{"rendered":"\u0412\u044b\u0445\u043e\u0434\u043d\u044b\u0435 \u0434\u0430\u043d\u043d\u044b\u0435"},"content":{"rendered":"<h3><strong>ZFE GmbH<\/strong><\/h3>\n<p>Gesch\u00e4ftsf\u00fchrer:\u00a0 Hermann Schoch, Marcel Schoch<\/p>\n<p>Am Risisee 15<br \/>\nD-77855 Achern-Gamshurst<br \/>\nTel.:\u00a0+49 (0) 78 41 \u2013 20 57 -0<br \/>\nFax: +49 (0) 78 41 \u2013 20 57 \u2013 40<\/p>\n<p>Internet: <a href=\"http:\/\/www.zfe-gmbh.de\">www.zfe-gmbh.de<\/a><br \/>\nE-Mail:\u00a0\u00a0\u00a0 <a>info@zfe-gmbh.de<\/a><\/p>\n<p>Gerichtsstand:\u00a0\u00a0 D-77855 Achern<br \/>\nUSt-ID-Nr.\u00a0\u00a0\u00a0\u00a0\u00a0\u00a0\u00a0\u00a0\u00a0\u00a0 DE 141879020<br \/>\nSteuer-Nr.\u00a0\u00a0\u00a0\u00a0\u00a0\u00a0\u00a0\u00a0\u00a0\u00a0 01059\/03105<\/p>\n<p>Handelsregister:<br \/>\nAmtsgericht Mannheim\u2013 HRB 220270<\/p>\n<p><span style=\"text-decoration: underline\"><strong>Bankverbindungen:<\/strong><\/span><\/p>\n<p><strong>Volksbank Achern eG<\/strong><\/p>\n<p>BLZ 662 913 00<\/p>\n<p>Konto-Nr. 62 07 36 08<\/p>\n<p>IBAN DE80 6629 1300 0062 0736 08<\/p>\n<p>BIC GENODE61ACH<\/p>\n<p>&nbsp;<\/p>\n<p><strong>Commerzbank Aalen<\/strong><\/p>\n<p>BLZ\u00a0614 400 86<\/p>\n<p>Konto-Nr. 10 01 11 400<\/p>\n<p>IBAN DE 75 6144 0086 0100 1114 00<\/p>\n<p>BIC COBADEFFXXX<\/p>\n<p>&nbsp;<\/p>\n<p>&nbsp;<\/p>\n<p><strong>Sparkasse B\u00fchl<\/strong><\/p>\n<p>BLZ\u00a0662 514 34<\/p>\n<p>Konto-Nr. 51 77 14<\/p>\n<p>IBAN DE\u00a098 6625 1434 0000 5177 14<\/p>\n<p>BIC SOLADES1BHL<\/p>\n<p>&nbsp;<\/p>\n<p>&nbsp;<\/p>\n<p>Mit Urteil vom 12. Mai 1998 \u2013 312 O 85\/98 \u201eHaftung f\u00fcr Links\u201c hat das Landgericht Hamburg entschieden, dass man durch die Anbringung eines Links die Inhalte der gelinkten Seite ggf. mit zu verantworten hat. Dies kann nur dadurch verhindert werden, dass man sich ausdr\u00fccklich von diesen Inhalten distanziert.<\/p>\n<p><strong>Hiermit distanzieren wir uns ausdr\u00fccklich von allen Inhalten aller gelinkten Seiten und machen diese Inhalte nicht zu Eigen. Diese Erkl\u00e4rung gilt f\u00fcr alle auf dieser Seite angebrachten Links.<\/strong><br \/>\n<strong>Urheberrechtshinweise<\/strong><\/p>\n<p>Alle auf dieser Website ver\u00f6ffentlichten Beitr\u00e4ge und Abbildungen sind urheberrechtlich gesch\u00fctzt. Jede vom Urheberrechtsgesetz nicht zugelassene Verwertung bedarf vorheriger schriftlicher Zustimmung der Anbieter. Dies gilt insbesondere f\u00fcr Vervielf\u00e4ltigung, Bearbeitung, \u00dcbersetzung, Einspeicherung, Verarbeitung bzw. Wiedergabe von Inhalten in Datenbanken oder anderen elektronischen Medien und Systemen. Fotokopien und Downloads von Web-Seiten d\u00fcrfen nur f\u00fcr den pers\u00f6nlichen, privaten und nicht kommerziellen Gebrauch hergestellt werden.<\/p>\n","protected":false},"excerpt":{"rendered":"<p>ZFE GmbH Gesch\u00e4ftsf\u00fchrer:\u00a0 Hermann Schoch, Marcel Schoch Am Risisee 15 D-77855 Achern-Gamshurst Tel.:\u00a0+49 (0) 78 41 \u2013 20 57 -0 [&hellip;]<\/p>\n","protected":false},"author":1,"featured_media":0,"parent":0,"menu_order":100,"comment_status":"closed","ping_status":"closed","template":"","meta":{"footnotes":""},"class_list":["post-131","page","type-page","status-publish","hentry","no-featured-image"],"yoast_head":"<!-- This site is optimized with the Yoast SEO plugin v24.4 - https:\/\/yoast.com\/wordpress\/plugins\/seo\/ -->\n<title>\u0412\u044b\u0445\u043e\u0434\u043d\u044b\u0435 \u0434\u0430\u043d\u043d\u044b\u0435 - ZFE GmbH RU<\/title>\n<meta name=\"robots\" content=\"index, follow, max-snippet:-1, max-image-preview:large, max-video-preview:-1\" \/>\n<link rel=\"canonical\" href=\"https:\/\/www.zfe-gmbh.de\/ru\/impressum\/\" \/>\n<meta property=\"og:locale\" content=\"de_DE\" \/>\n<meta property=\"og:type\" content=\"article\" \/>\n<meta property=\"og:title\" content=\"\u0412\u044b\u0445\u043e\u0434\u043d\u044b\u0435 \u0434\u0430\u043d\u043d\u044b\u0435 - ZFE GmbH RU\" \/>\n<meta property=\"og:description\" content=\"ZFE GmbH Gesch\u00e4ftsf\u00fchrer:\u00a0 Hermann Schoch, Marcel Schoch Am Risisee 15 D-77855 Achern-Gamshurst Tel.:\u00a0+49 (0) 78 41 \u2013 20 57 -0 [&hellip;]\" \/>\n<meta property=\"og:url\" content=\"https:\/\/www.zfe-gmbh.de\/ru\/impressum\/\" \/>\n<meta property=\"og:site_name\" content=\"ZFE GmbH RU\" \/>\n<meta property=\"article:modified_time\" content=\"2016-11-02T09:04:17+00:00\" \/>\n<meta name=\"twitter:card\" content=\"summary_large_image\" \/>\n<meta name=\"twitter:label1\" content=\"Gesch\u00e4tzte Lesezeit\" \/>\n\t<meta name=\"twitter:data1\" content=\"1\u00a0Minute\" \/>\n<script type=\"application\/ld+json\" class=\"yoast-schema-graph\">{\"@context\":\"https:\/\/schema.org\",\"@graph\":[{\"@type\":\"WebPage\",\"@id\":\"https:\/\/www.zfe-gmbh.de\/ru\/impressum\/\",\"url\":\"https:\/\/www.zfe-gmbh.de\/ru\/impressum\/\",\"name\":\"\u0412\u044b\u0445\u043e\u0434\u043d\u044b\u0435 \u0434\u0430\u043d\u043d\u044b\u0435 - ZFE GmbH RU\",\"isPartOf\":{\"@id\":\"https:\/\/www.zfe-gmbh.de\/ru\/#website\"},\"datePublished\":\"2015-02-16T21:32:54+00:00\",\"dateModified\":\"2016-11-02T09:04:17+00:00\",\"breadcrumb\":{\"@id\":\"https:\/\/www.zfe-gmbh.de\/ru\/impressum\/#breadcrumb\"},\"inLanguage\":\"de\",\"potentialAction\":[{\"@type\":\"ReadAction\",\"target\":[\"https:\/\/www.zfe-gmbh.de\/ru\/impressum\/\"]}]},{\"@type\":\"BreadcrumbList\",\"@id\":\"https:\/\/www.zfe-gmbh.de\/ru\/impressum\/#breadcrumb\",\"itemListElement\":[{\"@type\":\"ListItem\",\"position\":1,\"name\":\"Home\",\"item\":\"https:\/\/www.zfe-gmbh.de\/ru\/\"},{\"@type\":\"ListItem\",\"position\":2,\"name\":\"\u0412\u044b\u0445\u043e\u0434\u043d\u044b\u0435 \u0434\u0430\u043d\u043d\u044b\u0435\"}]},{\"@type\":\"WebSite\",\"@id\":\"https:\/\/www.zfe-gmbh.de\/ru\/#website\",\"url\":\"https:\/\/www.zfe-gmbh.de\/ru\/\",\"name\":\"ZFE GmbH RU\",\"description\":\"better buckets\",\"potentialAction\":[{\"@type\":\"SearchAction\",\"target\":{\"@type\":\"EntryPoint\",\"urlTemplate\":\"https:\/\/www.zfe-gmbh.de\/ru\/?s={search_term_string}\"},\"query-input\":{\"@type\":\"PropertyValueSpecification\",\"valueRequired\":true,\"valueName\":\"search_term_string\"}}],\"inLanguage\":\"de\"}]}<\/script>\n<!-- \/ Yoast SEO plugin. -->","yoast_head_json":{"title":"\u0412\u044b\u0445\u043e\u0434\u043d\u044b\u0435 \u0434\u0430\u043d\u043d\u044b\u0435 - ZFE GmbH RU","robots":{"index":"index","follow":"follow","max-snippet":"max-snippet:-1","max-image-preview":"max-image-preview:large","max-video-preview":"max-video-preview:-1"},"canonical":"https:\/\/www.zfe-gmbh.de\/ru\/impressum\/","og_locale":"de_DE","og_type":"article","og_title":"\u0412\u044b\u0445\u043e\u0434\u043d\u044b\u0435 \u0434\u0430\u043d\u043d\u044b\u0435 - ZFE GmbH RU","og_description":"ZFE GmbH Gesch\u00e4ftsf\u00fchrer:\u00a0 Hermann Schoch, Marcel Schoch Am Risisee 15 D-77855 Achern-Gamshurst Tel.:\u00a0+49 (0) 78 41 \u2013 20 57 -0 [&hellip;]","og_url":"https:\/\/www.zfe-gmbh.de\/ru\/impressum\/","og_site_name":"ZFE GmbH RU","article_modified_time":"2016-11-02T09:04:17+00:00","twitter_card":"summary_large_image","twitter_misc":{"Gesch\u00e4tzte Lesezeit":"1\u00a0Minute"},"schema":{"@context":"https:\/\/schema.org","@graph":[{"@type":"WebPage","@id":"https:\/\/www.zfe-gmbh.de\/ru\/impressum\/","url":"https:\/\/www.zfe-gmbh.de\/ru\/impressum\/","name":"\u0412\u044b\u0445\u043e\u0434\u043d\u044b\u0435 \u0434\u0430\u043d\u043d\u044b\u0435 - ZFE GmbH RU","isPartOf":{"@id":"https:\/\/www.zfe-gmbh.de\/ru\/#website"},"datePublished":"2015-02-16T21:32:54+00:00","dateModified":"2016-11-02T09:04:17+00:00","breadcrumb":{"@id":"https:\/\/www.zfe-gmbh.de\/ru\/impressum\/#breadcrumb"},"inLanguage":"de","potentialAction":[{"@type":"ReadAction","target":["https:\/\/www.zfe-gmbh.de\/ru\/impressum\/"]}]},{"@type":"BreadcrumbList","@id":"https:\/\/www.zfe-gmbh.de\/ru\/impressum\/#breadcrumb","itemListElement":[{"@type":"ListItem","position":1,"name":"Home","item":"https:\/\/www.zfe-gmbh.de\/ru\/"},{"@type":"ListItem","position":2,"name":"\u0412\u044b\u0445\u043e\u0434\u043d\u044b\u0435 \u0434\u0430\u043d\u043d\u044b\u0435"}]},{"@type":"WebSite","@id":"https:\/\/www.zfe-gmbh.de\/ru\/#website","url":"https:\/\/www.zfe-gmbh.de\/ru\/","name":"ZFE GmbH RU","description":"better buckets","potentialAction":[{"@type":"SearchAction","target":{"@type":"EntryPoint","urlTemplate":"https:\/\/www.zfe-gmbh.de\/ru\/?s={search_term_string}"},"query-input":{"@type":"PropertyValueSpecification","valueRequired":true,"valueName":"search_term_string"}}],"inLanguage":"de"}]}},"_links":{"self":[{"href":"https:\/\/www.zfe-gmbh.de\/ru\/wp-json\/wp\/v2\/pages\/131"}],"collection":[{"href":"https:\/\/www.zfe-gmbh.de\/ru\/wp-json\/wp\/v2\/pages"}],"about":[{"href":"https:\/\/www.zfe-gmbh.de\/ru\/wp-json\/wp\/v2\/types\/page"}],"author":[{"embeddable":true,"href":"https:\/\/www.zfe-gmbh.de\/ru\/wp-json\/wp\/v2\/users\/1"}],"replies":[{"embeddable":true,"href":"https:\/\/www.zfe-gmbh.de\/ru\/wp-json\/wp\/v2\/comments?post=131"}],"version-history":[{"count":4,"href":"https:\/\/www.zfe-gmbh.de\/ru\/wp-json\/wp\/v2\/pages\/131\/revisions"}],"predecessor-version":[{"id":1259,"href":"https:\/\/www.zfe-gmbh.de\/ru\/wp-json\/wp\/v2\/pages\/131\/revisions\/1259"}],"wp:attachment":[{"href":"https:\/\/www.zfe-gmbh.de\/ru\/wp-json\/wp\/v2\/media?parent=131"}],"curies":[{"name":"wp","href":"https:\/\/api.w.org\/{rel}","templated":true}]}}