{"id":2,"date":"2015-02-07T09:21:06","date_gmt":"2015-02-07T09:21:06","guid":{"rendered":"http:\/\/209.188.87.68\/~zfegmbh\/?page_id=2"},"modified":"2018-06-11T09:02:18","modified_gmt":"2018-06-11T07:02:18","slug":"beispiel-seite","status":"publish","type":"page","link":"https:\/\/www.zfe-gmbh.de\/ru\/","title":{"rendered":""},"content":{"rendered":"<p><strong>\u0414\u043e\u0431\u0440\u043e \u043f\u043e\u0436\u0430\u043b\u043e\u0432\u0430\u0442\u044c \u043d\u0430 ZFE<\/strong><\/p>\n<p>\u041d\u0430\u0448\u0430 \u043a\u043e\u043c\u043f\u0430\u043d\u0438\u044f <strong>ZFE<\/strong> GmbH (<strong>Z<\/strong>-ubeh\u00f6r <strong>F<\/strong>-\u00fcr <strong>E<\/strong>-rdbauger\u00e4te) \u0440\u0430\u0437\u0440\u0430\u0431\u0430\u0442\u044b\u0432\u0430\u0435\u0442, \u043a\u043e\u043d\u0441\u0442\u0440\u0443\u0438\u0440\u0443\u0435\u0442 \u0438 \u0438\u0437\u0433\u043e\u0442\u0430\u0432\u043b\u0438\u0432\u0430\u0435\u0442 \u0432\u044b\u0441\u043e\u043a\u043e\u043a\u0430\u0447\u0435\u0441\u0442\u0432\u0435\u043d\u043d\u043e\u0435 \u043d\u0430\u0432\u0435\u0441\u043d\u043e\u0435 \u043e\u0431\u043e\u0440\u0443\u0434\u043e\u0432\u0430\u043d\u0438\u0435 \u0434\u043b\u044f \u0434\u043e\u0440\u043e\u0436\u043d\u043e-\u0441\u0442\u0440\u043e\u0438\u0442\u0435\u043b\u044c\u043d\u044b\u0445 \u043c\u0430\u0448\u0438\u043d. Pa\u0437\u043b\u0438\u0447\u043d\u044b\u0435 \u043a\u043e\u0432\u0448\u0438 \u0438 \u0431\u044b\u0441\u0442\u0440\u043e\u0441\u044a\u0435\u043c\u043d\u044b\u0435 \u0443\u0441\u0442\u0440\u043e\u0439\u0441\u0442\u0432\u0430 \u0434\u043b\u044f \u044d\u043a\u0441\u043a\u0430\u0432\u0430\u0442\u043e\u0440\u043e\u0432 \u0438 \u0444\u0440\u043e\u043d\u0442\u0430\u043b\u044c\u043d\u044b\u0445 \u043f\u043e\u0433\u0440\u0443\u0437\u0447\u0438\u043a\u043e\u0432, \u043e\u043f\u0440\u043e\u043a\u0438\u0434\u044b\u0432\u0430\u044e\u0449\u0438\u0435\u0441\u044f \u043a\u043e\u0432\u0448\u0438 \u0434\u043b\u044f \u0432\u044b\u0441\u043e\u043a\u043e\u0439 \u043f\u043e\u0433\u0440\u0443\u0437\u043a\u0438, \u0441\u043a\u0430\u043b\u044c\u043d\u044b\u0435 \u043a\u043e\u0432\u0448\u0438, \u0432\u0438\u043b\u044b \u0438 \u043c\u043d\u043e\u0433\u043e\u0435 \u0434\u0440\u0443\u0433\u043e\u0435. \u0421\u043f\u0435\u0446\u0438\u0430\u043b\u044c\u043d\u043e \u0438\u0437\u0433\u043e\u0442\u043e\u0432\u043b\u0435\u043d\u044b\u0435 \u043f\u043e \u0438\u043d\u0434\u0438\u0432\u0438\u0434\u0443\u0430\u043b\u044c\u043d\u044b\u043c \u0437\u0430\u043a\u0430\u0437\u0430\u043c \u043a\u043b\u0438\u0435\u043d\u0442\u043e\u0432 \u043a\u043e\u0432\u0448\u044b \u0434\u043b\u044f \u0440\u044b\u0442\u044c\u044f \u0442\u0443\u043d\u043d\u0435\u043b\u0435\u0439, \u0440\u0443\u043a\u043e\u044f\u0442\u044c \u0443\u0434\u043b\u0438\u043d\u0435\u043d\u0438\u044f \u0441\u0442\u0440\u0435\u043b\u044b \u044d\u043a\u0441\u043a\u0430\u0432\u0430\u0442\u043e\u0440\u0430 \u0438 \u0442.\u0434. \u0434\u043e\u043f\u043e\u043b\u043d\u044f\u044e\u0442 \u043d\u0430\u0448\u0443 \u043f\u0440\u043e\u0433\u0440\u0430\u043c\u043c\u0443 \u0441\u0442\u0430\u043d\u0434\u0430\u0440\u0442\u043d\u043e\u0439 \u043f\u0440\u043e\u0434\u0443\u043a\u0446\u0438\u0438.<\/p>\n<p>\u041d\u0430\u0448\u0438\u043c\u0438 \u043a\u043b\u0438\u0435\u043d\u0442\u0430\u043c\u0438 \u044f\u0432\u043b\u044f\u044e\u0442\u0441\u044f \u043f\u0440\u043e\u0438\u0437\u0432\u043e\u0434\u0438\u0442\u0435\u043b\u0438 \u0441\u0442\u0440\u043e\u0438\u0442\u0435\u043b\u044c\u043d\u043e\u0439 \u0442\u0435\u0445\u043d\u0438\u043a\u0438 \u0438 \u0442\u043e\u0440\u0433\u043e\u0432\u044b\u0435 \u0444\u0438\u0440\u043c\u044b \u043a\u0430\u043a \u0432 \u0413\u0435\u0440\u043c\u0430\u043d\u0438\u0438, \u0442\u0430\u043a \u0438 \u0437\u0430 \u0440\u0443\u0431\u0435\u0436\u043e\u043c.<\/p>\n","protected":false},"excerpt":{"rendered":"<p>\u0414\u043e\u0431\u0440\u043e \u043f\u043e\u0436\u0430\u043b\u043e\u0432\u0430\u0442\u044c \u043d\u0430 ZFE \u041d\u0430\u0448\u0430 \u043a\u043e\u043c\u043f\u0430\u043d\u0438\u044f ZFE GmbH (Z-ubeh\u00f6r F-\u00fcr E-rdbauger\u00e4te) \u0440\u0430\u0437\u0440\u0430\u0431\u0430\u0442\u044b\u0432\u0430\u0435\u0442, \u043a\u043e\u043d\u0441\u0442\u0440\u0443\u0438\u0440\u0443\u0435\u0442 \u0438 \u0438\u0437\u0433\u043e\u0442\u0430\u0432\u043b\u0438\u0432\u0430\u0435\u0442 \u0432\u044b\u0441\u043e\u043a\u043e\u043a\u0430\u0447\u0435\u0441\u0442\u0432\u0435\u043d\u043d\u043e\u0435 \u043d\u0430\u0432\u0435\u0441\u043d\u043e\u0435 \u043e\u0431\u043e\u0440\u0443\u0434\u043e\u0432\u0430\u043d\u0438\u0435 \u0434\u043b\u044f \u0434\u043e\u0440\u043e\u0436\u043d\u043e-\u0441\u0442\u0440\u043e\u0438\u0442\u0435\u043b\u044c\u043d\u044b\u0445 [&hellip;]<\/p>\n","protected":false},"author":1,"featured_media":0,"parent":0,"menu_order":0,"comment_status":"closed","ping_status":"closed","template":"","meta":{"footnotes":""},"class_list":["post-2","page","type-page","status-publish","hentry","no-featured-image"],"yoast_head":"<!-- This site is optimized with the Yoast SEO plugin v24.4 - https:\/\/yoast.com\/wordpress\/plugins\/seo\/ -->\n<title>- ZFE GmbH RU<\/title>\n<meta name=\"robots\" content=\"index, follow, max-snippet:-1, max-image-preview:large, max-video-preview:-1\" \/>\n<link rel=\"canonical\" href=\"https:\/\/www.zfe-gmbh.de\/ru\/\" \/>\n<meta property=\"og:locale\" content=\"de_DE\" \/>\n<meta property=\"og:type\" content=\"article\" \/>\n<meta property=\"og:title\" content=\"- ZFE GmbH RU\" \/>\n<meta property=\"og:description\" content=\"\u0414\u043e\u0431\u0440\u043e \u043f\u043e\u0436\u0430\u043b\u043e\u0432\u0430\u0442\u044c \u043d\u0430 ZFE \u041d\u0430\u0448\u0430 \u043a\u043e\u043c\u043f\u0430\u043d\u0438\u044f ZFE GmbH (Z-ubeh\u00f6r F-\u00fcr E-rdbauger\u00e4te) \u0440\u0430\u0437\u0440\u0430\u0431\u0430\u0442\u044b\u0432\u0430\u0435\u0442, \u043a\u043e\u043d\u0441\u0442\u0440\u0443\u0438\u0440\u0443\u0435\u0442 \u0438 \u0438\u0437\u0433\u043e\u0442\u0430\u0432\u043b\u0438\u0432\u0430\u0435\u0442 \u0432\u044b\u0441\u043e\u043a\u043e\u043a\u0430\u0447\u0435\u0441\u0442\u0432\u0435\u043d\u043d\u043e\u0435 \u043d\u0430\u0432\u0435\u0441\u043d\u043e\u0435 \u043e\u0431\u043e\u0440\u0443\u0434\u043e\u0432\u0430\u043d\u0438\u0435 \u0434\u043b\u044f \u0434\u043e\u0440\u043e\u0436\u043d\u043e-\u0441\u0442\u0440\u043e\u0438\u0442\u0435\u043b\u044c\u043d\u044b\u0445 [&hellip;]\" \/>\n<meta property=\"og:url\" content=\"https:\/\/www.zfe-gmbh.de\/ru\/\" \/>\n<meta property=\"og:site_name\" content=\"ZFE GmbH RU\" \/>\n<meta property=\"article:modified_time\" content=\"2018-06-11T07:02:18+00:00\" \/>\n<meta name=\"twitter:card\" content=\"summary_large_image\" \/>\n<script type=\"application\/ld+json\" class=\"yoast-schema-graph\">{\"@context\":\"https:\/\/schema.org\",\"@graph\":[{\"@type\":\"WebPage\",\"@id\":\"https:\/\/www.zfe-gmbh.de\/ru\/\",\"url\":\"https:\/\/www.zfe-gmbh.de\/ru\/\",\"name\":\"- ZFE GmbH RU\",\"isPartOf\":{\"@id\":\"https:\/\/www.zfe-gmbh.de\/ru\/#website\"},\"datePublished\":\"2015-02-07T09:21:06+00:00\",\"dateModified\":\"2018-06-11T07:02:18+00:00\",\"inLanguage\":\"de\",\"potentialAction\":[{\"@type\":\"ReadAction\",\"target\":[\"https:\/\/www.zfe-gmbh.de\/ru\/\"]}]},{\"@type\":\"WebSite\",\"@id\":\"https:\/\/www.zfe-gmbh.de\/ru\/#website\",\"url\":\"https:\/\/www.zfe-gmbh.de\/ru\/\",\"name\":\"ZFE GmbH RU\",\"description\":\"better buckets\",\"potentialAction\":[{\"@type\":\"SearchAction\",\"target\":{\"@type\":\"EntryPoint\",\"urlTemplate\":\"https:\/\/www.zfe-gmbh.de\/ru\/?s={search_term_string}\"},\"query-input\":{\"@type\":\"PropertyValueSpecification\",\"valueRequired\":true,\"valueName\":\"search_term_string\"}}],\"inLanguage\":\"de\"}]}<\/script>\n<!-- \/ Yoast SEO plugin. -->","yoast_head_json":{"title":"- ZFE GmbH RU","robots":{"index":"index","follow":"follow","max-snippet":"max-snippet:-1","max-image-preview":"max-image-preview:large","max-video-preview":"max-video-preview:-1"},"canonical":"https:\/\/www.zfe-gmbh.de\/ru\/","og_locale":"de_DE","og_type":"article","og_title":"- ZFE GmbH RU","og_description":"\u0414\u043e\u0431\u0440\u043e \u043f\u043e\u0436\u0430\u043b\u043e\u0432\u0430\u0442\u044c \u043d\u0430 ZFE \u041d\u0430\u0448\u0430 \u043a\u043e\u043c\u043f\u0430\u043d\u0438\u044f ZFE GmbH (Z-ubeh\u00f6r F-\u00fcr E-rdbauger\u00e4te) \u0440\u0430\u0437\u0440\u0430\u0431\u0430\u0442\u044b\u0432\u0430\u0435\u0442, \u043a\u043e\u043d\u0441\u0442\u0440\u0443\u0438\u0440\u0443\u0435\u0442 \u0438 \u0438\u0437\u0433\u043e\u0442\u0430\u0432\u043b\u0438\u0432\u0430\u0435\u0442 \u0432\u044b\u0441\u043e\u043a\u043e\u043a\u0430\u0447\u0435\u0441\u0442\u0432\u0435\u043d\u043d\u043e\u0435 \u043d\u0430\u0432\u0435\u0441\u043d\u043e\u0435 \u043e\u0431\u043e\u0440\u0443\u0434\u043e\u0432\u0430\u043d\u0438\u0435 \u0434\u043b\u044f \u0434\u043e\u0440\u043e\u0436\u043d\u043e-\u0441\u0442\u0440\u043e\u0438\u0442\u0435\u043b\u044c\u043d\u044b\u0445 [&hellip;]","og_url":"https:\/\/www.zfe-gmbh.de\/ru\/","og_site_name":"ZFE GmbH RU","article_modified_time":"2018-06-11T07:02:18+00:00","twitter_card":"summary_large_image","schema":{"@context":"https:\/\/schema.org","@graph":[{"@type":"WebPage","@id":"https:\/\/www.zfe-gmbh.de\/ru\/","url":"https:\/\/www.zfe-gmbh.de\/ru\/","name":"- ZFE GmbH RU","isPartOf":{"@id":"https:\/\/www.zfe-gmbh.de\/ru\/#website"},"datePublished":"2015-02-07T09:21:06+00:00","dateModified":"2018-06-11T07:02:18+00:00","inLanguage":"de","potentialAction":[{"@type":"ReadAction","target":["https:\/\/www.zfe-gmbh.de\/ru\/"]}]},{"@type":"WebSite","@id":"https:\/\/www.zfe-gmbh.de\/ru\/#website","url":"https:\/\/www.zfe-gmbh.de\/ru\/","name":"ZFE GmbH RU","description":"better buckets","potentialAction":[{"@type":"SearchAction","target":{"@type":"EntryPoint","urlTemplate":"https:\/\/www.zfe-gmbh.de\/ru\/?s={search_term_string}"},"query-input":{"@type":"PropertyValueSpecification","valueRequired":true,"valueName":"search_term_string"}}],"inLanguage":"de"}]}},"_links":{"self":[{"href":"https:\/\/www.zfe-gmbh.de\/ru\/wp-json\/wp\/v2\/pages\/2"}],"collection":[{"href":"https:\/\/www.zfe-gmbh.de\/ru\/wp-json\/wp\/v2\/pages"}],"about":[{"href":"https:\/\/www.zfe-gmbh.de\/ru\/wp-json\/wp\/v2\/types\/page"}],"author":[{"embeddable":true,"href":"https:\/\/www.zfe-gmbh.de\/ru\/wp-json\/wp\/v2\/users\/1"}],"replies":[{"embeddable":true,"href":"https:\/\/www.zfe-gmbh.de\/ru\/wp-json\/wp\/v2\/comments?post=2"}],"version-history":[{"count":42,"href":"https:\/\/www.zfe-gmbh.de\/ru\/wp-json\/wp\/v2\/pages\/2\/revisions"}],"predecessor-version":[{"id":1322,"href":"https:\/\/www.zfe-gmbh.de\/ru\/wp-json\/wp\/v2\/pages\/2\/revisions\/1322"}],"wp:attachment":[{"href":"https:\/\/www.zfe-gmbh.de\/ru\/wp-json\/wp\/v2\/media?parent=2"}],"curies":[{"name":"wp","href":"https:\/\/api.w.org\/{rel}","templated":true}]}}